{"id":61972,"date":"2023-03-29T09:59:29","date_gmt":"2023-03-29T07:59:29","guid":{"rendered":"https:\/\/staging.lucky-hunter.com\/product\/roe-deer-call-turn-sound\/"},"modified":"2023-03-29T09:59:29","modified_gmt":"2023-03-29T07:59:29","slug":"roe-deer-call-turn-sound","status":"publish","type":"product","link":"https:\/\/staging.lucky-hunter.com\/fr\/product\/roe-deer-call-turn-sound\/","title":{"rendered":"Appeau Chevreuil | Tourner le son"},"content":{"rendered":"<h2>Rendez les chevreuils fous avec cet appel<\/h2>\n<ul>\n<li>Imite tous les principaux cris de ree<\/li>\n<li>Facile \u00e0 ma\u00eetriser d&#8217;une seule main<\/li>\n<li>Appels d&#8217;accouplement et de terreur authentiques<\/li>\n<li>Mortel pour la chasse au cerf<\/li>\n<\/ul>\n<p>Le Buttolo Deer Call est un outil remarquable qui peut imiter tous les appels principaux d&#8217;un chevreuil, ce qui en fait un choix id\u00e9al pour les chasseurs novices et chevronn\u00e9s. Il est incroyablement convivial et peut \u00eatre ma\u00eetris\u00e9 sans effort d&#8217;une seule main. Tenez simplement la balle en caoutchouc dans votre main avec votre pouce reposant au centre du dessus. L&#8217;application d&#8217;une l\u00e9g\u00e8re pression g\u00e9n\u00e9rera les appels d&#8217;accouplement les plus authentiques du chevreuil. Pour produire un &#8220;cri de terreur&#8221;, appuyez sur votre pouce rapidement mais mod\u00e9r\u00e9ment jusqu&#8217;\u00e0 ce qu&#8217;il atteigne le bas de la balle en caoutchouc. De plus, le Buttolo Deer Call est une option mortelle pour la chasse au Muntjac. Avec sa polyvalence exceptionnelle et sa facilit\u00e9 d&#8217;utilisation, le Buttolo Deer Call est un outil essentiel pour les chasseurs qui cherchent \u00e0 am\u00e9liorer leur taux de r\u00e9ussite sur le terrain.<\/p>\n<p>Vous pouvez r\u00e9gler la tonalit\u00e9 de l&#8217;appel en d\u00e9pla\u00e7ant la petite ampoule vers l&#8217;int\u00e9rieur et l&#8217;ext\u00e9rieur du corps de l&#8217;appel.<\/p>\n","protected":false},"excerpt":{"rendered":"<p>Le Buttolo Deer Call est un outil remarquable qui peut imiter tous les appels primaires d&#8217;un chevreuil, ce qui en fait un choix id\u00e9al pour les chasseurs.<\/p>\n","protected":false},"featured_media":59461,"template":"","meta":[],"product_brand":[8121],"product_cat":[8237],"product_tag":[9444],"yoast_head":"<!-- This site is optimized with the Yoast SEO plugin v24.3 - https:\/\/yoast.com\/wordpress\/plugins\/seo\/ -->\n<title>Appeau Chevreuil | L&#039;appel le plus populaire pour les chevreuils<\/title>\n<meta name=\"description\" content=\"Le Buttolo Deer Call est un outil remarquable qui peut imiter tous les appels primaires d&#039;un chevreuil, ce qui en fait un choix id\u00e9al pour les chasseurs.\" \/>\n<meta name=\"robots\" content=\"noindex, follow, max-snippet:-1, max-image-preview:large, max-video-preview:-1\" \/>\n<meta property=\"og:locale\" content=\"fr_FR\" \/>\n<meta property=\"og:type\" content=\"article\" \/>\n<meta property=\"og:title\" content=\"Appeau Chevreuil | L&#039;appel le plus populaire pour les chevreuils\" \/>\n<meta property=\"og:description\" content=\"Le Buttolo Deer Call est un outil remarquable qui peut imiter tous les appels primaires d&#039;un chevreuil, ce qui en fait un choix id\u00e9al pour les chasseurs.\" \/>\n<meta property=\"og:url\" content=\"https:\/\/staging.lucky-hunter.com\/fr\/product\/roe-deer-call-turn-sound\/\" \/>\n<meta property=\"og:site_name\" content=\"Lucky-Hunter\" \/>\n<meta property=\"og:image\" content=\"https:\/\/staging.lucky-hunter.com\/wp-content\/uploads\/2023\/03\/LK-301.png\" \/>\n\t<meta property=\"og:image:width\" content=\"1000\" \/>\n\t<meta property=\"og:image:height\" content=\"1000\" \/>\n\t<meta property=\"og:image:type\" content=\"image\/png\" \/>\n<meta name=\"twitter:card\" content=\"summary_large_image\" \/>\n<meta name=\"twitter:label1\" content=\"Dur\u00e9e de lecture estim\u00e9e\" \/>\n\t<meta name=\"twitter:data1\" content=\"1 minute\" \/>\n<script type=\"application\/ld+json\" class=\"yoast-schema-graph\">{\"@context\":\"https:\/\/schema.org\",\"@graph\":[{\"@type\":\"WebPage\",\"@id\":\"https:\/\/staging.lucky-hunter.com\/fr\/product\/roe-deer-call-turn-sound\/\",\"url\":\"https:\/\/staging.lucky-hunter.com\/fr\/product\/roe-deer-call-turn-sound\/\",\"name\":\"Appeau Chevreuil | L'appel le plus populaire pour les chevreuils\",\"isPartOf\":{\"@id\":\"https:\/\/staging.lucky-hunter.com\/#website\"},\"primaryImageOfPage\":{\"@id\":\"https:\/\/staging.lucky-hunter.com\/fr\/product\/roe-deer-call-turn-sound\/#primaryimage\"},\"image\":{\"@id\":\"https:\/\/staging.lucky-hunter.com\/fr\/product\/roe-deer-call-turn-sound\/#primaryimage\"},\"thumbnailUrl\":\"https:\/\/staging.lucky-hunter.com\/wp-content\/uploads\/2023\/03\/LK-301.png\",\"datePublished\":\"2023-03-29T07:59:29+00:00\",\"dateModified\":\"2023-03-29T07:59:29+00:00\",\"description\":\"Le Buttolo Deer Call est un outil remarquable qui peut imiter tous les appels primaires d'un chevreuil, ce qui en fait un choix id\u00e9al pour les chasseurs.\",\"breadcrumb\":{\"@id\":\"https:\/\/staging.lucky-hunter.com\/fr\/product\/roe-deer-call-turn-sound\/#breadcrumb\"},\"inLanguage\":\"fr-FR\",\"potentialAction\":[{\"@type\":\"ReadAction\",\"target\":[\"https:\/\/staging.lucky-hunter.com\/fr\/product\/roe-deer-call-turn-sound\/\"]}]},{\"@type\":\"ImageObject\",\"inLanguage\":\"fr-FR\",\"@id\":\"https:\/\/staging.lucky-hunter.com\/fr\/product\/roe-deer-call-turn-sound\/#primaryimage\",\"url\":\"https:\/\/staging.lucky-hunter.com\/wp-content\/uploads\/2023\/03\/LK-301.png\",\"contentUrl\":\"https:\/\/staging.lucky-hunter.com\/wp-content\/uploads\/2023\/03\/LK-301.png\",\"width\":1000,\"height\":1000,\"caption\":\"Roe deer call\"},{\"@type\":\"BreadcrumbList\",\"@id\":\"https:\/\/staging.lucky-hunter.com\/fr\/product\/roe-deer-call-turn-sound\/#breadcrumb\",\"itemListElement\":[{\"@type\":\"ListItem\",\"position\":1,\"name\":\"Home\",\"item\":\"https:\/\/staging.lucky-hunter.com\/fr\/\"},{\"@type\":\"ListItem\",\"position\":2,\"name\":\"Boutique\",\"item\":\"https:\/\/staging.lucky-hunter.com\/fr\/shop\/\"},{\"@type\":\"ListItem\",\"position\":3,\"name\":\"Appeau Chevreuil | Tourner le son\"}]},{\"@type\":\"WebSite\",\"@id\":\"https:\/\/staging.lucky-hunter.com\/#website\",\"url\":\"https:\/\/staging.lucky-hunter.com\/\",\"name\":\"Lucky-Hunter\",\"description\":\"Gear Up or Give Up\",\"potentialAction\":[{\"@type\":\"SearchAction\",\"target\":{\"@type\":\"EntryPoint\",\"urlTemplate\":\"https:\/\/staging.lucky-hunter.com\/?s={search_term_string}\"},\"query-input\":{\"@type\":\"PropertyValueSpecification\",\"valueRequired\":true,\"valueName\":\"search_term_string\"}}],\"inLanguage\":\"fr-FR\"}]}<\/script>\n<!-- \/ Yoast SEO plugin. -->","yoast_head_json":{"title":"Appeau Chevreuil | L'appel le plus populaire pour les chevreuils","description":"Le Buttolo Deer Call est un outil remarquable qui peut imiter tous les appels primaires d'un chevreuil, ce qui en fait un choix id\u00e9al pour les chasseurs.","robots":{"index":"noindex","follow":"follow","max-snippet":"max-snippet:-1","max-image-preview":"max-image-preview:large","max-video-preview":"max-video-preview:-1"},"og_locale":"fr_FR","og_type":"article","og_title":"Appeau Chevreuil | L'appel le plus populaire pour les chevreuils","og_description":"Le Buttolo Deer Call est un outil remarquable qui peut imiter tous les appels primaires d'un chevreuil, ce qui en fait un choix id\u00e9al pour les chasseurs.","og_url":"https:\/\/staging.lucky-hunter.com\/fr\/product\/roe-deer-call-turn-sound\/","og_site_name":"Lucky-Hunter","og_image":[{"width":1000,"height":1000,"url":"https:\/\/staging.lucky-hunter.com\/wp-content\/uploads\/2023\/03\/LK-301.png","type":"image\/png"}],"twitter_card":"summary_large_image","twitter_misc":{"Dur\u00e9e de lecture estim\u00e9e":"1 minute"},"schema":{"@context":"https:\/\/schema.org","@graph":[{"@type":"WebPage","@id":"https:\/\/staging.lucky-hunter.com\/fr\/product\/roe-deer-call-turn-sound\/","url":"https:\/\/staging.lucky-hunter.com\/fr\/product\/roe-deer-call-turn-sound\/","name":"Appeau Chevreuil | L'appel le plus populaire pour les chevreuils","isPartOf":{"@id":"https:\/\/staging.lucky-hunter.com\/#website"},"primaryImageOfPage":{"@id":"https:\/\/staging.lucky-hunter.com\/fr\/product\/roe-deer-call-turn-sound\/#primaryimage"},"image":{"@id":"https:\/\/staging.lucky-hunter.com\/fr\/product\/roe-deer-call-turn-sound\/#primaryimage"},"thumbnailUrl":"https:\/\/staging.lucky-hunter.com\/wp-content\/uploads\/2023\/03\/LK-301.png","datePublished":"2023-03-29T07:59:29+00:00","dateModified":"2023-03-29T07:59:29+00:00","description":"Le Buttolo Deer Call est un outil remarquable qui peut imiter tous les appels primaires d'un chevreuil, ce qui en fait un choix id\u00e9al pour les chasseurs.","breadcrumb":{"@id":"https:\/\/staging.lucky-hunter.com\/fr\/product\/roe-deer-call-turn-sound\/#breadcrumb"},"inLanguage":"fr-FR","potentialAction":[{"@type":"ReadAction","target":["https:\/\/staging.lucky-hunter.com\/fr\/product\/roe-deer-call-turn-sound\/"]}]},{"@type":"ImageObject","inLanguage":"fr-FR","@id":"https:\/\/staging.lucky-hunter.com\/fr\/product\/roe-deer-call-turn-sound\/#primaryimage","url":"https:\/\/staging.lucky-hunter.com\/wp-content\/uploads\/2023\/03\/LK-301.png","contentUrl":"https:\/\/staging.lucky-hunter.com\/wp-content\/uploads\/2023\/03\/LK-301.png","width":1000,"height":1000,"caption":"Roe deer call"},{"@type":"BreadcrumbList","@id":"https:\/\/staging.lucky-hunter.com\/fr\/product\/roe-deer-call-turn-sound\/#breadcrumb","itemListElement":[{"@type":"ListItem","position":1,"name":"Home","item":"https:\/\/staging.lucky-hunter.com\/fr\/"},{"@type":"ListItem","position":2,"name":"Boutique","item":"https:\/\/staging.lucky-hunter.com\/fr\/shop\/"},{"@type":"ListItem","position":3,"name":"Appeau Chevreuil | Tourner le son"}]},{"@type":"WebSite","@id":"https:\/\/staging.lucky-hunter.com\/#website","url":"https:\/\/staging.lucky-hunter.com\/","name":"Lucky-Hunter","description":"Gear Up or Give Up","potentialAction":[{"@type":"SearchAction","target":{"@type":"EntryPoint","urlTemplate":"https:\/\/staging.lucky-hunter.com\/?s={search_term_string}"},"query-input":{"@type":"PropertyValueSpecification","valueRequired":true,"valueName":"search_term_string"}}],"inLanguage":"fr-FR"}]}},"_links":{"self":[{"href":"https:\/\/staging.lucky-hunter.com\/fr\/wp-json\/wp\/v2\/product\/61972"}],"collection":[{"href":"https:\/\/staging.lucky-hunter.com\/fr\/wp-json\/wp\/v2\/product"}],"about":[{"href":"https:\/\/staging.lucky-hunter.com\/fr\/wp-json\/wp\/v2\/types\/product"}],"wp:featuredmedia":[{"embeddable":true,"href":"https:\/\/staging.lucky-hunter.com\/fr\/wp-json\/wp\/v2\/media\/59461"}],"wp:attachment":[{"href":"https:\/\/staging.lucky-hunter.com\/fr\/wp-json\/wp\/v2\/media?parent=61972"}],"wp:term":[{"taxonomy":"product_brand","embeddable":true,"href":"https:\/\/staging.lucky-hunter.com\/fr\/wp-json\/wp\/v2\/product_brand?post=61972"},{"taxonomy":"product_cat","embeddable":true,"href":"https:\/\/staging.lucky-hunter.com\/fr\/wp-json\/wp\/v2\/product_cat?post=61972"},{"taxonomy":"product_tag","embeddable":true,"href":"https:\/\/staging.lucky-hunter.com\/fr\/wp-json\/wp\/v2\/product_tag?post=61972"}],"curies":[{"name":"wp","href":"https:\/\/api.w.org\/{rel}","templated":true}]}}