{"id":61786,"date":"2023-03-31T14:50:31","date_gmt":"2023-03-31T12:50:31","guid":{"rendered":"https:\/\/staging.lucky-hunter.com\/product\/acme-dog-whistle-210%c2%bd-alpha\/"},"modified":"2025-06-24T11:13:20","modified_gmt":"2025-06-24T09:13:20","slug":"sifflet-pour-chien-acme-alpha-210%c2%bd","status":"publish","type":"product","link":"https:\/\/staging.lucky-hunter.com\/fr\/product\/sifflet-pour-chien-acme-alpha-210%c2%bd\/","title":{"rendered":"Sifflet pour chien ACME ALPHA- 210\u00bd"},"content":{"rendered":"<ul>\n<li>D\u00e9velopp\u00e9 en collaboration avec des entra\u00eeneurs champions du monde<\/li>\n<li>Chambres sonores brevet\u00e9es pour une utilisation efficace de l&#8217;air et un son plus brillant<\/li>\n<li>Permet de souffler sans effort, offrant de la flexibilit\u00e9 dans la respiration et les commandes<\/li>\n<li>Grip sur toute la surface, pour \u00eatre doux avec la bouche tout en offrant une prise en main parfaite<\/li>\n<li>Id\u00e9al pour une utilisation dans de nombreux environnements, des champs aux parcs, en passant par les maisons<\/li>\n<\/ul>\n<p>Ce sifflet pour chiens de qualit\u00e9 sup\u00e9rieure est le r\u00e9sultat d&#8217;une collaboration avec des entra\u00eeneurs champions du monde. Des chambres sonores brevet\u00e9es pour un son plus brillant, un design anti-effort pour la flexibilit\u00e9 et une prise en main confortable pour une manipulation parfaite, n\u2019importe o\u00f9.<\/p>\n","protected":false},"excerpt":{"rendered":"<p>Ce sifflet pour chiens de qualit\u00e9 sup\u00e9rieure est le r\u00e9sultat d&#8217;une collaboration avec des entra\u00eeneurs champions du monde.<\/p>\n","protected":false},"featured_media":60625,"template":"","meta":[],"product_brand":[],"product_cat":[8260],"product_tag":[],"yoast_head":"<!-- This site is optimized with the Yoast SEO plugin v24.3 - https:\/\/yoast.com\/wordpress\/plugins\/seo\/ -->\n<title>Sifflet pour chien ACME ALPHA- 210\u00bd<\/title>\n<meta name=\"description\" content=\"Ce sifflet pour chiens de qualit\u00e9 sup\u00e9rieure est le r\u00e9sultat d&#039;une collaboration avec des entra\u00eeneurs champions du monde.\" \/>\n<meta name=\"robots\" content=\"noindex, follow, max-snippet:-1, max-image-preview:large, max-video-preview:-1\" \/>\n<meta property=\"og:locale\" content=\"fr_FR\" \/>\n<meta property=\"og:type\" content=\"article\" \/>\n<meta property=\"og:title\" content=\"Sifflet pour chien ACME ALPHA- 210\u00bd\" \/>\n<meta property=\"og:description\" content=\"Ce sifflet pour chiens de qualit\u00e9 sup\u00e9rieure est le r\u00e9sultat d&#039;une collaboration avec des entra\u00eeneurs champions du monde.\" \/>\n<meta property=\"og:url\" content=\"https:\/\/staging.lucky-hunter.com\/fr\/product\/sifflet-pour-chien-acme-alpha-210\u00bd\/\" \/>\n<meta property=\"og:site_name\" content=\"Lucky-Hunter\" \/>\n<meta property=\"article:modified_time\" content=\"2025-06-24T09:13:20+00:00\" \/>\n<meta property=\"og:image\" content=\"https:\/\/staging.lucky-hunter.com\/wp-content\/uploads\/2023\/03\/alpha_210.5_black_1_.png\" \/>\n\t<meta property=\"og:image:width\" content=\"1799\" \/>\n\t<meta property=\"og:image:height\" content=\"1200\" \/>\n\t<meta property=\"og:image:type\" content=\"image\/png\" \/>\n<meta name=\"twitter:card\" content=\"summary_large_image\" \/>\n<meta name=\"twitter:label1\" content=\"Dur\u00e9e de lecture estim\u00e9e\" \/>\n\t<meta name=\"twitter:data1\" content=\"1 minute\" \/>\n<script type=\"application\/ld+json\" class=\"yoast-schema-graph\">{\"@context\":\"https:\/\/schema.org\",\"@graph\":[{\"@type\":\"WebPage\",\"@id\":\"https:\/\/staging.lucky-hunter.com\/fr\/product\/sifflet-pour-chien-acme-alpha-210%c2%bd\/\",\"url\":\"https:\/\/staging.lucky-hunter.com\/fr\/product\/sifflet-pour-chien-acme-alpha-210%c2%bd\/\",\"name\":\"Sifflet pour chien ACME ALPHA- 210\u00bd\",\"isPartOf\":{\"@id\":\"https:\/\/staging.lucky-hunter.com\/#website\"},\"primaryImageOfPage\":{\"@id\":\"https:\/\/staging.lucky-hunter.com\/fr\/product\/sifflet-pour-chien-acme-alpha-210%c2%bd\/#primaryimage\"},\"image\":{\"@id\":\"https:\/\/staging.lucky-hunter.com\/fr\/product\/sifflet-pour-chien-acme-alpha-210%c2%bd\/#primaryimage\"},\"thumbnailUrl\":\"https:\/\/staging.lucky-hunter.com\/wp-content\/uploads\/2023\/03\/alpha_210.5_black_1_.png\",\"datePublished\":\"2023-03-31T12:50:31+00:00\",\"dateModified\":\"2025-06-24T09:13:20+00:00\",\"description\":\"Ce sifflet pour chiens de qualit\u00e9 sup\u00e9rieure est le r\u00e9sultat d'une collaboration avec des entra\u00eeneurs champions du monde.\",\"breadcrumb\":{\"@id\":\"https:\/\/staging.lucky-hunter.com\/fr\/product\/sifflet-pour-chien-acme-alpha-210%c2%bd\/#breadcrumb\"},\"inLanguage\":\"fr-FR\",\"potentialAction\":[{\"@type\":\"ReadAction\",\"target\":[\"https:\/\/staging.lucky-hunter.com\/fr\/product\/sifflet-pour-chien-acme-alpha-210%c2%bd\/\"]}]},{\"@type\":\"ImageObject\",\"inLanguage\":\"fr-FR\",\"@id\":\"https:\/\/staging.lucky-hunter.com\/fr\/product\/sifflet-pour-chien-acme-alpha-210%c2%bd\/#primaryimage\",\"url\":\"https:\/\/staging.lucky-hunter.com\/wp-content\/uploads\/2023\/03\/alpha_210.5_black_1_.png\",\"contentUrl\":\"https:\/\/staging.lucky-hunter.com\/wp-content\/uploads\/2023\/03\/alpha_210.5_black_1_.png\",\"width\":1799,\"height\":1200},{\"@type\":\"BreadcrumbList\",\"@id\":\"https:\/\/staging.lucky-hunter.com\/fr\/product\/sifflet-pour-chien-acme-alpha-210%c2%bd\/#breadcrumb\",\"itemListElement\":[{\"@type\":\"ListItem\",\"position\":1,\"name\":\"Home\",\"item\":\"https:\/\/staging.lucky-hunter.com\/fr\/\"},{\"@type\":\"ListItem\",\"position\":2,\"name\":\"Boutique\",\"item\":\"https:\/\/staging.lucky-hunter.com\/fr\/shop\/\"},{\"@type\":\"ListItem\",\"position\":3,\"name\":\"Sifflet pour chien ACME ALPHA- 210\u00bd\"}]},{\"@type\":\"WebSite\",\"@id\":\"https:\/\/staging.lucky-hunter.com\/#website\",\"url\":\"https:\/\/staging.lucky-hunter.com\/\",\"name\":\"Lucky-Hunter\",\"description\":\"Gear Up or Give Up\",\"potentialAction\":[{\"@type\":\"SearchAction\",\"target\":{\"@type\":\"EntryPoint\",\"urlTemplate\":\"https:\/\/staging.lucky-hunter.com\/?s={search_term_string}\"},\"query-input\":{\"@type\":\"PropertyValueSpecification\",\"valueRequired\":true,\"valueName\":\"search_term_string\"}}],\"inLanguage\":\"fr-FR\"}]}<\/script>\n<!-- \/ Yoast SEO plugin. -->","yoast_head_json":{"title":"Sifflet pour chien ACME ALPHA- 210\u00bd","description":"Ce sifflet pour chiens de qualit\u00e9 sup\u00e9rieure est le r\u00e9sultat d'une collaboration avec des entra\u00eeneurs champions du monde.","robots":{"index":"noindex","follow":"follow","max-snippet":"max-snippet:-1","max-image-preview":"max-image-preview:large","max-video-preview":"max-video-preview:-1"},"og_locale":"fr_FR","og_type":"article","og_title":"Sifflet pour chien ACME ALPHA- 210\u00bd","og_description":"Ce sifflet pour chiens de qualit\u00e9 sup\u00e9rieure est le r\u00e9sultat d'une collaboration avec des entra\u00eeneurs champions du monde.","og_url":"https:\/\/staging.lucky-hunter.com\/fr\/product\/sifflet-pour-chien-acme-alpha-210\u00bd\/","og_site_name":"Lucky-Hunter","article_modified_time":"2025-06-24T09:13:20+00:00","og_image":[{"width":1799,"height":1200,"url":"https:\/\/staging.lucky-hunter.com\/wp-content\/uploads\/2023\/03\/alpha_210.5_black_1_.png","type":"image\/png"}],"twitter_card":"summary_large_image","twitter_misc":{"Dur\u00e9e de lecture estim\u00e9e":"1 minute"},"schema":{"@context":"https:\/\/schema.org","@graph":[{"@type":"WebPage","@id":"https:\/\/staging.lucky-hunter.com\/fr\/product\/sifflet-pour-chien-acme-alpha-210%c2%bd\/","url":"https:\/\/staging.lucky-hunter.com\/fr\/product\/sifflet-pour-chien-acme-alpha-210%c2%bd\/","name":"Sifflet pour chien ACME ALPHA- 210\u00bd","isPartOf":{"@id":"https:\/\/staging.lucky-hunter.com\/#website"},"primaryImageOfPage":{"@id":"https:\/\/staging.lucky-hunter.com\/fr\/product\/sifflet-pour-chien-acme-alpha-210%c2%bd\/#primaryimage"},"image":{"@id":"https:\/\/staging.lucky-hunter.com\/fr\/product\/sifflet-pour-chien-acme-alpha-210%c2%bd\/#primaryimage"},"thumbnailUrl":"https:\/\/staging.lucky-hunter.com\/wp-content\/uploads\/2023\/03\/alpha_210.5_black_1_.png","datePublished":"2023-03-31T12:50:31+00:00","dateModified":"2025-06-24T09:13:20+00:00","description":"Ce sifflet pour chiens de qualit\u00e9 sup\u00e9rieure est le r\u00e9sultat d'une collaboration avec des entra\u00eeneurs champions du monde.","breadcrumb":{"@id":"https:\/\/staging.lucky-hunter.com\/fr\/product\/sifflet-pour-chien-acme-alpha-210%c2%bd\/#breadcrumb"},"inLanguage":"fr-FR","potentialAction":[{"@type":"ReadAction","target":["https:\/\/staging.lucky-hunter.com\/fr\/product\/sifflet-pour-chien-acme-alpha-210%c2%bd\/"]}]},{"@type":"ImageObject","inLanguage":"fr-FR","@id":"https:\/\/staging.lucky-hunter.com\/fr\/product\/sifflet-pour-chien-acme-alpha-210%c2%bd\/#primaryimage","url":"https:\/\/staging.lucky-hunter.com\/wp-content\/uploads\/2023\/03\/alpha_210.5_black_1_.png","contentUrl":"https:\/\/staging.lucky-hunter.com\/wp-content\/uploads\/2023\/03\/alpha_210.5_black_1_.png","width":1799,"height":1200},{"@type":"BreadcrumbList","@id":"https:\/\/staging.lucky-hunter.com\/fr\/product\/sifflet-pour-chien-acme-alpha-210%c2%bd\/#breadcrumb","itemListElement":[{"@type":"ListItem","position":1,"name":"Home","item":"https:\/\/staging.lucky-hunter.com\/fr\/"},{"@type":"ListItem","position":2,"name":"Boutique","item":"https:\/\/staging.lucky-hunter.com\/fr\/shop\/"},{"@type":"ListItem","position":3,"name":"Sifflet pour chien ACME ALPHA- 210\u00bd"}]},{"@type":"WebSite","@id":"https:\/\/staging.lucky-hunter.com\/#website","url":"https:\/\/staging.lucky-hunter.com\/","name":"Lucky-Hunter","description":"Gear Up or Give Up","potentialAction":[{"@type":"SearchAction","target":{"@type":"EntryPoint","urlTemplate":"https:\/\/staging.lucky-hunter.com\/?s={search_term_string}"},"query-input":{"@type":"PropertyValueSpecification","valueRequired":true,"valueName":"search_term_string"}}],"inLanguage":"fr-FR"}]}},"_links":{"self":[{"href":"https:\/\/staging.lucky-hunter.com\/fr\/wp-json\/wp\/v2\/product\/61786"}],"collection":[{"href":"https:\/\/staging.lucky-hunter.com\/fr\/wp-json\/wp\/v2\/product"}],"about":[{"href":"https:\/\/staging.lucky-hunter.com\/fr\/wp-json\/wp\/v2\/types\/product"}],"wp:featuredmedia":[{"embeddable":true,"href":"https:\/\/staging.lucky-hunter.com\/fr\/wp-json\/wp\/v2\/media\/60625"}],"wp:attachment":[{"href":"https:\/\/staging.lucky-hunter.com\/fr\/wp-json\/wp\/v2\/media?parent=61786"}],"wp:term":[{"taxonomy":"product_brand","embeddable":true,"href":"https:\/\/staging.lucky-hunter.com\/fr\/wp-json\/wp\/v2\/product_brand?post=61786"},{"taxonomy":"product_cat","embeddable":true,"href":"https:\/\/staging.lucky-hunter.com\/fr\/wp-json\/wp\/v2\/product_cat?post=61786"},{"taxonomy":"product_tag","embeddable":true,"href":"https:\/\/staging.lucky-hunter.com\/fr\/wp-json\/wp\/v2\/product_tag?post=61786"}],"curies":[{"name":"wp","href":"https:\/\/api.w.org\/{rel}","templated":true}]}}