{"id":61784,"date":"2023-05-15T12:18:53","date_gmt":"2023-05-15T10:18:53","guid":{"rendered":"https:\/\/staging.lucky-hunter.com\/product\/spypoint-solar-panel-10w\/"},"modified":"2023-07-01T00:47:57","modified_gmt":"2023-06-30T22:47:57","slug":"spypoint-solar-panel-10w","status":"publish","type":"product","link":"https:\/\/staging.lucky-hunter.com\/fr\/product\/spypoint-solar-panel-10w\/","title":{"rendered":"Panneau solaire Spypoint (10W)"},"content":{"rendered":"<h1>Panneau solaire pour cam\u00e9ras de chasse<\/h1>\n<p>Le panneau solaire \u00e0 batterie au lithium disponible chez SPYPOINT constitue une solution parfaite pour les endroits \u00e9loign\u00e9s dans lesquels vous ne pouvez pas\/ne voulez pas vous rendre avant qu\u2019une opportunit\u00e9 ne se pr\u00e9sente. Le panneau solaire charge en permanence la batterie int\u00e9gr\u00e9e de 15 000 mAh afin que votre cam\u00e9ra puisse fonctionner pendant des mois, sans que vous ayez besoin de vous d\u00e9placer pour remplacer les batteries.<br \/>\nQuatre options de cordons d&#8217;alimentation de sortie sont fournis, afin d\u2019assurer la compatibilit\u00e9 de votre cam\u00e9ra avec le SPLB-22, quel que soit son fabricant. Vous recevrez \u00e9galement un support de montage et une sangle pour vous permettre de positionner et d\u2019installer le panneau solaire \u00e0 batterie au lithium \u00e0 l&#8217;endroit parfait.<\/p>\n<p>\u2022 10\u00a0watts<br \/>\n\u2022 15\u00a0000\u00a0mAh<br \/>\n\u2022 4\u00a0voyants de charge LED<br \/>\n\u2022 27,1 x 25,9 x 5 cm<\/p>\n<p>Le panneau solaire Spypoint sera compl\u00e8tement charg\u00e9 par le soleil en 24 heures environ. Il comprend \u00e9galement un adaptateur d&#8217;alimentation CC permettant de le charger en le branchant au secteur. Ce processus prendra 5 heures. Comme tout panneau solaire, il fonctionnera mieux dans les zones o\u00f9 le plein soleil est disponible pendant la plus grande partie de la journ\u00e9e, et l&#8217;angle du panneau est r\u00e9glable pour faciliter son orientation. De plus, nettoyer la salet\u00e9, les d\u00e9bris et le pollen afin de veiller \u00e0 la propret\u00e9 des panneaux permettra de conserver des performances aussi \u00e9lev\u00e9es que possible.<\/p>\n","protected":false},"excerpt":{"rendered":"<p>Le panneau solaire \u00e0 batterie au lithium disponible chez SPYPOINT constitue une solution parfaite pour les endroits \u00e9loign\u00e9s que vous ne voulez pas d\u00e9ranger avant qu\u2019une opportunit\u00e9 ne se pr\u00e9sente.<\/p>\n","protected":false},"featured_media":60656,"template":"","meta":[],"product_brand":[8209],"product_cat":[8232],"product_tag":[],"yoast_head":"<!-- This site is optimized with the Yoast SEO plugin v24.3 - https:\/\/yoast.com\/wordpress\/plugins\/seo\/ -->\n<title>Panneau solaire Spypoint (10W) | Retrouvez-le sur Lucky-hunter.com<\/title>\n<meta name=\"description\" content=\"Le panneau solaire \u00e0 batterie au lithium disponible chez SPYPOINT constitue une solution parfaite pour les endroits \u00e9loign\u00e9s que vous ne voulez pas d\u00e9ranger avant qu\u2019une opportunit\u00e9 ne se pr\u00e9sente.\" \/>\n<meta name=\"robots\" content=\"noindex, follow, max-snippet:-1, max-image-preview:large, max-video-preview:-1\" \/>\n<meta property=\"og:locale\" content=\"fr_FR\" \/>\n<meta property=\"og:type\" content=\"article\" \/>\n<meta property=\"og:title\" content=\"Panneau solaire Spypoint (10W) | Retrouvez-le sur Lucky-hunter.com\" \/>\n<meta property=\"og:description\" content=\"Le panneau solaire \u00e0 batterie au lithium disponible chez SPYPOINT constitue une solution parfaite pour les endroits \u00e9loign\u00e9s que vous ne voulez pas d\u00e9ranger avant qu\u2019une opportunit\u00e9 ne se pr\u00e9sente.\" \/>\n<meta property=\"og:url\" content=\"https:\/\/staging.lucky-hunter.com\/product\/spypoint-solar-panel-10w\/\" \/>\n<meta property=\"og:site_name\" content=\"Lucky-Hunter\" \/>\n<meta property=\"article:modified_time\" content=\"2023-06-30T22:47:57+00:00\" \/>\n<meta property=\"og:image\" content=\"https:\/\/staging.lucky-hunter.com\/wp-content\/uploads\/2023\/05\/large_639786c9202e8.png\" \/>\n\t<meta property=\"og:image:width\" content=\"1000\" \/>\n\t<meta property=\"og:image:height\" content=\"619\" \/>\n\t<meta property=\"og:image:type\" content=\"image\/png\" \/>\n<meta name=\"twitter:card\" content=\"summary_large_image\" \/>\n<meta name=\"twitter:label1\" content=\"Dur\u00e9e de lecture estim\u00e9e\" \/>\n\t<meta name=\"twitter:data1\" content=\"1 minute\" \/>\n<script type=\"application\/ld+json\" class=\"yoast-schema-graph\">{\"@context\":\"https:\/\/schema.org\",\"@graph\":[{\"@type\":\"WebPage\",\"@id\":\"https:\/\/staging.lucky-hunter.com\/product\/spypoint-solar-panel-10w\/\",\"url\":\"https:\/\/staging.lucky-hunter.com\/product\/spypoint-solar-panel-10w\/\",\"name\":\"Panneau solaire Spypoint (10W) | Retrouvez-le sur Lucky-hunter.com\",\"isPartOf\":{\"@id\":\"https:\/\/staging.lucky-hunter.com\/#website\"},\"primaryImageOfPage\":{\"@id\":\"https:\/\/staging.lucky-hunter.com\/product\/spypoint-solar-panel-10w\/#primaryimage\"},\"image\":{\"@id\":\"https:\/\/staging.lucky-hunter.com\/product\/spypoint-solar-panel-10w\/#primaryimage\"},\"thumbnailUrl\":\"https:\/\/staging.lucky-hunter.com\/wp-content\/uploads\/2023\/05\/large_639786c9202e8.png\",\"datePublished\":\"2023-05-15T10:18:53+00:00\",\"dateModified\":\"2023-06-30T22:47:57+00:00\",\"description\":\"Le panneau solaire \u00e0 batterie au lithium disponible chez SPYPOINT constitue une solution parfaite pour les endroits \u00e9loign\u00e9s que vous ne voulez pas d\u00e9ranger avant qu\u2019une opportunit\u00e9 ne se pr\u00e9sente.\",\"breadcrumb\":{\"@id\":\"https:\/\/staging.lucky-hunter.com\/product\/spypoint-solar-panel-10w\/#breadcrumb\"},\"inLanguage\":\"fr-FR\",\"potentialAction\":[{\"@type\":\"ReadAction\",\"target\":[\"https:\/\/staging.lucky-hunter.com\/product\/spypoint-solar-panel-10w\/\"]}]},{\"@type\":\"ImageObject\",\"inLanguage\":\"fr-FR\",\"@id\":\"https:\/\/staging.lucky-hunter.com\/product\/spypoint-solar-panel-10w\/#primaryimage\",\"url\":\"https:\/\/staging.lucky-hunter.com\/wp-content\/uploads\/2023\/05\/large_639786c9202e8.png\",\"contentUrl\":\"https:\/\/staging.lucky-hunter.com\/wp-content\/uploads\/2023\/05\/large_639786c9202e8.png\",\"width\":1000,\"height\":619,\"caption\":\"Spypoint Solar panel\"},{\"@type\":\"BreadcrumbList\",\"@id\":\"https:\/\/staging.lucky-hunter.com\/product\/spypoint-solar-panel-10w\/#breadcrumb\",\"itemListElement\":[{\"@type\":\"ListItem\",\"position\":1,\"name\":\"Home\",\"item\":\"https:\/\/staging.lucky-hunter.com\/fr\/\"},{\"@type\":\"ListItem\",\"position\":2,\"name\":\"Boutique\",\"item\":\"https:\/\/staging.lucky-hunter.com\/fr\/shop\/\"},{\"@type\":\"ListItem\",\"position\":3,\"name\":\"Panneau solaire Spypoint (10W)\"}]},{\"@type\":\"WebSite\",\"@id\":\"https:\/\/staging.lucky-hunter.com\/#website\",\"url\":\"https:\/\/staging.lucky-hunter.com\/\",\"name\":\"Lucky-Hunter\",\"description\":\"Gear Up or Give Up\",\"potentialAction\":[{\"@type\":\"SearchAction\",\"target\":{\"@type\":\"EntryPoint\",\"urlTemplate\":\"https:\/\/staging.lucky-hunter.com\/?s={search_term_string}\"},\"query-input\":{\"@type\":\"PropertyValueSpecification\",\"valueRequired\":true,\"valueName\":\"search_term_string\"}}],\"inLanguage\":\"fr-FR\"}]}<\/script>\n<!-- \/ Yoast SEO plugin. -->","yoast_head_json":{"title":"Panneau solaire Spypoint (10W) | Retrouvez-le sur Lucky-hunter.com","description":"Le panneau solaire \u00e0 batterie au lithium disponible chez SPYPOINT constitue une solution parfaite pour les endroits \u00e9loign\u00e9s que vous ne voulez pas d\u00e9ranger avant qu\u2019une opportunit\u00e9 ne se pr\u00e9sente.","robots":{"index":"noindex","follow":"follow","max-snippet":"max-snippet:-1","max-image-preview":"max-image-preview:large","max-video-preview":"max-video-preview:-1"},"og_locale":"fr_FR","og_type":"article","og_title":"Panneau solaire Spypoint (10W) | Retrouvez-le sur Lucky-hunter.com","og_description":"Le panneau solaire \u00e0 batterie au lithium disponible chez SPYPOINT constitue une solution parfaite pour les endroits \u00e9loign\u00e9s que vous ne voulez pas d\u00e9ranger avant qu\u2019une opportunit\u00e9 ne se pr\u00e9sente.","og_url":"https:\/\/staging.lucky-hunter.com\/product\/spypoint-solar-panel-10w\/","og_site_name":"Lucky-Hunter","article_modified_time":"2023-06-30T22:47:57+00:00","og_image":[{"width":1000,"height":619,"url":"https:\/\/staging.lucky-hunter.com\/wp-content\/uploads\/2023\/05\/large_639786c9202e8.png","type":"image\/png"}],"twitter_card":"summary_large_image","twitter_misc":{"Dur\u00e9e de lecture estim\u00e9e":"1 minute"},"schema":{"@context":"https:\/\/schema.org","@graph":[{"@type":"WebPage","@id":"https:\/\/staging.lucky-hunter.com\/product\/spypoint-solar-panel-10w\/","url":"https:\/\/staging.lucky-hunter.com\/product\/spypoint-solar-panel-10w\/","name":"Panneau solaire Spypoint (10W) | Retrouvez-le sur Lucky-hunter.com","isPartOf":{"@id":"https:\/\/staging.lucky-hunter.com\/#website"},"primaryImageOfPage":{"@id":"https:\/\/staging.lucky-hunter.com\/product\/spypoint-solar-panel-10w\/#primaryimage"},"image":{"@id":"https:\/\/staging.lucky-hunter.com\/product\/spypoint-solar-panel-10w\/#primaryimage"},"thumbnailUrl":"https:\/\/staging.lucky-hunter.com\/wp-content\/uploads\/2023\/05\/large_639786c9202e8.png","datePublished":"2023-05-15T10:18:53+00:00","dateModified":"2023-06-30T22:47:57+00:00","description":"Le panneau solaire \u00e0 batterie au lithium disponible chez SPYPOINT constitue une solution parfaite pour les endroits \u00e9loign\u00e9s que vous ne voulez pas d\u00e9ranger avant qu\u2019une opportunit\u00e9 ne se pr\u00e9sente.","breadcrumb":{"@id":"https:\/\/staging.lucky-hunter.com\/product\/spypoint-solar-panel-10w\/#breadcrumb"},"inLanguage":"fr-FR","potentialAction":[{"@type":"ReadAction","target":["https:\/\/staging.lucky-hunter.com\/product\/spypoint-solar-panel-10w\/"]}]},{"@type":"ImageObject","inLanguage":"fr-FR","@id":"https:\/\/staging.lucky-hunter.com\/product\/spypoint-solar-panel-10w\/#primaryimage","url":"https:\/\/staging.lucky-hunter.com\/wp-content\/uploads\/2023\/05\/large_639786c9202e8.png","contentUrl":"https:\/\/staging.lucky-hunter.com\/wp-content\/uploads\/2023\/05\/large_639786c9202e8.png","width":1000,"height":619,"caption":"Spypoint Solar panel"},{"@type":"BreadcrumbList","@id":"https:\/\/staging.lucky-hunter.com\/product\/spypoint-solar-panel-10w\/#breadcrumb","itemListElement":[{"@type":"ListItem","position":1,"name":"Home","item":"https:\/\/staging.lucky-hunter.com\/fr\/"},{"@type":"ListItem","position":2,"name":"Boutique","item":"https:\/\/staging.lucky-hunter.com\/fr\/shop\/"},{"@type":"ListItem","position":3,"name":"Panneau solaire Spypoint (10W)"}]},{"@type":"WebSite","@id":"https:\/\/staging.lucky-hunter.com\/#website","url":"https:\/\/staging.lucky-hunter.com\/","name":"Lucky-Hunter","description":"Gear Up or Give Up","potentialAction":[{"@type":"SearchAction","target":{"@type":"EntryPoint","urlTemplate":"https:\/\/staging.lucky-hunter.com\/?s={search_term_string}"},"query-input":{"@type":"PropertyValueSpecification","valueRequired":true,"valueName":"search_term_string"}}],"inLanguage":"fr-FR"}]}},"_links":{"self":[{"href":"https:\/\/staging.lucky-hunter.com\/fr\/wp-json\/wp\/v2\/product\/61784"}],"collection":[{"href":"https:\/\/staging.lucky-hunter.com\/fr\/wp-json\/wp\/v2\/product"}],"about":[{"href":"https:\/\/staging.lucky-hunter.com\/fr\/wp-json\/wp\/v2\/types\/product"}],"wp:featuredmedia":[{"embeddable":true,"href":"https:\/\/staging.lucky-hunter.com\/fr\/wp-json\/wp\/v2\/media\/60656"}],"wp:attachment":[{"href":"https:\/\/staging.lucky-hunter.com\/fr\/wp-json\/wp\/v2\/media?parent=61784"}],"wp:term":[{"taxonomy":"product_brand","embeddable":true,"href":"https:\/\/staging.lucky-hunter.com\/fr\/wp-json\/wp\/v2\/product_brand?post=61784"},{"taxonomy":"product_cat","embeddable":true,"href":"https:\/\/staging.lucky-hunter.com\/fr\/wp-json\/wp\/v2\/product_cat?post=61784"},{"taxonomy":"product_tag","embeddable":true,"href":"https:\/\/staging.lucky-hunter.com\/fr\/wp-json\/wp\/v2\/product_tag?post=61784"}],"curies":[{"name":"wp","href":"https:\/\/api.w.org\/{rel}","templated":true}]}}