{"id":61761,"date":"2023-02-23T09:51:03","date_gmt":"2023-02-23T08:51:03","guid":{"rendered":"https:\/\/staging.lucky-hunter.com\/product\/doghouse-run-gun-hunting-blind\/"},"modified":"2023-02-23T09:51:03","modified_gmt":"2023-02-23T08:51:03","slug":"doghouse-run-gun-hunting-blind","status":"publish","type":"product","link":"https:\/\/staging.lucky-hunter.com\/fr\/product\/doghouse-run-gun-hunting-blind\/","title":{"rendered":"Aff\u00fbt de chasse Doghouse \u00ab\u00a0Run &amp; Gun\u00a0\u00bb"},"content":{"rendered":"<p><iframe title=\"Ameristep - Doghouse\u00ae Blind\" width=\"1020\" height=\"574\" src=\"https:\/\/www.youtube.com\/embed\/k52BZ8v7gWc?start=1&#038;wmode=transparent&amp;rel=0&amp;feature=oembed&#038;enablejsapi=1&#038;origin=https:\/\/staging.lucky-hunter.com\" frameborder=\"0\" allow=\"accelerometer; autoplay; clipboard-write; encrypted-media; gyroscope; picture-in-picture; web-share\" allowfullscreen><\/iframe><\/p>\n<h2>Aff\u00fbt de chasse tr\u00e8s flexible<\/h2>\n<p>Ameristep a am\u00e9lior\u00e9 son aff\u00fbt de chasse le plus vendu pour le rendre plus pratique \u00e0 transporter. Le Doghouse\u00ae Run &amp; Gun est une version plus petite du Doghouse original, mais il offre tout de m\u00eame assez d&#8217;espace pour deux chasseurs.<\/p>\n<p>Le design compact du Doghouse Run &amp; Gun permet de le transporter facilement vers n&#8217;importe quelle zone de chasse. L\u2019aff\u00fbt reste dissimul\u00e9 gr\u00e2ce au camouflage ext\u00e9rieur Mossy Oak\u00ae Break-Up Country et \u00e0 l&#8217;int\u00e9rieur noir ShadowGuard\u2122, qui emp\u00eache la formation d&#8217;ombres et de silhouettes.<\/p>\n<p><strong>CARACT\u00c9RISTIQUES\u00a0:<\/strong><\/p>\n<ul>\n<li>Couche externe en tissu Durashell\u2122 Plus avec finition mate<\/li>\n<li>Le rev\u00eatement ShadowGuard\u2122 \u00e9limine les ombres et les silhouettes<\/li>\n<li>Syst\u00e8me de fen\u00eatre zipp\u00e9e horizontale<\/li>\n<li>Porte zipp\u00e9e facile d&#8217;acc\u00e8s<\/li>\n<\/ul>\n","protected":false},"excerpt":{"rendered":"<p>Un aff\u00fbt de chasse tr\u00e8s flexible avec suffisamment d\u2019espace pour deux chasseurs. Avec cet aff\u00fbt, vous aurez la flexibilit\u00e9 de chasser exactement o\u00f9 vous voulez, quand vous voulez<\/p>\n","protected":false},"featured_media":58004,"template":"","meta":[],"product_brand":[8195],"product_cat":[8166],"product_tag":[],"yoast_head":"<!-- This site is optimized with the Yoast SEO plugin v24.3 - https:\/\/yoast.com\/wordpress\/plugins\/seo\/ -->\n<title>| Plus d\u2019aff\u00fbts chez Lucky-hunter<\/title>\n<meta name=\"description\" content=\"Un aff\u00fbt de chasse tr\u00e8s flexible avec suffisamment d\u2019espace pour deux chasseurs. Avec cet aff\u00fbt, vous aurez la flexibilit\u00e9 de chasser exactement o\u00f9 vous voulez, quand vous voulez\" \/>\n<meta name=\"robots\" content=\"noindex, follow, max-snippet:-1, max-image-preview:large, max-video-preview:-1\" \/>\n<meta property=\"og:locale\" content=\"fr_FR\" \/>\n<meta property=\"og:type\" content=\"article\" \/>\n<meta property=\"og:title\" content=\"| Plus d\u2019aff\u00fbts chez Lucky-hunter\" \/>\n<meta property=\"og:description\" content=\"Un aff\u00fbt de chasse tr\u00e8s flexible avec suffisamment d\u2019espace pour deux chasseurs. Avec cet aff\u00fbt, vous aurez la flexibilit\u00e9 de chasser exactement o\u00f9 vous voulez, quand vous voulez\" \/>\n<meta property=\"og:url\" content=\"https:\/\/staging.lucky-hunter.com\/product\/doghouse-hunting-blind\/\" \/>\n<meta property=\"og:site_name\" content=\"Lucky-Hunter\" \/>\n<meta property=\"og:image\" content=\"https:\/\/staging.lucky-hunter.com\/wp-content\/uploads\/2023\/02\/ameristepdoghousefront-p.png\" \/>\n\t<meta property=\"og:image:width\" content=\"1600\" \/>\n\t<meta property=\"og:image:height\" content=\"800\" \/>\n\t<meta property=\"og:image:type\" content=\"image\/png\" \/>\n<meta name=\"twitter:card\" content=\"summary_large_image\" \/>\n<meta name=\"twitter:label1\" content=\"Dur\u00e9e de lecture estim\u00e9e\" \/>\n\t<meta name=\"twitter:data1\" content=\"1 minute\" \/>\n<script type=\"application\/ld+json\" class=\"yoast-schema-graph\">{\"@context\":\"https:\/\/schema.org\",\"@graph\":[{\"@type\":\"WebPage\",\"@id\":\"https:\/\/staging.lucky-hunter.com\/product\/doghouse-hunting-blind\/\",\"url\":\"https:\/\/staging.lucky-hunter.com\/product\/doghouse-hunting-blind\/\",\"name\":\"| Plus d\u2019aff\u00fbts chez Lucky-hunter\",\"isPartOf\":{\"@id\":\"https:\/\/staging.lucky-hunter.com\/#website\"},\"primaryImageOfPage\":{\"@id\":\"https:\/\/staging.lucky-hunter.com\/product\/doghouse-hunting-blind\/#primaryimage\"},\"image\":{\"@id\":\"https:\/\/staging.lucky-hunter.com\/product\/doghouse-hunting-blind\/#primaryimage\"},\"thumbnailUrl\":\"https:\/\/staging.lucky-hunter.com\/wp-content\/uploads\/2023\/02\/ameristepdoghousefront-p.png\",\"datePublished\":\"2023-02-23T08:51:03+00:00\",\"dateModified\":\"2023-02-23T08:51:03+00:00\",\"description\":\"Un aff\u00fbt de chasse tr\u00e8s flexible avec suffisamment d\u2019espace pour deux chasseurs. Avec cet aff\u00fbt, vous aurez la flexibilit\u00e9 de chasser exactement o\u00f9 vous voulez, quand vous voulez\",\"breadcrumb\":{\"@id\":\"https:\/\/staging.lucky-hunter.com\/product\/doghouse-hunting-blind\/#breadcrumb\"},\"inLanguage\":\"fr-FR\",\"potentialAction\":[{\"@type\":\"ReadAction\",\"target\":[\"https:\/\/staging.lucky-hunter.com\/product\/doghouse-hunting-blind\/\"]}]},{\"@type\":\"ImageObject\",\"inLanguage\":\"fr-FR\",\"@id\":\"https:\/\/staging.lucky-hunter.com\/product\/doghouse-hunting-blind\/#primaryimage\",\"url\":\"https:\/\/staging.lucky-hunter.com\/wp-content\/uploads\/2023\/02\/ameristepdoghousefront-p.png\",\"contentUrl\":\"https:\/\/staging.lucky-hunter.com\/wp-content\/uploads\/2023\/02\/ameristepdoghousefront-p.png\",\"width\":1600,\"height\":800,\"caption\":\"Hunting Blind\"},{\"@type\":\"BreadcrumbList\",\"@id\":\"https:\/\/staging.lucky-hunter.com\/product\/doghouse-hunting-blind\/#breadcrumb\",\"itemListElement\":[{\"@type\":\"ListItem\",\"position\":1,\"name\":\"Home\",\"item\":\"https:\/\/staging.lucky-hunter.com\/fr\/\"},{\"@type\":\"ListItem\",\"position\":2,\"name\":\"Boutique\",\"item\":\"https:\/\/staging.lucky-hunter.com\/fr\/shop\/\"},{\"@type\":\"ListItem\",\"position\":3,\"name\":\"Aff\u00fbt de chasse Doghouse \u00ab\u00a0Run &amp; Gun\u00a0\u00bb\"}]},{\"@type\":\"WebSite\",\"@id\":\"https:\/\/staging.lucky-hunter.com\/#website\",\"url\":\"https:\/\/staging.lucky-hunter.com\/\",\"name\":\"Lucky-Hunter\",\"description\":\"Gear Up or Give Up\",\"potentialAction\":[{\"@type\":\"SearchAction\",\"target\":{\"@type\":\"EntryPoint\",\"urlTemplate\":\"https:\/\/staging.lucky-hunter.com\/?s={search_term_string}\"},\"query-input\":{\"@type\":\"PropertyValueSpecification\",\"valueRequired\":true,\"valueName\":\"search_term_string\"}}],\"inLanguage\":\"fr-FR\"}]}<\/script>\n<!-- \/ Yoast SEO plugin. -->","yoast_head_json":{"title":"| Plus d\u2019aff\u00fbts chez Lucky-hunter","description":"Un aff\u00fbt de chasse tr\u00e8s flexible avec suffisamment d\u2019espace pour deux chasseurs. Avec cet aff\u00fbt, vous aurez la flexibilit\u00e9 de chasser exactement o\u00f9 vous voulez, quand vous voulez","robots":{"index":"noindex","follow":"follow","max-snippet":"max-snippet:-1","max-image-preview":"max-image-preview:large","max-video-preview":"max-video-preview:-1"},"og_locale":"fr_FR","og_type":"article","og_title":"| Plus d\u2019aff\u00fbts chez Lucky-hunter","og_description":"Un aff\u00fbt de chasse tr\u00e8s flexible avec suffisamment d\u2019espace pour deux chasseurs. Avec cet aff\u00fbt, vous aurez la flexibilit\u00e9 de chasser exactement o\u00f9 vous voulez, quand vous voulez","og_url":"https:\/\/staging.lucky-hunter.com\/product\/doghouse-hunting-blind\/","og_site_name":"Lucky-Hunter","og_image":[{"width":1600,"height":800,"url":"https:\/\/staging.lucky-hunter.com\/wp-content\/uploads\/2023\/02\/ameristepdoghousefront-p.png","type":"image\/png"}],"twitter_card":"summary_large_image","twitter_misc":{"Dur\u00e9e de lecture estim\u00e9e":"1 minute"},"schema":{"@context":"https:\/\/schema.org","@graph":[{"@type":"WebPage","@id":"https:\/\/staging.lucky-hunter.com\/product\/doghouse-hunting-blind\/","url":"https:\/\/staging.lucky-hunter.com\/product\/doghouse-hunting-blind\/","name":"| Plus d\u2019aff\u00fbts chez Lucky-hunter","isPartOf":{"@id":"https:\/\/staging.lucky-hunter.com\/#website"},"primaryImageOfPage":{"@id":"https:\/\/staging.lucky-hunter.com\/product\/doghouse-hunting-blind\/#primaryimage"},"image":{"@id":"https:\/\/staging.lucky-hunter.com\/product\/doghouse-hunting-blind\/#primaryimage"},"thumbnailUrl":"https:\/\/staging.lucky-hunter.com\/wp-content\/uploads\/2023\/02\/ameristepdoghousefront-p.png","datePublished":"2023-02-23T08:51:03+00:00","dateModified":"2023-02-23T08:51:03+00:00","description":"Un aff\u00fbt de chasse tr\u00e8s flexible avec suffisamment d\u2019espace pour deux chasseurs. Avec cet aff\u00fbt, vous aurez la flexibilit\u00e9 de chasser exactement o\u00f9 vous voulez, quand vous voulez","breadcrumb":{"@id":"https:\/\/staging.lucky-hunter.com\/product\/doghouse-hunting-blind\/#breadcrumb"},"inLanguage":"fr-FR","potentialAction":[{"@type":"ReadAction","target":["https:\/\/staging.lucky-hunter.com\/product\/doghouse-hunting-blind\/"]}]},{"@type":"ImageObject","inLanguage":"fr-FR","@id":"https:\/\/staging.lucky-hunter.com\/product\/doghouse-hunting-blind\/#primaryimage","url":"https:\/\/staging.lucky-hunter.com\/wp-content\/uploads\/2023\/02\/ameristepdoghousefront-p.png","contentUrl":"https:\/\/staging.lucky-hunter.com\/wp-content\/uploads\/2023\/02\/ameristepdoghousefront-p.png","width":1600,"height":800,"caption":"Hunting Blind"},{"@type":"BreadcrumbList","@id":"https:\/\/staging.lucky-hunter.com\/product\/doghouse-hunting-blind\/#breadcrumb","itemListElement":[{"@type":"ListItem","position":1,"name":"Home","item":"https:\/\/staging.lucky-hunter.com\/fr\/"},{"@type":"ListItem","position":2,"name":"Boutique","item":"https:\/\/staging.lucky-hunter.com\/fr\/shop\/"},{"@type":"ListItem","position":3,"name":"Aff\u00fbt de chasse Doghouse \u00ab\u00a0Run &amp; Gun\u00a0\u00bb"}]},{"@type":"WebSite","@id":"https:\/\/staging.lucky-hunter.com\/#website","url":"https:\/\/staging.lucky-hunter.com\/","name":"Lucky-Hunter","description":"Gear Up or Give Up","potentialAction":[{"@type":"SearchAction","target":{"@type":"EntryPoint","urlTemplate":"https:\/\/staging.lucky-hunter.com\/?s={search_term_string}"},"query-input":{"@type":"PropertyValueSpecification","valueRequired":true,"valueName":"search_term_string"}}],"inLanguage":"fr-FR"}]}},"_links":{"self":[{"href":"https:\/\/staging.lucky-hunter.com\/fr\/wp-json\/wp\/v2\/product\/61761"}],"collection":[{"href":"https:\/\/staging.lucky-hunter.com\/fr\/wp-json\/wp\/v2\/product"}],"about":[{"href":"https:\/\/staging.lucky-hunter.com\/fr\/wp-json\/wp\/v2\/types\/product"}],"wp:featuredmedia":[{"embeddable":true,"href":"https:\/\/staging.lucky-hunter.com\/fr\/wp-json\/wp\/v2\/media\/58004"}],"wp:attachment":[{"href":"https:\/\/staging.lucky-hunter.com\/fr\/wp-json\/wp\/v2\/media?parent=61761"}],"wp:term":[{"taxonomy":"product_brand","embeddable":true,"href":"https:\/\/staging.lucky-hunter.com\/fr\/wp-json\/wp\/v2\/product_brand?post=61761"},{"taxonomy":"product_cat","embeddable":true,"href":"https:\/\/staging.lucky-hunter.com\/fr\/wp-json\/wp\/v2\/product_cat?post=61761"},{"taxonomy":"product_tag","embeddable":true,"href":"https:\/\/staging.lucky-hunter.com\/fr\/wp-json\/wp\/v2\/product_tag?post=61761"}],"curies":[{"name":"wp","href":"https:\/\/api.w.org\/{rel}","templated":true}]}}