{"id":61755,"date":"2023-06-01T11:48:43","date_gmt":"2023-06-01T09:48:43","guid":{"rendered":"https:\/\/staging.lucky-hunter.com\/product\/big-als-canada-goose-silhouettes-14-pcs\/"},"modified":"2023-06-01T11:48:43","modified_gmt":"2023-06-01T09:48:43","slug":"big-als-canada-goose-silhouettes-14-pcs","status":"publish","type":"product","link":"https:\/\/staging.lucky-hunter.com\/fr\/product\/big-als-canada-goose-silhouettes-14-pcs\/","title":{"rendered":"Silhouettes de bernaches du Canada Big Al\u2019s &#8211; Pack de 14"},"content":{"rendered":"<h1>Big Al&#8217;s vous facilite la chasse \u00e0 l&#8217;oie<\/h1>\n<p><strong>14 formes par pack<\/strong><br \/>\n3 Oies en train de se nourrir A<br \/>\n3 Oies en train de se nourrir B<br \/>\n1 Oie orient\u00e9e vers l\u2019avant<br \/>\n1 Oie orient\u00e9e vers l&#8217;arri\u00e8re<br \/>\n2 Oies qui cherchent<br \/>\n2 Oies en alerte<br \/>\n2 Oies en semi-alerte<br \/>\n14 x piquets de montage peints en noir et enduits de poudre<\/p>\n<p>Big Al&#8217;s Decoys USA est l&#8217;un des fabricants leaders de l\u2019industrie des appelants artificiels pour la chasse au canard et \u00e0 l&#8217;oie.<\/p>\n<p>Le gros avantage des formes de type Silhouette, \u00e0 l\u2019instar des Sillosocks, c\u2019est que vous pouvez recr\u00e9er une grande troupe d&#8217;oies en train de se nourrir et de se reposer sans pour autant avoir \u00e0 transporter de nombreux sacs remplis de formes full body.<\/p>\n<p>Les Sillosocks ajoutent du mouvement \u00e0 l\u2019int\u00e9rieur de la troupe, mais le vent oriente les formes dans la m\u00eame direction, ce qui n&#8217;est pas naturel. Disposez les silhouettes Big Al\u2019s selon un ordre vari\u00e9 en ajoutant des formes full body, des coquilles et des Sillosocks. C&#8217;est une technique tr\u00e8s efficace pour augmenter la discr\u00e9tion de votre aff\u00fbt couch\u00e9, car les oies seront focalis\u00e9es sur le nombre de leurs cong\u00e9n\u00e8res qui se sont pos\u00e9es pour se nourrir.<\/p>\n<p>Assurez-vous de varier l&#8217;angle des silhouettes pour qu\u2019elles soient vues par les oies venant de toutes les directions.<\/p>\n","protected":false},"excerpt":{"rendered":"<p>Vous souhaitez avoir de nombreuses formes avec vous sur le terrain lorsque vous chassez ? Alors vous devriez absolument jeter un \u0153il aux silhouettes de Big Al\u2019s<\/p>\n","protected":false},"featured_media":206877,"template":"","meta":[],"product_brand":[8135],"product_cat":[8178],"product_tag":[],"yoast_head":"<!-- This site is optimized with the Yoast SEO plugin v24.3 - https:\/\/yoast.com\/wordpress\/plugins\/seo\/ -->\n<title>Silhouettes de bernaches du Canada Big Al\u2019s - Pack de 14 | Lucky-hunter.com<\/title>\n<meta name=\"description\" content=\"Vous souhaitez avoir de nombreuses formes avec vous sur le terrain lorsque vous chassez ? Alors vous devriez absolument jeter un \u0153il aux silhouettes de Big Al\u2019s\" \/>\n<meta name=\"robots\" content=\"noindex, follow, max-snippet:-1, max-image-preview:large, max-video-preview:-1\" \/>\n<meta property=\"og:locale\" content=\"fr_FR\" \/>\n<meta property=\"og:type\" content=\"article\" \/>\n<meta property=\"og:title\" content=\"Silhouettes de bernaches du Canada Big Al\u2019s - Pack de 14 | Lucky-hunter.com\" \/>\n<meta property=\"og:description\" content=\"Vous souhaitez avoir de nombreuses formes avec vous sur le terrain lorsque vous chassez ? Alors vous devriez absolument jeter un \u0153il aux silhouettes de Big Al\u2019s\" \/>\n<meta property=\"og:url\" content=\"https:\/\/staging.lucky-hunter.com\/fr\/product\/big-als-canada-goose-silhouettes-14-pcs\/\" \/>\n<meta property=\"og:site_name\" content=\"Lucky-Hunter\" \/>\n<meta property=\"og:image\" content=\"https:\/\/staging.lucky-hunter.com\/wp-content\/uploads\/2023\/06\/LF-631-b.png\" \/>\n\t<meta property=\"og:image:width\" content=\"1000\" \/>\n\t<meta property=\"og:image:height\" content=\"1000\" \/>\n\t<meta property=\"og:image:type\" content=\"image\/png\" \/>\n<meta name=\"twitter:card\" content=\"summary_large_image\" \/>\n<meta name=\"twitter:label1\" content=\"Dur\u00e9e de lecture estim\u00e9e\" \/>\n\t<meta name=\"twitter:data1\" content=\"1 minute\" \/>\n<script type=\"application\/ld+json\" class=\"yoast-schema-graph\">{\"@context\":\"https:\/\/schema.org\",\"@graph\":[{\"@type\":\"WebPage\",\"@id\":\"https:\/\/staging.lucky-hunter.com\/fr\/product\/big-als-canada-goose-silhouettes-14-pcs\/\",\"url\":\"https:\/\/staging.lucky-hunter.com\/fr\/product\/big-als-canada-goose-silhouettes-14-pcs\/\",\"name\":\"Silhouettes de bernaches du Canada Big Al\u2019s - Pack de 14 | Lucky-hunter.com\",\"isPartOf\":{\"@id\":\"https:\/\/staging.lucky-hunter.com\/#website\"},\"primaryImageOfPage\":{\"@id\":\"https:\/\/staging.lucky-hunter.com\/fr\/product\/big-als-canada-goose-silhouettes-14-pcs\/#primaryimage\"},\"image\":{\"@id\":\"https:\/\/staging.lucky-hunter.com\/fr\/product\/big-als-canada-goose-silhouettes-14-pcs\/#primaryimage\"},\"thumbnailUrl\":\"https:\/\/staging.lucky-hunter.com\/wp-content\/uploads\/2023\/06\/LF-631-b.png\",\"datePublished\":\"2023-06-01T09:48:43+00:00\",\"dateModified\":\"2023-06-01T09:48:43+00:00\",\"description\":\"Vous souhaitez avoir de nombreuses formes avec vous sur le terrain lorsque vous chassez ? Alors vous devriez absolument jeter un \u0153il aux silhouettes de Big Al\u2019s\",\"breadcrumb\":{\"@id\":\"https:\/\/staging.lucky-hunter.com\/fr\/product\/big-als-canada-goose-silhouettes-14-pcs\/#breadcrumb\"},\"inLanguage\":\"fr-FR\",\"potentialAction\":[{\"@type\":\"ReadAction\",\"target\":[\"https:\/\/staging.lucky-hunter.com\/fr\/product\/big-als-canada-goose-silhouettes-14-pcs\/\"]}]},{\"@type\":\"ImageObject\",\"inLanguage\":\"fr-FR\",\"@id\":\"https:\/\/staging.lucky-hunter.com\/fr\/product\/big-als-canada-goose-silhouettes-14-pcs\/#primaryimage\",\"url\":\"https:\/\/staging.lucky-hunter.com\/wp-content\/uploads\/2023\/06\/LF-631-b.png\",\"contentUrl\":\"https:\/\/staging.lucky-hunter.com\/wp-content\/uploads\/2023\/06\/LF-631-b.png\",\"width\":1000,\"height\":1000},{\"@type\":\"BreadcrumbList\",\"@id\":\"https:\/\/staging.lucky-hunter.com\/fr\/product\/big-als-canada-goose-silhouettes-14-pcs\/#breadcrumb\",\"itemListElement\":[{\"@type\":\"ListItem\",\"position\":1,\"name\":\"Home\",\"item\":\"https:\/\/staging.lucky-hunter.com\/fr\/\"},{\"@type\":\"ListItem\",\"position\":2,\"name\":\"Boutique\",\"item\":\"https:\/\/staging.lucky-hunter.com\/fr\/shop\/\"},{\"@type\":\"ListItem\",\"position\":3,\"name\":\"Silhouettes de bernaches du Canada Big Al\u2019s &#8211; Pack de 14\"}]},{\"@type\":\"WebSite\",\"@id\":\"https:\/\/staging.lucky-hunter.com\/#website\",\"url\":\"https:\/\/staging.lucky-hunter.com\/\",\"name\":\"Lucky-Hunter\",\"description\":\"Gear Up or Give Up\",\"potentialAction\":[{\"@type\":\"SearchAction\",\"target\":{\"@type\":\"EntryPoint\",\"urlTemplate\":\"https:\/\/staging.lucky-hunter.com\/?s={search_term_string}\"},\"query-input\":{\"@type\":\"PropertyValueSpecification\",\"valueRequired\":true,\"valueName\":\"search_term_string\"}}],\"inLanguage\":\"fr-FR\"}]}<\/script>\n<!-- \/ Yoast SEO plugin. -->","yoast_head_json":{"title":"Silhouettes de bernaches du Canada Big Al\u2019s - Pack de 14 | Lucky-hunter.com","description":"Vous souhaitez avoir de nombreuses formes avec vous sur le terrain lorsque vous chassez ? Alors vous devriez absolument jeter un \u0153il aux silhouettes de Big Al\u2019s","robots":{"index":"noindex","follow":"follow","max-snippet":"max-snippet:-1","max-image-preview":"max-image-preview:large","max-video-preview":"max-video-preview:-1"},"og_locale":"fr_FR","og_type":"article","og_title":"Silhouettes de bernaches du Canada Big Al\u2019s - Pack de 14 | Lucky-hunter.com","og_description":"Vous souhaitez avoir de nombreuses formes avec vous sur le terrain lorsque vous chassez ? Alors vous devriez absolument jeter un \u0153il aux silhouettes de Big Al\u2019s","og_url":"https:\/\/staging.lucky-hunter.com\/fr\/product\/big-als-canada-goose-silhouettes-14-pcs\/","og_site_name":"Lucky-Hunter","og_image":[{"width":1000,"height":1000,"url":"https:\/\/staging.lucky-hunter.com\/wp-content\/uploads\/2023\/06\/LF-631-b.png","type":"image\/png"}],"twitter_card":"summary_large_image","twitter_misc":{"Dur\u00e9e de lecture estim\u00e9e":"1 minute"},"schema":{"@context":"https:\/\/schema.org","@graph":[{"@type":"WebPage","@id":"https:\/\/staging.lucky-hunter.com\/fr\/product\/big-als-canada-goose-silhouettes-14-pcs\/","url":"https:\/\/staging.lucky-hunter.com\/fr\/product\/big-als-canada-goose-silhouettes-14-pcs\/","name":"Silhouettes de bernaches du Canada Big Al\u2019s - Pack de 14 | Lucky-hunter.com","isPartOf":{"@id":"https:\/\/staging.lucky-hunter.com\/#website"},"primaryImageOfPage":{"@id":"https:\/\/staging.lucky-hunter.com\/fr\/product\/big-als-canada-goose-silhouettes-14-pcs\/#primaryimage"},"image":{"@id":"https:\/\/staging.lucky-hunter.com\/fr\/product\/big-als-canada-goose-silhouettes-14-pcs\/#primaryimage"},"thumbnailUrl":"https:\/\/staging.lucky-hunter.com\/wp-content\/uploads\/2023\/06\/LF-631-b.png","datePublished":"2023-06-01T09:48:43+00:00","dateModified":"2023-06-01T09:48:43+00:00","description":"Vous souhaitez avoir de nombreuses formes avec vous sur le terrain lorsque vous chassez ? Alors vous devriez absolument jeter un \u0153il aux silhouettes de Big Al\u2019s","breadcrumb":{"@id":"https:\/\/staging.lucky-hunter.com\/fr\/product\/big-als-canada-goose-silhouettes-14-pcs\/#breadcrumb"},"inLanguage":"fr-FR","potentialAction":[{"@type":"ReadAction","target":["https:\/\/staging.lucky-hunter.com\/fr\/product\/big-als-canada-goose-silhouettes-14-pcs\/"]}]},{"@type":"ImageObject","inLanguage":"fr-FR","@id":"https:\/\/staging.lucky-hunter.com\/fr\/product\/big-als-canada-goose-silhouettes-14-pcs\/#primaryimage","url":"https:\/\/staging.lucky-hunter.com\/wp-content\/uploads\/2023\/06\/LF-631-b.png","contentUrl":"https:\/\/staging.lucky-hunter.com\/wp-content\/uploads\/2023\/06\/LF-631-b.png","width":1000,"height":1000},{"@type":"BreadcrumbList","@id":"https:\/\/staging.lucky-hunter.com\/fr\/product\/big-als-canada-goose-silhouettes-14-pcs\/#breadcrumb","itemListElement":[{"@type":"ListItem","position":1,"name":"Home","item":"https:\/\/staging.lucky-hunter.com\/fr\/"},{"@type":"ListItem","position":2,"name":"Boutique","item":"https:\/\/staging.lucky-hunter.com\/fr\/shop\/"},{"@type":"ListItem","position":3,"name":"Silhouettes de bernaches du Canada Big Al\u2019s &#8211; Pack de 14"}]},{"@type":"WebSite","@id":"https:\/\/staging.lucky-hunter.com\/#website","url":"https:\/\/staging.lucky-hunter.com\/","name":"Lucky-Hunter","description":"Gear Up or Give Up","potentialAction":[{"@type":"SearchAction","target":{"@type":"EntryPoint","urlTemplate":"https:\/\/staging.lucky-hunter.com\/?s={search_term_string}"},"query-input":{"@type":"PropertyValueSpecification","valueRequired":true,"valueName":"search_term_string"}}],"inLanguage":"fr-FR"}]}},"_links":{"self":[{"href":"https:\/\/staging.lucky-hunter.com\/fr\/wp-json\/wp\/v2\/product\/61755"}],"collection":[{"href":"https:\/\/staging.lucky-hunter.com\/fr\/wp-json\/wp\/v2\/product"}],"about":[{"href":"https:\/\/staging.lucky-hunter.com\/fr\/wp-json\/wp\/v2\/types\/product"}],"wp:featuredmedia":[{"embeddable":true,"href":"https:\/\/staging.lucky-hunter.com\/fr\/wp-json\/wp\/v2\/media\/206877"}],"wp:attachment":[{"href":"https:\/\/staging.lucky-hunter.com\/fr\/wp-json\/wp\/v2\/media?parent=61755"}],"wp:term":[{"taxonomy":"product_brand","embeddable":true,"href":"https:\/\/staging.lucky-hunter.com\/fr\/wp-json\/wp\/v2\/product_brand?post=61755"},{"taxonomy":"product_cat","embeddable":true,"href":"https:\/\/staging.lucky-hunter.com\/fr\/wp-json\/wp\/v2\/product_cat?post=61755"},{"taxonomy":"product_tag","embeddable":true,"href":"https:\/\/staging.lucky-hunter.com\/fr\/wp-json\/wp\/v2\/product_tag?post=61755"}],"curies":[{"name":"wp","href":"https:\/\/api.w.org\/{rel}","templated":true}]}}