{"id":61753,"date":"2023-06-01T08:19:29","date_gmt":"2023-06-01T06:19:29","guid":{"rendered":"https:\/\/staging.lucky-hunter.com\/product\/final-approach-pinkfoot-decoys-painted\/"},"modified":"2023-06-01T08:19:29","modified_gmt":"2023-06-01T06:19:29","slug":"final-approach-pinkfoot-decoys-painted","status":"publish","type":"product","link":"https:\/\/staging.lucky-hunter.com\/fr\/product\/final-approach-pinkfoot-decoys-painted\/","title":{"rendered":"Formes d\u2019oies \u00e0 bec court Final Approach &#8211; Peintes"},"content":{"rendered":"<h1>Formes r\u00e9alistes d\u2019oies \u00e0 bec court Final Approach<\/h1>\n<p>Ces formes d\u2019oies \u00e0 bec court de haute qualit\u00e9, que nous proposons \u00e0 un prix vraiment comp\u00e9titif, sont fabriqu\u00e9es par l\u2019am\u00e9ricain Final Approach Waterfowl (FA).<\/p>\n<p>Les formes sont faites d&#8217;un mat\u00e9riau plastique plus souple, pour rendre la peinture plus durable.<\/p>\n<p>La bo\u00eete contient 6 formes full body d\u2019oies \u00e0 bec court, avec 2 positions de t\u00eate diff\u00e9rentes &#8211; 2 sentinelles et 4 oies en train de se nourrir.<\/p>\n<p>Piquets de montage inclus.<\/p>\n<p>Con\u00e7ues par Jamie Welsh, triple champion du monde de sculptures de blettes, qui d\u00e9veloppe des formes depuis son domicile en Caroline du Sud, aux \u00c9tats-Unis, depuis 1988. Totalement autodidacte, il a appris le m\u00e9tier \u00e0 partir d&#8217;enregistrements vid\u00e9o, de livres et de techniques d&#8217;autres sculpteurs de blettes qualifi\u00e9s. Jamie Welsh a remport\u00e9 la 3e place aux World Decoy Pairs en 1993 et 1997, et a re\u00e7u le titre de Champion du Monde en 2002, 2005 et 2014.<\/p>\n<p>Sa passion pour la chasse au gibier d\u2019eau et son engagement \u00e0 fabriquer des \u00e9quipements plus r\u00e9sistants pour des chasseurs de gibiers d\u2019eau tout aussi exigeants se retrouvent dans chaque aff\u00fbt, forme, sac et accessoire Final Approach.<\/p>\n<p>\u00a0<\/p>\n","protected":false},"excerpt":{"rendered":"<p>Voici 6 formes fantastiques pour la chasse aux oies \u00e0 bec court. Les formes sont produites par la marque am\u00e9ricaine Final Approach et elles sont tout simplement incroyables<\/p>\n","protected":false},"featured_media":60997,"template":"","meta":[],"product_brand":[9579],"product_cat":[8176],"product_tag":[],"yoast_head":"<!-- This site is optimized with the Yoast SEO plugin v24.3 - https:\/\/yoast.com\/wordpress\/plugins\/seo\/ -->\n<title>Formes d\u2019oies \u00e0 bec court Final Approach - Peintes | Lucky-hunter.com<\/title>\n<meta name=\"description\" content=\"Voici 6 formes fantastiques pour la chasse aux oies \u00e0 bec court. Les formes sont produites par la marque am\u00e9ricaine Final Approach et elles sont tout simplement incroyables\" \/>\n<meta name=\"robots\" content=\"noindex, follow, max-snippet:-1, max-image-preview:large, max-video-preview:-1\" \/>\n<meta property=\"og:locale\" content=\"fr_FR\" \/>\n<meta property=\"og:type\" content=\"article\" \/>\n<meta property=\"og:title\" content=\"Formes d\u2019oies \u00e0 bec court Final Approach - Peintes | Lucky-hunter.com\" \/>\n<meta property=\"og:description\" content=\"Voici 6 formes fantastiques pour la chasse aux oies \u00e0 bec court. Les formes sont produites par la marque am\u00e9ricaine Final Approach et elles sont tout simplement incroyables\" \/>\n<meta property=\"og:url\" content=\"https:\/\/staging.lucky-hunter.com\/fr\/product\/final-approach-pinkfoot-decoys-painted\/\" \/>\n<meta property=\"og:site_name\" content=\"Lucky-Hunter\" \/>\n<meta property=\"og:image\" content=\"https:\/\/staging.lucky-hunter.com\/wp-content\/uploads\/2023\/06\/LF-401-1.png\" \/>\n\t<meta property=\"og:image:width\" content=\"1000\" \/>\n\t<meta property=\"og:image:height\" content=\"737\" \/>\n\t<meta property=\"og:image:type\" content=\"image\/png\" \/>\n<meta name=\"twitter:card\" content=\"summary_large_image\" \/>\n<meta name=\"twitter:label1\" content=\"Dur\u00e9e de lecture estim\u00e9e\" \/>\n\t<meta name=\"twitter:data1\" content=\"1 minute\" \/>\n<script type=\"application\/ld+json\" class=\"yoast-schema-graph\">{\"@context\":\"https:\/\/schema.org\",\"@graph\":[{\"@type\":\"WebPage\",\"@id\":\"https:\/\/staging.lucky-hunter.com\/fr\/product\/final-approach-pinkfoot-decoys-painted\/\",\"url\":\"https:\/\/staging.lucky-hunter.com\/fr\/product\/final-approach-pinkfoot-decoys-painted\/\",\"name\":\"Formes d\u2019oies \u00e0 bec court Final Approach - Peintes | Lucky-hunter.com\",\"isPartOf\":{\"@id\":\"https:\/\/staging.lucky-hunter.com\/#website\"},\"primaryImageOfPage\":{\"@id\":\"https:\/\/staging.lucky-hunter.com\/fr\/product\/final-approach-pinkfoot-decoys-painted\/#primaryimage\"},\"image\":{\"@id\":\"https:\/\/staging.lucky-hunter.com\/fr\/product\/final-approach-pinkfoot-decoys-painted\/#primaryimage\"},\"thumbnailUrl\":\"https:\/\/staging.lucky-hunter.com\/wp-content\/uploads\/2023\/06\/LF-401-1.png\",\"datePublished\":\"2023-06-01T06:19:29+00:00\",\"dateModified\":\"2023-06-01T06:19:29+00:00\",\"description\":\"Voici 6 formes fantastiques pour la chasse aux oies \u00e0 bec court. Les formes sont produites par la marque am\u00e9ricaine Final Approach et elles sont tout simplement incroyables\",\"breadcrumb\":{\"@id\":\"https:\/\/staging.lucky-hunter.com\/fr\/product\/final-approach-pinkfoot-decoys-painted\/#breadcrumb\"},\"inLanguage\":\"fr-FR\",\"potentialAction\":[{\"@type\":\"ReadAction\",\"target\":[\"https:\/\/staging.lucky-hunter.com\/fr\/product\/final-approach-pinkfoot-decoys-painted\/\"]}]},{\"@type\":\"ImageObject\",\"inLanguage\":\"fr-FR\",\"@id\":\"https:\/\/staging.lucky-hunter.com\/fr\/product\/final-approach-pinkfoot-decoys-painted\/#primaryimage\",\"url\":\"https:\/\/staging.lucky-hunter.com\/wp-content\/uploads\/2023\/06\/LF-401-1.png\",\"contentUrl\":\"https:\/\/staging.lucky-hunter.com\/wp-content\/uploads\/2023\/06\/LF-401-1.png\",\"width\":1000,\"height\":737},{\"@type\":\"BreadcrumbList\",\"@id\":\"https:\/\/staging.lucky-hunter.com\/fr\/product\/final-approach-pinkfoot-decoys-painted\/#breadcrumb\",\"itemListElement\":[{\"@type\":\"ListItem\",\"position\":1,\"name\":\"Home\",\"item\":\"https:\/\/staging.lucky-hunter.com\/fr\/\"},{\"@type\":\"ListItem\",\"position\":2,\"name\":\"Boutique\",\"item\":\"https:\/\/staging.lucky-hunter.com\/fr\/shop\/\"},{\"@type\":\"ListItem\",\"position\":3,\"name\":\"Formes d\u2019oies \u00e0 bec court Final Approach &#8211; Peintes\"}]},{\"@type\":\"WebSite\",\"@id\":\"https:\/\/staging.lucky-hunter.com\/#website\",\"url\":\"https:\/\/staging.lucky-hunter.com\/\",\"name\":\"Lucky-Hunter\",\"description\":\"Gear Up or Give Up\",\"potentialAction\":[{\"@type\":\"SearchAction\",\"target\":{\"@type\":\"EntryPoint\",\"urlTemplate\":\"https:\/\/staging.lucky-hunter.com\/?s={search_term_string}\"},\"query-input\":{\"@type\":\"PropertyValueSpecification\",\"valueRequired\":true,\"valueName\":\"search_term_string\"}}],\"inLanguage\":\"fr-FR\"}]}<\/script>\n<!-- \/ Yoast SEO plugin. -->","yoast_head_json":{"title":"Formes d\u2019oies \u00e0 bec court Final Approach - Peintes | Lucky-hunter.com","description":"Voici 6 formes fantastiques pour la chasse aux oies \u00e0 bec court. Les formes sont produites par la marque am\u00e9ricaine Final Approach et elles sont tout simplement incroyables","robots":{"index":"noindex","follow":"follow","max-snippet":"max-snippet:-1","max-image-preview":"max-image-preview:large","max-video-preview":"max-video-preview:-1"},"og_locale":"fr_FR","og_type":"article","og_title":"Formes d\u2019oies \u00e0 bec court Final Approach - Peintes | Lucky-hunter.com","og_description":"Voici 6 formes fantastiques pour la chasse aux oies \u00e0 bec court. Les formes sont produites par la marque am\u00e9ricaine Final Approach et elles sont tout simplement incroyables","og_url":"https:\/\/staging.lucky-hunter.com\/fr\/product\/final-approach-pinkfoot-decoys-painted\/","og_site_name":"Lucky-Hunter","og_image":[{"width":1000,"height":737,"url":"https:\/\/staging.lucky-hunter.com\/wp-content\/uploads\/2023\/06\/LF-401-1.png","type":"image\/png"}],"twitter_card":"summary_large_image","twitter_misc":{"Dur\u00e9e de lecture estim\u00e9e":"1 minute"},"schema":{"@context":"https:\/\/schema.org","@graph":[{"@type":"WebPage","@id":"https:\/\/staging.lucky-hunter.com\/fr\/product\/final-approach-pinkfoot-decoys-painted\/","url":"https:\/\/staging.lucky-hunter.com\/fr\/product\/final-approach-pinkfoot-decoys-painted\/","name":"Formes d\u2019oies \u00e0 bec court Final Approach - Peintes | Lucky-hunter.com","isPartOf":{"@id":"https:\/\/staging.lucky-hunter.com\/#website"},"primaryImageOfPage":{"@id":"https:\/\/staging.lucky-hunter.com\/fr\/product\/final-approach-pinkfoot-decoys-painted\/#primaryimage"},"image":{"@id":"https:\/\/staging.lucky-hunter.com\/fr\/product\/final-approach-pinkfoot-decoys-painted\/#primaryimage"},"thumbnailUrl":"https:\/\/staging.lucky-hunter.com\/wp-content\/uploads\/2023\/06\/LF-401-1.png","datePublished":"2023-06-01T06:19:29+00:00","dateModified":"2023-06-01T06:19:29+00:00","description":"Voici 6 formes fantastiques pour la chasse aux oies \u00e0 bec court. Les formes sont produites par la marque am\u00e9ricaine Final Approach et elles sont tout simplement incroyables","breadcrumb":{"@id":"https:\/\/staging.lucky-hunter.com\/fr\/product\/final-approach-pinkfoot-decoys-painted\/#breadcrumb"},"inLanguage":"fr-FR","potentialAction":[{"@type":"ReadAction","target":["https:\/\/staging.lucky-hunter.com\/fr\/product\/final-approach-pinkfoot-decoys-painted\/"]}]},{"@type":"ImageObject","inLanguage":"fr-FR","@id":"https:\/\/staging.lucky-hunter.com\/fr\/product\/final-approach-pinkfoot-decoys-painted\/#primaryimage","url":"https:\/\/staging.lucky-hunter.com\/wp-content\/uploads\/2023\/06\/LF-401-1.png","contentUrl":"https:\/\/staging.lucky-hunter.com\/wp-content\/uploads\/2023\/06\/LF-401-1.png","width":1000,"height":737},{"@type":"BreadcrumbList","@id":"https:\/\/staging.lucky-hunter.com\/fr\/product\/final-approach-pinkfoot-decoys-painted\/#breadcrumb","itemListElement":[{"@type":"ListItem","position":1,"name":"Home","item":"https:\/\/staging.lucky-hunter.com\/fr\/"},{"@type":"ListItem","position":2,"name":"Boutique","item":"https:\/\/staging.lucky-hunter.com\/fr\/shop\/"},{"@type":"ListItem","position":3,"name":"Formes d\u2019oies \u00e0 bec court Final Approach &#8211; Peintes"}]},{"@type":"WebSite","@id":"https:\/\/staging.lucky-hunter.com\/#website","url":"https:\/\/staging.lucky-hunter.com\/","name":"Lucky-Hunter","description":"Gear Up or Give Up","potentialAction":[{"@type":"SearchAction","target":{"@type":"EntryPoint","urlTemplate":"https:\/\/staging.lucky-hunter.com\/?s={search_term_string}"},"query-input":{"@type":"PropertyValueSpecification","valueRequired":true,"valueName":"search_term_string"}}],"inLanguage":"fr-FR"}]}},"_links":{"self":[{"href":"https:\/\/staging.lucky-hunter.com\/fr\/wp-json\/wp\/v2\/product\/61753"}],"collection":[{"href":"https:\/\/staging.lucky-hunter.com\/fr\/wp-json\/wp\/v2\/product"}],"about":[{"href":"https:\/\/staging.lucky-hunter.com\/fr\/wp-json\/wp\/v2\/types\/product"}],"wp:featuredmedia":[{"embeddable":true,"href":"https:\/\/staging.lucky-hunter.com\/fr\/wp-json\/wp\/v2\/media\/60997"}],"wp:attachment":[{"href":"https:\/\/staging.lucky-hunter.com\/fr\/wp-json\/wp\/v2\/media?parent=61753"}],"wp:term":[{"taxonomy":"product_brand","embeddable":true,"href":"https:\/\/staging.lucky-hunter.com\/fr\/wp-json\/wp\/v2\/product_brand?post=61753"},{"taxonomy":"product_cat","embeddable":true,"href":"https:\/\/staging.lucky-hunter.com\/fr\/wp-json\/wp\/v2\/product_cat?post=61753"},{"taxonomy":"product_tag","embeddable":true,"href":"https:\/\/staging.lucky-hunter.com\/fr\/wp-json\/wp\/v2\/product_tag?post=61753"}],"curies":[{"name":"wp","href":"https:\/\/api.w.org\/{rel}","templated":true}]}}