{"id":61751,"date":"2023-06-13T15:20:38","date_gmt":"2023-06-13T13:20:38","guid":{"rendered":"https:\/\/staging.lucky-hunter.com\/?post_type=product&#038;p=61751"},"modified":"2025-04-03T13:07:57","modified_gmt":"2025-04-03T11:07:57","slug":"power-calls-volt2-mallard","status":"publish","type":"product","link":"https:\/\/staging.lucky-hunter.com\/fr\/product\/power-calls-volt2-mallard\/","title":{"rendered":"Power Calls Volt2 &#8211; Colvert"},"content":{"rendered":"<p><iframe title=\"POWER CALLS - VOLT\" width=\"1020\" height=\"574\" src=\"https:\/\/www.youtube.com\/embed\/0GtjFhFzIKA?wmode=transparent&amp;rel=0&amp;feature=oembed&#038;enablejsapi=1&#038;origin=https:\/\/staging.lucky-hunter.com\" frameborder=\"0\" allow=\"accelerometer; autoplay; clipboard-write; encrypted-media; gyroscope; picture-in-picture; web-share\" referrerpolicy=\"strict-origin-when-cross-origin\" allowfullscreen><\/iframe><\/p>\n<h1>Excellent appeau \u00e0 colverts \u00ab\u00a0facile \u00e0 utiliser\u00a0\u00bb<\/h1>\n<p><strong>ADN du produit\u00a0<\/strong><\/p>\n<ul>\n<li><b>Structure\u00a0:<\/b>\u00a0M\u00e9lange poly\/acrylique moul\u00e9<\/li>\n<li><b>Coloration :<\/b>\u00a0Noir furtif<\/li>\n<li><b>Int\u00e9rieur\u00a0:<\/b>\u00a0Toneboard Poly Volt<\/li>\n<li><b>Anche\u00a0:<\/b>\u00a0Anche Double Mylar<\/li>\n<li><b>Emballage\u00a0:<\/b>\u00a0Clapet<\/li>\n<\/ul>\n<p>Cet appeau \u00e0 canards colverts \u00e0 anche double de style Louisiane est un excellent appeau polyvalent. Le Volt cr\u00e9e des sons graves s\u00e9duisants, mais a \u00e9galement du punch dans les aigus. Son design facile d\u2019utilisation est id\u00e9al pour tous les appelants.<\/p>\n","protected":false},"excerpt":{"rendered":"<p>D\u00e9couvrez l&#8217;avantage ultime que vous procure le Volt2 de Power Calls. Cet appeau \u00e0 colverts est con\u00e7u pour offrir des performances exceptionnelles<\/p>\n","protected":false},"featured_media":61541,"template":"","meta":[],"product_brand":[9514],"product_cat":[8167],"product_tag":[],"yoast_head":"<!-- This site is optimized with the Yoast SEO plugin v24.3 - https:\/\/yoast.com\/wordpress\/plugins\/seo\/ -->\n<title>| Appeau \u00e0 canards facile \u00e0 utiliser<\/title>\n<meta name=\"description\" content=\"D\u00e9couvrez l&#039;avantage ultime que vous procure le Volt2 de Power Calls. Cet appeau \u00e0 colverts est con\u00e7u pour offrir des performances exceptionnelles\" \/>\n<meta name=\"robots\" content=\"noindex, follow, max-snippet:-1, max-image-preview:large, max-video-preview:-1\" \/>\n<meta property=\"og:locale\" content=\"fr_FR\" \/>\n<meta property=\"og:type\" content=\"article\" \/>\n<meta property=\"og:title\" content=\"| Appeau \u00e0 canards facile \u00e0 utiliser\" \/>\n<meta property=\"og:description\" content=\"D\u00e9couvrez l&#039;avantage ultime que vous procure le Volt2 de Power Calls. Cet appeau \u00e0 colverts est con\u00e7u pour offrir des performances exceptionnelles\" \/>\n<meta property=\"og:url\" content=\"https:\/\/staging.lucky-hunter.com\/product\/power-calls-volt2-mallard\/\" \/>\n<meta property=\"og:site_name\" content=\"Lucky-Hunter\" \/>\n<meta property=\"article:modified_time\" content=\"2025-04-03T11:07:57+00:00\" \/>\n<meta property=\"og:image\" content=\"https:\/\/staging.lucky-hunter.com\/wp-content\/uploads\/2023\/06\/LK-800.png\" \/>\n\t<meta property=\"og:image:width\" content=\"1000\" \/>\n\t<meta property=\"og:image:height\" content=\"1000\" \/>\n\t<meta property=\"og:image:type\" content=\"image\/png\" \/>\n<meta name=\"twitter:card\" content=\"summary_large_image\" \/>\n<meta name=\"twitter:label1\" content=\"Dur\u00e9e de lecture estim\u00e9e\" \/>\n\t<meta name=\"twitter:data1\" content=\"1 minute\" \/>\n<script type=\"application\/ld+json\" class=\"yoast-schema-graph\">{\"@context\":\"https:\/\/schema.org\",\"@graph\":[{\"@type\":\"WebPage\",\"@id\":\"https:\/\/staging.lucky-hunter.com\/product\/power-calls-volt2-mallard\/\",\"url\":\"https:\/\/staging.lucky-hunter.com\/product\/power-calls-volt2-mallard\/\",\"name\":\"| Appeau \u00e0 canards facile \u00e0 utiliser\",\"isPartOf\":{\"@id\":\"https:\/\/staging.lucky-hunter.com\/#website\"},\"primaryImageOfPage\":{\"@id\":\"https:\/\/staging.lucky-hunter.com\/product\/power-calls-volt2-mallard\/#primaryimage\"},\"image\":{\"@id\":\"https:\/\/staging.lucky-hunter.com\/product\/power-calls-volt2-mallard\/#primaryimage\"},\"thumbnailUrl\":\"https:\/\/staging.lucky-hunter.com\/wp-content\/uploads\/2023\/06\/LK-800.png\",\"datePublished\":\"2023-06-13T13:20:38+00:00\",\"dateModified\":\"2025-04-03T11:07:57+00:00\",\"description\":\"D\u00e9couvrez l'avantage ultime que vous procure le Volt2 de Power Calls. Cet appeau \u00e0 colverts est con\u00e7u pour offrir des performances exceptionnelles\",\"breadcrumb\":{\"@id\":\"https:\/\/staging.lucky-hunter.com\/product\/power-calls-volt2-mallard\/#breadcrumb\"},\"inLanguage\":\"fr-FR\",\"potentialAction\":[{\"@type\":\"ReadAction\",\"target\":[\"https:\/\/staging.lucky-hunter.com\/product\/power-calls-volt2-mallard\/\"]}]},{\"@type\":\"ImageObject\",\"inLanguage\":\"fr-FR\",\"@id\":\"https:\/\/staging.lucky-hunter.com\/product\/power-calls-volt2-mallard\/#primaryimage\",\"url\":\"https:\/\/staging.lucky-hunter.com\/wp-content\/uploads\/2023\/06\/LK-800.png\",\"contentUrl\":\"https:\/\/staging.lucky-hunter.com\/wp-content\/uploads\/2023\/06\/LK-800.png\",\"width\":1000,\"height\":1000,\"caption\":\"Power Calls Volt2\"},{\"@type\":\"BreadcrumbList\",\"@id\":\"https:\/\/staging.lucky-hunter.com\/product\/power-calls-volt2-mallard\/#breadcrumb\",\"itemListElement\":[{\"@type\":\"ListItem\",\"position\":1,\"name\":\"Home\",\"item\":\"https:\/\/staging.lucky-hunter.com\/fr\/\"},{\"@type\":\"ListItem\",\"position\":2,\"name\":\"Boutique\",\"item\":\"https:\/\/staging.lucky-hunter.com\/fr\/shop\/\"},{\"@type\":\"ListItem\",\"position\":3,\"name\":\"Power Calls Volt2 &#8211; Colvert\"}]},{\"@type\":\"WebSite\",\"@id\":\"https:\/\/staging.lucky-hunter.com\/#website\",\"url\":\"https:\/\/staging.lucky-hunter.com\/\",\"name\":\"Lucky-Hunter\",\"description\":\"Gear Up or Give Up\",\"potentialAction\":[{\"@type\":\"SearchAction\",\"target\":{\"@type\":\"EntryPoint\",\"urlTemplate\":\"https:\/\/staging.lucky-hunter.com\/?s={search_term_string}\"},\"query-input\":{\"@type\":\"PropertyValueSpecification\",\"valueRequired\":true,\"valueName\":\"search_term_string\"}}],\"inLanguage\":\"fr-FR\"}]}<\/script>\n<!-- \/ Yoast SEO plugin. -->","yoast_head_json":{"title":"| Appeau \u00e0 canards facile \u00e0 utiliser","description":"D\u00e9couvrez l'avantage ultime que vous procure le Volt2 de Power Calls. Cet appeau \u00e0 colverts est con\u00e7u pour offrir des performances exceptionnelles","robots":{"index":"noindex","follow":"follow","max-snippet":"max-snippet:-1","max-image-preview":"max-image-preview:large","max-video-preview":"max-video-preview:-1"},"og_locale":"fr_FR","og_type":"article","og_title":"| Appeau \u00e0 canards facile \u00e0 utiliser","og_description":"D\u00e9couvrez l'avantage ultime que vous procure le Volt2 de Power Calls. Cet appeau \u00e0 colverts est con\u00e7u pour offrir des performances exceptionnelles","og_url":"https:\/\/staging.lucky-hunter.com\/product\/power-calls-volt2-mallard\/","og_site_name":"Lucky-Hunter","article_modified_time":"2025-04-03T11:07:57+00:00","og_image":[{"width":1000,"height":1000,"url":"https:\/\/staging.lucky-hunter.com\/wp-content\/uploads\/2023\/06\/LK-800.png","type":"image\/png"}],"twitter_card":"summary_large_image","twitter_misc":{"Dur\u00e9e de lecture estim\u00e9e":"1 minute"},"schema":{"@context":"https:\/\/schema.org","@graph":[{"@type":"WebPage","@id":"https:\/\/staging.lucky-hunter.com\/product\/power-calls-volt2-mallard\/","url":"https:\/\/staging.lucky-hunter.com\/product\/power-calls-volt2-mallard\/","name":"| Appeau \u00e0 canards facile \u00e0 utiliser","isPartOf":{"@id":"https:\/\/staging.lucky-hunter.com\/#website"},"primaryImageOfPage":{"@id":"https:\/\/staging.lucky-hunter.com\/product\/power-calls-volt2-mallard\/#primaryimage"},"image":{"@id":"https:\/\/staging.lucky-hunter.com\/product\/power-calls-volt2-mallard\/#primaryimage"},"thumbnailUrl":"https:\/\/staging.lucky-hunter.com\/wp-content\/uploads\/2023\/06\/LK-800.png","datePublished":"2023-06-13T13:20:38+00:00","dateModified":"2025-04-03T11:07:57+00:00","description":"D\u00e9couvrez l'avantage ultime que vous procure le Volt2 de Power Calls. Cet appeau \u00e0 colverts est con\u00e7u pour offrir des performances exceptionnelles","breadcrumb":{"@id":"https:\/\/staging.lucky-hunter.com\/product\/power-calls-volt2-mallard\/#breadcrumb"},"inLanguage":"fr-FR","potentialAction":[{"@type":"ReadAction","target":["https:\/\/staging.lucky-hunter.com\/product\/power-calls-volt2-mallard\/"]}]},{"@type":"ImageObject","inLanguage":"fr-FR","@id":"https:\/\/staging.lucky-hunter.com\/product\/power-calls-volt2-mallard\/#primaryimage","url":"https:\/\/staging.lucky-hunter.com\/wp-content\/uploads\/2023\/06\/LK-800.png","contentUrl":"https:\/\/staging.lucky-hunter.com\/wp-content\/uploads\/2023\/06\/LK-800.png","width":1000,"height":1000,"caption":"Power Calls Volt2"},{"@type":"BreadcrumbList","@id":"https:\/\/staging.lucky-hunter.com\/product\/power-calls-volt2-mallard\/#breadcrumb","itemListElement":[{"@type":"ListItem","position":1,"name":"Home","item":"https:\/\/staging.lucky-hunter.com\/fr\/"},{"@type":"ListItem","position":2,"name":"Boutique","item":"https:\/\/staging.lucky-hunter.com\/fr\/shop\/"},{"@type":"ListItem","position":3,"name":"Power Calls Volt2 &#8211; Colvert"}]},{"@type":"WebSite","@id":"https:\/\/staging.lucky-hunter.com\/#website","url":"https:\/\/staging.lucky-hunter.com\/","name":"Lucky-Hunter","description":"Gear Up or Give Up","potentialAction":[{"@type":"SearchAction","target":{"@type":"EntryPoint","urlTemplate":"https:\/\/staging.lucky-hunter.com\/?s={search_term_string}"},"query-input":{"@type":"PropertyValueSpecification","valueRequired":true,"valueName":"search_term_string"}}],"inLanguage":"fr-FR"}]}},"_links":{"self":[{"href":"https:\/\/staging.lucky-hunter.com\/fr\/wp-json\/wp\/v2\/product\/61751"}],"collection":[{"href":"https:\/\/staging.lucky-hunter.com\/fr\/wp-json\/wp\/v2\/product"}],"about":[{"href":"https:\/\/staging.lucky-hunter.com\/fr\/wp-json\/wp\/v2\/types\/product"}],"wp:featuredmedia":[{"embeddable":true,"href":"https:\/\/staging.lucky-hunter.com\/fr\/wp-json\/wp\/v2\/media\/61541"}],"wp:attachment":[{"href":"https:\/\/staging.lucky-hunter.com\/fr\/wp-json\/wp\/v2\/media?parent=61751"}],"wp:term":[{"taxonomy":"product_brand","embeddable":true,"href":"https:\/\/staging.lucky-hunter.com\/fr\/wp-json\/wp\/v2\/product_brand?post=61751"},{"taxonomy":"product_cat","embeddable":true,"href":"https:\/\/staging.lucky-hunter.com\/fr\/wp-json\/wp\/v2\/product_cat?post=61751"},{"taxonomy":"product_tag","embeddable":true,"href":"https:\/\/staging.lucky-hunter.com\/fr\/wp-json\/wp\/v2\/product_tag?post=61751"}],"curies":[{"name":"wp","href":"https:\/\/api.w.org\/{rel}","templated":true}]}}