{"id":61749,"date":"2023-06-01T13:52:09","date_gmt":"2023-06-01T11:52:09","guid":{"rendered":"https:\/\/staging.lucky-hunter.com\/?post_type=product&#038;p=61749"},"modified":"2024-09-25T20:43:28","modified_gmt":"2024-09-25T18:43:28","slug":"higdon-pintails-6pcs","status":"publish","type":"product","link":"https:\/\/staging.lucky-hunter.com\/fr\/product\/higdon-pintails-6pcs\/","title":{"rendered":"Pilets Higdon &#8211; Pack de 6"},"content":{"rendered":"<h1>Formes remplies de mousse et tr\u00e8s durables de chez Higdon<\/h1>\n<p><strong>Caract\u00e9ristiques des pilets Higdon<\/strong><\/p>\n<p>\u2022 Remplis de mousse<br \/>\n\u2022 Quille lest\u00e9e<br \/>\n\u2022 Plusieurs postures de t\u00eate<br \/>\n\u2022 L\u00e9ger et peu encombrant<br \/>\n\u2022 D\u00e9tails r\u00e9alistes dans la finition<br \/>\n\u2022 Design de quille \u00e0 cordes courtes<br \/>\n\u2022 Forme officielle de Ducks Unlimited<\/p>\n<p>Pr\u00e9sentation des formes de pilets Higdon. Fabriqu\u00e9es en pr\u00eatant une attention m\u00e9ticuleuse aux d\u00e9tails, ces formes sont con\u00e7ues pour reproduire de mani\u00e8re r\u00e9aliste l&#8217;apparence et les mouvements de vrais canards pilets. Dot\u00e9s d&#8217;un sch\u00e9ma de peinture r\u00e9aliste et d&#8217;une structure durable, ils sont con\u00e7us pour r\u00e9sister aux conditions ext\u00e9rieures difficiles. La quille lest\u00e9e permet de cr\u00e9er des mouvements r\u00e9alistes sur l&#8217;eau pour attirer la sauvagine se trouvant \u00e0 proximit\u00e9. Gr\u00e2ce \u00e0 leur design l\u00e9ger, ces formes sont faciles \u00e0 transporter et \u00e0 installer dans le lieu de chasse souhait\u00e9.<\/p>\n<p>\u00a0<\/p>\n","protected":false},"excerpt":{"rendered":"<p>Ces formes de pilets Higdon sont con\u00e7ues pour reproduire de mani\u00e8re r\u00e9aliste l&#8217;apparence et les mouvements de vrais canards pilets.<\/p>\n","protected":false},"featured_media":61081,"template":"","meta":[],"product_brand":[9513],"product_cat":[8184],"product_tag":[],"yoast_head":"<!-- This site is optimized with the Yoast SEO plugin v24.3 - https:\/\/yoast.com\/wordpress\/plugins\/seo\/ -->\n<title>Pilets Higdon - Pack de 6 - Lucky-Hunter<\/title>\n<meta name=\"description\" content=\"Ces formes de pilets Higdon sont con\u00e7ues pour reproduire de mani\u00e8re r\u00e9aliste l&#039;apparence et les mouvements de vrais canards pilets. - D\u00e9couvrez-les sur Lucky-hunter.com\" \/>\n<meta name=\"robots\" content=\"noindex, follow, max-snippet:-1, max-image-preview:large, max-video-preview:-1\" \/>\n<meta property=\"og:locale\" content=\"fr_FR\" \/>\n<meta property=\"og:type\" content=\"article\" \/>\n<meta property=\"og:title\" content=\"Pilets Higdon - Pack de 6 - Lucky-Hunter\" \/>\n<meta property=\"og:description\" content=\"Ces formes de pilets Higdon sont con\u00e7ues pour reproduire de mani\u00e8re r\u00e9aliste l&#039;apparence et les mouvements de vrais canards pilets. - D\u00e9couvrez-les sur Lucky-hunter.com\" \/>\n<meta property=\"og:url\" content=\"https:\/\/staging.lucky-hunter.com\/product\/higdon-pintails-6pcs\/\" \/>\n<meta property=\"og:site_name\" content=\"Lucky-Hunter\" \/>\n<meta property=\"article:modified_time\" content=\"2024-09-25T18:43:28+00:00\" \/>\n<meta property=\"og:image\" content=\"https:\/\/staging.lucky-hunter.com\/wp-content\/uploads\/2023\/06\/LF-800.png\" \/>\n\t<meta property=\"og:image:width\" content=\"1000\" \/>\n\t<meta property=\"og:image:height\" content=\"1000\" \/>\n\t<meta property=\"og:image:type\" content=\"image\/png\" \/>\n<meta name=\"twitter:card\" content=\"summary_large_image\" \/>\n<meta name=\"twitter:label1\" content=\"Dur\u00e9e de lecture estim\u00e9e\" \/>\n\t<meta name=\"twitter:data1\" content=\"1 minute\" \/>\n<script type=\"application\/ld+json\" class=\"yoast-schema-graph\">{\"@context\":\"https:\/\/schema.org\",\"@graph\":[{\"@type\":\"WebPage\",\"@id\":\"https:\/\/staging.lucky-hunter.com\/product\/higdon-pintails-6pcs\/\",\"url\":\"https:\/\/staging.lucky-hunter.com\/product\/higdon-pintails-6pcs\/\",\"name\":\"Pilets Higdon - Pack de 6 - Lucky-Hunter\",\"isPartOf\":{\"@id\":\"https:\/\/staging.lucky-hunter.com\/#website\"},\"primaryImageOfPage\":{\"@id\":\"https:\/\/staging.lucky-hunter.com\/product\/higdon-pintails-6pcs\/#primaryimage\"},\"image\":{\"@id\":\"https:\/\/staging.lucky-hunter.com\/product\/higdon-pintails-6pcs\/#primaryimage\"},\"thumbnailUrl\":\"https:\/\/staging.lucky-hunter.com\/wp-content\/uploads\/2023\/06\/LF-800.png\",\"datePublished\":\"2023-06-01T11:52:09+00:00\",\"dateModified\":\"2024-09-25T18:43:28+00:00\",\"description\":\"Ces formes de pilets Higdon sont con\u00e7ues pour reproduire de mani\u00e8re r\u00e9aliste l'apparence et les mouvements de vrais canards pilets. - D\u00e9couvrez-les sur Lucky-hunter.com\",\"breadcrumb\":{\"@id\":\"https:\/\/staging.lucky-hunter.com\/product\/higdon-pintails-6pcs\/#breadcrumb\"},\"inLanguage\":\"fr-FR\",\"potentialAction\":[{\"@type\":\"ReadAction\",\"target\":[\"https:\/\/staging.lucky-hunter.com\/product\/higdon-pintails-6pcs\/\"]}]},{\"@type\":\"ImageObject\",\"inLanguage\":\"fr-FR\",\"@id\":\"https:\/\/staging.lucky-hunter.com\/product\/higdon-pintails-6pcs\/#primaryimage\",\"url\":\"https:\/\/staging.lucky-hunter.com\/wp-content\/uploads\/2023\/06\/LF-800.png\",\"contentUrl\":\"https:\/\/staging.lucky-hunter.com\/wp-content\/uploads\/2023\/06\/LF-800.png\",\"width\":1000,\"height\":1000,\"caption\":\"Higdon Pintails\"},{\"@type\":\"BreadcrumbList\",\"@id\":\"https:\/\/staging.lucky-hunter.com\/product\/higdon-pintails-6pcs\/#breadcrumb\",\"itemListElement\":[{\"@type\":\"ListItem\",\"position\":1,\"name\":\"Home\",\"item\":\"https:\/\/staging.lucky-hunter.com\/fr\/\"},{\"@type\":\"ListItem\",\"position\":2,\"name\":\"Boutique\",\"item\":\"https:\/\/staging.lucky-hunter.com\/fr\/shop\/\"},{\"@type\":\"ListItem\",\"position\":3,\"name\":\"Pilets Higdon &#8211; Pack de 6\"}]},{\"@type\":\"WebSite\",\"@id\":\"https:\/\/staging.lucky-hunter.com\/#website\",\"url\":\"https:\/\/staging.lucky-hunter.com\/\",\"name\":\"Lucky-Hunter\",\"description\":\"Gear Up or Give Up\",\"potentialAction\":[{\"@type\":\"SearchAction\",\"target\":{\"@type\":\"EntryPoint\",\"urlTemplate\":\"https:\/\/staging.lucky-hunter.com\/?s={search_term_string}\"},\"query-input\":{\"@type\":\"PropertyValueSpecification\",\"valueRequired\":true,\"valueName\":\"search_term_string\"}}],\"inLanguage\":\"fr-FR\"}]}<\/script>\n<!-- \/ Yoast SEO plugin. -->","yoast_head_json":{"title":"Pilets Higdon - Pack de 6 - Lucky-Hunter","description":"Ces formes de pilets Higdon sont con\u00e7ues pour reproduire de mani\u00e8re r\u00e9aliste l'apparence et les mouvements de vrais canards pilets. - D\u00e9couvrez-les sur Lucky-hunter.com","robots":{"index":"noindex","follow":"follow","max-snippet":"max-snippet:-1","max-image-preview":"max-image-preview:large","max-video-preview":"max-video-preview:-1"},"og_locale":"fr_FR","og_type":"article","og_title":"Pilets Higdon - Pack de 6 - Lucky-Hunter","og_description":"Ces formes de pilets Higdon sont con\u00e7ues pour reproduire de mani\u00e8re r\u00e9aliste l'apparence et les mouvements de vrais canards pilets. - D\u00e9couvrez-les sur Lucky-hunter.com","og_url":"https:\/\/staging.lucky-hunter.com\/product\/higdon-pintails-6pcs\/","og_site_name":"Lucky-Hunter","article_modified_time":"2024-09-25T18:43:28+00:00","og_image":[{"width":1000,"height":1000,"url":"https:\/\/staging.lucky-hunter.com\/wp-content\/uploads\/2023\/06\/LF-800.png","type":"image\/png"}],"twitter_card":"summary_large_image","twitter_misc":{"Dur\u00e9e de lecture estim\u00e9e":"1 minute"},"schema":{"@context":"https:\/\/schema.org","@graph":[{"@type":"WebPage","@id":"https:\/\/staging.lucky-hunter.com\/product\/higdon-pintails-6pcs\/","url":"https:\/\/staging.lucky-hunter.com\/product\/higdon-pintails-6pcs\/","name":"Pilets Higdon - Pack de 6 - Lucky-Hunter","isPartOf":{"@id":"https:\/\/staging.lucky-hunter.com\/#website"},"primaryImageOfPage":{"@id":"https:\/\/staging.lucky-hunter.com\/product\/higdon-pintails-6pcs\/#primaryimage"},"image":{"@id":"https:\/\/staging.lucky-hunter.com\/product\/higdon-pintails-6pcs\/#primaryimage"},"thumbnailUrl":"https:\/\/staging.lucky-hunter.com\/wp-content\/uploads\/2023\/06\/LF-800.png","datePublished":"2023-06-01T11:52:09+00:00","dateModified":"2024-09-25T18:43:28+00:00","description":"Ces formes de pilets Higdon sont con\u00e7ues pour reproduire de mani\u00e8re r\u00e9aliste l'apparence et les mouvements de vrais canards pilets. - D\u00e9couvrez-les sur Lucky-hunter.com","breadcrumb":{"@id":"https:\/\/staging.lucky-hunter.com\/product\/higdon-pintails-6pcs\/#breadcrumb"},"inLanguage":"fr-FR","potentialAction":[{"@type":"ReadAction","target":["https:\/\/staging.lucky-hunter.com\/product\/higdon-pintails-6pcs\/"]}]},{"@type":"ImageObject","inLanguage":"fr-FR","@id":"https:\/\/staging.lucky-hunter.com\/product\/higdon-pintails-6pcs\/#primaryimage","url":"https:\/\/staging.lucky-hunter.com\/wp-content\/uploads\/2023\/06\/LF-800.png","contentUrl":"https:\/\/staging.lucky-hunter.com\/wp-content\/uploads\/2023\/06\/LF-800.png","width":1000,"height":1000,"caption":"Higdon Pintails"},{"@type":"BreadcrumbList","@id":"https:\/\/staging.lucky-hunter.com\/product\/higdon-pintails-6pcs\/#breadcrumb","itemListElement":[{"@type":"ListItem","position":1,"name":"Home","item":"https:\/\/staging.lucky-hunter.com\/fr\/"},{"@type":"ListItem","position":2,"name":"Boutique","item":"https:\/\/staging.lucky-hunter.com\/fr\/shop\/"},{"@type":"ListItem","position":3,"name":"Pilets Higdon &#8211; Pack de 6"}]},{"@type":"WebSite","@id":"https:\/\/staging.lucky-hunter.com\/#website","url":"https:\/\/staging.lucky-hunter.com\/","name":"Lucky-Hunter","description":"Gear Up or Give Up","potentialAction":[{"@type":"SearchAction","target":{"@type":"EntryPoint","urlTemplate":"https:\/\/staging.lucky-hunter.com\/?s={search_term_string}"},"query-input":{"@type":"PropertyValueSpecification","valueRequired":true,"valueName":"search_term_string"}}],"inLanguage":"fr-FR"}]}},"_links":{"self":[{"href":"https:\/\/staging.lucky-hunter.com\/fr\/wp-json\/wp\/v2\/product\/61749"}],"collection":[{"href":"https:\/\/staging.lucky-hunter.com\/fr\/wp-json\/wp\/v2\/product"}],"about":[{"href":"https:\/\/staging.lucky-hunter.com\/fr\/wp-json\/wp\/v2\/types\/product"}],"wp:featuredmedia":[{"embeddable":true,"href":"https:\/\/staging.lucky-hunter.com\/fr\/wp-json\/wp\/v2\/media\/61081"}],"wp:attachment":[{"href":"https:\/\/staging.lucky-hunter.com\/fr\/wp-json\/wp\/v2\/media?parent=61749"}],"wp:term":[{"taxonomy":"product_brand","embeddable":true,"href":"https:\/\/staging.lucky-hunter.com\/fr\/wp-json\/wp\/v2\/product_brand?post=61749"},{"taxonomy":"product_cat","embeddable":true,"href":"https:\/\/staging.lucky-hunter.com\/fr\/wp-json\/wp\/v2\/product_cat?post=61749"},{"taxonomy":"product_tag","embeddable":true,"href":"https:\/\/staging.lucky-hunter.com\/fr\/wp-json\/wp\/v2\/product_tag?post=61749"}],"curies":[{"name":"wp","href":"https:\/\/api.w.org\/{rel}","templated":true}]}}