{"id":61748,"date":"2023-04-05T00:48:29","date_gmt":"2023-04-04T22:48:29","guid":{"rendered":"https:\/\/staging.lucky-hunter.com\/product\/flyway-30-clay-pigeon-thrower\/"},"modified":"2023-04-05T00:48:29","modified_gmt":"2023-04-04T22:48:29","slug":"flyway-30-clay-pigeon-thrower","status":"publish","type":"product","link":"https:\/\/staging.lucky-hunter.com\/fr\/product\/flyway-30-clay-pigeon-thrower\/","title":{"rendered":"Flyway 30 | Lanceur de pigeon d&#8217;argile"},"content":{"rendered":"<p><iframe title=\"DO ALL Showcase\" width=\"1020\" height=\"574\" src=\"https:\/\/www.youtube.com\/embed\/o0cOlfzm4eo?wmode=transparent&amp;rel=0&amp;feature=oembed&#038;enablejsapi=1&#038;origin=https:\/\/staging.lucky-hunter.com\" frameborder=\"0\" allow=\"accelerometer; autoplay; clipboard-write; encrypted-media; gyroscope; picture-in-picture; web-share\" allowfullscreen><\/iframe><\/p>\n<h2>Un lanceur de pigeons d&#8217;argile abordable de chez Do All Outdoors<\/h2>\n<ul>\n<li>Chargeur automatique de 30 pigeons d\u2019argiles<\/li>\n<li>P\u00e9dale amovible avec c\u00e2ble de 3 m\u00e8tres<\/li>\n<li>Temps de recharge de 2,5 secondes<\/li>\n<li>Ressort \u00e0 tension r\u00e9glable<\/li>\n<li>D\u00e9montable pour le rangement<\/li>\n<\/ul>\n<p>Voici le lanceur de pigeons d&#8217;argile automatique Do-All Outdoors\u00ae FlyWay\u00ae 30 &#8211; le compl\u00e9ment parfait pour votre installation de ball-trap. Dot\u00e9 d\u2019un chargeur automatique de 30 plateaux d\u2019argiles et d\u2019une p\u00e9dale amovible qui vous permet de lancer vous-m\u00eame vos plateaux, ce lanceur est con\u00e7u pour que vous restiez au top de votre forme. Le temps de recharge de 2,5 secondes vous permet de tirer \u00e0 votre guise tandis que la tension r\u00e9glable du ressort vous permet de personnaliser la vitesse et la distance de projection selon vos pr\u00e9f\u00e9rences. Le c\u00e2ble de 3 m\u00e8tres reli\u00e9 \u00e0 la p\u00e9dale vous permet \u00e9galement de maintenir une distance de s\u00e9curit\u00e9 avec le lanceur de plateaux. Lorsque vous avez termin\u00e9 votre session de tir, le FlyWay\u00ae 30 se d\u00e9monte facilement et peut \u00eatre rang\u00e9 dans un espace r\u00e9duit. Gr\u00e2ce \u00e0 ce lanceur de cibles, vous pouvez vous faire plaisir dans votre jardin avec toute la fonctionnalit\u00e9 n\u00e9cessaire pour maintenir vos r\u00e9flexes aiguis\u00e9s. N&#8217;attendez plus, mettez la main sur le lanceur de plateaux d&#8217;argile automatique Do-All Outdoors\u00ae FlyWay\u00ae 30 d\u00e8s aujourd&#8217;hui\u00a0!<\/p>\n<p>\u00a0<\/p>\n","protected":false},"excerpt":{"rendered":"<p>Le lanceur de cibles d&#8217;argile automatique Do-All Outdoors FlyWay 30 constitue le compl\u00e9ment ultime pour votre installation de ball-trap. Il dispose d&#8217;un chargeur automatique de 30 plateaux d\u2019argile<\/p>\n","protected":false},"featured_media":59479,"template":"","meta":[],"product_brand":[8134],"product_cat":[8172],"product_tag":[],"yoast_head":"<!-- This site is optimized with the Yoast SEO plugin v24.3 - https:\/\/yoast.com\/wordpress\/plugins\/seo\/ -->\n<title>Lanceur de pigeons d&#039;argile Flyway 30 | Plus de mod\u00e8les sur Lucky-hunter.com<\/title>\n<meta name=\"description\" content=\"Le lanceur de cibles d&#039;argile automatique Do-All Outdoors FlyWay 30 constitue le compl\u00e9ment ultime pour votre installation de ball-trap. Il dispose d&#039;un chargeur automatique de 30 plateaux d\u2019argile\" \/>\n<meta name=\"robots\" content=\"noindex, follow, max-snippet:-1, max-image-preview:large, max-video-preview:-1\" \/>\n<meta property=\"og:locale\" content=\"fr_FR\" \/>\n<meta property=\"og:type\" content=\"article\" \/>\n<meta property=\"og:title\" content=\"Lanceur de pigeons d&#039;argile Flyway 30 | Plus de mod\u00e8les sur Lucky-hunter.com\" \/>\n<meta property=\"og:description\" content=\"Le lanceur de cibles d&#039;argile automatique Do-All Outdoors FlyWay 30 constitue le compl\u00e9ment ultime pour votre installation de ball-trap. Il dispose d&#039;un chargeur automatique de 30 plateaux d\u2019argile\" \/>\n<meta property=\"og:url\" content=\"https:\/\/staging.lucky-hunter.com\/fr\/product\/flyway-30-clay-pigeon-thrower\/\" \/>\n<meta property=\"og:site_name\" content=\"Lucky-Hunter\" \/>\n<meta property=\"og:image\" content=\"https:\/\/staging.lucky-hunter.com\/wp-content\/uploads\/2023\/03\/ST-12.png\" \/>\n\t<meta property=\"og:image:width\" content=\"1000\" \/>\n\t<meta property=\"og:image:height\" content=\"1000\" \/>\n\t<meta property=\"og:image:type\" content=\"image\/png\" \/>\n<meta name=\"twitter:card\" content=\"summary_large_image\" \/>\n<meta name=\"twitter:label1\" content=\"Dur\u00e9e de lecture estim\u00e9e\" \/>\n\t<meta name=\"twitter:data1\" content=\"1 minute\" \/>\n<script type=\"application\/ld+json\" class=\"yoast-schema-graph\">{\"@context\":\"https:\/\/schema.org\",\"@graph\":[{\"@type\":\"WebPage\",\"@id\":\"https:\/\/staging.lucky-hunter.com\/fr\/product\/flyway-30-clay-pigeon-thrower\/\",\"url\":\"https:\/\/staging.lucky-hunter.com\/fr\/product\/flyway-30-clay-pigeon-thrower\/\",\"name\":\"Lanceur de pigeons d'argile Flyway 30 | Plus de mod\u00e8les sur Lucky-hunter.com\",\"isPartOf\":{\"@id\":\"https:\/\/staging.lucky-hunter.com\/#website\"},\"primaryImageOfPage\":{\"@id\":\"https:\/\/staging.lucky-hunter.com\/fr\/product\/flyway-30-clay-pigeon-thrower\/#primaryimage\"},\"image\":{\"@id\":\"https:\/\/staging.lucky-hunter.com\/fr\/product\/flyway-30-clay-pigeon-thrower\/#primaryimage\"},\"thumbnailUrl\":\"https:\/\/staging.lucky-hunter.com\/wp-content\/uploads\/2023\/03\/ST-12.png\",\"datePublished\":\"2023-04-04T22:48:29+00:00\",\"dateModified\":\"2023-04-04T22:48:29+00:00\",\"description\":\"Le lanceur de cibles d'argile automatique Do-All Outdoors FlyWay 30 constitue le compl\u00e9ment ultime pour votre installation de ball-trap. Il dispose d'un chargeur automatique de 30 plateaux d\u2019argile\",\"breadcrumb\":{\"@id\":\"https:\/\/staging.lucky-hunter.com\/fr\/product\/flyway-30-clay-pigeon-thrower\/#breadcrumb\"},\"inLanguage\":\"fr-FR\",\"potentialAction\":[{\"@type\":\"ReadAction\",\"target\":[\"https:\/\/staging.lucky-hunter.com\/fr\/product\/flyway-30-clay-pigeon-thrower\/\"]}]},{\"@type\":\"ImageObject\",\"inLanguage\":\"fr-FR\",\"@id\":\"https:\/\/staging.lucky-hunter.com\/fr\/product\/flyway-30-clay-pigeon-thrower\/#primaryimage\",\"url\":\"https:\/\/staging.lucky-hunter.com\/wp-content\/uploads\/2023\/03\/ST-12.png\",\"contentUrl\":\"https:\/\/staging.lucky-hunter.com\/wp-content\/uploads\/2023\/03\/ST-12.png\",\"width\":1000,\"height\":1000,\"caption\":\"Flyway 30\"},{\"@type\":\"BreadcrumbList\",\"@id\":\"https:\/\/staging.lucky-hunter.com\/fr\/product\/flyway-30-clay-pigeon-thrower\/#breadcrumb\",\"itemListElement\":[{\"@type\":\"ListItem\",\"position\":1,\"name\":\"Home\",\"item\":\"https:\/\/staging.lucky-hunter.com\/fr\/\"},{\"@type\":\"ListItem\",\"position\":2,\"name\":\"Boutique\",\"item\":\"https:\/\/staging.lucky-hunter.com\/fr\/shop\/\"},{\"@type\":\"ListItem\",\"position\":3,\"name\":\"Flyway 30 | Lanceur de pigeon d&#8217;argile\"}]},{\"@type\":\"WebSite\",\"@id\":\"https:\/\/staging.lucky-hunter.com\/#website\",\"url\":\"https:\/\/staging.lucky-hunter.com\/\",\"name\":\"Lucky-Hunter\",\"description\":\"Gear Up or Give Up\",\"potentialAction\":[{\"@type\":\"SearchAction\",\"target\":{\"@type\":\"EntryPoint\",\"urlTemplate\":\"https:\/\/staging.lucky-hunter.com\/?s={search_term_string}\"},\"query-input\":{\"@type\":\"PropertyValueSpecification\",\"valueRequired\":true,\"valueName\":\"search_term_string\"}}],\"inLanguage\":\"fr-FR\"}]}<\/script>\n<!-- \/ Yoast SEO plugin. -->","yoast_head_json":{"title":"Lanceur de pigeons d'argile Flyway 30 | Plus de mod\u00e8les sur Lucky-hunter.com","description":"Le lanceur de cibles d'argile automatique Do-All Outdoors FlyWay 30 constitue le compl\u00e9ment ultime pour votre installation de ball-trap. Il dispose d'un chargeur automatique de 30 plateaux d\u2019argile","robots":{"index":"noindex","follow":"follow","max-snippet":"max-snippet:-1","max-image-preview":"max-image-preview:large","max-video-preview":"max-video-preview:-1"},"og_locale":"fr_FR","og_type":"article","og_title":"Lanceur de pigeons d'argile Flyway 30 | Plus de mod\u00e8les sur Lucky-hunter.com","og_description":"Le lanceur de cibles d'argile automatique Do-All Outdoors FlyWay 30 constitue le compl\u00e9ment ultime pour votre installation de ball-trap. Il dispose d'un chargeur automatique de 30 plateaux d\u2019argile","og_url":"https:\/\/staging.lucky-hunter.com\/fr\/product\/flyway-30-clay-pigeon-thrower\/","og_site_name":"Lucky-Hunter","og_image":[{"width":1000,"height":1000,"url":"https:\/\/staging.lucky-hunter.com\/wp-content\/uploads\/2023\/03\/ST-12.png","type":"image\/png"}],"twitter_card":"summary_large_image","twitter_misc":{"Dur\u00e9e de lecture estim\u00e9e":"1 minute"},"schema":{"@context":"https:\/\/schema.org","@graph":[{"@type":"WebPage","@id":"https:\/\/staging.lucky-hunter.com\/fr\/product\/flyway-30-clay-pigeon-thrower\/","url":"https:\/\/staging.lucky-hunter.com\/fr\/product\/flyway-30-clay-pigeon-thrower\/","name":"Lanceur de pigeons d'argile Flyway 30 | Plus de mod\u00e8les sur Lucky-hunter.com","isPartOf":{"@id":"https:\/\/staging.lucky-hunter.com\/#website"},"primaryImageOfPage":{"@id":"https:\/\/staging.lucky-hunter.com\/fr\/product\/flyway-30-clay-pigeon-thrower\/#primaryimage"},"image":{"@id":"https:\/\/staging.lucky-hunter.com\/fr\/product\/flyway-30-clay-pigeon-thrower\/#primaryimage"},"thumbnailUrl":"https:\/\/staging.lucky-hunter.com\/wp-content\/uploads\/2023\/03\/ST-12.png","datePublished":"2023-04-04T22:48:29+00:00","dateModified":"2023-04-04T22:48:29+00:00","description":"Le lanceur de cibles d'argile automatique Do-All Outdoors FlyWay 30 constitue le compl\u00e9ment ultime pour votre installation de ball-trap. Il dispose d'un chargeur automatique de 30 plateaux d\u2019argile","breadcrumb":{"@id":"https:\/\/staging.lucky-hunter.com\/fr\/product\/flyway-30-clay-pigeon-thrower\/#breadcrumb"},"inLanguage":"fr-FR","potentialAction":[{"@type":"ReadAction","target":["https:\/\/staging.lucky-hunter.com\/fr\/product\/flyway-30-clay-pigeon-thrower\/"]}]},{"@type":"ImageObject","inLanguage":"fr-FR","@id":"https:\/\/staging.lucky-hunter.com\/fr\/product\/flyway-30-clay-pigeon-thrower\/#primaryimage","url":"https:\/\/staging.lucky-hunter.com\/wp-content\/uploads\/2023\/03\/ST-12.png","contentUrl":"https:\/\/staging.lucky-hunter.com\/wp-content\/uploads\/2023\/03\/ST-12.png","width":1000,"height":1000,"caption":"Flyway 30"},{"@type":"BreadcrumbList","@id":"https:\/\/staging.lucky-hunter.com\/fr\/product\/flyway-30-clay-pigeon-thrower\/#breadcrumb","itemListElement":[{"@type":"ListItem","position":1,"name":"Home","item":"https:\/\/staging.lucky-hunter.com\/fr\/"},{"@type":"ListItem","position":2,"name":"Boutique","item":"https:\/\/staging.lucky-hunter.com\/fr\/shop\/"},{"@type":"ListItem","position":3,"name":"Flyway 30 | Lanceur de pigeon d&#8217;argile"}]},{"@type":"WebSite","@id":"https:\/\/staging.lucky-hunter.com\/#website","url":"https:\/\/staging.lucky-hunter.com\/","name":"Lucky-Hunter","description":"Gear Up or Give Up","potentialAction":[{"@type":"SearchAction","target":{"@type":"EntryPoint","urlTemplate":"https:\/\/staging.lucky-hunter.com\/?s={search_term_string}"},"query-input":{"@type":"PropertyValueSpecification","valueRequired":true,"valueName":"search_term_string"}}],"inLanguage":"fr-FR"}]}},"_links":{"self":[{"href":"https:\/\/staging.lucky-hunter.com\/fr\/wp-json\/wp\/v2\/product\/61748"}],"collection":[{"href":"https:\/\/staging.lucky-hunter.com\/fr\/wp-json\/wp\/v2\/product"}],"about":[{"href":"https:\/\/staging.lucky-hunter.com\/fr\/wp-json\/wp\/v2\/types\/product"}],"wp:featuredmedia":[{"embeddable":true,"href":"https:\/\/staging.lucky-hunter.com\/fr\/wp-json\/wp\/v2\/media\/59479"}],"wp:attachment":[{"href":"https:\/\/staging.lucky-hunter.com\/fr\/wp-json\/wp\/v2\/media?parent=61748"}],"wp:term":[{"taxonomy":"product_brand","embeddable":true,"href":"https:\/\/staging.lucky-hunter.com\/fr\/wp-json\/wp\/v2\/product_brand?post=61748"},{"taxonomy":"product_cat","embeddable":true,"href":"https:\/\/staging.lucky-hunter.com\/fr\/wp-json\/wp\/v2\/product_cat?post=61748"},{"taxonomy":"product_tag","embeddable":true,"href":"https:\/\/staging.lucky-hunter.com\/fr\/wp-json\/wp\/v2\/product_tag?post=61748"}],"curies":[{"name":"wp","href":"https:\/\/api.w.org\/{rel}","templated":true}]}}