{"id":61743,"date":"2023-02-16T10:28:07","date_gmt":"2023-02-16T09:28:07","guid":{"rendered":"https:\/\/staging.lucky-hunter.com\/product\/tickless-baby-kid\/"},"modified":"2023-02-16T10:28:07","modified_gmt":"2023-02-16T09:28:07","slug":"tickless-baby-kid","status":"publish","type":"product","link":"https:\/\/staging.lucky-hunter.com\/fr\/product\/tickless-baby-kid\/","title":{"rendered":"Tickless Baby \/ Kid"},"content":{"rendered":"<h2><strong>Tickless Baby &amp; Kid &#8211; R\u00e9pulsif anti-tiques pour enfants sans produits chimiques<\/strong><\/h2>\n<p>L&#8217;appareil Tickless Baby \/ Kid \u00e9met des impulsions ultrasonores qui sont imperceptibles pour les b\u00e9b\u00e9s, les adultes et les animaux, mais d\u00e9rangent les tiques et les maintient \u00e0 distance. Son rayon d\u2019action est d&#8217;environ 1,5 m\u00e8tre. L&#8217;appareil est principalement destin\u00e9 \u00e0 la pr\u00e9vention.<\/p>\n<p>La technologie TICKLESS\u00ae a subi des tests rigoureux et son efficacit\u00e9 a \u00e9t\u00e9 prouv\u00e9e par une \u00e9tude clinique \u00e0 l&#8217;\u00c9cole de microbiologie m\u00e9dicale v\u00e9t\u00e9rinaire et au Laboratoire des maladies infectieuses de l&#8217;Universit\u00e9 de Camerino, en Italie.<\/p>\n<ul>\n<li>Sans produits chimiques<\/li>\n<li>Rayon d\u2019action de 1,5 m<\/li>\n<li>Sans odeur ni parfum<\/li>\n<li>Peut \u00eatre utilis\u00e9 en toute s\u00e9curit\u00e9 d\u00e8s les premiers jours de b\u00e9b\u00e9<\/li>\n<li>Efficacit\u00e9 prouv\u00e9e scientifiquement<\/li>\n<li>Protection longue dur\u00e9e et toutes saisons<\/li>\n<li>Solution pr\u00e9ventive<\/li>\n<\/ul>\n<p>Mode d\u2019emploi\u00a0: Retirez la languette pour activer l&#8217;appareil. La lumi\u00e8re verte clignotera 4 fois pour indiquer que l&#8217;appareil est allum\u00e9. Vous pouvez v\u00e9rifier son fonctionnement continu \u00e0 tout moment. Appuyez simplement sur le bouton et assurez-vous que la LED clignote. Fixez solidement l&#8217;appareil aux v\u00eatements de l&#8217;enfant (clip de ceinture, lacets, couvertures, poussette), en veillant \u00e0 ce que le b\u00e9b\u00e9 ne puisse pas l&#8217;enlever et l&#8217;avaler. \u00c9vitez de placer l&#8217;appareil dans une poche ou dans un sac afin de ne pas obstruer les ondes ultrasonores qu\u2019il \u00e9met\u00a0! \u00c0 des temp\u00e9ratures normales, l&#8217;appareil \u00e9loigne les tiques pendant au moins 6 mois apr\u00e8s activation.<\/p>\n<p>En raison de sa petite taille, tenir l\u2019appareil hors de port\u00e9e des jeunes enfants. \u00c0 utiliser uniquement sous la surveillance d&#8217;un adulte. Dans les zones abritant d\u2019importantes populations de tiques, une protection \u00e0 100 % n&#8217;est pas garantie.<\/p>\n<p>En cas de dysfonctionnement technique, nous offrons une garantie de 6 mois pour l&#8217;appareil.<\/p>\n","protected":false},"excerpt":{"rendered":"<p>TICKLESS Baby &amp; Kid est la solution id\u00e9ale contre les tiques, d\u00e8s les premiers jours que b\u00e9b\u00e9 passe \u00e0 l&#8217;ext\u00e9rieur. Pour b\u00e9b\u00e9s et enfants de 0 \u00e0 10 ans.<\/p>\n","protected":false},"featured_media":57709,"template":"","meta":[],"product_brand":[9511],"product_cat":[9383],"product_tag":[],"yoast_head":"<!-- This site is optimized with the Yoast SEO plugin v24.3 - https:\/\/yoast.com\/wordpress\/plugins\/seo\/ -->\n<title>| Prot\u00e9gez vos enfants contre les tiques et les puces<\/title>\n<meta name=\"description\" content=\"TICKLESS Baby &amp; Kid est la solution id\u00e9ale contre les tiques, d\u00e8s les premiers jours que b\u00e9b\u00e9 passe \u00e0 l&#039;ext\u00e9rieur. Pour b\u00e9b\u00e9s et enfants de 0 \u00e0 10 ans.\" \/>\n<meta name=\"robots\" content=\"noindex, follow, max-snippet:-1, max-image-preview:large, max-video-preview:-1\" \/>\n<meta property=\"og:locale\" content=\"fr_FR\" \/>\n<meta property=\"og:type\" content=\"article\" \/>\n<meta property=\"og:title\" content=\"| Prot\u00e9gez vos enfants contre les tiques et les puces\" \/>\n<meta property=\"og:description\" content=\"TICKLESS Baby &amp; Kid est la solution id\u00e9ale contre les tiques, d\u00e8s les premiers jours que b\u00e9b\u00e9 passe \u00e0 l&#039;ext\u00e9rieur. Pour b\u00e9b\u00e9s et enfants de 0 \u00e0 10 ans.\" \/>\n<meta property=\"og:url\" content=\"https:\/\/staging.lucky-hunter.com\/product\/tickless-baby-kid\/\" \/>\n<meta property=\"og:site_name\" content=\"Lucky-Hunter\" \/>\n<meta property=\"og:image\" content=\"https:\/\/staging.lucky-hunter.com\/wp-content\/uploads\/2023\/02\/Mini_dog_6-white-background-and-shadow_low-resolution-1.png\" \/>\n\t<meta property=\"og:image:width\" content=\"1200\" \/>\n\t<meta property=\"og:image:height\" content=\"1200\" \/>\n\t<meta property=\"og:image:type\" content=\"image\/png\" \/>\n<meta name=\"twitter:card\" content=\"summary_large_image\" \/>\n<meta name=\"twitter:label1\" content=\"Dur\u00e9e de lecture estim\u00e9e\" \/>\n\t<meta name=\"twitter:data1\" content=\"2 minutes\" \/>\n<script type=\"application\/ld+json\" class=\"yoast-schema-graph\">{\"@context\":\"https:\/\/schema.org\",\"@graph\":[{\"@type\":\"WebPage\",\"@id\":\"https:\/\/staging.lucky-hunter.com\/product\/tickless-baby-kid\/\",\"url\":\"https:\/\/staging.lucky-hunter.com\/product\/tickless-baby-kid\/\",\"name\":\"| Prot\u00e9gez vos enfants contre les tiques et les puces\",\"isPartOf\":{\"@id\":\"https:\/\/staging.lucky-hunter.com\/#website\"},\"primaryImageOfPage\":{\"@id\":\"https:\/\/staging.lucky-hunter.com\/product\/tickless-baby-kid\/#primaryimage\"},\"image\":{\"@id\":\"https:\/\/staging.lucky-hunter.com\/product\/tickless-baby-kid\/#primaryimage\"},\"thumbnailUrl\":\"https:\/\/staging.lucky-hunter.com\/wp-content\/uploads\/2023\/02\/Mini_dog_6-white-background-and-shadow_low-resolution-1.png\",\"datePublished\":\"2023-02-16T09:28:07+00:00\",\"dateModified\":\"2023-02-16T09:28:07+00:00\",\"description\":\"TICKLESS Baby &amp; Kid est la solution id\u00e9ale contre les tiques, d\u00e8s les premiers jours que b\u00e9b\u00e9 passe \u00e0 l'ext\u00e9rieur. Pour b\u00e9b\u00e9s et enfants de 0 \u00e0 10 ans.\",\"breadcrumb\":{\"@id\":\"https:\/\/staging.lucky-hunter.com\/product\/tickless-baby-kid\/#breadcrumb\"},\"inLanguage\":\"fr-FR\",\"potentialAction\":[{\"@type\":\"ReadAction\",\"target\":[\"https:\/\/staging.lucky-hunter.com\/product\/tickless-baby-kid\/\"]}]},{\"@type\":\"ImageObject\",\"inLanguage\":\"fr-FR\",\"@id\":\"https:\/\/staging.lucky-hunter.com\/product\/tickless-baby-kid\/#primaryimage\",\"url\":\"https:\/\/staging.lucky-hunter.com\/wp-content\/uploads\/2023\/02\/Mini_dog_6-white-background-and-shadow_low-resolution-1.png\",\"contentUrl\":\"https:\/\/staging.lucky-hunter.com\/wp-content\/uploads\/2023\/02\/Mini_dog_6-white-background-and-shadow_low-resolution-1.png\",\"width\":1200,\"height\":1200,\"caption\":\"Tickless Baby - Beige\"},{\"@type\":\"BreadcrumbList\",\"@id\":\"https:\/\/staging.lucky-hunter.com\/product\/tickless-baby-kid\/#breadcrumb\",\"itemListElement\":[{\"@type\":\"ListItem\",\"position\":1,\"name\":\"Home\",\"item\":\"https:\/\/staging.lucky-hunter.com\/fr\/\"},{\"@type\":\"ListItem\",\"position\":2,\"name\":\"Boutique\",\"item\":\"https:\/\/staging.lucky-hunter.com\/fr\/shop\/\"},{\"@type\":\"ListItem\",\"position\":3,\"name\":\"Tickless Baby \/ Kid\"}]},{\"@type\":\"WebSite\",\"@id\":\"https:\/\/staging.lucky-hunter.com\/#website\",\"url\":\"https:\/\/staging.lucky-hunter.com\/\",\"name\":\"Lucky-Hunter\",\"description\":\"Gear Up or Give Up\",\"potentialAction\":[{\"@type\":\"SearchAction\",\"target\":{\"@type\":\"EntryPoint\",\"urlTemplate\":\"https:\/\/staging.lucky-hunter.com\/?s={search_term_string}\"},\"query-input\":{\"@type\":\"PropertyValueSpecification\",\"valueRequired\":true,\"valueName\":\"search_term_string\"}}],\"inLanguage\":\"fr-FR\"}]}<\/script>\n<!-- \/ Yoast SEO plugin. -->","yoast_head_json":{"title":"| Prot\u00e9gez vos enfants contre les tiques et les puces","description":"TICKLESS Baby &amp; Kid est la solution id\u00e9ale contre les tiques, d\u00e8s les premiers jours que b\u00e9b\u00e9 passe \u00e0 l'ext\u00e9rieur. Pour b\u00e9b\u00e9s et enfants de 0 \u00e0 10 ans.","robots":{"index":"noindex","follow":"follow","max-snippet":"max-snippet:-1","max-image-preview":"max-image-preview:large","max-video-preview":"max-video-preview:-1"},"og_locale":"fr_FR","og_type":"article","og_title":"| Prot\u00e9gez vos enfants contre les tiques et les puces","og_description":"TICKLESS Baby &amp; Kid est la solution id\u00e9ale contre les tiques, d\u00e8s les premiers jours que b\u00e9b\u00e9 passe \u00e0 l'ext\u00e9rieur. Pour b\u00e9b\u00e9s et enfants de 0 \u00e0 10 ans.","og_url":"https:\/\/staging.lucky-hunter.com\/product\/tickless-baby-kid\/","og_site_name":"Lucky-Hunter","og_image":[{"width":1200,"height":1200,"url":"https:\/\/staging.lucky-hunter.com\/wp-content\/uploads\/2023\/02\/Mini_dog_6-white-background-and-shadow_low-resolution-1.png","type":"image\/png"}],"twitter_card":"summary_large_image","twitter_misc":{"Dur\u00e9e de lecture estim\u00e9e":"2 minutes"},"schema":{"@context":"https:\/\/schema.org","@graph":[{"@type":"WebPage","@id":"https:\/\/staging.lucky-hunter.com\/product\/tickless-baby-kid\/","url":"https:\/\/staging.lucky-hunter.com\/product\/tickless-baby-kid\/","name":"| Prot\u00e9gez vos enfants contre les tiques et les puces","isPartOf":{"@id":"https:\/\/staging.lucky-hunter.com\/#website"},"primaryImageOfPage":{"@id":"https:\/\/staging.lucky-hunter.com\/product\/tickless-baby-kid\/#primaryimage"},"image":{"@id":"https:\/\/staging.lucky-hunter.com\/product\/tickless-baby-kid\/#primaryimage"},"thumbnailUrl":"https:\/\/staging.lucky-hunter.com\/wp-content\/uploads\/2023\/02\/Mini_dog_6-white-background-and-shadow_low-resolution-1.png","datePublished":"2023-02-16T09:28:07+00:00","dateModified":"2023-02-16T09:28:07+00:00","description":"TICKLESS Baby &amp; Kid est la solution id\u00e9ale contre les tiques, d\u00e8s les premiers jours que b\u00e9b\u00e9 passe \u00e0 l'ext\u00e9rieur. Pour b\u00e9b\u00e9s et enfants de 0 \u00e0 10 ans.","breadcrumb":{"@id":"https:\/\/staging.lucky-hunter.com\/product\/tickless-baby-kid\/#breadcrumb"},"inLanguage":"fr-FR","potentialAction":[{"@type":"ReadAction","target":["https:\/\/staging.lucky-hunter.com\/product\/tickless-baby-kid\/"]}]},{"@type":"ImageObject","inLanguage":"fr-FR","@id":"https:\/\/staging.lucky-hunter.com\/product\/tickless-baby-kid\/#primaryimage","url":"https:\/\/staging.lucky-hunter.com\/wp-content\/uploads\/2023\/02\/Mini_dog_6-white-background-and-shadow_low-resolution-1.png","contentUrl":"https:\/\/staging.lucky-hunter.com\/wp-content\/uploads\/2023\/02\/Mini_dog_6-white-background-and-shadow_low-resolution-1.png","width":1200,"height":1200,"caption":"Tickless Baby - Beige"},{"@type":"BreadcrumbList","@id":"https:\/\/staging.lucky-hunter.com\/product\/tickless-baby-kid\/#breadcrumb","itemListElement":[{"@type":"ListItem","position":1,"name":"Home","item":"https:\/\/staging.lucky-hunter.com\/fr\/"},{"@type":"ListItem","position":2,"name":"Boutique","item":"https:\/\/staging.lucky-hunter.com\/fr\/shop\/"},{"@type":"ListItem","position":3,"name":"Tickless Baby \/ Kid"}]},{"@type":"WebSite","@id":"https:\/\/staging.lucky-hunter.com\/#website","url":"https:\/\/staging.lucky-hunter.com\/","name":"Lucky-Hunter","description":"Gear Up or Give Up","potentialAction":[{"@type":"SearchAction","target":{"@type":"EntryPoint","urlTemplate":"https:\/\/staging.lucky-hunter.com\/?s={search_term_string}"},"query-input":{"@type":"PropertyValueSpecification","valueRequired":true,"valueName":"search_term_string"}}],"inLanguage":"fr-FR"}]}},"_links":{"self":[{"href":"https:\/\/staging.lucky-hunter.com\/fr\/wp-json\/wp\/v2\/product\/61743"}],"collection":[{"href":"https:\/\/staging.lucky-hunter.com\/fr\/wp-json\/wp\/v2\/product"}],"about":[{"href":"https:\/\/staging.lucky-hunter.com\/fr\/wp-json\/wp\/v2\/types\/product"}],"wp:featuredmedia":[{"embeddable":true,"href":"https:\/\/staging.lucky-hunter.com\/fr\/wp-json\/wp\/v2\/media\/57709"}],"wp:attachment":[{"href":"https:\/\/staging.lucky-hunter.com\/fr\/wp-json\/wp\/v2\/media?parent=61743"}],"wp:term":[{"taxonomy":"product_brand","embeddable":true,"href":"https:\/\/staging.lucky-hunter.com\/fr\/wp-json\/wp\/v2\/product_brand?post=61743"},{"taxonomy":"product_cat","embeddable":true,"href":"https:\/\/staging.lucky-hunter.com\/fr\/wp-json\/wp\/v2\/product_cat?post=61743"},{"taxonomy":"product_tag","embeddable":true,"href":"https:\/\/staging.lucky-hunter.com\/fr\/wp-json\/wp\/v2\/product_tag?post=61743"}],"curies":[{"name":"wp","href":"https:\/\/api.w.org\/{rel}","templated":true}]}}