{"id":61742,"date":"2023-06-19T16:05:36","date_gmt":"2023-06-19T14:05:36","guid":{"rendered":"https:\/\/staging.lucky-hunter.com\/product\/shoulder-stock-for-retriev-r-trainer-launcher\/"},"modified":"2023-06-19T16:05:36","modified_gmt":"2023-06-19T14:05:36","slug":"shoulder-stock-for-retriev-r-trainer-launcher","status":"publish","type":"product","link":"https:\/\/staging.lucky-hunter.com\/fr\/product\/shoulder-stock-for-retriev-r-trainer-launcher\/","title":{"rendered":"Crosse pour lanceur RETRIEV-R-TRAINER"},"content":{"rendered":"<h2><strong>Accessoire d\u2019origine pour votre lanceur de mannequins portatif RRT<\/strong><\/h2>\n<p>La crosse vous permet d\u2019appuyer <a href=\"https:\/\/staging.lucky-hunter.com\/product\/rrt-dummy-launcher\/\">le lanceur portatif standard RRT<\/a> contre votre \u00e9paule ou votre cuisse lors du tir.<\/p>\n<p>Design solide et extr\u00eamement durable en aluminium.<\/p>\n<p>Finition noire anodis\u00e9e.<\/p>\n<p>Crosse l\u00e9g\u00e8re et facile \u00e0 d\u00e9monter pour un rangement pratique.<\/p>\n","protected":false},"excerpt":{"rendered":"<p>La crosse vous permet d\u2019appuyer le lanceur portatif standard RRT contre votre \u00e9paule ou votre cuisse lors du tir.<\/p>\n","protected":false},"featured_media":63487,"template":"","meta":[],"product_brand":[8223],"product_cat":[8188],"product_tag":[],"yoast_head":"<!-- This site is optimized with the Yoast SEO plugin v24.3 - https:\/\/yoast.com\/wordpress\/plugins\/seo\/ -->\n<title>Crosse pour lanceur RETRIEV-R-TRAINER<\/title>\n<meta name=\"description\" content=\"La crosse vous permet d\u2019appuyer le lanceur portatif standard RRT contre votre \u00e9paule ou votre cuisse lors du tir.\" \/>\n<meta name=\"robots\" content=\"noindex, follow, max-snippet:-1, max-image-preview:large, max-video-preview:-1\" \/>\n<meta property=\"og:locale\" content=\"fr_FR\" \/>\n<meta property=\"og:type\" content=\"article\" \/>\n<meta property=\"og:title\" content=\"Crosse pour lanceur RETRIEV-R-TRAINER\" \/>\n<meta property=\"og:description\" content=\"La crosse vous permet d\u2019appuyer le lanceur portatif standard RRT contre votre \u00e9paule ou votre cuisse lors du tir.\" \/>\n<meta property=\"og:url\" content=\"https:\/\/staging.lucky-hunter.com\/fr\/product\/shoulder-stock-for-retriev-r-trainer-launcher\/\" \/>\n<meta property=\"og:site_name\" content=\"Lucky-Hunter\" \/>\n<meta property=\"og:image\" content=\"https:\/\/staging.lucky-hunter.com\/wp-content\/uploads\/2023\/06\/JH-112.png\" \/>\n\t<meta property=\"og:image:width\" content=\"1000\" \/>\n\t<meta property=\"og:image:height\" content=\"1000\" \/>\n\t<meta property=\"og:image:type\" content=\"image\/png\" \/>\n<meta name=\"twitter:card\" content=\"summary_large_image\" \/>\n<meta name=\"twitter:label1\" content=\"Dur\u00e9e de lecture estim\u00e9e\" \/>\n\t<meta name=\"twitter:data1\" content=\"1 minute\" \/>\n<script type=\"application\/ld+json\" class=\"yoast-schema-graph\">{\"@context\":\"https:\/\/schema.org\",\"@graph\":[{\"@type\":\"WebPage\",\"@id\":\"https:\/\/staging.lucky-hunter.com\/fr\/product\/shoulder-stock-for-retriev-r-trainer-launcher\/\",\"url\":\"https:\/\/staging.lucky-hunter.com\/fr\/product\/shoulder-stock-for-retriev-r-trainer-launcher\/\",\"name\":\"Crosse pour lanceur RETRIEV-R-TRAINER\",\"isPartOf\":{\"@id\":\"https:\/\/staging.lucky-hunter.com\/#website\"},\"primaryImageOfPage\":{\"@id\":\"https:\/\/staging.lucky-hunter.com\/fr\/product\/shoulder-stock-for-retriev-r-trainer-launcher\/#primaryimage\"},\"image\":{\"@id\":\"https:\/\/staging.lucky-hunter.com\/fr\/product\/shoulder-stock-for-retriev-r-trainer-launcher\/#primaryimage\"},\"thumbnailUrl\":\"https:\/\/staging.lucky-hunter.com\/wp-content\/uploads\/2023\/06\/JH-112.png\",\"datePublished\":\"2023-06-19T14:05:36+00:00\",\"dateModified\":\"2023-06-19T14:05:36+00:00\",\"description\":\"La crosse vous permet d\u2019appuyer le lanceur portatif standard RRT contre votre \u00e9paule ou votre cuisse lors du tir.\",\"breadcrumb\":{\"@id\":\"https:\/\/staging.lucky-hunter.com\/fr\/product\/shoulder-stock-for-retriev-r-trainer-launcher\/#breadcrumb\"},\"inLanguage\":\"fr-FR\",\"potentialAction\":[{\"@type\":\"ReadAction\",\"target\":[\"https:\/\/staging.lucky-hunter.com\/fr\/product\/shoulder-stock-for-retriev-r-trainer-launcher\/\"]}]},{\"@type\":\"ImageObject\",\"inLanguage\":\"fr-FR\",\"@id\":\"https:\/\/staging.lucky-hunter.com\/fr\/product\/shoulder-stock-for-retriev-r-trainer-launcher\/#primaryimage\",\"url\":\"https:\/\/staging.lucky-hunter.com\/wp-content\/uploads\/2023\/06\/JH-112.png\",\"contentUrl\":\"https:\/\/staging.lucky-hunter.com\/wp-content\/uploads\/2023\/06\/JH-112.png\",\"width\":1000,\"height\":1000},{\"@type\":\"BreadcrumbList\",\"@id\":\"https:\/\/staging.lucky-hunter.com\/fr\/product\/shoulder-stock-for-retriev-r-trainer-launcher\/#breadcrumb\",\"itemListElement\":[{\"@type\":\"ListItem\",\"position\":1,\"name\":\"Home\",\"item\":\"https:\/\/staging.lucky-hunter.com\/fr\/\"},{\"@type\":\"ListItem\",\"position\":2,\"name\":\"Boutique\",\"item\":\"https:\/\/staging.lucky-hunter.com\/fr\/shop\/\"},{\"@type\":\"ListItem\",\"position\":3,\"name\":\"Crosse pour lanceur RETRIEV-R-TRAINER\"}]},{\"@type\":\"WebSite\",\"@id\":\"https:\/\/staging.lucky-hunter.com\/#website\",\"url\":\"https:\/\/staging.lucky-hunter.com\/\",\"name\":\"Lucky-Hunter\",\"description\":\"Gear Up or Give Up\",\"potentialAction\":[{\"@type\":\"SearchAction\",\"target\":{\"@type\":\"EntryPoint\",\"urlTemplate\":\"https:\/\/staging.lucky-hunter.com\/?s={search_term_string}\"},\"query-input\":{\"@type\":\"PropertyValueSpecification\",\"valueRequired\":true,\"valueName\":\"search_term_string\"}}],\"inLanguage\":\"fr-FR\"}]}<\/script>\n<!-- \/ Yoast SEO plugin. -->","yoast_head_json":{"title":"Crosse pour lanceur RETRIEV-R-TRAINER","description":"La crosse vous permet d\u2019appuyer le lanceur portatif standard RRT contre votre \u00e9paule ou votre cuisse lors du tir.","robots":{"index":"noindex","follow":"follow","max-snippet":"max-snippet:-1","max-image-preview":"max-image-preview:large","max-video-preview":"max-video-preview:-1"},"og_locale":"fr_FR","og_type":"article","og_title":"Crosse pour lanceur RETRIEV-R-TRAINER","og_description":"La crosse vous permet d\u2019appuyer le lanceur portatif standard RRT contre votre \u00e9paule ou votre cuisse lors du tir.","og_url":"https:\/\/staging.lucky-hunter.com\/fr\/product\/shoulder-stock-for-retriev-r-trainer-launcher\/","og_site_name":"Lucky-Hunter","og_image":[{"width":1000,"height":1000,"url":"https:\/\/staging.lucky-hunter.com\/wp-content\/uploads\/2023\/06\/JH-112.png","type":"image\/png"}],"twitter_card":"summary_large_image","twitter_misc":{"Dur\u00e9e de lecture estim\u00e9e":"1 minute"},"schema":{"@context":"https:\/\/schema.org","@graph":[{"@type":"WebPage","@id":"https:\/\/staging.lucky-hunter.com\/fr\/product\/shoulder-stock-for-retriev-r-trainer-launcher\/","url":"https:\/\/staging.lucky-hunter.com\/fr\/product\/shoulder-stock-for-retriev-r-trainer-launcher\/","name":"Crosse pour lanceur RETRIEV-R-TRAINER","isPartOf":{"@id":"https:\/\/staging.lucky-hunter.com\/#website"},"primaryImageOfPage":{"@id":"https:\/\/staging.lucky-hunter.com\/fr\/product\/shoulder-stock-for-retriev-r-trainer-launcher\/#primaryimage"},"image":{"@id":"https:\/\/staging.lucky-hunter.com\/fr\/product\/shoulder-stock-for-retriev-r-trainer-launcher\/#primaryimage"},"thumbnailUrl":"https:\/\/staging.lucky-hunter.com\/wp-content\/uploads\/2023\/06\/JH-112.png","datePublished":"2023-06-19T14:05:36+00:00","dateModified":"2023-06-19T14:05:36+00:00","description":"La crosse vous permet d\u2019appuyer le lanceur portatif standard RRT contre votre \u00e9paule ou votre cuisse lors du tir.","breadcrumb":{"@id":"https:\/\/staging.lucky-hunter.com\/fr\/product\/shoulder-stock-for-retriev-r-trainer-launcher\/#breadcrumb"},"inLanguage":"fr-FR","potentialAction":[{"@type":"ReadAction","target":["https:\/\/staging.lucky-hunter.com\/fr\/product\/shoulder-stock-for-retriev-r-trainer-launcher\/"]}]},{"@type":"ImageObject","inLanguage":"fr-FR","@id":"https:\/\/staging.lucky-hunter.com\/fr\/product\/shoulder-stock-for-retriev-r-trainer-launcher\/#primaryimage","url":"https:\/\/staging.lucky-hunter.com\/wp-content\/uploads\/2023\/06\/JH-112.png","contentUrl":"https:\/\/staging.lucky-hunter.com\/wp-content\/uploads\/2023\/06\/JH-112.png","width":1000,"height":1000},{"@type":"BreadcrumbList","@id":"https:\/\/staging.lucky-hunter.com\/fr\/product\/shoulder-stock-for-retriev-r-trainer-launcher\/#breadcrumb","itemListElement":[{"@type":"ListItem","position":1,"name":"Home","item":"https:\/\/staging.lucky-hunter.com\/fr\/"},{"@type":"ListItem","position":2,"name":"Boutique","item":"https:\/\/staging.lucky-hunter.com\/fr\/shop\/"},{"@type":"ListItem","position":3,"name":"Crosse pour lanceur RETRIEV-R-TRAINER"}]},{"@type":"WebSite","@id":"https:\/\/staging.lucky-hunter.com\/#website","url":"https:\/\/staging.lucky-hunter.com\/","name":"Lucky-Hunter","description":"Gear Up or Give Up","potentialAction":[{"@type":"SearchAction","target":{"@type":"EntryPoint","urlTemplate":"https:\/\/staging.lucky-hunter.com\/?s={search_term_string}"},"query-input":{"@type":"PropertyValueSpecification","valueRequired":true,"valueName":"search_term_string"}}],"inLanguage":"fr-FR"}]}},"_links":{"self":[{"href":"https:\/\/staging.lucky-hunter.com\/fr\/wp-json\/wp\/v2\/product\/61742"}],"collection":[{"href":"https:\/\/staging.lucky-hunter.com\/fr\/wp-json\/wp\/v2\/product"}],"about":[{"href":"https:\/\/staging.lucky-hunter.com\/fr\/wp-json\/wp\/v2\/types\/product"}],"wp:featuredmedia":[{"embeddable":true,"href":"https:\/\/staging.lucky-hunter.com\/fr\/wp-json\/wp\/v2\/media\/63487"}],"wp:attachment":[{"href":"https:\/\/staging.lucky-hunter.com\/fr\/wp-json\/wp\/v2\/media?parent=61742"}],"wp:term":[{"taxonomy":"product_brand","embeddable":true,"href":"https:\/\/staging.lucky-hunter.com\/fr\/wp-json\/wp\/v2\/product_brand?post=61742"},{"taxonomy":"product_cat","embeddable":true,"href":"https:\/\/staging.lucky-hunter.com\/fr\/wp-json\/wp\/v2\/product_cat?post=61742"},{"taxonomy":"product_tag","embeddable":true,"href":"https:\/\/staging.lucky-hunter.com\/fr\/wp-json\/wp\/v2\/product_tag?post=61742"}],"curies":[{"name":"wp","href":"https:\/\/api.w.org\/{rel}","templated":true}]}}