{"id":613668,"date":"2019-12-10T15:31:05","date_gmt":"2019-12-10T14:31:05","guid":{"rendered":"https:\/\/staging.lucky-hunter.com\/product\/housse-neige-pour-affut-final-approach-sub\/"},"modified":"2025-06-26T15:54:14","modified_gmt":"2025-06-26T13:54:14","slug":"housse-neige-pour-affut-final-approach-knock-out","status":"publish","type":"product","link":"https:\/\/staging.lucky-hunter.com\/fr\/product\/housse-neige-pour-affut-final-approach-knock-out\/","title":{"rendered":"Housse Neige pour Aff\u00fbt &#8211; Final Approach Knock Out"},"content":{"rendered":"<h2><strong>Housse Neige pour Aff\u00fbt Final Approach Knockout \u2013 Trait\u00e9e anti-UV<\/strong><\/h2>\n<p>La housse blanche pour aff\u00fbt est parfaite pour la chasse \u00e0 l\u2019oie pendant la saison et en hiver, lorsque les cygnes se reposent et se nourrissent dans les champs.<\/p>\n<p>Cette housse neige vous permet de continuer \u00e0 chasser m\u00eame lorsque le paysage se couvre de blanc.<\/p>\n<p>Vous pouvez ici acheter une housse neige d\u2019origine pour votre aff\u00fbt Knockout de la marque am\u00e9ricaine sp\u00e9cialis\u00e9e dans les oiseaux d\u2019eau, Final Approach.<\/p>\n<p><strong>Caract\u00e9ristiques :<\/strong><\/p>\n<ul>\n<li>Ouvertures lat\u00e9rales d\u2019origine pour l\u2019agitation des drapeaux<\/li>\n<li>Coins \u00e9lastiques pour un ajustement simple et s\u00e9curis\u00e9, avec sangles Velcro pour la maintenir en place<\/li>\n<li>Polyester imperm\u00e9able<\/li>\n<li>Trait\u00e9e anti-UV<\/li>\n<li>Conception robuste<\/li>\n<li>Bandes Stubble Straps\u2122 d\u2019origine pour un camouflage optimal<\/li>\n<\/ul>\n<p>&nbsp;<\/p>\n","protected":false},"excerpt":{"rendered":"<p>Housse neige d\u2019origine pour votre aff\u00fbt Knockout de la marque am\u00e9ricaine Final Approach. Mat\u00e9riau imperm\u00e9able, ajustement parfait.<\/p>\n","protected":false},"featured_media":30048,"template":"","meta":[],"product_brand":[8136],"product_cat":[8164],"product_tag":[9446],"yoast_head":"<!-- This site is optimized with the Yoast SEO plugin v24.3 - https:\/\/yoast.com\/wordpress\/plugins\/seo\/ -->\n<title>Housse Neige pour Aff\u00fbt Final Approach Knockout<\/title>\n<meta name=\"description\" content=\"Housse neige d\u2019origine pour votre aff\u00fbt Knockout de la marque am\u00e9ricaine Final Approach. Mat\u00e9riau imperm\u00e9able, ajustement parfait.\" \/>\n<meta name=\"robots\" content=\"noindex, follow, max-snippet:-1, max-image-preview:large, max-video-preview:-1\" \/>\n<meta property=\"og:locale\" content=\"fr_FR\" \/>\n<meta property=\"og:type\" content=\"article\" \/>\n<meta property=\"og:title\" content=\"Housse Neige pour Aff\u00fbt Final Approach Knockout\" \/>\n<meta property=\"og:description\" content=\"Housse neige d\u2019origine pour votre aff\u00fbt Knockout de la marque am\u00e9ricaine Final Approach. Mat\u00e9riau imperm\u00e9able, ajustement parfait.\" \/>\n<meta property=\"og:url\" content=\"https:\/\/staging.lucky-hunter.com\/fr\/product\/housse-neige-pour-affut-final-approach-knock-out\/\" \/>\n<meta property=\"og:site_name\" content=\"Lucky-Hunter\" \/>\n<meta property=\"article:modified_time\" content=\"2025-06-26T13:54:14+00:00\" \/>\n<meta property=\"og:image\" content=\"https:\/\/staging.lucky-hunter.com\/wp-content\/uploads\/2019\/12\/LF-305.png\" \/>\n\t<meta property=\"og:image:width\" content=\"1000\" \/>\n\t<meta property=\"og:image:height\" content=\"1000\" \/>\n\t<meta property=\"og:image:type\" content=\"image\/png\" \/>\n<meta name=\"twitter:card\" content=\"summary_large_image\" \/>\n<meta name=\"twitter:label1\" content=\"Dur\u00e9e de lecture estim\u00e9e\" \/>\n\t<meta name=\"twitter:data1\" content=\"1 minute\" \/>\n<script type=\"application\/ld+json\" class=\"yoast-schema-graph\">{\"@context\":\"https:\/\/schema.org\",\"@graph\":[{\"@type\":\"WebPage\",\"@id\":\"https:\/\/staging.lucky-hunter.com\/fr\/product\/housse-neige-pour-affut-final-approach-knock-out\/\",\"url\":\"https:\/\/staging.lucky-hunter.com\/fr\/product\/housse-neige-pour-affut-final-approach-knock-out\/\",\"name\":\"Housse Neige pour Aff\u00fbt Final Approach Knockout\",\"isPartOf\":{\"@id\":\"https:\/\/staging.lucky-hunter.com\/#website\"},\"primaryImageOfPage\":{\"@id\":\"https:\/\/staging.lucky-hunter.com\/fr\/product\/housse-neige-pour-affut-final-approach-knock-out\/#primaryimage\"},\"image\":{\"@id\":\"https:\/\/staging.lucky-hunter.com\/fr\/product\/housse-neige-pour-affut-final-approach-knock-out\/#primaryimage\"},\"thumbnailUrl\":\"https:\/\/staging.lucky-hunter.com\/wp-content\/uploads\/2019\/12\/LF-305.png\",\"datePublished\":\"2019-12-10T14:31:05+00:00\",\"dateModified\":\"2025-06-26T13:54:14+00:00\",\"description\":\"Housse neige d\u2019origine pour votre aff\u00fbt Knockout de la marque am\u00e9ricaine Final Approach. Mat\u00e9riau imperm\u00e9able, ajustement parfait.\",\"breadcrumb\":{\"@id\":\"https:\/\/staging.lucky-hunter.com\/fr\/product\/housse-neige-pour-affut-final-approach-knock-out\/#breadcrumb\"},\"inLanguage\":\"fr-FR\",\"potentialAction\":[{\"@type\":\"ReadAction\",\"target\":[\"https:\/\/staging.lucky-hunter.com\/fr\/product\/housse-neige-pour-affut-final-approach-knock-out\/\"]}]},{\"@type\":\"ImageObject\",\"inLanguage\":\"fr-FR\",\"@id\":\"https:\/\/staging.lucky-hunter.com\/fr\/product\/housse-neige-pour-affut-final-approach-knock-out\/#primaryimage\",\"url\":\"https:\/\/staging.lucky-hunter.com\/wp-content\/uploads\/2019\/12\/LF-305.png\",\"contentUrl\":\"https:\/\/staging.lucky-hunter.com\/wp-content\/uploads\/2019\/12\/LF-305.png\",\"width\":1000,\"height\":1000,\"caption\":\"Image de la housse neige Final Approach SUB\"},{\"@type\":\"BreadcrumbList\",\"@id\":\"https:\/\/staging.lucky-hunter.com\/fr\/product\/housse-neige-pour-affut-final-approach-knock-out\/#breadcrumb\",\"itemListElement\":[{\"@type\":\"ListItem\",\"position\":1,\"name\":\"Home\",\"item\":\"https:\/\/staging.lucky-hunter.com\/fr\/\"},{\"@type\":\"ListItem\",\"position\":2,\"name\":\"Boutique\",\"item\":\"https:\/\/staging.lucky-hunter.com\/fr\/shop\/\"},{\"@type\":\"ListItem\",\"position\":3,\"name\":\"Housse Neige pour Aff\u00fbt &#8211; Final Approach Knock Out\"}]},{\"@type\":\"WebSite\",\"@id\":\"https:\/\/staging.lucky-hunter.com\/#website\",\"url\":\"https:\/\/staging.lucky-hunter.com\/\",\"name\":\"Lucky-Hunter\",\"description\":\"Gear Up or Give Up\",\"potentialAction\":[{\"@type\":\"SearchAction\",\"target\":{\"@type\":\"EntryPoint\",\"urlTemplate\":\"https:\/\/staging.lucky-hunter.com\/?s={search_term_string}\"},\"query-input\":{\"@type\":\"PropertyValueSpecification\",\"valueRequired\":true,\"valueName\":\"search_term_string\"}}],\"inLanguage\":\"fr-FR\"}]}<\/script>\n<!-- \/ Yoast SEO plugin. -->","yoast_head_json":{"title":"Housse Neige pour Aff\u00fbt Final Approach Knockout","description":"Housse neige d\u2019origine pour votre aff\u00fbt Knockout de la marque am\u00e9ricaine Final Approach. Mat\u00e9riau imperm\u00e9able, ajustement parfait.","robots":{"index":"noindex","follow":"follow","max-snippet":"max-snippet:-1","max-image-preview":"max-image-preview:large","max-video-preview":"max-video-preview:-1"},"og_locale":"fr_FR","og_type":"article","og_title":"Housse Neige pour Aff\u00fbt Final Approach Knockout","og_description":"Housse neige d\u2019origine pour votre aff\u00fbt Knockout de la marque am\u00e9ricaine Final Approach. Mat\u00e9riau imperm\u00e9able, ajustement parfait.","og_url":"https:\/\/staging.lucky-hunter.com\/fr\/product\/housse-neige-pour-affut-final-approach-knock-out\/","og_site_name":"Lucky-Hunter","article_modified_time":"2025-06-26T13:54:14+00:00","og_image":[{"width":1000,"height":1000,"url":"https:\/\/staging.lucky-hunter.com\/wp-content\/uploads\/2019\/12\/LF-305.png","type":"image\/png"}],"twitter_card":"summary_large_image","twitter_misc":{"Dur\u00e9e de lecture estim\u00e9e":"1 minute"},"schema":{"@context":"https:\/\/schema.org","@graph":[{"@type":"WebPage","@id":"https:\/\/staging.lucky-hunter.com\/fr\/product\/housse-neige-pour-affut-final-approach-knock-out\/","url":"https:\/\/staging.lucky-hunter.com\/fr\/product\/housse-neige-pour-affut-final-approach-knock-out\/","name":"Housse Neige pour Aff\u00fbt Final Approach Knockout","isPartOf":{"@id":"https:\/\/staging.lucky-hunter.com\/#website"},"primaryImageOfPage":{"@id":"https:\/\/staging.lucky-hunter.com\/fr\/product\/housse-neige-pour-affut-final-approach-knock-out\/#primaryimage"},"image":{"@id":"https:\/\/staging.lucky-hunter.com\/fr\/product\/housse-neige-pour-affut-final-approach-knock-out\/#primaryimage"},"thumbnailUrl":"https:\/\/staging.lucky-hunter.com\/wp-content\/uploads\/2019\/12\/LF-305.png","datePublished":"2019-12-10T14:31:05+00:00","dateModified":"2025-06-26T13:54:14+00:00","description":"Housse neige d\u2019origine pour votre aff\u00fbt Knockout de la marque am\u00e9ricaine Final Approach. Mat\u00e9riau imperm\u00e9able, ajustement parfait.","breadcrumb":{"@id":"https:\/\/staging.lucky-hunter.com\/fr\/product\/housse-neige-pour-affut-final-approach-knock-out\/#breadcrumb"},"inLanguage":"fr-FR","potentialAction":[{"@type":"ReadAction","target":["https:\/\/staging.lucky-hunter.com\/fr\/product\/housse-neige-pour-affut-final-approach-knock-out\/"]}]},{"@type":"ImageObject","inLanguage":"fr-FR","@id":"https:\/\/staging.lucky-hunter.com\/fr\/product\/housse-neige-pour-affut-final-approach-knock-out\/#primaryimage","url":"https:\/\/staging.lucky-hunter.com\/wp-content\/uploads\/2019\/12\/LF-305.png","contentUrl":"https:\/\/staging.lucky-hunter.com\/wp-content\/uploads\/2019\/12\/LF-305.png","width":1000,"height":1000,"caption":"Image de la housse neige Final Approach SUB"},{"@type":"BreadcrumbList","@id":"https:\/\/staging.lucky-hunter.com\/fr\/product\/housse-neige-pour-affut-final-approach-knock-out\/#breadcrumb","itemListElement":[{"@type":"ListItem","position":1,"name":"Home","item":"https:\/\/staging.lucky-hunter.com\/fr\/"},{"@type":"ListItem","position":2,"name":"Boutique","item":"https:\/\/staging.lucky-hunter.com\/fr\/shop\/"},{"@type":"ListItem","position":3,"name":"Housse Neige pour Aff\u00fbt &#8211; Final Approach Knock Out"}]},{"@type":"WebSite","@id":"https:\/\/staging.lucky-hunter.com\/#website","url":"https:\/\/staging.lucky-hunter.com\/","name":"Lucky-Hunter","description":"Gear Up or Give Up","potentialAction":[{"@type":"SearchAction","target":{"@type":"EntryPoint","urlTemplate":"https:\/\/staging.lucky-hunter.com\/?s={search_term_string}"},"query-input":{"@type":"PropertyValueSpecification","valueRequired":true,"valueName":"search_term_string"}}],"inLanguage":"fr-FR"}]}},"_links":{"self":[{"href":"https:\/\/staging.lucky-hunter.com\/fr\/wp-json\/wp\/v2\/product\/613668"}],"collection":[{"href":"https:\/\/staging.lucky-hunter.com\/fr\/wp-json\/wp\/v2\/product"}],"about":[{"href":"https:\/\/staging.lucky-hunter.com\/fr\/wp-json\/wp\/v2\/types\/product"}],"wp:featuredmedia":[{"embeddable":true,"href":"https:\/\/staging.lucky-hunter.com\/fr\/wp-json\/wp\/v2\/media\/30048"}],"wp:attachment":[{"href":"https:\/\/staging.lucky-hunter.com\/fr\/wp-json\/wp\/v2\/media?parent=613668"}],"wp:term":[{"taxonomy":"product_brand","embeddable":true,"href":"https:\/\/staging.lucky-hunter.com\/fr\/wp-json\/wp\/v2\/product_brand?post=613668"},{"taxonomy":"product_cat","embeddable":true,"href":"https:\/\/staging.lucky-hunter.com\/fr\/wp-json\/wp\/v2\/product_cat?post=613668"},{"taxonomy":"product_tag","embeddable":true,"href":"https:\/\/staging.lucky-hunter.com\/fr\/wp-json\/wp\/v2\/product_tag?post=613668"}],"curies":[{"name":"wp","href":"https:\/\/api.w.org\/{rel}","templated":true}]}}