{"id":613518,"date":"2025-02-11T03:55:50","date_gmt":"2025-02-11T02:55:50","guid":{"rendered":"https:\/\/staging.lucky-hunter.com\/product\/formes-silhouettes-final-approach-live-corneille-mantelee-12-pcs\/"},"modified":"2025-06-23T14:06:06","modified_gmt":"2025-06-23T12:06:06","slug":"formes-silhouettes-final-approach-live-corneille-mantelee-12-pcs","status":"publish","type":"product","link":"https:\/\/staging.lucky-hunter.com\/fr\/product\/formes-silhouettes-final-approach-live-corneille-mantelee-12-pcs\/","title":{"rendered":"Formes Silhouettes Corneille Mantel\u00e9e &#8211; Final Approach Live 12 pcs"},"content":{"rendered":"<h2><strong>Formes Silhouettes Final Approach Live \u2013 Corneille Mantel\u00e9e<\/strong><\/h2>\n<div>Les formes corneille Mantel\u00e9e silhouettes de la s\u00e9rie Final Approach Live sont des impressions photo-r\u00e9alistes de vraies corneilles mantel\u00e9es, ce qui les rend encore plus r\u00e9alistes.<\/div>\n<div><\/div>\n<div>Le grand avantage des formes silhouettes est que vous pouvez cr\u00e9er une grande zone d\u2019oiseaux en train de se nourrir ou de se reposer sans transporter les sacs lourds de formes pleine-corps.<\/div>\n<div><\/div>\n<div>Il suffit de placer les silhouettes dans une disposition vari\u00e9e avec des formes pleine-corps. C\u2019est une m\u00e9thode tr\u00e8s efficace pour camoufler votre aff\u00fbt, car les corneilles seront attir\u00e9es par le nombre de cong\u00e9n\u00e8res.<\/div>\n<div><\/div>\n<div>Veillez \u00e0 varier l\u2019angle des silhouettes afin que les corneilles puissent les voir sous tous les angles.<\/div>\n<div><\/div>\n<div>Fabriqu\u00e9es en taille surdimensionn\u00e9e pour une visibilit\u00e9 encore meilleure sur le terrain.<\/div>\n<div><\/div>\n<div>Contenu de l\u2019emballage :<\/div>\n<div><\/div>\n<div>4 x Mangeuses<\/div>\n<div>4 x Appeleuses<\/div>\n<div>4 x Debout<\/div>\n<div>12 x piquets doubles en m\u00e9tal, plus faciles \u00e0 planter dans un sol gel\u00e9.<\/div>\n<div><\/div>\n<div>Fabriqu\u00e9es dans un mat\u00e9riau r\u00e9sistant, mais les silhouettes peuvent n\u00e9anmoins se courber ou se plier si elles ne sont pas manipul\u00e9es correctement. Nous vous recommandons donc de les transporter et de les stocker dans un sac de transport.<\/div>\n","protected":false},"excerpt":{"rendered":"<div>Les formes silhouettes de la s\u00e9rie Final Approach Live sont des impressions photo-r\u00e9alistes de vraies corneilles mantel\u00e9es, ce qui les rend encore plus r\u00e9alistes.<\/div>\n<div><\/div>\n","protected":false},"featured_media":1362695,"template":"","meta":[],"product_brand":[9557],"product_cat":[8243],"product_tag":[],"yoast_head":"<!-- This site is optimized with the Yoast SEO plugin v24.3 - https:\/\/yoast.com\/wordpress\/plugins\/seo\/ -->\n<title>Formes Silhouettes Corneille Mantel\u00e9e - Final Approach Live 12 pcs - Lucky-Hunter<\/title>\n<meta name=\"description\" content=\"Les formes corneille Mantel\u00e9e silhouettes de la s\u00e9rie Final Approach Live sont des impressions photo-r\u00e9alistes de vraies corneilles mantel\u00e9es.\" \/>\n<meta name=\"robots\" content=\"noindex, follow, max-snippet:-1, max-image-preview:large, max-video-preview:-1\" \/>\n<meta property=\"og:locale\" content=\"fr_FR\" \/>\n<meta property=\"og:type\" content=\"article\" \/>\n<meta property=\"og:title\" content=\"Formes Silhouettes Corneille Mantel\u00e9e - Final Approach Live 12 pcs - Lucky-Hunter\" \/>\n<meta property=\"og:description\" content=\"Les formes corneille Mantel\u00e9e silhouettes de la s\u00e9rie Final Approach Live sont des impressions photo-r\u00e9alistes de vraies corneilles mantel\u00e9es.\" \/>\n<meta property=\"og:url\" content=\"https:\/\/staging.lucky-hunter.com\/fr\/product\/formes-silhouettes-final-approach-live-corneille-mantelee-12-pcs\/\" \/>\n<meta property=\"og:site_name\" content=\"Lucky-Hunter\" \/>\n<meta property=\"article:modified_time\" content=\"2025-06-23T12:06:06+00:00\" \/>\n<meta property=\"og:image\" content=\"https:\/\/staging.lucky-hunter.com\/wp-content\/uploads\/2025\/02\/IMG_7337-removebg-e1756128261811.png\" \/>\n\t<meta property=\"og:image:width\" content=\"3024\" \/>\n\t<meta property=\"og:image:height\" content=\"4032\" \/>\n\t<meta property=\"og:image:type\" content=\"image\/png\" \/>\n<meta name=\"twitter:card\" content=\"summary_large_image\" \/>\n<meta name=\"twitter:label1\" content=\"Dur\u00e9e de lecture estim\u00e9e\" \/>\n\t<meta name=\"twitter:data1\" content=\"1 minute\" \/>\n<script type=\"application\/ld+json\" class=\"yoast-schema-graph\">{\"@context\":\"https:\/\/schema.org\",\"@graph\":[{\"@type\":\"WebPage\",\"@id\":\"https:\/\/staging.lucky-hunter.com\/fr\/product\/formes-silhouettes-final-approach-live-corneille-mantelee-12-pcs\/\",\"url\":\"https:\/\/staging.lucky-hunter.com\/fr\/product\/formes-silhouettes-final-approach-live-corneille-mantelee-12-pcs\/\",\"name\":\"Formes Silhouettes Corneille Mantel\u00e9e - Final Approach Live 12 pcs - Lucky-Hunter\",\"isPartOf\":{\"@id\":\"https:\/\/staging.lucky-hunter.com\/#website\"},\"primaryImageOfPage\":{\"@id\":\"https:\/\/staging.lucky-hunter.com\/fr\/product\/formes-silhouettes-final-approach-live-corneille-mantelee-12-pcs\/#primaryimage\"},\"image\":{\"@id\":\"https:\/\/staging.lucky-hunter.com\/fr\/product\/formes-silhouettes-final-approach-live-corneille-mantelee-12-pcs\/#primaryimage\"},\"thumbnailUrl\":\"https:\/\/staging.lucky-hunter.com\/wp-content\/uploads\/2025\/02\/IMG_7337-removebg-e1756128261811.png\",\"datePublished\":\"2025-02-11T02:55:50+00:00\",\"dateModified\":\"2025-06-23T12:06:06+00:00\",\"description\":\"Les formes corneille Mantel\u00e9e silhouettes de la s\u00e9rie Final Approach Live sont des impressions photo-r\u00e9alistes de vraies corneilles mantel\u00e9es.\",\"breadcrumb\":{\"@id\":\"https:\/\/staging.lucky-hunter.com\/fr\/product\/formes-silhouettes-final-approach-live-corneille-mantelee-12-pcs\/#breadcrumb\"},\"inLanguage\":\"fr-FR\",\"potentialAction\":[{\"@type\":\"ReadAction\",\"target\":[\"https:\/\/staging.lucky-hunter.com\/fr\/product\/formes-silhouettes-final-approach-live-corneille-mantelee-12-pcs\/\"]}]},{\"@type\":\"ImageObject\",\"inLanguage\":\"fr-FR\",\"@id\":\"https:\/\/staging.lucky-hunter.com\/fr\/product\/formes-silhouettes-final-approach-live-corneille-mantelee-12-pcs\/#primaryimage\",\"url\":\"https:\/\/staging.lucky-hunter.com\/wp-content\/uploads\/2025\/02\/IMG_7337-removebg-e1756128261811.png\",\"contentUrl\":\"https:\/\/staging.lucky-hunter.com\/wp-content\/uploads\/2025\/02\/IMG_7337-removebg-e1756128261811.png\",\"width\":3024,\"height\":4032},{\"@type\":\"BreadcrumbList\",\"@id\":\"https:\/\/staging.lucky-hunter.com\/fr\/product\/formes-silhouettes-final-approach-live-corneille-mantelee-12-pcs\/#breadcrumb\",\"itemListElement\":[{\"@type\":\"ListItem\",\"position\":1,\"name\":\"Home\",\"item\":\"https:\/\/staging.lucky-hunter.com\/fr\/\"},{\"@type\":\"ListItem\",\"position\":2,\"name\":\"Boutique\",\"item\":\"https:\/\/staging.lucky-hunter.com\/fr\/shop\/\"},{\"@type\":\"ListItem\",\"position\":3,\"name\":\"Formes Silhouettes Corneille Mantel\u00e9e &#8211; Final Approach Live 12 pcs\"}]},{\"@type\":\"WebSite\",\"@id\":\"https:\/\/staging.lucky-hunter.com\/#website\",\"url\":\"https:\/\/staging.lucky-hunter.com\/\",\"name\":\"Lucky-Hunter\",\"description\":\"Gear Up or Give Up\",\"potentialAction\":[{\"@type\":\"SearchAction\",\"target\":{\"@type\":\"EntryPoint\",\"urlTemplate\":\"https:\/\/staging.lucky-hunter.com\/?s={search_term_string}\"},\"query-input\":{\"@type\":\"PropertyValueSpecification\",\"valueRequired\":true,\"valueName\":\"search_term_string\"}}],\"inLanguage\":\"fr-FR\"}]}<\/script>\n<!-- \/ Yoast SEO plugin. -->","yoast_head_json":{"title":"Formes Silhouettes Corneille Mantel\u00e9e - Final Approach Live 12 pcs - Lucky-Hunter","description":"Les formes corneille Mantel\u00e9e silhouettes de la s\u00e9rie Final Approach Live sont des impressions photo-r\u00e9alistes de vraies corneilles mantel\u00e9es.","robots":{"index":"noindex","follow":"follow","max-snippet":"max-snippet:-1","max-image-preview":"max-image-preview:large","max-video-preview":"max-video-preview:-1"},"og_locale":"fr_FR","og_type":"article","og_title":"Formes Silhouettes Corneille Mantel\u00e9e - Final Approach Live 12 pcs - Lucky-Hunter","og_description":"Les formes corneille Mantel\u00e9e silhouettes de la s\u00e9rie Final Approach Live sont des impressions photo-r\u00e9alistes de vraies corneilles mantel\u00e9es.","og_url":"https:\/\/staging.lucky-hunter.com\/fr\/product\/formes-silhouettes-final-approach-live-corneille-mantelee-12-pcs\/","og_site_name":"Lucky-Hunter","article_modified_time":"2025-06-23T12:06:06+00:00","og_image":[{"url":"https:\/\/staging.lucky-hunter.com\/wp-content\/uploads\/2025\/02\/IMG_7337-removebg-e1756128261811.png","width":3024,"height":4032,"type":"image\/png"}],"twitter_card":"summary_large_image","twitter_misc":{"Dur\u00e9e de lecture estim\u00e9e":"1 minute"},"schema":{"@context":"https:\/\/schema.org","@graph":[{"@type":"WebPage","@id":"https:\/\/staging.lucky-hunter.com\/fr\/product\/formes-silhouettes-final-approach-live-corneille-mantelee-12-pcs\/","url":"https:\/\/staging.lucky-hunter.com\/fr\/product\/formes-silhouettes-final-approach-live-corneille-mantelee-12-pcs\/","name":"Formes Silhouettes Corneille Mantel\u00e9e - Final Approach Live 12 pcs - Lucky-Hunter","isPartOf":{"@id":"https:\/\/staging.lucky-hunter.com\/#website"},"primaryImageOfPage":{"@id":"https:\/\/staging.lucky-hunter.com\/fr\/product\/formes-silhouettes-final-approach-live-corneille-mantelee-12-pcs\/#primaryimage"},"image":{"@id":"https:\/\/staging.lucky-hunter.com\/fr\/product\/formes-silhouettes-final-approach-live-corneille-mantelee-12-pcs\/#primaryimage"},"thumbnailUrl":"https:\/\/staging.lucky-hunter.com\/wp-content\/uploads\/2025\/02\/IMG_7337-removebg-e1756128261811.png","datePublished":"2025-02-11T02:55:50+00:00","dateModified":"2025-06-23T12:06:06+00:00","description":"Les formes corneille Mantel\u00e9e silhouettes de la s\u00e9rie Final Approach Live sont des impressions photo-r\u00e9alistes de vraies corneilles mantel\u00e9es.","breadcrumb":{"@id":"https:\/\/staging.lucky-hunter.com\/fr\/product\/formes-silhouettes-final-approach-live-corneille-mantelee-12-pcs\/#breadcrumb"},"inLanguage":"fr-FR","potentialAction":[{"@type":"ReadAction","target":["https:\/\/staging.lucky-hunter.com\/fr\/product\/formes-silhouettes-final-approach-live-corneille-mantelee-12-pcs\/"]}]},{"@type":"ImageObject","inLanguage":"fr-FR","@id":"https:\/\/staging.lucky-hunter.com\/fr\/product\/formes-silhouettes-final-approach-live-corneille-mantelee-12-pcs\/#primaryimage","url":"https:\/\/staging.lucky-hunter.com\/wp-content\/uploads\/2025\/02\/IMG_7337-removebg-e1756128261811.png","contentUrl":"https:\/\/staging.lucky-hunter.com\/wp-content\/uploads\/2025\/02\/IMG_7337-removebg-e1756128261811.png","width":3024,"height":4032},{"@type":"BreadcrumbList","@id":"https:\/\/staging.lucky-hunter.com\/fr\/product\/formes-silhouettes-final-approach-live-corneille-mantelee-12-pcs\/#breadcrumb","itemListElement":[{"@type":"ListItem","position":1,"name":"Home","item":"https:\/\/staging.lucky-hunter.com\/fr\/"},{"@type":"ListItem","position":2,"name":"Boutique","item":"https:\/\/staging.lucky-hunter.com\/fr\/shop\/"},{"@type":"ListItem","position":3,"name":"Formes Silhouettes Corneille Mantel\u00e9e &#8211; Final Approach Live 12 pcs"}]},{"@type":"WebSite","@id":"https:\/\/staging.lucky-hunter.com\/#website","url":"https:\/\/staging.lucky-hunter.com\/","name":"Lucky-Hunter","description":"Gear Up or Give Up","potentialAction":[{"@type":"SearchAction","target":{"@type":"EntryPoint","urlTemplate":"https:\/\/staging.lucky-hunter.com\/?s={search_term_string}"},"query-input":{"@type":"PropertyValueSpecification","valueRequired":true,"valueName":"search_term_string"}}],"inLanguage":"fr-FR"}]}},"_links":{"self":[{"href":"https:\/\/staging.lucky-hunter.com\/fr\/wp-json\/wp\/v2\/product\/613518"}],"collection":[{"href":"https:\/\/staging.lucky-hunter.com\/fr\/wp-json\/wp\/v2\/product"}],"about":[{"href":"https:\/\/staging.lucky-hunter.com\/fr\/wp-json\/wp\/v2\/types\/product"}],"wp:featuredmedia":[{"embeddable":true,"href":"https:\/\/staging.lucky-hunter.com\/fr\/wp-json\/wp\/v2\/media\/1362695"}],"wp:attachment":[{"href":"https:\/\/staging.lucky-hunter.com\/fr\/wp-json\/wp\/v2\/media?parent=613518"}],"wp:term":[{"taxonomy":"product_brand","embeddable":true,"href":"https:\/\/staging.lucky-hunter.com\/fr\/wp-json\/wp\/v2\/product_brand?post=613518"},{"taxonomy":"product_cat","embeddable":true,"href":"https:\/\/staging.lucky-hunter.com\/fr\/wp-json\/wp\/v2\/product_cat?post=613518"},{"taxonomy":"product_tag","embeddable":true,"href":"https:\/\/staging.lucky-hunter.com\/fr\/wp-json\/wp\/v2\/product_tag?post=613518"}],"curies":[{"name":"wp","href":"https:\/\/api.w.org\/{rel}","templated":true}]}}