{"id":613439,"date":"2025-02-06T15:52:20","date_gmt":"2025-02-06T14:52:20","guid":{"rendered":"https:\/\/staging.lucky-hunter.com\/product\/final-approach-formes-silhouettes-de-corbeaux-floquees-12-pcs\/"},"modified":"2025-06-23T14:08:18","modified_gmt":"2025-06-23T12:08:18","slug":"final-approach-formes-silhouettes-de-corbeaux-floquees-12-pcs","status":"publish","type":"product","link":"https:\/\/staging.lucky-hunter.com\/fr\/product\/final-approach-formes-silhouettes-de-corbeaux-floquees-12-pcs\/","title":{"rendered":"Formes Silhouettes de Corbeaux Floqu\u00e9es &#8211; Final Approach 12 pcs"},"content":{"rendered":"<h2><strong>Formes Silhouettes de Corbeaux Final Approach<\/strong><\/h2>\n<div>Le grand avantage des formes Corbeaux silhouettes est que vous pouvez cr\u00e9er un grand groupe d\u2019oiseaux en train de se nourrir et de se reposer sans avoir \u00e0 transporter uniquement des sacs lourds remplis de formes en taille r\u00e9elle.<\/div>\n<div><\/div>\n<div>Placez simplement les silhouettes dans une disposition vari\u00e9e avec des formes en taille r\u00e9elle. C\u2019est un moyen tr\u00e8s efficace de dissimuler votre aff\u00fbt, car les corbeaux seront concentr\u00e9s sur le nombre de cong\u00e9n\u00e8res pr\u00e9sents.<\/div>\n<div><\/div>\n<div>Veillez \u00e0 varier l\u2019angle des silhouettes pour que les corbeaux les voient sous tous les angles.<\/div>\n<div><\/div>\n<div>Les silhouettes sont enti\u00e8rement floqu\u00e9es et fabriqu\u00e9es en format surdimensionn\u00e9 pour une meilleure visibilit\u00e9 dans le champ.<\/div>\n<div><\/div>\n<div>Contenu du paquet :<\/div>\n<div><\/div>\n<div>4 x Corbeaux en train de se nourrir<\/div>\n<div>4 x Corbeaux appelants<\/div>\n<div>4 x Corbeaux en position debout<\/div>\n<div>12 x piquets doubles en m\u00e9tal, plus faciles \u00e0 planter dans un sol gel\u00e9.<\/div>\n<div><\/div>\n<div>Fabriqu\u00e9es dans un mat\u00e9riau solide, mais les silhouettes peuvent quand m\u00eame se courber ou se plier si elles ne sont pas manipul\u00e9es correctement. Nous vous recommandons donc de les transporter et de les stocker dans un sac de transport.<\/div>\n","protected":false},"excerpt":{"rendered":"<p>Le grand avantage des formes Corbeaux silhouettes est que vous pouvez cr\u00e9er un grand groupe d\u2019oiseaux en train de se nourrir et de se reposer.<\/p>\n","protected":false},"featured_media":1362508,"template":"","meta":[],"product_brand":[8136],"product_cat":[8243],"product_tag":[],"yoast_head":"<!-- This site is optimized with the Yoast SEO plugin v24.3 - https:\/\/yoast.com\/wordpress\/plugins\/seo\/ -->\n<title>Formes Silhouettes de Corbeaux Floqu\u00e9es - Final Approach 12 pcs - Lucky-Hunter<\/title>\n<meta name=\"description\" content=\"Le grand avantage des formes Corbeaux silhouettes est que vous pouvez cr\u00e9er un grand groupe d\u2019oiseaux en train de se nourrir et de se reposer.\u00a0\" \/>\n<meta name=\"robots\" content=\"noindex, follow, max-snippet:-1, max-image-preview:large, max-video-preview:-1\" \/>\n<meta property=\"og:locale\" content=\"fr_FR\" \/>\n<meta property=\"og:type\" content=\"article\" \/>\n<meta property=\"og:title\" content=\"Formes Silhouettes de Corbeaux Floqu\u00e9es - Final Approach 12 pcs - Lucky-Hunter\" \/>\n<meta property=\"og:description\" content=\"Le grand avantage des formes Corbeaux silhouettes est que vous pouvez cr\u00e9er un grand groupe d\u2019oiseaux en train de se nourrir et de se reposer.\u00a0\" \/>\n<meta property=\"og:url\" content=\"https:\/\/staging.lucky-hunter.com\/fr\/product\/final-approach-formes-silhouettes-de-corbeaux-floquees-12-pcs\/\" \/>\n<meta property=\"og:site_name\" content=\"Lucky-Hunter\" \/>\n<meta property=\"article:modified_time\" content=\"2025-06-23T12:08:18+00:00\" \/>\n<meta property=\"og:image\" content=\"https:\/\/staging.lucky-hunter.com\/wp-content\/uploads\/2025\/02\/LF-441-2-removebg-e1756124317755.png\" \/>\n\t<meta property=\"og:image:width\" content=\"1426\" \/>\n\t<meta property=\"og:image:height\" content=\"1426\" \/>\n\t<meta property=\"og:image:type\" content=\"image\/png\" \/>\n<meta name=\"twitter:card\" content=\"summary_large_image\" \/>\n<meta name=\"twitter:label1\" content=\"Dur\u00e9e de lecture estim\u00e9e\" \/>\n\t<meta name=\"twitter:data1\" content=\"1 minute\" \/>\n<script type=\"application\/ld+json\" class=\"yoast-schema-graph\">{\"@context\":\"https:\/\/schema.org\",\"@graph\":[{\"@type\":\"WebPage\",\"@id\":\"https:\/\/staging.lucky-hunter.com\/fr\/product\/final-approach-formes-silhouettes-de-corbeaux-floquees-12-pcs\/\",\"url\":\"https:\/\/staging.lucky-hunter.com\/fr\/product\/final-approach-formes-silhouettes-de-corbeaux-floquees-12-pcs\/\",\"name\":\"Formes Silhouettes de Corbeaux Floqu\u00e9es - Final Approach 12 pcs - Lucky-Hunter\",\"isPartOf\":{\"@id\":\"https:\/\/staging.lucky-hunter.com\/#website\"},\"primaryImageOfPage\":{\"@id\":\"https:\/\/staging.lucky-hunter.com\/fr\/product\/final-approach-formes-silhouettes-de-corbeaux-floquees-12-pcs\/#primaryimage\"},\"image\":{\"@id\":\"https:\/\/staging.lucky-hunter.com\/fr\/product\/final-approach-formes-silhouettes-de-corbeaux-floquees-12-pcs\/#primaryimage\"},\"thumbnailUrl\":\"https:\/\/staging.lucky-hunter.com\/wp-content\/uploads\/2025\/02\/LF-441-2-removebg-e1756124317755.png\",\"datePublished\":\"2025-02-06T14:52:20+00:00\",\"dateModified\":\"2025-06-23T12:08:18+00:00\",\"description\":\"Le grand avantage des formes Corbeaux silhouettes est que vous pouvez cr\u00e9er un grand groupe d\u2019oiseaux en train de se nourrir et de se reposer.\u00a0\",\"breadcrumb\":{\"@id\":\"https:\/\/staging.lucky-hunter.com\/fr\/product\/final-approach-formes-silhouettes-de-corbeaux-floquees-12-pcs\/#breadcrumb\"},\"inLanguage\":\"fr-FR\",\"potentialAction\":[{\"@type\":\"ReadAction\",\"target\":[\"https:\/\/staging.lucky-hunter.com\/fr\/product\/final-approach-formes-silhouettes-de-corbeaux-floquees-12-pcs\/\"]}]},{\"@type\":\"ImageObject\",\"inLanguage\":\"fr-FR\",\"@id\":\"https:\/\/staging.lucky-hunter.com\/fr\/product\/final-approach-formes-silhouettes-de-corbeaux-floquees-12-pcs\/#primaryimage\",\"url\":\"https:\/\/staging.lucky-hunter.com\/wp-content\/uploads\/2025\/02\/LF-441-2-removebg-e1756124317755.png\",\"contentUrl\":\"https:\/\/staging.lucky-hunter.com\/wp-content\/uploads\/2025\/02\/LF-441-2-removebg-e1756124317755.png\",\"width\":1426,\"height\":1426},{\"@type\":\"BreadcrumbList\",\"@id\":\"https:\/\/staging.lucky-hunter.com\/fr\/product\/final-approach-formes-silhouettes-de-corbeaux-floquees-12-pcs\/#breadcrumb\",\"itemListElement\":[{\"@type\":\"ListItem\",\"position\":1,\"name\":\"Home\",\"item\":\"https:\/\/staging.lucky-hunter.com\/fr\/\"},{\"@type\":\"ListItem\",\"position\":2,\"name\":\"Boutique\",\"item\":\"https:\/\/staging.lucky-hunter.com\/fr\/shop\/\"},{\"@type\":\"ListItem\",\"position\":3,\"name\":\"Formes Silhouettes de Corbeaux Floqu\u00e9es &#8211; Final Approach 12 pcs\"}]},{\"@type\":\"WebSite\",\"@id\":\"https:\/\/staging.lucky-hunter.com\/#website\",\"url\":\"https:\/\/staging.lucky-hunter.com\/\",\"name\":\"Lucky-Hunter\",\"description\":\"Gear Up or Give Up\",\"potentialAction\":[{\"@type\":\"SearchAction\",\"target\":{\"@type\":\"EntryPoint\",\"urlTemplate\":\"https:\/\/staging.lucky-hunter.com\/?s={search_term_string}\"},\"query-input\":{\"@type\":\"PropertyValueSpecification\",\"valueRequired\":true,\"valueName\":\"search_term_string\"}}],\"inLanguage\":\"fr-FR\"}]}<\/script>\n<!-- \/ Yoast SEO plugin. -->","yoast_head_json":{"title":"Formes Silhouettes de Corbeaux Floqu\u00e9es - Final Approach 12 pcs - Lucky-Hunter","description":"Le grand avantage des formes Corbeaux silhouettes est que vous pouvez cr\u00e9er un grand groupe d\u2019oiseaux en train de se nourrir et de se reposer.\u00a0","robots":{"index":"noindex","follow":"follow","max-snippet":"max-snippet:-1","max-image-preview":"max-image-preview:large","max-video-preview":"max-video-preview:-1"},"og_locale":"fr_FR","og_type":"article","og_title":"Formes Silhouettes de Corbeaux Floqu\u00e9es - Final Approach 12 pcs - Lucky-Hunter","og_description":"Le grand avantage des formes Corbeaux silhouettes est que vous pouvez cr\u00e9er un grand groupe d\u2019oiseaux en train de se nourrir et de se reposer.\u00a0","og_url":"https:\/\/staging.lucky-hunter.com\/fr\/product\/final-approach-formes-silhouettes-de-corbeaux-floquees-12-pcs\/","og_site_name":"Lucky-Hunter","article_modified_time":"2025-06-23T12:08:18+00:00","og_image":[{"width":1426,"height":1426,"url":"https:\/\/staging.lucky-hunter.com\/wp-content\/uploads\/2025\/02\/LF-441-2-removebg-e1756124317755.png","type":"image\/png"}],"twitter_card":"summary_large_image","twitter_misc":{"Dur\u00e9e de lecture estim\u00e9e":"1 minute"},"schema":{"@context":"https:\/\/schema.org","@graph":[{"@type":"WebPage","@id":"https:\/\/staging.lucky-hunter.com\/fr\/product\/final-approach-formes-silhouettes-de-corbeaux-floquees-12-pcs\/","url":"https:\/\/staging.lucky-hunter.com\/fr\/product\/final-approach-formes-silhouettes-de-corbeaux-floquees-12-pcs\/","name":"Formes Silhouettes de Corbeaux Floqu\u00e9es - Final Approach 12 pcs - Lucky-Hunter","isPartOf":{"@id":"https:\/\/staging.lucky-hunter.com\/#website"},"primaryImageOfPage":{"@id":"https:\/\/staging.lucky-hunter.com\/fr\/product\/final-approach-formes-silhouettes-de-corbeaux-floquees-12-pcs\/#primaryimage"},"image":{"@id":"https:\/\/staging.lucky-hunter.com\/fr\/product\/final-approach-formes-silhouettes-de-corbeaux-floquees-12-pcs\/#primaryimage"},"thumbnailUrl":"https:\/\/staging.lucky-hunter.com\/wp-content\/uploads\/2025\/02\/LF-441-2-removebg-e1756124317755.png","datePublished":"2025-02-06T14:52:20+00:00","dateModified":"2025-06-23T12:08:18+00:00","description":"Le grand avantage des formes Corbeaux silhouettes est que vous pouvez cr\u00e9er un grand groupe d\u2019oiseaux en train de se nourrir et de se reposer.\u00a0","breadcrumb":{"@id":"https:\/\/staging.lucky-hunter.com\/fr\/product\/final-approach-formes-silhouettes-de-corbeaux-floquees-12-pcs\/#breadcrumb"},"inLanguage":"fr-FR","potentialAction":[{"@type":"ReadAction","target":["https:\/\/staging.lucky-hunter.com\/fr\/product\/final-approach-formes-silhouettes-de-corbeaux-floquees-12-pcs\/"]}]},{"@type":"ImageObject","inLanguage":"fr-FR","@id":"https:\/\/staging.lucky-hunter.com\/fr\/product\/final-approach-formes-silhouettes-de-corbeaux-floquees-12-pcs\/#primaryimage","url":"https:\/\/staging.lucky-hunter.com\/wp-content\/uploads\/2025\/02\/LF-441-2-removebg-e1756124317755.png","contentUrl":"https:\/\/staging.lucky-hunter.com\/wp-content\/uploads\/2025\/02\/LF-441-2-removebg-e1756124317755.png","width":1426,"height":1426},{"@type":"BreadcrumbList","@id":"https:\/\/staging.lucky-hunter.com\/fr\/product\/final-approach-formes-silhouettes-de-corbeaux-floquees-12-pcs\/#breadcrumb","itemListElement":[{"@type":"ListItem","position":1,"name":"Home","item":"https:\/\/staging.lucky-hunter.com\/fr\/"},{"@type":"ListItem","position":2,"name":"Boutique","item":"https:\/\/staging.lucky-hunter.com\/fr\/shop\/"},{"@type":"ListItem","position":3,"name":"Formes Silhouettes de Corbeaux Floqu\u00e9es &#8211; Final Approach 12 pcs"}]},{"@type":"WebSite","@id":"https:\/\/staging.lucky-hunter.com\/#website","url":"https:\/\/staging.lucky-hunter.com\/","name":"Lucky-Hunter","description":"Gear Up or Give Up","potentialAction":[{"@type":"SearchAction","target":{"@type":"EntryPoint","urlTemplate":"https:\/\/staging.lucky-hunter.com\/?s={search_term_string}"},"query-input":{"@type":"PropertyValueSpecification","valueRequired":true,"valueName":"search_term_string"}}],"inLanguage":"fr-FR"}]}},"_links":{"self":[{"href":"https:\/\/staging.lucky-hunter.com\/fr\/wp-json\/wp\/v2\/product\/613439"}],"collection":[{"href":"https:\/\/staging.lucky-hunter.com\/fr\/wp-json\/wp\/v2\/product"}],"about":[{"href":"https:\/\/staging.lucky-hunter.com\/fr\/wp-json\/wp\/v2\/types\/product"}],"wp:featuredmedia":[{"embeddable":true,"href":"https:\/\/staging.lucky-hunter.com\/fr\/wp-json\/wp\/v2\/media\/1362508"}],"wp:attachment":[{"href":"https:\/\/staging.lucky-hunter.com\/fr\/wp-json\/wp\/v2\/media?parent=613439"}],"wp:term":[{"taxonomy":"product_brand","embeddable":true,"href":"https:\/\/staging.lucky-hunter.com\/fr\/wp-json\/wp\/v2\/product_brand?post=613439"},{"taxonomy":"product_cat","embeddable":true,"href":"https:\/\/staging.lucky-hunter.com\/fr\/wp-json\/wp\/v2\/product_cat?post=613439"},{"taxonomy":"product_tag","embeddable":true,"href":"https:\/\/staging.lucky-hunter.com\/fr\/wp-json\/wp\/v2\/product_tag?post=613439"}],"curies":[{"name":"wp","href":"https:\/\/api.w.org\/{rel}","templated":true}]}}