{"id":613363,"date":"2025-02-06T13:27:01","date_gmt":"2025-02-06T12:27:01","guid":{"rendered":"https:\/\/staging.lucky-hunter.com\/product\/final-approach-garrots-a-oeil-dor-rembourres-de-mousse-pack-de-6\/"},"modified":"2025-09-24T13:10:21","modified_gmt":"2025-09-24T11:10:21","slug":"final-approach-garrots-a-oeil-dor-rembourres-de-mousse-pack-de-6","status":"publish","type":"product","link":"https:\/\/staging.lucky-hunter.com\/fr\/product\/final-approach-garrots-a-oeil-dor-rembourres-de-mousse-pack-de-6\/","title":{"rendered":"Garrots \u00e0 \u0153il d\u2019or Rembourr\u00e9s de Mousse &#8211; Final Approach Pack de 6"},"content":{"rendered":"<p><iframe title=\"Durable Foam-Filled Goldeneye Decoys!\" width=\"1020\" height=\"574\" src=\"https:\/\/www.youtube.com\/embed\/t3xqBksn4-c?wmode=transparent&amp;rel=0&amp;feature=oembed&#038;enablejsapi=1&#038;origin=https:\/\/staging.lucky-hunter.com\" frameborder=\"0\" allow=\"accelerometer; autoplay; clipboard-write; encrypted-media; gyroscope; picture-in-picture; web-share\" referrerpolicy=\"strict-origin-when-cross-origin\" allowfullscreen><\/iframe><\/p>\n<h2><strong>6 pcs de superbes formes remplies de mousse pour la chasse aux canards plongeurs<\/strong><\/h2>\n<div>Formes Final Approach remplies de mousse repr\u00e9sentant des garrots \u00e0 \u0153il d\u2019or en format surdimensionn\u00e9 pour une meilleure visibilit\u00e9 sur l\u2019eau pour les canards migrateurs.<\/div>\n<div><\/div>\n<div>Con\u00e7ues par Wayne Simkin, double champion du monde de sculpture de formes.<\/div>\n<div><\/div>\n<div>Fabriqu\u00e9es en plastique tr\u00e8s r\u00e9sistant avec des d\u00e9tails peints magnifiques. Ces formes sont produites en une seule pi\u00e8ce pour une durabilit\u00e9 accrue, et la quille lest\u00e9e assure une bonne stabilit\u00e9 sur l\u2019eau, m\u00eame par forte houle.<\/div>\n<div><\/div>\n<div>Livr\u00e9es en pack de 6 m\u00e2les.<\/div>\n<div><\/div>\n<div>Le garrot \u00e0 \u0153il d\u2019or m\u00e2le est souvent confondu avec le fuligule milouinan ou le fuligule morillon. En vol, on le reconna\u00eet \u00e0 ses battements d\u2019ailes tr\u00e8s rapides, produisant chez les m\u00e2les plus \u00e2g\u00e9s un sifflement caract\u00e9ristique. La tache blanche sur la joue est \u00e9galement un signe distinctif.<\/div>\n<div>Le garrot \u00e0 \u0153il d\u2019or est un oiseau plongeur qui se nourrit sous l\u2019eau. Tout au long de l\u2019ann\u00e9e, environ 32 % de ses proies sont des crustac\u00e9s, 28 % des insectes aquatiques et 10 % des mollusques. Les insectes dominent pendant la nidification, tandis que les crustac\u00e9s sont la proie principale lors de la migration et en hiver. Localement, les \u0153ufs de poisson et les plantes aquatiques peuvent aussi \u00eatre des sources de nourriture importantes.<\/div>\n<div><\/div>\n","protected":false},"excerpt":{"rendered":"<p>6 pcs de superbes formes Final Approach remplies de mousse pour la chasse aux canards plongeurs.<\/p>\n","protected":false},"featured_media":342958,"template":"","meta":[],"product_brand":[8136],"product_cat":[8185],"product_tag":[],"yoast_head":"<!-- This site is optimized with the Yoast SEO plugin v24.3 - https:\/\/yoast.com\/wordpress\/plugins\/seo\/ -->\n<title>Garrots \u00e0 \u0153il d\u2019or Rembourr\u00e9s de Mousse - Final Approach Pack de 6 - Lucky-Hunter<\/title>\n<meta name=\"description\" content=\"Formes Final Approach remplies de mousse repr\u00e9sentant des garrots \u00e0 \u0153il d\u2019or en format surdimensionn\u00e9 pour une meilleure visibilit\u00e9 sur l\u2019eau.\" \/>\n<meta name=\"robots\" content=\"noindex, follow, max-snippet:-1, max-image-preview:large, max-video-preview:-1\" \/>\n<meta property=\"og:locale\" content=\"fr_FR\" \/>\n<meta property=\"og:type\" content=\"article\" \/>\n<meta property=\"og:title\" content=\"Garrots \u00e0 \u0153il d\u2019or Rembourr\u00e9s de Mousse - Final Approach Pack de 6 - Lucky-Hunter\" \/>\n<meta property=\"og:description\" content=\"Formes Final Approach remplies de mousse repr\u00e9sentant des garrots \u00e0 \u0153il d\u2019or en format surdimensionn\u00e9 pour une meilleure visibilit\u00e9 sur l\u2019eau.\" \/>\n<meta property=\"og:url\" content=\"https:\/\/staging.lucky-hunter.com\/fr\/product\/final-approach-garrots-a-oeil-dor-rembourres-de-mousse-pack-de-6\/\" \/>\n<meta property=\"og:site_name\" content=\"Lucky-Hunter\" \/>\n<meta property=\"article:modified_time\" content=\"2025-09-24T11:10:21+00:00\" \/>\n<meta property=\"og:image\" content=\"https:\/\/staging.lucky-hunter.com\/wp-content\/uploads\/2025\/02\/LF-436-removebg.png\" \/>\n\t<meta property=\"og:image:width\" content=\"1390\" \/>\n\t<meta property=\"og:image:height\" content=\"1390\" \/>\n\t<meta property=\"og:image:type\" content=\"image\/png\" \/>\n<meta name=\"twitter:card\" content=\"summary_large_image\" \/>\n<meta name=\"twitter:label1\" content=\"Dur\u00e9e de lecture estim\u00e9e\" \/>\n\t<meta name=\"twitter:data1\" content=\"2 minutes\" \/>\n<script type=\"application\/ld+json\" class=\"yoast-schema-graph\">{\"@context\":\"https:\/\/schema.org\",\"@graph\":[{\"@type\":\"WebPage\",\"@id\":\"https:\/\/staging.lucky-hunter.com\/fr\/product\/final-approach-garrots-a-oeil-dor-rembourres-de-mousse-pack-de-6\/\",\"url\":\"https:\/\/staging.lucky-hunter.com\/fr\/product\/final-approach-garrots-a-oeil-dor-rembourres-de-mousse-pack-de-6\/\",\"name\":\"Garrots \u00e0 \u0153il d\u2019or Rembourr\u00e9s de Mousse - Final Approach Pack de 6 - Lucky-Hunter\",\"isPartOf\":{\"@id\":\"https:\/\/staging.lucky-hunter.com\/#website\"},\"primaryImageOfPage\":{\"@id\":\"https:\/\/staging.lucky-hunter.com\/fr\/product\/final-approach-garrots-a-oeil-dor-rembourres-de-mousse-pack-de-6\/#primaryimage\"},\"image\":{\"@id\":\"https:\/\/staging.lucky-hunter.com\/fr\/product\/final-approach-garrots-a-oeil-dor-rembourres-de-mousse-pack-de-6\/#primaryimage\"},\"thumbnailUrl\":\"https:\/\/staging.lucky-hunter.com\/wp-content\/uploads\/2025\/02\/LF-436-removebg.png\",\"datePublished\":\"2025-02-06T12:27:01+00:00\",\"dateModified\":\"2025-09-24T11:10:21+00:00\",\"description\":\"Formes Final Approach remplies de mousse repr\u00e9sentant des garrots \u00e0 \u0153il d\u2019or en format surdimensionn\u00e9 pour une meilleure visibilit\u00e9 sur l\u2019eau.\",\"breadcrumb\":{\"@id\":\"https:\/\/staging.lucky-hunter.com\/fr\/product\/final-approach-garrots-a-oeil-dor-rembourres-de-mousse-pack-de-6\/#breadcrumb\"},\"inLanguage\":\"fr-FR\",\"potentialAction\":[{\"@type\":\"ReadAction\",\"target\":[\"https:\/\/staging.lucky-hunter.com\/fr\/product\/final-approach-garrots-a-oeil-dor-rembourres-de-mousse-pack-de-6\/\"]}]},{\"@type\":\"ImageObject\",\"inLanguage\":\"fr-FR\",\"@id\":\"https:\/\/staging.lucky-hunter.com\/fr\/product\/final-approach-garrots-a-oeil-dor-rembourres-de-mousse-pack-de-6\/#primaryimage\",\"url\":\"https:\/\/staging.lucky-hunter.com\/wp-content\/uploads\/2025\/02\/LF-436-removebg.png\",\"contentUrl\":\"https:\/\/staging.lucky-hunter.com\/wp-content\/uploads\/2025\/02\/LF-436-removebg.png\",\"width\":1390,\"height\":1390},{\"@type\":\"BreadcrumbList\",\"@id\":\"https:\/\/staging.lucky-hunter.com\/fr\/product\/final-approach-garrots-a-oeil-dor-rembourres-de-mousse-pack-de-6\/#breadcrumb\",\"itemListElement\":[{\"@type\":\"ListItem\",\"position\":1,\"name\":\"Home\",\"item\":\"https:\/\/staging.lucky-hunter.com\/fr\/\"},{\"@type\":\"ListItem\",\"position\":2,\"name\":\"Boutique\",\"item\":\"https:\/\/staging.lucky-hunter.com\/fr\/shop\/\"},{\"@type\":\"ListItem\",\"position\":3,\"name\":\"Garrots \u00e0 \u0153il d\u2019or Rembourr\u00e9s de Mousse &#8211; Final Approach Pack de 6\"}]},{\"@type\":\"WebSite\",\"@id\":\"https:\/\/staging.lucky-hunter.com\/#website\",\"url\":\"https:\/\/staging.lucky-hunter.com\/\",\"name\":\"Lucky-Hunter\",\"description\":\"Gear Up or Give Up\",\"potentialAction\":[{\"@type\":\"SearchAction\",\"target\":{\"@type\":\"EntryPoint\",\"urlTemplate\":\"https:\/\/staging.lucky-hunter.com\/?s={search_term_string}\"},\"query-input\":{\"@type\":\"PropertyValueSpecification\",\"valueRequired\":true,\"valueName\":\"search_term_string\"}}],\"inLanguage\":\"fr-FR\"}]}<\/script>\n<!-- \/ Yoast SEO plugin. -->","yoast_head_json":{"title":"Garrots \u00e0 \u0153il d\u2019or Rembourr\u00e9s de Mousse - Final Approach Pack de 6 - Lucky-Hunter","description":"Formes Final Approach remplies de mousse repr\u00e9sentant des garrots \u00e0 \u0153il d\u2019or en format surdimensionn\u00e9 pour une meilleure visibilit\u00e9 sur l\u2019eau.","robots":{"index":"noindex","follow":"follow","max-snippet":"max-snippet:-1","max-image-preview":"max-image-preview:large","max-video-preview":"max-video-preview:-1"},"og_locale":"fr_FR","og_type":"article","og_title":"Garrots \u00e0 \u0153il d\u2019or Rembourr\u00e9s de Mousse - Final Approach Pack de 6 - Lucky-Hunter","og_description":"Formes Final Approach remplies de mousse repr\u00e9sentant des garrots \u00e0 \u0153il d\u2019or en format surdimensionn\u00e9 pour une meilleure visibilit\u00e9 sur l\u2019eau.","og_url":"https:\/\/staging.lucky-hunter.com\/fr\/product\/final-approach-garrots-a-oeil-dor-rembourres-de-mousse-pack-de-6\/","og_site_name":"Lucky-Hunter","article_modified_time":"2025-09-24T11:10:21+00:00","og_image":[{"width":1390,"height":1390,"url":"https:\/\/staging.lucky-hunter.com\/wp-content\/uploads\/2025\/02\/LF-436-removebg.png","type":"image\/png"}],"twitter_card":"summary_large_image","twitter_misc":{"Dur\u00e9e de lecture estim\u00e9e":"2 minutes"},"schema":{"@context":"https:\/\/schema.org","@graph":[{"@type":"WebPage","@id":"https:\/\/staging.lucky-hunter.com\/fr\/product\/final-approach-garrots-a-oeil-dor-rembourres-de-mousse-pack-de-6\/","url":"https:\/\/staging.lucky-hunter.com\/fr\/product\/final-approach-garrots-a-oeil-dor-rembourres-de-mousse-pack-de-6\/","name":"Garrots \u00e0 \u0153il d\u2019or Rembourr\u00e9s de Mousse - Final Approach Pack de 6 - Lucky-Hunter","isPartOf":{"@id":"https:\/\/staging.lucky-hunter.com\/#website"},"primaryImageOfPage":{"@id":"https:\/\/staging.lucky-hunter.com\/fr\/product\/final-approach-garrots-a-oeil-dor-rembourres-de-mousse-pack-de-6\/#primaryimage"},"image":{"@id":"https:\/\/staging.lucky-hunter.com\/fr\/product\/final-approach-garrots-a-oeil-dor-rembourres-de-mousse-pack-de-6\/#primaryimage"},"thumbnailUrl":"https:\/\/staging.lucky-hunter.com\/wp-content\/uploads\/2025\/02\/LF-436-removebg.png","datePublished":"2025-02-06T12:27:01+00:00","dateModified":"2025-09-24T11:10:21+00:00","description":"Formes Final Approach remplies de mousse repr\u00e9sentant des garrots \u00e0 \u0153il d\u2019or en format surdimensionn\u00e9 pour une meilleure visibilit\u00e9 sur l\u2019eau.","breadcrumb":{"@id":"https:\/\/staging.lucky-hunter.com\/fr\/product\/final-approach-garrots-a-oeil-dor-rembourres-de-mousse-pack-de-6\/#breadcrumb"},"inLanguage":"fr-FR","potentialAction":[{"@type":"ReadAction","target":["https:\/\/staging.lucky-hunter.com\/fr\/product\/final-approach-garrots-a-oeil-dor-rembourres-de-mousse-pack-de-6\/"]}]},{"@type":"ImageObject","inLanguage":"fr-FR","@id":"https:\/\/staging.lucky-hunter.com\/fr\/product\/final-approach-garrots-a-oeil-dor-rembourres-de-mousse-pack-de-6\/#primaryimage","url":"https:\/\/staging.lucky-hunter.com\/wp-content\/uploads\/2025\/02\/LF-436-removebg.png","contentUrl":"https:\/\/staging.lucky-hunter.com\/wp-content\/uploads\/2025\/02\/LF-436-removebg.png","width":1390,"height":1390},{"@type":"BreadcrumbList","@id":"https:\/\/staging.lucky-hunter.com\/fr\/product\/final-approach-garrots-a-oeil-dor-rembourres-de-mousse-pack-de-6\/#breadcrumb","itemListElement":[{"@type":"ListItem","position":1,"name":"Home","item":"https:\/\/staging.lucky-hunter.com\/fr\/"},{"@type":"ListItem","position":2,"name":"Boutique","item":"https:\/\/staging.lucky-hunter.com\/fr\/shop\/"},{"@type":"ListItem","position":3,"name":"Garrots \u00e0 \u0153il d\u2019or Rembourr\u00e9s de Mousse &#8211; Final Approach Pack de 6"}]},{"@type":"WebSite","@id":"https:\/\/staging.lucky-hunter.com\/#website","url":"https:\/\/staging.lucky-hunter.com\/","name":"Lucky-Hunter","description":"Gear Up or Give Up","potentialAction":[{"@type":"SearchAction","target":{"@type":"EntryPoint","urlTemplate":"https:\/\/staging.lucky-hunter.com\/?s={search_term_string}"},"query-input":{"@type":"PropertyValueSpecification","valueRequired":true,"valueName":"search_term_string"}}],"inLanguage":"fr-FR"}]}},"_links":{"self":[{"href":"https:\/\/staging.lucky-hunter.com\/fr\/wp-json\/wp\/v2\/product\/613363"}],"collection":[{"href":"https:\/\/staging.lucky-hunter.com\/fr\/wp-json\/wp\/v2\/product"}],"about":[{"href":"https:\/\/staging.lucky-hunter.com\/fr\/wp-json\/wp\/v2\/types\/product"}],"wp:featuredmedia":[{"embeddable":true,"href":"https:\/\/staging.lucky-hunter.com\/fr\/wp-json\/wp\/v2\/media\/342958"}],"wp:attachment":[{"href":"https:\/\/staging.lucky-hunter.com\/fr\/wp-json\/wp\/v2\/media?parent=613363"}],"wp:term":[{"taxonomy":"product_brand","embeddable":true,"href":"https:\/\/staging.lucky-hunter.com\/fr\/wp-json\/wp\/v2\/product_brand?post=613363"},{"taxonomy":"product_cat","embeddable":true,"href":"https:\/\/staging.lucky-hunter.com\/fr\/wp-json\/wp\/v2\/product_cat?post=613363"},{"taxonomy":"product_tag","embeddable":true,"href":"https:\/\/staging.lucky-hunter.com\/fr\/wp-json\/wp\/v2\/product_tag?post=613363"}],"curies":[{"name":"wp","href":"https:\/\/api.w.org\/{rel}","templated":true}]}}