{"id":613294,"date":"2025-02-27T14:20:41","date_gmt":"2025-02-27T13:20:41","guid":{"rendered":"https:\/\/staging.lucky-hunter.com\/product\/plano-element-ammo-box-modele-131200\/"},"modified":"2025-06-23T13:58:51","modified_gmt":"2025-06-23T11:58:51","slug":"plano-element-ammo-box-modele-131200","status":"publish","type":"product","link":"https:\/\/staging.lucky-hunter.com\/fr\/product\/plano-element-ammo-box-modele-131200\/","title":{"rendered":"Plano Element Ammo Box &#8211; Mod\u00e8le 131200"},"content":{"rendered":"<h2><strong>Bo\u00eete de rangement super compacte et robuste de chez Plano pour le mat\u00e9riel de chasse et de p\u00eache<\/strong><\/h2>\n<div>La bo\u00eete Plano Element Ammo Box est parfaite pour stocker et transporter des munitions, du mat\u00e9riel de p\u00eache, de petits objets et des petits outils.<\/div>\n<div><\/div>\n<div>La bo\u00eete est dot\u00e9e d\u2019un joint torique d\u00e9perlant et d\u2019un verrou en laiton qui prot\u00e8ge efficacement le contenu contre l\u2019humidit\u00e9 et la poussi\u00e8re.<\/div>\n<div><\/div>\n<div>Fabriqu\u00e9e en plastique r\u00e9sistant avec une poign\u00e9e de transport robuste, elle est facile \u00e0 emporter partout avec vous.<\/div>\n<div><\/div>\n<div>Dimensions : 29,5 x 13 x 18,1 cm (Contient 6 \u00e0 8 bo\u00eetes de munitions)<\/div>\n<div><\/div>\n<div>Couleur : Vert<\/div>\n<div><\/div>\n<div>Mod\u00e8le : 131200<\/div>\n","protected":false},"excerpt":{"rendered":"<p>La bo\u00eete Plano Element Ammo Box est parfaite pour stocker et transporter des munitions, du mat\u00e9riel de p\u00eache, de petits objets et des petits outils.<\/p>\n","protected":false},"featured_media":441168,"template":"","meta":[],"product_brand":[9775],"product_cat":[9383],"product_tag":[],"yoast_head":"<!-- This site is optimized with the Yoast SEO plugin v24.3 - https:\/\/yoast.com\/wordpress\/plugins\/seo\/ -->\n<title>Plano Element Ammo Box - Mod\u00e8le 131200 - Lucky-Hunter<\/title>\n<meta name=\"description\" content=\"La bo\u00eete Plano Element Ammo Box est parfaite pour stocker et transporter des munitions, du mat\u00e9riel de p\u00eache, de petits objets et des petits outils.\" \/>\n<meta name=\"robots\" content=\"noindex, follow, max-snippet:-1, max-image-preview:large, max-video-preview:-1\" \/>\n<meta property=\"og:locale\" content=\"fr_FR\" \/>\n<meta property=\"og:type\" content=\"article\" \/>\n<meta property=\"og:title\" content=\"Plano Element Ammo Box - Mod\u00e8le 131200 - Lucky-Hunter\" \/>\n<meta property=\"og:description\" content=\"La bo\u00eete Plano Element Ammo Box est parfaite pour stocker et transporter des munitions, du mat\u00e9riel de p\u00eache, de petits objets et des petits outils.\" \/>\n<meta property=\"og:url\" content=\"https:\/\/staging.lucky-hunter.com\/product\/plano-element-ammo-box-model-131200\/\" \/>\n<meta property=\"og:site_name\" content=\"Lucky-Hunter\" \/>\n<meta property=\"article:modified_time\" content=\"2025-06-23T11:58:51+00:00\" \/>\n<meta property=\"og:image\" content=\"https:\/\/staging.lucky-hunter.com\/wp-content\/uploads\/2025\/02\/PU-847-removebg-e1740662375713.png\" \/>\n\t<meta property=\"og:image:width\" content=\"2000\" \/>\n\t<meta property=\"og:image:height\" content=\"2000\" \/>\n\t<meta property=\"og:image:type\" content=\"image\/png\" \/>\n<meta name=\"twitter:card\" content=\"summary_large_image\" \/>\n<meta name=\"twitter:label1\" content=\"Dur\u00e9e de lecture estim\u00e9e\" \/>\n\t<meta name=\"twitter:data1\" content=\"1 minute\" \/>\n<script type=\"application\/ld+json\" class=\"yoast-schema-graph\">{\"@context\":\"https:\/\/schema.org\",\"@graph\":[{\"@type\":\"WebPage\",\"@id\":\"https:\/\/staging.lucky-hunter.com\/product\/plano-element-ammo-box-model-131200\/\",\"url\":\"https:\/\/staging.lucky-hunter.com\/product\/plano-element-ammo-box-model-131200\/\",\"name\":\"Plano Element Ammo Box - Mod\u00e8le 131200 - Lucky-Hunter\",\"isPartOf\":{\"@id\":\"https:\/\/staging.lucky-hunter.com\/#website\"},\"primaryImageOfPage\":{\"@id\":\"https:\/\/staging.lucky-hunter.com\/product\/plano-element-ammo-box-model-131200\/#primaryimage\"},\"image\":{\"@id\":\"https:\/\/staging.lucky-hunter.com\/product\/plano-element-ammo-box-model-131200\/#primaryimage\"},\"thumbnailUrl\":\"https:\/\/staging.lucky-hunter.com\/wp-content\/uploads\/2025\/02\/PU-847-removebg-e1740662375713.png\",\"datePublished\":\"2025-02-27T13:20:41+00:00\",\"dateModified\":\"2025-06-23T11:58:51+00:00\",\"description\":\"La bo\u00eete Plano Element Ammo Box est parfaite pour stocker et transporter des munitions, du mat\u00e9riel de p\u00eache, de petits objets et des petits outils.\",\"breadcrumb\":{\"@id\":\"https:\/\/staging.lucky-hunter.com\/product\/plano-element-ammo-box-model-131200\/#breadcrumb\"},\"inLanguage\":\"fr-FR\",\"potentialAction\":[{\"@type\":\"ReadAction\",\"target\":[\"https:\/\/staging.lucky-hunter.com\/product\/plano-element-ammo-box-model-131200\/\"]}]},{\"@type\":\"ImageObject\",\"inLanguage\":\"fr-FR\",\"@id\":\"https:\/\/staging.lucky-hunter.com\/product\/plano-element-ammo-box-model-131200\/#primaryimage\",\"url\":\"https:\/\/staging.lucky-hunter.com\/wp-content\/uploads\/2025\/02\/PU-847-removebg-e1740662375713.png\",\"contentUrl\":\"https:\/\/staging.lucky-hunter.com\/wp-content\/uploads\/2025\/02\/PU-847-removebg-e1740662375713.png\",\"width\":2000,\"height\":2000},{\"@type\":\"BreadcrumbList\",\"@id\":\"https:\/\/staging.lucky-hunter.com\/product\/plano-element-ammo-box-model-131200\/#breadcrumb\",\"itemListElement\":[{\"@type\":\"ListItem\",\"position\":1,\"name\":\"Home\",\"item\":\"https:\/\/staging.lucky-hunter.com\/fr\/\"},{\"@type\":\"ListItem\",\"position\":2,\"name\":\"Boutique\",\"item\":\"https:\/\/staging.lucky-hunter.com\/fr\/shop\/\"},{\"@type\":\"ListItem\",\"position\":3,\"name\":\"Plano Element Ammo Box &#8211; Mod\u00e8le 131200\"}]},{\"@type\":\"WebSite\",\"@id\":\"https:\/\/staging.lucky-hunter.com\/#website\",\"url\":\"https:\/\/staging.lucky-hunter.com\/\",\"name\":\"Lucky-Hunter\",\"description\":\"Gear Up or Give Up\",\"potentialAction\":[{\"@type\":\"SearchAction\",\"target\":{\"@type\":\"EntryPoint\",\"urlTemplate\":\"https:\/\/staging.lucky-hunter.com\/?s={search_term_string}\"},\"query-input\":{\"@type\":\"PropertyValueSpecification\",\"valueRequired\":true,\"valueName\":\"search_term_string\"}}],\"inLanguage\":\"fr-FR\"}]}<\/script>\n<!-- \/ Yoast SEO plugin. -->","yoast_head_json":{"title":"Plano Element Ammo Box - Mod\u00e8le 131200 - Lucky-Hunter","description":"La bo\u00eete Plano Element Ammo Box est parfaite pour stocker et transporter des munitions, du mat\u00e9riel de p\u00eache, de petits objets et des petits outils.","robots":{"index":"noindex","follow":"follow","max-snippet":"max-snippet:-1","max-image-preview":"max-image-preview:large","max-video-preview":"max-video-preview:-1"},"og_locale":"fr_FR","og_type":"article","og_title":"Plano Element Ammo Box - Mod\u00e8le 131200 - Lucky-Hunter","og_description":"La bo\u00eete Plano Element Ammo Box est parfaite pour stocker et transporter des munitions, du mat\u00e9riel de p\u00eache, de petits objets et des petits outils.","og_url":"https:\/\/staging.lucky-hunter.com\/product\/plano-element-ammo-box-model-131200\/","og_site_name":"Lucky-Hunter","article_modified_time":"2025-06-23T11:58:51+00:00","og_image":[{"width":2000,"height":2000,"url":"https:\/\/staging.lucky-hunter.com\/wp-content\/uploads\/2025\/02\/PU-847-removebg-e1740662375713.png","type":"image\/png"}],"twitter_card":"summary_large_image","twitter_misc":{"Dur\u00e9e de lecture estim\u00e9e":"1 minute"},"schema":{"@context":"https:\/\/schema.org","@graph":[{"@type":"WebPage","@id":"https:\/\/staging.lucky-hunter.com\/product\/plano-element-ammo-box-model-131200\/","url":"https:\/\/staging.lucky-hunter.com\/product\/plano-element-ammo-box-model-131200\/","name":"Plano Element Ammo Box - Mod\u00e8le 131200 - Lucky-Hunter","isPartOf":{"@id":"https:\/\/staging.lucky-hunter.com\/#website"},"primaryImageOfPage":{"@id":"https:\/\/staging.lucky-hunter.com\/product\/plano-element-ammo-box-model-131200\/#primaryimage"},"image":{"@id":"https:\/\/staging.lucky-hunter.com\/product\/plano-element-ammo-box-model-131200\/#primaryimage"},"thumbnailUrl":"https:\/\/staging.lucky-hunter.com\/wp-content\/uploads\/2025\/02\/PU-847-removebg-e1740662375713.png","datePublished":"2025-02-27T13:20:41+00:00","dateModified":"2025-06-23T11:58:51+00:00","description":"La bo\u00eete Plano Element Ammo Box est parfaite pour stocker et transporter des munitions, du mat\u00e9riel de p\u00eache, de petits objets et des petits outils.","breadcrumb":{"@id":"https:\/\/staging.lucky-hunter.com\/product\/plano-element-ammo-box-model-131200\/#breadcrumb"},"inLanguage":"fr-FR","potentialAction":[{"@type":"ReadAction","target":["https:\/\/staging.lucky-hunter.com\/product\/plano-element-ammo-box-model-131200\/"]}]},{"@type":"ImageObject","inLanguage":"fr-FR","@id":"https:\/\/staging.lucky-hunter.com\/product\/plano-element-ammo-box-model-131200\/#primaryimage","url":"https:\/\/staging.lucky-hunter.com\/wp-content\/uploads\/2025\/02\/PU-847-removebg-e1740662375713.png","contentUrl":"https:\/\/staging.lucky-hunter.com\/wp-content\/uploads\/2025\/02\/PU-847-removebg-e1740662375713.png","width":2000,"height":2000},{"@type":"BreadcrumbList","@id":"https:\/\/staging.lucky-hunter.com\/product\/plano-element-ammo-box-model-131200\/#breadcrumb","itemListElement":[{"@type":"ListItem","position":1,"name":"Home","item":"https:\/\/staging.lucky-hunter.com\/fr\/"},{"@type":"ListItem","position":2,"name":"Boutique","item":"https:\/\/staging.lucky-hunter.com\/fr\/shop\/"},{"@type":"ListItem","position":3,"name":"Plano Element Ammo Box &#8211; Mod\u00e8le 131200"}]},{"@type":"WebSite","@id":"https:\/\/staging.lucky-hunter.com\/#website","url":"https:\/\/staging.lucky-hunter.com\/","name":"Lucky-Hunter","description":"Gear Up or Give Up","potentialAction":[{"@type":"SearchAction","target":{"@type":"EntryPoint","urlTemplate":"https:\/\/staging.lucky-hunter.com\/?s={search_term_string}"},"query-input":{"@type":"PropertyValueSpecification","valueRequired":true,"valueName":"search_term_string"}}],"inLanguage":"fr-FR"}]}},"_links":{"self":[{"href":"https:\/\/staging.lucky-hunter.com\/fr\/wp-json\/wp\/v2\/product\/613294"}],"collection":[{"href":"https:\/\/staging.lucky-hunter.com\/fr\/wp-json\/wp\/v2\/product"}],"about":[{"href":"https:\/\/staging.lucky-hunter.com\/fr\/wp-json\/wp\/v2\/types\/product"}],"wp:featuredmedia":[{"embeddable":true,"href":"https:\/\/staging.lucky-hunter.com\/fr\/wp-json\/wp\/v2\/media\/441168"}],"wp:attachment":[{"href":"https:\/\/staging.lucky-hunter.com\/fr\/wp-json\/wp\/v2\/media?parent=613294"}],"wp:term":[{"taxonomy":"product_brand","embeddable":true,"href":"https:\/\/staging.lucky-hunter.com\/fr\/wp-json\/wp\/v2\/product_brand?post=613294"},{"taxonomy":"product_cat","embeddable":true,"href":"https:\/\/staging.lucky-hunter.com\/fr\/wp-json\/wp\/v2\/product_cat?post=613294"},{"taxonomy":"product_tag","embeddable":true,"href":"https:\/\/staging.lucky-hunter.com\/fr\/wp-json\/wp\/v2\/product_tag?post=613294"}],"curies":[{"name":"wp","href":"https:\/\/api.w.org\/{rel}","templated":true}]}}