{"id":613159,"date":"2024-12-09T15:17:20","date_gmt":"2024-12-09T14:17:20","guid":{"rendered":"https:\/\/staging.lucky-hunter.com\/product\/ghg-finisher-nageur-en-mouvement-canard-souchet-male\/"},"modified":"2025-06-23T14:29:24","modified_gmt":"2025-06-23T12:29:24","slug":"ghg-finisher-nageur-en-mouvement-canard-souchet-male","status":"publish","type":"product","link":"https:\/\/staging.lucky-hunter.com\/fr\/product\/ghg-finisher-nageur-en-mouvement-canard-souchet-male\/","title":{"rendered":"Nageur en Mouvement Canard Souchet M\u00e2le &#8211; GHG Finisher"},"content":{"rendered":"<div>\n<h2><strong>Forme nageuse super efficace avec rembourrage en mousse<\/strong><\/h2>\n<div>Le mouvement dans votre installation de formes change la donne et donne un aspect beaucoup plus r\u00e9aliste qui capte efficacement l\u2019attention des canards migrateurs.<\/div>\n<div><\/div>\n<div>Une forme nageuse comme celle-ci fera toute la diff\u00e9rence lors des journ\u00e9es sans vent et sur une eau plate.<\/div>\n<div><\/div>\n<div>La marque am\u00e9ricaine GHG est largement reconnue pour produire des formes de premi\u00e8re qualit\u00e9, y compris avec ce nouveau Finisher Nageur Canard Souchet, qui pr\u00e9sente de tr\u00e8s belles couleurs et un design de corps r\u00e9aliste.<\/div>\n<div><\/div>\n<div>La forme est remplie de mousse, ce qui am\u00e9liore sa durabilit\u00e9 et lui permet de r\u00e9sister aux conditions dans tous les environnements.<\/div>\n<div><\/div>\n<div>Livr\u00e9e avec une batterie lithium-ion rechargeable int\u00e9gr\u00e9e offrant environ 7 heures d\u2019autonomie par charge.<\/div>\n<div><\/div>\n<div>Chargeur inclus.<\/div>\n<\/div>\n<div><\/div>\n","protected":false},"excerpt":{"rendered":"<div>Une forme nageuse comme celle-ci fera toute la diff\u00e9rence lors des journ\u00e9es sans vent et sur une eau plate.<\/div>\n<div><\/div>\n","protected":false},"featured_media":300008,"template":"","meta":[],"product_brand":[8125],"product_cat":[8258,9737],"product_tag":[],"yoast_head":"<!-- This site is optimized with the Yoast SEO plugin v24.3 - https:\/\/yoast.com\/wordpress\/plugins\/seo\/ -->\n<title>Nageur en Mouvement Canard Souchet M\u00e2le - GHG Finisher - Lucky-Hunter<\/title>\n<meta name=\"description\" content=\"Le mouvement dans votre installation de formes change la donne et donne un aspect beaucoup plus r\u00e9aliste qui capte efficacement l\u2019attention des canards.\" \/>\n<meta name=\"robots\" content=\"noindex, follow, max-snippet:-1, max-image-preview:large, max-video-preview:-1\" \/>\n<meta property=\"og:locale\" content=\"fr_FR\" \/>\n<meta property=\"og:type\" content=\"article\" \/>\n<meta property=\"og:title\" content=\"Nageur en Mouvement Canard Souchet M\u00e2le - GHG Finisher - Lucky-Hunter\" \/>\n<meta property=\"og:description\" content=\"Le mouvement dans votre installation de formes change la donne et donne un aspect beaucoup plus r\u00e9aliste qui capte efficacement l\u2019attention des canards.\" \/>\n<meta property=\"og:url\" content=\"https:\/\/staging.lucky-hunter.com\/fr\/product\/ghg-finisher-nageur-en-mouvement-canard-souchet-male\/\" \/>\n<meta property=\"og:site_name\" content=\"Lucky-Hunter\" \/>\n<meta property=\"article:modified_time\" content=\"2025-06-23T12:29:24+00:00\" \/>\n<meta property=\"og:image\" content=\"https:\/\/staging.lucky-hunter.com\/wp-content\/uploads\/2024\/12\/LF-530-removebg-e1733753826581.png\" \/>\n\t<meta property=\"og:image:width\" content=\"2000\" \/>\n\t<meta property=\"og:image:height\" content=\"2500\" \/>\n\t<meta property=\"og:image:type\" content=\"image\/png\" \/>\n<meta name=\"twitter:card\" content=\"summary_large_image\" \/>\n<meta name=\"twitter:label1\" content=\"Dur\u00e9e de lecture estim\u00e9e\" \/>\n\t<meta name=\"twitter:data1\" content=\"1 minute\" \/>\n<script type=\"application\/ld+json\" class=\"yoast-schema-graph\">{\"@context\":\"https:\/\/schema.org\",\"@graph\":[{\"@type\":\"WebPage\",\"@id\":\"https:\/\/staging.lucky-hunter.com\/fr\/product\/ghg-finisher-nageur-en-mouvement-canard-souchet-male\/\",\"url\":\"https:\/\/staging.lucky-hunter.com\/fr\/product\/ghg-finisher-nageur-en-mouvement-canard-souchet-male\/\",\"name\":\"Nageur en Mouvement Canard Souchet M\u00e2le - GHG Finisher - Lucky-Hunter\",\"isPartOf\":{\"@id\":\"https:\/\/staging.lucky-hunter.com\/#website\"},\"primaryImageOfPage\":{\"@id\":\"https:\/\/staging.lucky-hunter.com\/fr\/product\/ghg-finisher-nageur-en-mouvement-canard-souchet-male\/#primaryimage\"},\"image\":{\"@id\":\"https:\/\/staging.lucky-hunter.com\/fr\/product\/ghg-finisher-nageur-en-mouvement-canard-souchet-male\/#primaryimage\"},\"thumbnailUrl\":\"https:\/\/staging.lucky-hunter.com\/wp-content\/uploads\/2024\/12\/LF-530-removebg-e1733753826581.png\",\"datePublished\":\"2024-12-09T14:17:20+00:00\",\"dateModified\":\"2025-06-23T12:29:24+00:00\",\"description\":\"Le mouvement dans votre installation de formes change la donne et donne un aspect beaucoup plus r\u00e9aliste qui capte efficacement l\u2019attention des canards.\",\"breadcrumb\":{\"@id\":\"https:\/\/staging.lucky-hunter.com\/fr\/product\/ghg-finisher-nageur-en-mouvement-canard-souchet-male\/#breadcrumb\"},\"inLanguage\":\"fr-FR\",\"potentialAction\":[{\"@type\":\"ReadAction\",\"target\":[\"https:\/\/staging.lucky-hunter.com\/fr\/product\/ghg-finisher-nageur-en-mouvement-canard-souchet-male\/\"]}]},{\"@type\":\"ImageObject\",\"inLanguage\":\"fr-FR\",\"@id\":\"https:\/\/staging.lucky-hunter.com\/fr\/product\/ghg-finisher-nageur-en-mouvement-canard-souchet-male\/#primaryimage\",\"url\":\"https:\/\/staging.lucky-hunter.com\/wp-content\/uploads\/2024\/12\/LF-530-removebg-e1733753826581.png\",\"contentUrl\":\"https:\/\/staging.lucky-hunter.com\/wp-content\/uploads\/2024\/12\/LF-530-removebg-e1733753826581.png\",\"width\":2000,\"height\":2500},{\"@type\":\"BreadcrumbList\",\"@id\":\"https:\/\/staging.lucky-hunter.com\/fr\/product\/ghg-finisher-nageur-en-mouvement-canard-souchet-male\/#breadcrumb\",\"itemListElement\":[{\"@type\":\"ListItem\",\"position\":1,\"name\":\"Home\",\"item\":\"https:\/\/staging.lucky-hunter.com\/fr\/\"},{\"@type\":\"ListItem\",\"position\":2,\"name\":\"Boutique\",\"item\":\"https:\/\/staging.lucky-hunter.com\/fr\/shop\/\"},{\"@type\":\"ListItem\",\"position\":3,\"name\":\"Nageur en Mouvement Canard Souchet M\u00e2le &#8211; GHG Finisher\"}]},{\"@type\":\"WebSite\",\"@id\":\"https:\/\/staging.lucky-hunter.com\/#website\",\"url\":\"https:\/\/staging.lucky-hunter.com\/\",\"name\":\"Lucky-Hunter\",\"description\":\"Gear Up or Give Up\",\"potentialAction\":[{\"@type\":\"SearchAction\",\"target\":{\"@type\":\"EntryPoint\",\"urlTemplate\":\"https:\/\/staging.lucky-hunter.com\/?s={search_term_string}\"},\"query-input\":{\"@type\":\"PropertyValueSpecification\",\"valueRequired\":true,\"valueName\":\"search_term_string\"}}],\"inLanguage\":\"fr-FR\"}]}<\/script>\n<!-- \/ Yoast SEO plugin. -->","yoast_head_json":{"title":"Nageur en Mouvement Canard Souchet M\u00e2le - GHG Finisher - Lucky-Hunter","description":"Le mouvement dans votre installation de formes change la donne et donne un aspect beaucoup plus r\u00e9aliste qui capte efficacement l\u2019attention des canards.","robots":{"index":"noindex","follow":"follow","max-snippet":"max-snippet:-1","max-image-preview":"max-image-preview:large","max-video-preview":"max-video-preview:-1"},"og_locale":"fr_FR","og_type":"article","og_title":"Nageur en Mouvement Canard Souchet M\u00e2le - GHG Finisher - Lucky-Hunter","og_description":"Le mouvement dans votre installation de formes change la donne et donne un aspect beaucoup plus r\u00e9aliste qui capte efficacement l\u2019attention des canards.","og_url":"https:\/\/staging.lucky-hunter.com\/fr\/product\/ghg-finisher-nageur-en-mouvement-canard-souchet-male\/","og_site_name":"Lucky-Hunter","article_modified_time":"2025-06-23T12:29:24+00:00","og_image":[{"width":2000,"height":2500,"url":"https:\/\/staging.lucky-hunter.com\/wp-content\/uploads\/2024\/12\/LF-530-removebg-e1733753826581.png","type":"image\/png"}],"twitter_card":"summary_large_image","twitter_misc":{"Dur\u00e9e de lecture estim\u00e9e":"1 minute"},"schema":{"@context":"https:\/\/schema.org","@graph":[{"@type":"WebPage","@id":"https:\/\/staging.lucky-hunter.com\/fr\/product\/ghg-finisher-nageur-en-mouvement-canard-souchet-male\/","url":"https:\/\/staging.lucky-hunter.com\/fr\/product\/ghg-finisher-nageur-en-mouvement-canard-souchet-male\/","name":"Nageur en Mouvement Canard Souchet M\u00e2le - GHG Finisher - Lucky-Hunter","isPartOf":{"@id":"https:\/\/staging.lucky-hunter.com\/#website"},"primaryImageOfPage":{"@id":"https:\/\/staging.lucky-hunter.com\/fr\/product\/ghg-finisher-nageur-en-mouvement-canard-souchet-male\/#primaryimage"},"image":{"@id":"https:\/\/staging.lucky-hunter.com\/fr\/product\/ghg-finisher-nageur-en-mouvement-canard-souchet-male\/#primaryimage"},"thumbnailUrl":"https:\/\/staging.lucky-hunter.com\/wp-content\/uploads\/2024\/12\/LF-530-removebg-e1733753826581.png","datePublished":"2024-12-09T14:17:20+00:00","dateModified":"2025-06-23T12:29:24+00:00","description":"Le mouvement dans votre installation de formes change la donne et donne un aspect beaucoup plus r\u00e9aliste qui capte efficacement l\u2019attention des canards.","breadcrumb":{"@id":"https:\/\/staging.lucky-hunter.com\/fr\/product\/ghg-finisher-nageur-en-mouvement-canard-souchet-male\/#breadcrumb"},"inLanguage":"fr-FR","potentialAction":[{"@type":"ReadAction","target":["https:\/\/staging.lucky-hunter.com\/fr\/product\/ghg-finisher-nageur-en-mouvement-canard-souchet-male\/"]}]},{"@type":"ImageObject","inLanguage":"fr-FR","@id":"https:\/\/staging.lucky-hunter.com\/fr\/product\/ghg-finisher-nageur-en-mouvement-canard-souchet-male\/#primaryimage","url":"https:\/\/staging.lucky-hunter.com\/wp-content\/uploads\/2024\/12\/LF-530-removebg-e1733753826581.png","contentUrl":"https:\/\/staging.lucky-hunter.com\/wp-content\/uploads\/2024\/12\/LF-530-removebg-e1733753826581.png","width":2000,"height":2500},{"@type":"BreadcrumbList","@id":"https:\/\/staging.lucky-hunter.com\/fr\/product\/ghg-finisher-nageur-en-mouvement-canard-souchet-male\/#breadcrumb","itemListElement":[{"@type":"ListItem","position":1,"name":"Home","item":"https:\/\/staging.lucky-hunter.com\/fr\/"},{"@type":"ListItem","position":2,"name":"Boutique","item":"https:\/\/staging.lucky-hunter.com\/fr\/shop\/"},{"@type":"ListItem","position":3,"name":"Nageur en Mouvement Canard Souchet M\u00e2le &#8211; GHG Finisher"}]},{"@type":"WebSite","@id":"https:\/\/staging.lucky-hunter.com\/#website","url":"https:\/\/staging.lucky-hunter.com\/","name":"Lucky-Hunter","description":"Gear Up or Give Up","potentialAction":[{"@type":"SearchAction","target":{"@type":"EntryPoint","urlTemplate":"https:\/\/staging.lucky-hunter.com\/?s={search_term_string}"},"query-input":{"@type":"PropertyValueSpecification","valueRequired":true,"valueName":"search_term_string"}}],"inLanguage":"fr-FR"}]}},"_links":{"self":[{"href":"https:\/\/staging.lucky-hunter.com\/fr\/wp-json\/wp\/v2\/product\/613159"}],"collection":[{"href":"https:\/\/staging.lucky-hunter.com\/fr\/wp-json\/wp\/v2\/product"}],"about":[{"href":"https:\/\/staging.lucky-hunter.com\/fr\/wp-json\/wp\/v2\/types\/product"}],"wp:featuredmedia":[{"embeddable":true,"href":"https:\/\/staging.lucky-hunter.com\/fr\/wp-json\/wp\/v2\/media\/300008"}],"wp:attachment":[{"href":"https:\/\/staging.lucky-hunter.com\/fr\/wp-json\/wp\/v2\/media?parent=613159"}],"wp:term":[{"taxonomy":"product_brand","embeddable":true,"href":"https:\/\/staging.lucky-hunter.com\/fr\/wp-json\/wp\/v2\/product_brand?post=613159"},{"taxonomy":"product_cat","embeddable":true,"href":"https:\/\/staging.lucky-hunter.com\/fr\/wp-json\/wp\/v2\/product_cat?post=613159"},{"taxonomy":"product_tag","embeddable":true,"href":"https:\/\/staging.lucky-hunter.com\/fr\/wp-json\/wp\/v2\/product_tag?post=613159"}],"curies":[{"name":"wp","href":"https:\/\/api.w.org\/{rel}","templated":true}]}}