{"id":613144,"date":"2024-12-10T10:43:12","date_gmt":"2024-12-10T09:43:12","guid":{"rendered":"https:\/\/staging.lucky-hunter.com\/product\/ghg-silhouettes-de-colombes-6-pcs-avec-piquets\/"},"modified":"2025-06-23T14:23:13","modified_gmt":"2025-06-23T12:23:13","slug":"ghg-silhouettes-de-colombes-6-pcs-avec-piquets","status":"publish","type":"product","link":"https:\/\/staging.lucky-hunter.com\/fr\/product\/ghg-silhouettes-de-colombes-6-pcs-avec-piquets\/","title":{"rendered":"Silhouettes de Colombes &#8211; GHG 6 pcs avec piquets"},"content":{"rendered":"<h2><strong>Formes Colombes Silhouettes GHG Pro-Grade<\/strong><\/h2>\n<div>Le grand avantage des formes colombes silhouettes est que vous pouvez cr\u00e9er un large \u00e9ventail d&#8217;oiseaux en train de se nourrir et de se reposer sans avoir \u00e0 transporter plein de sacs remplis de formes en taille r\u00e9elle.<\/div>\n<div><\/div>\n<div>Placez simplement les silhouettes dans une disposition vari\u00e9e avec les formes classiques et les coquilles de colombe. C&#8217;est un moyen tr\u00e8s efficace d\u2019ajouter du volume \u00e0 votre installation de formes.<\/div>\n<div><\/div>\n<div>Veillez \u00e0 varier l\u2019angle des silhouettes pour que les pigeons les voient de toutes les directions.<\/div>\n<div><\/div>\n<div>Il s\u2019agit d\u2019un pack de 6 formes silhouettes avec 2 positions de t\u00eate diff\u00e9rentes &#8211; 3 x t\u00eate relev\u00e9e et 3 x pigeons au repos.<\/div>\n<div><\/div>\n<div>6 piquets de montage sont inclus.<\/div>\n<div><\/div>\n<div>Fabriqu\u00e9es dans un mat\u00e9riau solide, mais les silhouettes peuvent quand m\u00eame se courber ou se plier si elles ne sont pas manipul\u00e9es correctement. Nous vous recommandons donc de les transporter et de les stocker dans un sac de transport.<\/div>\n","protected":false},"excerpt":{"rendered":"<p>Le grand avantage des formes colombes silhouettes est que vous pouvez cr\u00e9er un large \u00e9ventail d&#8217;oiseaux en train de se nourrir et de se reposer.<\/p>\n","protected":false},"featured_media":300730,"template":"","meta":[],"product_brand":[8125],"product_cat":[8163],"product_tag":[],"yoast_head":"<!-- This site is optimized with the Yoast SEO plugin v24.3 - https:\/\/yoast.com\/wordpress\/plugins\/seo\/ -->\n<title>Silhouettes de Colombes - GHG 6 pcs avec piquets - Lucky-Hunter<\/title>\n<meta name=\"description\" content=\"Le grand avantage des formes colombes silhouettes est que vous pouvez cr\u00e9er un large \u00e9ventail d&#039;oiseaux en train de se nourrir et de se reposer.\" \/>\n<meta name=\"robots\" content=\"noindex, follow, max-snippet:-1, max-image-preview:large, max-video-preview:-1\" \/>\n<meta property=\"og:locale\" content=\"fr_FR\" \/>\n<meta property=\"og:type\" content=\"article\" \/>\n<meta property=\"og:title\" content=\"Silhouettes de Colombes - GHG 6 pcs avec piquets - Lucky-Hunter\" \/>\n<meta property=\"og:description\" content=\"Le grand avantage des formes colombes silhouettes est que vous pouvez cr\u00e9er un large \u00e9ventail d&#039;oiseaux en train de se nourrir et de se reposer.\" \/>\n<meta property=\"og:url\" content=\"https:\/\/staging.lucky-hunter.com\/fr\/product\/ghg-silhouettes-de-colombes-6-pcs-avec-piquets\/\" \/>\n<meta property=\"og:site_name\" content=\"Lucky-Hunter\" \/>\n<meta property=\"article:modified_time\" content=\"2025-06-23T12:23:13+00:00\" \/>\n<meta property=\"og:image\" content=\"https:\/\/staging.lucky-hunter.com\/wp-content\/uploads\/2024\/12\/LF-529-removebg-preview.png\" \/>\n\t<meta property=\"og:image:width\" content=\"500\" \/>\n\t<meta property=\"og:image:height\" content=\"500\" \/>\n\t<meta property=\"og:image:type\" content=\"image\/png\" \/>\n<meta name=\"twitter:card\" content=\"summary_large_image\" \/>\n<meta name=\"twitter:label1\" content=\"Dur\u00e9e de lecture estim\u00e9e\" \/>\n\t<meta name=\"twitter:data1\" content=\"1 minute\" \/>\n<script type=\"application\/ld+json\" class=\"yoast-schema-graph\">{\"@context\":\"https:\/\/schema.org\",\"@graph\":[{\"@type\":\"WebPage\",\"@id\":\"https:\/\/staging.lucky-hunter.com\/fr\/product\/ghg-silhouettes-de-colombes-6-pcs-avec-piquets\/\",\"url\":\"https:\/\/staging.lucky-hunter.com\/fr\/product\/ghg-silhouettes-de-colombes-6-pcs-avec-piquets\/\",\"name\":\"Silhouettes de Colombes - GHG 6 pcs avec piquets - Lucky-Hunter\",\"isPartOf\":{\"@id\":\"https:\/\/staging.lucky-hunter.com\/#website\"},\"primaryImageOfPage\":{\"@id\":\"https:\/\/staging.lucky-hunter.com\/fr\/product\/ghg-silhouettes-de-colombes-6-pcs-avec-piquets\/#primaryimage\"},\"image\":{\"@id\":\"https:\/\/staging.lucky-hunter.com\/fr\/product\/ghg-silhouettes-de-colombes-6-pcs-avec-piquets\/#primaryimage\"},\"thumbnailUrl\":\"https:\/\/staging.lucky-hunter.com\/wp-content\/uploads\/2024\/12\/LF-529-removebg-preview.png\",\"datePublished\":\"2024-12-10T09:43:12+00:00\",\"dateModified\":\"2025-06-23T12:23:13+00:00\",\"description\":\"Le grand avantage des formes colombes silhouettes est que vous pouvez cr\u00e9er un large \u00e9ventail d'oiseaux en train de se nourrir et de se reposer.\",\"breadcrumb\":{\"@id\":\"https:\/\/staging.lucky-hunter.com\/fr\/product\/ghg-silhouettes-de-colombes-6-pcs-avec-piquets\/#breadcrumb\"},\"inLanguage\":\"fr-FR\",\"potentialAction\":[{\"@type\":\"ReadAction\",\"target\":[\"https:\/\/staging.lucky-hunter.com\/fr\/product\/ghg-silhouettes-de-colombes-6-pcs-avec-piquets\/\"]}]},{\"@type\":\"ImageObject\",\"inLanguage\":\"fr-FR\",\"@id\":\"https:\/\/staging.lucky-hunter.com\/fr\/product\/ghg-silhouettes-de-colombes-6-pcs-avec-piquets\/#primaryimage\",\"url\":\"https:\/\/staging.lucky-hunter.com\/wp-content\/uploads\/2024\/12\/LF-529-removebg-preview.png\",\"contentUrl\":\"https:\/\/staging.lucky-hunter.com\/wp-content\/uploads\/2024\/12\/LF-529-removebg-preview.png\",\"width\":500,\"height\":500},{\"@type\":\"BreadcrumbList\",\"@id\":\"https:\/\/staging.lucky-hunter.com\/fr\/product\/ghg-silhouettes-de-colombes-6-pcs-avec-piquets\/#breadcrumb\",\"itemListElement\":[{\"@type\":\"ListItem\",\"position\":1,\"name\":\"Home\",\"item\":\"https:\/\/staging.lucky-hunter.com\/fr\/\"},{\"@type\":\"ListItem\",\"position\":2,\"name\":\"Boutique\",\"item\":\"https:\/\/staging.lucky-hunter.com\/fr\/shop\/\"},{\"@type\":\"ListItem\",\"position\":3,\"name\":\"Silhouettes de Colombes &#8211; GHG 6 pcs avec piquets\"}]},{\"@type\":\"WebSite\",\"@id\":\"https:\/\/staging.lucky-hunter.com\/#website\",\"url\":\"https:\/\/staging.lucky-hunter.com\/\",\"name\":\"Lucky-Hunter\",\"description\":\"Gear Up or Give Up\",\"potentialAction\":[{\"@type\":\"SearchAction\",\"target\":{\"@type\":\"EntryPoint\",\"urlTemplate\":\"https:\/\/staging.lucky-hunter.com\/?s={search_term_string}\"},\"query-input\":{\"@type\":\"PropertyValueSpecification\",\"valueRequired\":true,\"valueName\":\"search_term_string\"}}],\"inLanguage\":\"fr-FR\"}]}<\/script>\n<!-- \/ Yoast SEO plugin. -->","yoast_head_json":{"title":"Silhouettes de Colombes - GHG 6 pcs avec piquets - Lucky-Hunter","description":"Le grand avantage des formes colombes silhouettes est que vous pouvez cr\u00e9er un large \u00e9ventail d'oiseaux en train de se nourrir et de se reposer.","robots":{"index":"noindex","follow":"follow","max-snippet":"max-snippet:-1","max-image-preview":"max-image-preview:large","max-video-preview":"max-video-preview:-1"},"og_locale":"fr_FR","og_type":"article","og_title":"Silhouettes de Colombes - GHG 6 pcs avec piquets - Lucky-Hunter","og_description":"Le grand avantage des formes colombes silhouettes est que vous pouvez cr\u00e9er un large \u00e9ventail d'oiseaux en train de se nourrir et de se reposer.","og_url":"https:\/\/staging.lucky-hunter.com\/fr\/product\/ghg-silhouettes-de-colombes-6-pcs-avec-piquets\/","og_site_name":"Lucky-Hunter","article_modified_time":"2025-06-23T12:23:13+00:00","og_image":[{"width":500,"height":500,"url":"https:\/\/staging.lucky-hunter.com\/wp-content\/uploads\/2024\/12\/LF-529-removebg-preview.png","type":"image\/png"}],"twitter_card":"summary_large_image","twitter_misc":{"Dur\u00e9e de lecture estim\u00e9e":"1 minute"},"schema":{"@context":"https:\/\/schema.org","@graph":[{"@type":"WebPage","@id":"https:\/\/staging.lucky-hunter.com\/fr\/product\/ghg-silhouettes-de-colombes-6-pcs-avec-piquets\/","url":"https:\/\/staging.lucky-hunter.com\/fr\/product\/ghg-silhouettes-de-colombes-6-pcs-avec-piquets\/","name":"Silhouettes de Colombes - GHG 6 pcs avec piquets - Lucky-Hunter","isPartOf":{"@id":"https:\/\/staging.lucky-hunter.com\/#website"},"primaryImageOfPage":{"@id":"https:\/\/staging.lucky-hunter.com\/fr\/product\/ghg-silhouettes-de-colombes-6-pcs-avec-piquets\/#primaryimage"},"image":{"@id":"https:\/\/staging.lucky-hunter.com\/fr\/product\/ghg-silhouettes-de-colombes-6-pcs-avec-piquets\/#primaryimage"},"thumbnailUrl":"https:\/\/staging.lucky-hunter.com\/wp-content\/uploads\/2024\/12\/LF-529-removebg-preview.png","datePublished":"2024-12-10T09:43:12+00:00","dateModified":"2025-06-23T12:23:13+00:00","description":"Le grand avantage des formes colombes silhouettes est que vous pouvez cr\u00e9er un large \u00e9ventail d'oiseaux en train de se nourrir et de se reposer.","breadcrumb":{"@id":"https:\/\/staging.lucky-hunter.com\/fr\/product\/ghg-silhouettes-de-colombes-6-pcs-avec-piquets\/#breadcrumb"},"inLanguage":"fr-FR","potentialAction":[{"@type":"ReadAction","target":["https:\/\/staging.lucky-hunter.com\/fr\/product\/ghg-silhouettes-de-colombes-6-pcs-avec-piquets\/"]}]},{"@type":"ImageObject","inLanguage":"fr-FR","@id":"https:\/\/staging.lucky-hunter.com\/fr\/product\/ghg-silhouettes-de-colombes-6-pcs-avec-piquets\/#primaryimage","url":"https:\/\/staging.lucky-hunter.com\/wp-content\/uploads\/2024\/12\/LF-529-removebg-preview.png","contentUrl":"https:\/\/staging.lucky-hunter.com\/wp-content\/uploads\/2024\/12\/LF-529-removebg-preview.png","width":500,"height":500},{"@type":"BreadcrumbList","@id":"https:\/\/staging.lucky-hunter.com\/fr\/product\/ghg-silhouettes-de-colombes-6-pcs-avec-piquets\/#breadcrumb","itemListElement":[{"@type":"ListItem","position":1,"name":"Home","item":"https:\/\/staging.lucky-hunter.com\/fr\/"},{"@type":"ListItem","position":2,"name":"Boutique","item":"https:\/\/staging.lucky-hunter.com\/fr\/shop\/"},{"@type":"ListItem","position":3,"name":"Silhouettes de Colombes &#8211; GHG 6 pcs avec piquets"}]},{"@type":"WebSite","@id":"https:\/\/staging.lucky-hunter.com\/#website","url":"https:\/\/staging.lucky-hunter.com\/","name":"Lucky-Hunter","description":"Gear Up or Give Up","potentialAction":[{"@type":"SearchAction","target":{"@type":"EntryPoint","urlTemplate":"https:\/\/staging.lucky-hunter.com\/?s={search_term_string}"},"query-input":{"@type":"PropertyValueSpecification","valueRequired":true,"valueName":"search_term_string"}}],"inLanguage":"fr-FR"}]}},"_links":{"self":[{"href":"https:\/\/staging.lucky-hunter.com\/fr\/wp-json\/wp\/v2\/product\/613144"}],"collection":[{"href":"https:\/\/staging.lucky-hunter.com\/fr\/wp-json\/wp\/v2\/product"}],"about":[{"href":"https:\/\/staging.lucky-hunter.com\/fr\/wp-json\/wp\/v2\/types\/product"}],"wp:featuredmedia":[{"embeddable":true,"href":"https:\/\/staging.lucky-hunter.com\/fr\/wp-json\/wp\/v2\/media\/300730"}],"wp:attachment":[{"href":"https:\/\/staging.lucky-hunter.com\/fr\/wp-json\/wp\/v2\/media?parent=613144"}],"wp:term":[{"taxonomy":"product_brand","embeddable":true,"href":"https:\/\/staging.lucky-hunter.com\/fr\/wp-json\/wp\/v2\/product_brand?post=613144"},{"taxonomy":"product_cat","embeddable":true,"href":"https:\/\/staging.lucky-hunter.com\/fr\/wp-json\/wp\/v2\/product_cat?post=613144"},{"taxonomy":"product_tag","embeddable":true,"href":"https:\/\/staging.lucky-hunter.com\/fr\/wp-json\/wp\/v2\/product_tag?post=613144"}],"curies":[{"name":"wp","href":"https:\/\/api.w.org\/{rel}","templated":true}]}}