{"id":612874,"date":"2025-04-03T11:37:24","date_gmt":"2025-04-03T09:37:24","guid":{"rendered":"https:\/\/staging.lucky-hunter.com\/?post_type=product&#038;p=612874"},"modified":"2025-06-23T13:58:01","modified_gmt":"2025-06-23T11:58:01","slug":"rigem-right-hyde-tabouret-copy","status":"publish","type":"product","link":"https:\/\/staging.lucky-hunter.com\/fr\/product\/rigem-right-hyde-tabouret-copy\/","title":{"rendered":"Chaise Camphunter &#8211; Rig&#8217;Em Right"},"content":{"rendered":"<h2><strong>La chaise CampHunter est la chaise de chasse tout-terrain ultime<\/strong><\/h2>\n<p>Id\u00e9ale pour tout type de chasse, de la chasse au cerf et au pigeon \u00e0 la chasse au gibier d&#8217;eau \u2013 ou simplement pour la d\u00e9tente autour du feu de camp ou \u00e0 l\u2019arri\u00e8re du v\u00e9hicule apr\u00e8s une chasse r\u00e9ussie.<\/p>\n<p>Ces chaises robustes sont solides, durables et confortables. Elles sont dot\u00e9es d&#8217;un cadre en acier rev\u00eatu de poudre, de connexions par boulons, de tissu camouflage 900D durable, de boucles m\u00e9talliques et de larges plaques de pied qui emp\u00eachent de s\u2019enfoncer dans le sol.<\/p>\n<div>\n<p class=\"\" data-start=\"42\" data-end=\"64\"><strong data-start=\"42\" data-end=\"64\">Caract\u00e9ristiques :<\/strong><\/p>\n<ul data-start=\"66\" data-end=\"416\">\n<li class=\"\" data-start=\"66\" data-end=\"99\">\n<p class=\"\" data-start=\"68\" data-end=\"99\">Cadre en acier rev\u00eatu de poudre<\/p>\n<\/li>\n<li class=\"\" data-start=\"100\" data-end=\"125\">\n<p class=\"\" data-start=\"102\" data-end=\"125\">Tissu en polyester 900D<\/p>\n<\/li>\n<li class=\"\" data-start=\"126\" data-end=\"161\">\n<p class=\"\" data-start=\"128\" data-end=\"161\">Sangle de transport pour l\u2019\u00e9paule<\/p>\n<\/li>\n<li class=\"\" data-start=\"162\" data-end=\"227\">\n<p class=\"\" data-start=\"164\" data-end=\"227\">Sac de transport avec cordon de serrage et sangle pour l\u2019\u00e9paule<\/p>\n<\/li>\n<li class=\"\" data-start=\"228\" data-end=\"252\">\n<p class=\"\" data-start=\"230\" data-end=\"252\">Larges plaques de pied<\/p>\n<\/li>\n<li class=\"\" data-start=\"253\" data-end=\"325\">\n<p class=\"\" data-start=\"255\" data-end=\"325\">Dimensions : 84 cm de hauteur x 63 cm de largeur x 75 cm de profondeur<\/p>\n<\/li>\n<li class=\"\" data-start=\"326\" data-end=\"416\">\n<p class=\"\" data-start=\"328\" data-end=\"416\">Capacit\u00e9 de poids : Test\u00e9 statistiquement jusqu&#8217;\u00e0 227 kg, test\u00e9 par chute jusqu&#8217;\u00e0 159 kg<\/p>\n<\/li>\n<\/ul>\n<\/div>\n","protected":false},"excerpt":{"rendered":"<p class=\"\" data-start=\"42\" data-end=\"163\">La chaise est durable, confortable et facile \u00e0 emporter lors de la chasse. Elle peut se plier en quelques secondes.<\/p>\n","protected":false},"featured_media":612902,"template":"","meta":[],"product_brand":[8127],"product_cat":[9382],"product_tag":[],"yoast_head":"<!-- This site is optimized with the Yoast SEO plugin v24.3 - https:\/\/yoast.com\/wordpress\/plugins\/seo\/ -->\n<title>Chaise Camphunter - Rig&#039;Em Right - Lucky-Hunter<\/title>\n<meta name=\"description\" content=\"Une v\u00e9ritable excellente chaise de chasse tout-terrain de Rig&#039;Em Right. La chaise est durable, confortable et facile \u00e0 emporter lors de vos sorties de chasse.\" \/>\n<meta name=\"robots\" content=\"noindex, follow, max-snippet:-1, max-image-preview:large, max-video-preview:-1\" \/>\n<meta property=\"og:locale\" content=\"fr_FR\" \/>\n<meta property=\"og:type\" content=\"article\" \/>\n<meta property=\"og:title\" content=\"Chaise Camphunter - Rig&#039;Em Right - Lucky-Hunter\" \/>\n<meta property=\"og:description\" content=\"Une v\u00e9ritable excellente chaise de chasse tout-terrain de Rig&#039;Em Right. La chaise est durable, confortable et facile \u00e0 emporter lors de vos sorties de chasse.\" \/>\n<meta property=\"og:url\" content=\"https:\/\/staging.lucky-hunter.com\/product\/rigem-right-camphunter-chair\/\" \/>\n<meta property=\"og:site_name\" content=\"Lucky-Hunter\" \/>\n<meta property=\"article:modified_time\" content=\"2025-06-23T11:58:01+00:00\" \/>\n<meta property=\"og:image\" content=\"https:\/\/staging.lucky-hunter.com\/wp-content\/uploads\/2025\/04\/171-M_CampHunterMarsh-1_540x-removebg.png\" \/>\n\t<meta property=\"og:image:width\" content=\"540\" \/>\n\t<meta property=\"og:image:height\" content=\"699\" \/>\n\t<meta property=\"og:image:type\" content=\"image\/png\" \/>\n<meta name=\"twitter:card\" content=\"summary_large_image\" \/>\n<meta name=\"twitter:label1\" content=\"Dur\u00e9e de lecture estim\u00e9e\" \/>\n\t<meta name=\"twitter:data1\" content=\"1 minute\" \/>\n<script type=\"application\/ld+json\" class=\"yoast-schema-graph\">{\"@context\":\"https:\/\/schema.org\",\"@graph\":[{\"@type\":\"WebPage\",\"@id\":\"https:\/\/staging.lucky-hunter.com\/product\/rigem-right-camphunter-chair\/\",\"url\":\"https:\/\/staging.lucky-hunter.com\/product\/rigem-right-camphunter-chair\/\",\"name\":\"Chaise Camphunter - Rig'Em Right - Lucky-Hunter\",\"isPartOf\":{\"@id\":\"https:\/\/staging.lucky-hunter.com\/#website\"},\"primaryImageOfPage\":{\"@id\":\"https:\/\/staging.lucky-hunter.com\/product\/rigem-right-camphunter-chair\/#primaryimage\"},\"image\":{\"@id\":\"https:\/\/staging.lucky-hunter.com\/product\/rigem-right-camphunter-chair\/#primaryimage\"},\"thumbnailUrl\":\"https:\/\/staging.lucky-hunter.com\/wp-content\/uploads\/2025\/04\/171-M_CampHunterMarsh-1_540x-removebg.png\",\"datePublished\":\"2025-04-03T09:37:24+00:00\",\"dateModified\":\"2025-06-23T11:58:01+00:00\",\"description\":\"Une v\u00e9ritable excellente chaise de chasse tout-terrain de Rig'Em Right. La chaise est durable, confortable et facile \u00e0 emporter lors de vos sorties de chasse.\",\"breadcrumb\":{\"@id\":\"https:\/\/staging.lucky-hunter.com\/product\/rigem-right-camphunter-chair\/#breadcrumb\"},\"inLanguage\":\"fr-FR\",\"potentialAction\":[{\"@type\":\"ReadAction\",\"target\":[\"https:\/\/staging.lucky-hunter.com\/product\/rigem-right-camphunter-chair\/\"]}]},{\"@type\":\"ImageObject\",\"inLanguage\":\"fr-FR\",\"@id\":\"https:\/\/staging.lucky-hunter.com\/product\/rigem-right-camphunter-chair\/#primaryimage\",\"url\":\"https:\/\/staging.lucky-hunter.com\/wp-content\/uploads\/2025\/04\/171-M_CampHunterMarsh-1_540x-removebg.png\",\"contentUrl\":\"https:\/\/staging.lucky-hunter.com\/wp-content\/uploads\/2025\/04\/171-M_CampHunterMarsh-1_540x-removebg.png\",\"width\":540,\"height\":699},{\"@type\":\"BreadcrumbList\",\"@id\":\"https:\/\/staging.lucky-hunter.com\/product\/rigem-right-camphunter-chair\/#breadcrumb\",\"itemListElement\":[{\"@type\":\"ListItem\",\"position\":1,\"name\":\"Home\",\"item\":\"https:\/\/staging.lucky-hunter.com\/fr\/\"},{\"@type\":\"ListItem\",\"position\":2,\"name\":\"Boutique\",\"item\":\"https:\/\/staging.lucky-hunter.com\/fr\/shop\/\"},{\"@type\":\"ListItem\",\"position\":3,\"name\":\"Chaise Camphunter &#8211; Rig&#8217;Em Right\"}]},{\"@type\":\"WebSite\",\"@id\":\"https:\/\/staging.lucky-hunter.com\/#website\",\"url\":\"https:\/\/staging.lucky-hunter.com\/\",\"name\":\"Lucky-Hunter\",\"description\":\"Gear Up or Give Up\",\"potentialAction\":[{\"@type\":\"SearchAction\",\"target\":{\"@type\":\"EntryPoint\",\"urlTemplate\":\"https:\/\/staging.lucky-hunter.com\/?s={search_term_string}\"},\"query-input\":{\"@type\":\"PropertyValueSpecification\",\"valueRequired\":true,\"valueName\":\"search_term_string\"}}],\"inLanguage\":\"fr-FR\"}]}<\/script>\n<!-- \/ Yoast SEO plugin. -->","yoast_head_json":{"title":"Chaise Camphunter - Rig'Em Right - Lucky-Hunter","description":"Une v\u00e9ritable excellente chaise de chasse tout-terrain de Rig'Em Right. La chaise est durable, confortable et facile \u00e0 emporter lors de vos sorties de chasse.","robots":{"index":"noindex","follow":"follow","max-snippet":"max-snippet:-1","max-image-preview":"max-image-preview:large","max-video-preview":"max-video-preview:-1"},"og_locale":"fr_FR","og_type":"article","og_title":"Chaise Camphunter - Rig'Em Right - Lucky-Hunter","og_description":"Une v\u00e9ritable excellente chaise de chasse tout-terrain de Rig'Em Right. La chaise est durable, confortable et facile \u00e0 emporter lors de vos sorties de chasse.","og_url":"https:\/\/staging.lucky-hunter.com\/product\/rigem-right-camphunter-chair\/","og_site_name":"Lucky-Hunter","article_modified_time":"2025-06-23T11:58:01+00:00","og_image":[{"width":540,"height":699,"url":"https:\/\/staging.lucky-hunter.com\/wp-content\/uploads\/2025\/04\/171-M_CampHunterMarsh-1_540x-removebg.png","type":"image\/png"}],"twitter_card":"summary_large_image","twitter_misc":{"Dur\u00e9e de lecture estim\u00e9e":"1 minute"},"schema":{"@context":"https:\/\/schema.org","@graph":[{"@type":"WebPage","@id":"https:\/\/staging.lucky-hunter.com\/product\/rigem-right-camphunter-chair\/","url":"https:\/\/staging.lucky-hunter.com\/product\/rigem-right-camphunter-chair\/","name":"Chaise Camphunter - Rig'Em Right - Lucky-Hunter","isPartOf":{"@id":"https:\/\/staging.lucky-hunter.com\/#website"},"primaryImageOfPage":{"@id":"https:\/\/staging.lucky-hunter.com\/product\/rigem-right-camphunter-chair\/#primaryimage"},"image":{"@id":"https:\/\/staging.lucky-hunter.com\/product\/rigem-right-camphunter-chair\/#primaryimage"},"thumbnailUrl":"https:\/\/staging.lucky-hunter.com\/wp-content\/uploads\/2025\/04\/171-M_CampHunterMarsh-1_540x-removebg.png","datePublished":"2025-04-03T09:37:24+00:00","dateModified":"2025-06-23T11:58:01+00:00","description":"Une v\u00e9ritable excellente chaise de chasse tout-terrain de Rig'Em Right. La chaise est durable, confortable et facile \u00e0 emporter lors de vos sorties de chasse.","breadcrumb":{"@id":"https:\/\/staging.lucky-hunter.com\/product\/rigem-right-camphunter-chair\/#breadcrumb"},"inLanguage":"fr-FR","potentialAction":[{"@type":"ReadAction","target":["https:\/\/staging.lucky-hunter.com\/product\/rigem-right-camphunter-chair\/"]}]},{"@type":"ImageObject","inLanguage":"fr-FR","@id":"https:\/\/staging.lucky-hunter.com\/product\/rigem-right-camphunter-chair\/#primaryimage","url":"https:\/\/staging.lucky-hunter.com\/wp-content\/uploads\/2025\/04\/171-M_CampHunterMarsh-1_540x-removebg.png","contentUrl":"https:\/\/staging.lucky-hunter.com\/wp-content\/uploads\/2025\/04\/171-M_CampHunterMarsh-1_540x-removebg.png","width":540,"height":699},{"@type":"BreadcrumbList","@id":"https:\/\/staging.lucky-hunter.com\/product\/rigem-right-camphunter-chair\/#breadcrumb","itemListElement":[{"@type":"ListItem","position":1,"name":"Home","item":"https:\/\/staging.lucky-hunter.com\/fr\/"},{"@type":"ListItem","position":2,"name":"Boutique","item":"https:\/\/staging.lucky-hunter.com\/fr\/shop\/"},{"@type":"ListItem","position":3,"name":"Chaise Camphunter &#8211; Rig&#8217;Em Right"}]},{"@type":"WebSite","@id":"https:\/\/staging.lucky-hunter.com\/#website","url":"https:\/\/staging.lucky-hunter.com\/","name":"Lucky-Hunter","description":"Gear Up or Give Up","potentialAction":[{"@type":"SearchAction","target":{"@type":"EntryPoint","urlTemplate":"https:\/\/staging.lucky-hunter.com\/?s={search_term_string}"},"query-input":{"@type":"PropertyValueSpecification","valueRequired":true,"valueName":"search_term_string"}}],"inLanguage":"fr-FR"}]}},"_links":{"self":[{"href":"https:\/\/staging.lucky-hunter.com\/fr\/wp-json\/wp\/v2\/product\/612874"}],"collection":[{"href":"https:\/\/staging.lucky-hunter.com\/fr\/wp-json\/wp\/v2\/product"}],"about":[{"href":"https:\/\/staging.lucky-hunter.com\/fr\/wp-json\/wp\/v2\/types\/product"}],"wp:featuredmedia":[{"embeddable":true,"href":"https:\/\/staging.lucky-hunter.com\/fr\/wp-json\/wp\/v2\/media\/612902"}],"wp:attachment":[{"href":"https:\/\/staging.lucky-hunter.com\/fr\/wp-json\/wp\/v2\/media?parent=612874"}],"wp:term":[{"taxonomy":"product_brand","embeddable":true,"href":"https:\/\/staging.lucky-hunter.com\/fr\/wp-json\/wp\/v2\/product_brand?post=612874"},{"taxonomy":"product_cat","embeddable":true,"href":"https:\/\/staging.lucky-hunter.com\/fr\/wp-json\/wp\/v2\/product_cat?post=612874"},{"taxonomy":"product_tag","embeddable":true,"href":"https:\/\/staging.lucky-hunter.com\/fr\/wp-json\/wp\/v2\/product_tag?post=612874"}],"curies":[{"name":"wp","href":"https:\/\/api.w.org\/{rel}","templated":true}]}}