{"id":612765,"date":"2024-12-10T10:38:03","date_gmt":"2024-12-10T09:38:03","guid":{"rendered":"https:\/\/staging.lucky-hunter.com\/product\/ghg-pro-grade-formes-silhouettes-de-pigeon-6-pieces-avec-clips\/"},"modified":"2025-07-01T11:05:04","modified_gmt":"2025-07-01T09:05:04","slug":"formes-silhouettes-de-pigeon-ghg-pro-grade-6-pieces-avec-clips","status":"publish","type":"product","link":"https:\/\/staging.lucky-hunter.com\/fr\/product\/formes-silhouettes-de-pigeon-ghg-pro-grade-6-pieces-avec-clips\/","title":{"rendered":"Formes Silhouettes de Pigeon \u2013 GHG Pro-Grade 6 pi\u00e8ces avec clips"},"content":{"rendered":"<h2><strong>Formes silhouettes de pigeon GHG Pro-Grade<\/strong><\/h2>\n<div>Le grand avantage des formes silhouettes est qu\u2019elles prennent tr\u00e8s peu de place dans le sac et, sur ce mod\u00e8le astucieux, un clip est fix\u00e9 sous la forme, ce qui permet de la placer sur une branche et ainsi de varier l\u2019apparence de votre installation.<\/div>\n<div><\/div>\n<div>Veillez \u00e0 varier l\u2019angle des silhouettes afin que les pigeons puissent les voir sous tous les angles.<\/div>\n<div><\/div>\n<div>Le paquet contient 6 formes silhouettes avec 2 positions de t\u00eate diff\u00e9rentes \u2013 3 avec la t\u00eate lev\u00e9e et 3 pigeons au repos.<\/div>\n<div><\/div>\n<div>Fabriqu\u00e9es dans un mat\u00e9riau r\u00e9sistant, les silhouettes peuvent n\u00e9anmoins se courber ou se plier si elles ne sont pas manipul\u00e9es correctement. Nous vous recommandons donc de les transporter et de les stocker dans un sac de transport.<\/div>\n","protected":false},"excerpt":{"rendered":"<p>Sur ce mod\u00e8le astucieux, un clip est fix\u00e9 sous la forme, ce qui permet de la placer sur une branche et ainsi de varier l\u2019apparence de votre installation.<\/p>\n","protected":false},"featured_media":300680,"template":"","meta":[],"product_brand":[8125],"product_cat":[8163],"product_tag":[],"yoast_head":"<!-- This site is optimized with the Yoast SEO plugin v24.3 - https:\/\/yoast.com\/wordpress\/plugins\/seo\/ -->\n<title>Formes Silhouettes de Pigeon \u2013 GHG Pro-Grade 6 pi\u00e8ces avec clips - Lucky-Hunter<\/title>\n<meta name=\"description\" content=\"Formes silhouettes de pigeon GHG Pro-Grade. Le paquet contient avec 2 positions de t\u00eate diff\u00e9rentes \u2013 3 avec la t\u00eate lev\u00e9e et 3 pigeons au repos.\" \/>\n<meta name=\"robots\" content=\"noindex, follow, max-snippet:-1, max-image-preview:large, max-video-preview:-1\" \/>\n<meta property=\"og:locale\" content=\"fr_FR\" \/>\n<meta property=\"og:type\" content=\"article\" \/>\n<meta property=\"og:title\" content=\"Formes Silhouettes de Pigeon \u2013 GHG Pro-Grade 6 pi\u00e8ces avec clips - Lucky-Hunter\" \/>\n<meta property=\"og:description\" content=\"Formes silhouettes de pigeon GHG Pro-Grade. Le paquet contient avec 2 positions de t\u00eate diff\u00e9rentes \u2013 3 avec la t\u00eate lev\u00e9e et 3 pigeons au repos.\" \/>\n<meta property=\"og:url\" content=\"https:\/\/staging.lucky-hunter.com\/fr\/product\/formes-silhouettes-de-pigeon-ghg-pro-grade-6-pieces-avec-clips\/\" \/>\n<meta property=\"og:site_name\" content=\"Lucky-Hunter\" \/>\n<meta property=\"article:modified_time\" content=\"2025-07-01T09:05:04+00:00\" \/>\n<meta property=\"og:image\" content=\"https:\/\/staging.lucky-hunter.com\/wp-content\/uploads\/2024\/12\/IMG_4627-removebg-preview.png\" \/>\n\t<meta property=\"og:image:width\" content=\"433\" \/>\n\t<meta property=\"og:image:height\" content=\"577\" \/>\n\t<meta property=\"og:image:type\" content=\"image\/png\" \/>\n<meta name=\"twitter:card\" content=\"summary_large_image\" \/>\n<meta name=\"twitter:label1\" content=\"Dur\u00e9e de lecture estim\u00e9e\" \/>\n\t<meta name=\"twitter:data1\" content=\"1 minute\" \/>\n<script type=\"application\/ld+json\" class=\"yoast-schema-graph\">{\"@context\":\"https:\/\/schema.org\",\"@graph\":[{\"@type\":\"WebPage\",\"@id\":\"https:\/\/staging.lucky-hunter.com\/fr\/product\/formes-silhouettes-de-pigeon-ghg-pro-grade-6-pieces-avec-clips\/\",\"url\":\"https:\/\/staging.lucky-hunter.com\/fr\/product\/formes-silhouettes-de-pigeon-ghg-pro-grade-6-pieces-avec-clips\/\",\"name\":\"Formes Silhouettes de Pigeon \u2013 GHG Pro-Grade 6 pi\u00e8ces avec clips - Lucky-Hunter\",\"isPartOf\":{\"@id\":\"https:\/\/staging.lucky-hunter.com\/#website\"},\"primaryImageOfPage\":{\"@id\":\"https:\/\/staging.lucky-hunter.com\/fr\/product\/formes-silhouettes-de-pigeon-ghg-pro-grade-6-pieces-avec-clips\/#primaryimage\"},\"image\":{\"@id\":\"https:\/\/staging.lucky-hunter.com\/fr\/product\/formes-silhouettes-de-pigeon-ghg-pro-grade-6-pieces-avec-clips\/#primaryimage\"},\"thumbnailUrl\":\"https:\/\/staging.lucky-hunter.com\/wp-content\/uploads\/2024\/12\/IMG_4627-removebg-preview.png\",\"datePublished\":\"2024-12-10T09:38:03+00:00\",\"dateModified\":\"2025-07-01T09:05:04+00:00\",\"description\":\"Formes silhouettes de pigeon GHG Pro-Grade. Le paquet contient avec 2 positions de t\u00eate diff\u00e9rentes \u2013 3 avec la t\u00eate lev\u00e9e et 3 pigeons au repos.\",\"breadcrumb\":{\"@id\":\"https:\/\/staging.lucky-hunter.com\/fr\/product\/formes-silhouettes-de-pigeon-ghg-pro-grade-6-pieces-avec-clips\/#breadcrumb\"},\"inLanguage\":\"fr-FR\",\"potentialAction\":[{\"@type\":\"ReadAction\",\"target\":[\"https:\/\/staging.lucky-hunter.com\/fr\/product\/formes-silhouettes-de-pigeon-ghg-pro-grade-6-pieces-avec-clips\/\"]}]},{\"@type\":\"ImageObject\",\"inLanguage\":\"fr-FR\",\"@id\":\"https:\/\/staging.lucky-hunter.com\/fr\/product\/formes-silhouettes-de-pigeon-ghg-pro-grade-6-pieces-avec-clips\/#primaryimage\",\"url\":\"https:\/\/staging.lucky-hunter.com\/wp-content\/uploads\/2024\/12\/IMG_4627-removebg-preview.png\",\"contentUrl\":\"https:\/\/staging.lucky-hunter.com\/wp-content\/uploads\/2024\/12\/IMG_4627-removebg-preview.png\",\"width\":433,\"height\":577},{\"@type\":\"BreadcrumbList\",\"@id\":\"https:\/\/staging.lucky-hunter.com\/fr\/product\/formes-silhouettes-de-pigeon-ghg-pro-grade-6-pieces-avec-clips\/#breadcrumb\",\"itemListElement\":[{\"@type\":\"ListItem\",\"position\":1,\"name\":\"Home\",\"item\":\"https:\/\/staging.lucky-hunter.com\/fr\/\"},{\"@type\":\"ListItem\",\"position\":2,\"name\":\"Boutique\",\"item\":\"https:\/\/staging.lucky-hunter.com\/fr\/shop\/\"},{\"@type\":\"ListItem\",\"position\":3,\"name\":\"Formes Silhouettes de Pigeon \u2013 GHG Pro-Grade 6 pi\u00e8ces avec clips\"}]},{\"@type\":\"WebSite\",\"@id\":\"https:\/\/staging.lucky-hunter.com\/#website\",\"url\":\"https:\/\/staging.lucky-hunter.com\/\",\"name\":\"Lucky-Hunter\",\"description\":\"Gear Up or Give Up\",\"potentialAction\":[{\"@type\":\"SearchAction\",\"target\":{\"@type\":\"EntryPoint\",\"urlTemplate\":\"https:\/\/staging.lucky-hunter.com\/?s={search_term_string}\"},\"query-input\":{\"@type\":\"PropertyValueSpecification\",\"valueRequired\":true,\"valueName\":\"search_term_string\"}}],\"inLanguage\":\"fr-FR\"}]}<\/script>\n<!-- \/ Yoast SEO plugin. -->","yoast_head_json":{"title":"Formes Silhouettes de Pigeon \u2013 GHG Pro-Grade 6 pi\u00e8ces avec clips - Lucky-Hunter","description":"Formes silhouettes de pigeon GHG Pro-Grade. Le paquet contient avec 2 positions de t\u00eate diff\u00e9rentes \u2013 3 avec la t\u00eate lev\u00e9e et 3 pigeons au repos.","robots":{"index":"noindex","follow":"follow","max-snippet":"max-snippet:-1","max-image-preview":"max-image-preview:large","max-video-preview":"max-video-preview:-1"},"og_locale":"fr_FR","og_type":"article","og_title":"Formes Silhouettes de Pigeon \u2013 GHG Pro-Grade 6 pi\u00e8ces avec clips - Lucky-Hunter","og_description":"Formes silhouettes de pigeon GHG Pro-Grade. Le paquet contient avec 2 positions de t\u00eate diff\u00e9rentes \u2013 3 avec la t\u00eate lev\u00e9e et 3 pigeons au repos.","og_url":"https:\/\/staging.lucky-hunter.com\/fr\/product\/formes-silhouettes-de-pigeon-ghg-pro-grade-6-pieces-avec-clips\/","og_site_name":"Lucky-Hunter","article_modified_time":"2025-07-01T09:05:04+00:00","og_image":[{"width":433,"height":577,"url":"https:\/\/staging.lucky-hunter.com\/wp-content\/uploads\/2024\/12\/IMG_4627-removebg-preview.png","type":"image\/png"}],"twitter_card":"summary_large_image","twitter_misc":{"Dur\u00e9e de lecture estim\u00e9e":"1 minute"},"schema":{"@context":"https:\/\/schema.org","@graph":[{"@type":"WebPage","@id":"https:\/\/staging.lucky-hunter.com\/fr\/product\/formes-silhouettes-de-pigeon-ghg-pro-grade-6-pieces-avec-clips\/","url":"https:\/\/staging.lucky-hunter.com\/fr\/product\/formes-silhouettes-de-pigeon-ghg-pro-grade-6-pieces-avec-clips\/","name":"Formes Silhouettes de Pigeon \u2013 GHG Pro-Grade 6 pi\u00e8ces avec clips - Lucky-Hunter","isPartOf":{"@id":"https:\/\/staging.lucky-hunter.com\/#website"},"primaryImageOfPage":{"@id":"https:\/\/staging.lucky-hunter.com\/fr\/product\/formes-silhouettes-de-pigeon-ghg-pro-grade-6-pieces-avec-clips\/#primaryimage"},"image":{"@id":"https:\/\/staging.lucky-hunter.com\/fr\/product\/formes-silhouettes-de-pigeon-ghg-pro-grade-6-pieces-avec-clips\/#primaryimage"},"thumbnailUrl":"https:\/\/staging.lucky-hunter.com\/wp-content\/uploads\/2024\/12\/IMG_4627-removebg-preview.png","datePublished":"2024-12-10T09:38:03+00:00","dateModified":"2025-07-01T09:05:04+00:00","description":"Formes silhouettes de pigeon GHG Pro-Grade. Le paquet contient avec 2 positions de t\u00eate diff\u00e9rentes \u2013 3 avec la t\u00eate lev\u00e9e et 3 pigeons au repos.","breadcrumb":{"@id":"https:\/\/staging.lucky-hunter.com\/fr\/product\/formes-silhouettes-de-pigeon-ghg-pro-grade-6-pieces-avec-clips\/#breadcrumb"},"inLanguage":"fr-FR","potentialAction":[{"@type":"ReadAction","target":["https:\/\/staging.lucky-hunter.com\/fr\/product\/formes-silhouettes-de-pigeon-ghg-pro-grade-6-pieces-avec-clips\/"]}]},{"@type":"ImageObject","inLanguage":"fr-FR","@id":"https:\/\/staging.lucky-hunter.com\/fr\/product\/formes-silhouettes-de-pigeon-ghg-pro-grade-6-pieces-avec-clips\/#primaryimage","url":"https:\/\/staging.lucky-hunter.com\/wp-content\/uploads\/2024\/12\/IMG_4627-removebg-preview.png","contentUrl":"https:\/\/staging.lucky-hunter.com\/wp-content\/uploads\/2024\/12\/IMG_4627-removebg-preview.png","width":433,"height":577},{"@type":"BreadcrumbList","@id":"https:\/\/staging.lucky-hunter.com\/fr\/product\/formes-silhouettes-de-pigeon-ghg-pro-grade-6-pieces-avec-clips\/#breadcrumb","itemListElement":[{"@type":"ListItem","position":1,"name":"Home","item":"https:\/\/staging.lucky-hunter.com\/fr\/"},{"@type":"ListItem","position":2,"name":"Boutique","item":"https:\/\/staging.lucky-hunter.com\/fr\/shop\/"},{"@type":"ListItem","position":3,"name":"Formes Silhouettes de Pigeon \u2013 GHG Pro-Grade 6 pi\u00e8ces avec clips"}]},{"@type":"WebSite","@id":"https:\/\/staging.lucky-hunter.com\/#website","url":"https:\/\/staging.lucky-hunter.com\/","name":"Lucky-Hunter","description":"Gear Up or Give Up","potentialAction":[{"@type":"SearchAction","target":{"@type":"EntryPoint","urlTemplate":"https:\/\/staging.lucky-hunter.com\/?s={search_term_string}"},"query-input":{"@type":"PropertyValueSpecification","valueRequired":true,"valueName":"search_term_string"}}],"inLanguage":"fr-FR"}]}},"_links":{"self":[{"href":"https:\/\/staging.lucky-hunter.com\/fr\/wp-json\/wp\/v2\/product\/612765"}],"collection":[{"href":"https:\/\/staging.lucky-hunter.com\/fr\/wp-json\/wp\/v2\/product"}],"about":[{"href":"https:\/\/staging.lucky-hunter.com\/fr\/wp-json\/wp\/v2\/types\/product"}],"wp:featuredmedia":[{"embeddable":true,"href":"https:\/\/staging.lucky-hunter.com\/fr\/wp-json\/wp\/v2\/media\/300680"}],"wp:attachment":[{"href":"https:\/\/staging.lucky-hunter.com\/fr\/wp-json\/wp\/v2\/media?parent=612765"}],"wp:term":[{"taxonomy":"product_brand","embeddable":true,"href":"https:\/\/staging.lucky-hunter.com\/fr\/wp-json\/wp\/v2\/product_brand?post=612765"},{"taxonomy":"product_cat","embeddable":true,"href":"https:\/\/staging.lucky-hunter.com\/fr\/wp-json\/wp\/v2\/product_cat?post=612765"},{"taxonomy":"product_tag","embeddable":true,"href":"https:\/\/staging.lucky-hunter.com\/fr\/wp-json\/wp\/v2\/product_tag?post=612765"}],"curies":[{"name":"wp","href":"https:\/\/api.w.org\/{rel}","templated":true}]}}