{"id":57105,"date":"2017-04-18T16:00:10","date_gmt":"2017-04-18T14:00:10","guid":{"rendered":"https:\/\/staging.lucky-hunter.com\/product\/rigem-right-deluxe-spinner-bag\/"},"modified":"2023-03-14T15:43:54","modified_gmt":"2023-03-14T14:43:54","slug":"rigem-right-deluxe-spinner-bag","status":"publish","type":"product","link":"https:\/\/staging.lucky-hunter.com\/fr\/product\/rigem-right-deluxe-spinner-bag\/","title":{"rendered":"Sac Rig&#8217;Em Right Deluxe Spinner"},"content":{"rendered":"<h2><strong>Transport et stockage faciles pour 2 formes Lucky Duck ou MOJO<\/strong><\/h2>\n<p>Flottant et tr\u00e8s r\u00e9sistant, le Sac Rig&#8217;Em Right Deluxe Spinner vous permet de prot\u00e9ger et de transporter 2 formes \u00e0 ailes tournantes dans un m\u00eame sac de transport. Il dispose de tout l\u2019espace n\u00e9cessaire pour accueillir vos formes \u00e0 ailes tournantes sans qu\u2019elles ne soient \u00e0 l\u2019\u00e9troit.<\/p>\n<ul>\n<li>Poches internes pour piles de rechange<\/li>\n<li>Fentes rembourr\u00e9es pour ranger et prot\u00e9ger les ailes<\/li>\n<li>Emplacements pratiques pour accueillir les piquets de montage<\/li>\n<li>Poches externes suppl\u00e9mentaires pour vis molet\u00e9es de rechange et \u00e9quipement divers<\/li>\n<li>Fond robuste en EVA<\/li>\n<li>Accessoires m\u00e9talliques<\/li>\n<li>Peut contenir jusqu&#8217;\u00e0 deux formes \u00e0 ailes tournantes et leurs piquets<\/li>\n<\/ul>\n<p>Bien que ce sac soit con\u00e7u pour les formes de canards, vous pouvez \u00e9galement l\u2019utiliser pour transporter des formes de tourterelles ou de corbeaux.<\/p>\n<div class=\"video video-fit mb\" style=\"padding-top:56.25%;\"><p><iframe title=\"Rig&#039;Em Right Waterfowl Deluxe Spinner Bag\" width=\"1020\" height=\"574\" src=\"https:\/\/www.youtube.com\/embed\/Vr-5xBZH0P0?wmode=transparent&amp;rel=0&amp;feature=oembed&#038;enablejsapi=1&#038;origin=https:\/\/staging.lucky-hunter.com\" frameborder=\"0\" allow=\"accelerometer; autoplay; clipboard-write; encrypted-media; gyroscope; picture-in-picture; web-share\" allowfullscreen><\/iframe><\/p>\n<\/div>\n","protected":false},"excerpt":{"rendered":"<p>Flottant et tr\u00e8s r\u00e9sistant, le Sac Rig&#8217;Em Right Deluxe Spinner vous permet de prot\u00e9ger et de transporter 2 formes \u00e0 ailes tournantes dans un m\u00eame sac de transport.<\/p>\n","protected":false},"featured_media":29521,"template":"","meta":[],"product_brand":[8127],"product_cat":[9321,9683],"product_tag":[],"yoast_head":"<!-- This site is optimized with the Yoast SEO plugin v24.3 - https:\/\/yoast.com\/wordpress\/plugins\/seo\/ -->\n<title>Rig&#039;Em Right Deluxe Spinner Bag - Parfait pour votre \u00e9quipement | Chasseur chanceux<\/title>\n<meta name=\"description\" content=\"Portez vos ailes tournoyantes. Rig&#039;Em Right Deluxe Spinner Bag vous permet de prot\u00e9ger et de transporter jusqu&#039;\u00e0 deux leurres \u00e0 ailes tournantes.\" \/>\n<meta name=\"robots\" content=\"noindex, follow, max-snippet:-1, max-image-preview:large, max-video-preview:-1\" \/>\n<meta property=\"og:locale\" content=\"fr_FR\" \/>\n<meta property=\"og:type\" content=\"article\" \/>\n<meta property=\"og:title\" content=\"Rig&#039;Em Right Deluxe Spinner Bag - Parfait pour votre \u00e9quipement | Chasseur chanceux\" \/>\n<meta property=\"og:description\" content=\"Portez vos ailes tournoyantes. Rig&#039;Em Right Deluxe Spinner Bag vous permet de prot\u00e9ger et de transporter jusqu&#039;\u00e0 deux leurres \u00e0 ailes tournantes.\" \/>\n<meta property=\"og:url\" content=\"https:\/\/staging.lucky-hunter.com\/product\/rigem-right-deluxe-spinner-bag\/\" \/>\n<meta property=\"og:site_name\" content=\"Lucky-Hunter\" \/>\n<meta property=\"article:modified_time\" content=\"2023-03-14T14:43:54+00:00\" \/>\n<meta property=\"og:image\" content=\"https:\/\/staging.lucky-hunter.com\/wp-content\/uploads\/2017\/04\/PU-250.png\" \/>\n\t<meta property=\"og:image:width\" content=\"1000\" \/>\n\t<meta property=\"og:image:height\" content=\"1000\" \/>\n\t<meta property=\"og:image:type\" content=\"image\/png\" \/>\n<meta name=\"twitter:card\" content=\"summary_large_image\" \/>\n<meta name=\"twitter:title\" content=\"Rig&#039;Em Right Deluxe Spinner Bag - Parfait pour votre \u00e9quipement | Chasseur chanceux\" \/>\n<meta name=\"twitter:description\" content=\"Portez vos ailes tournoyantes. Rig&#039;Em Right Deluxe Spinner Bag vous permet de prot\u00e9ger et de transporter jusqu&#039;\u00e0 deux leurres \u00e0 ailes tournantes.\" \/>\n<meta name=\"twitter:label1\" content=\"Dur\u00e9e de lecture estim\u00e9e\" \/>\n\t<meta name=\"twitter:data1\" content=\"1 minute\" \/>\n<script type=\"application\/ld+json\" class=\"yoast-schema-graph\">{\"@context\":\"https:\/\/schema.org\",\"@graph\":[{\"@type\":\"WebPage\",\"@id\":\"https:\/\/staging.lucky-hunter.com\/product\/rigem-right-deluxe-spinner-bag\/\",\"url\":\"https:\/\/staging.lucky-hunter.com\/product\/rigem-right-deluxe-spinner-bag\/\",\"name\":\"Rig'Em Right Deluxe Spinner Bag - Parfait pour votre \u00e9quipement | Chasseur chanceux\",\"isPartOf\":{\"@id\":\"https:\/\/staging.lucky-hunter.com\/#website\"},\"primaryImageOfPage\":{\"@id\":\"https:\/\/staging.lucky-hunter.com\/product\/rigem-right-deluxe-spinner-bag\/#primaryimage\"},\"image\":{\"@id\":\"https:\/\/staging.lucky-hunter.com\/product\/rigem-right-deluxe-spinner-bag\/#primaryimage\"},\"thumbnailUrl\":\"https:\/\/staging.lucky-hunter.com\/wp-content\/uploads\/2017\/04\/PU-250.png\",\"datePublished\":\"2017-04-18T14:00:10+00:00\",\"dateModified\":\"2023-03-14T14:43:54+00:00\",\"description\":\"Portez vos ailes tournoyantes. Rig'Em Right Deluxe Spinner Bag vous permet de prot\u00e9ger et de transporter jusqu'\u00e0 deux leurres \u00e0 ailes tournantes.\",\"breadcrumb\":{\"@id\":\"https:\/\/staging.lucky-hunter.com\/product\/rigem-right-deluxe-spinner-bag\/#breadcrumb\"},\"inLanguage\":\"fr-FR\",\"potentialAction\":[{\"@type\":\"ReadAction\",\"target\":[\"https:\/\/staging.lucky-hunter.com\/product\/rigem-right-deluxe-spinner-bag\/\"]}]},{\"@type\":\"ImageObject\",\"inLanguage\":\"fr-FR\",\"@id\":\"https:\/\/staging.lucky-hunter.com\/product\/rigem-right-deluxe-spinner-bag\/#primaryimage\",\"url\":\"https:\/\/staging.lucky-hunter.com\/wp-content\/uploads\/2017\/04\/PU-250.png\",\"contentUrl\":\"https:\/\/staging.lucky-hunter.com\/wp-content\/uploads\/2017\/04\/PU-250.png\",\"width\":1000,\"height\":1000,\"caption\":\"Image of Rig'Em Right Deluxe Spinner Bag\"},{\"@type\":\"BreadcrumbList\",\"@id\":\"https:\/\/staging.lucky-hunter.com\/product\/rigem-right-deluxe-spinner-bag\/#breadcrumb\",\"itemListElement\":[{\"@type\":\"ListItem\",\"position\":1,\"name\":\"Home\",\"item\":\"https:\/\/staging.lucky-hunter.com\/fr\/\"},{\"@type\":\"ListItem\",\"position\":2,\"name\":\"Boutique\",\"item\":\"https:\/\/staging.lucky-hunter.com\/fr\/shop\/\"},{\"@type\":\"ListItem\",\"position\":3,\"name\":\"Sac Rig&#8217;Em Right Deluxe Spinner\"}]},{\"@type\":\"WebSite\",\"@id\":\"https:\/\/staging.lucky-hunter.com\/#website\",\"url\":\"https:\/\/staging.lucky-hunter.com\/\",\"name\":\"Lucky-Hunter\",\"description\":\"Gear Up or Give Up\",\"potentialAction\":[{\"@type\":\"SearchAction\",\"target\":{\"@type\":\"EntryPoint\",\"urlTemplate\":\"https:\/\/staging.lucky-hunter.com\/?s={search_term_string}\"},\"query-input\":{\"@type\":\"PropertyValueSpecification\",\"valueRequired\":true,\"valueName\":\"search_term_string\"}}],\"inLanguage\":\"fr-FR\"}]}<\/script>\n<!-- \/ Yoast SEO plugin. -->","yoast_head_json":{"title":"Rig'Em Right Deluxe Spinner Bag - Parfait pour votre \u00e9quipement | Chasseur chanceux","description":"Portez vos ailes tournoyantes. Rig'Em Right Deluxe Spinner Bag vous permet de prot\u00e9ger et de transporter jusqu'\u00e0 deux leurres \u00e0 ailes tournantes.","robots":{"index":"noindex","follow":"follow","max-snippet":"max-snippet:-1","max-image-preview":"max-image-preview:large","max-video-preview":"max-video-preview:-1"},"og_locale":"fr_FR","og_type":"article","og_title":"Rig'Em Right Deluxe Spinner Bag - Parfait pour votre \u00e9quipement | Chasseur chanceux","og_description":"Portez vos ailes tournoyantes. Rig'Em Right Deluxe Spinner Bag vous permet de prot\u00e9ger et de transporter jusqu'\u00e0 deux leurres \u00e0 ailes tournantes.","og_url":"https:\/\/staging.lucky-hunter.com\/product\/rigem-right-deluxe-spinner-bag\/","og_site_name":"Lucky-Hunter","article_modified_time":"2023-03-14T14:43:54+00:00","og_image":[{"width":1000,"height":1000,"url":"https:\/\/staging.lucky-hunter.com\/wp-content\/uploads\/2017\/04\/PU-250.png","type":"image\/png"}],"twitter_card":"summary_large_image","twitter_title":"Rig'Em Right Deluxe Spinner Bag - Parfait pour votre \u00e9quipement | Chasseur chanceux","twitter_description":"Portez vos ailes tournoyantes. Rig'Em Right Deluxe Spinner Bag vous permet de prot\u00e9ger et de transporter jusqu'\u00e0 deux leurres \u00e0 ailes tournantes.","twitter_misc":{"Dur\u00e9e de lecture estim\u00e9e":"1 minute"},"schema":{"@context":"https:\/\/schema.org","@graph":[{"@type":"WebPage","@id":"https:\/\/staging.lucky-hunter.com\/product\/rigem-right-deluxe-spinner-bag\/","url":"https:\/\/staging.lucky-hunter.com\/product\/rigem-right-deluxe-spinner-bag\/","name":"Rig'Em Right Deluxe Spinner Bag - Parfait pour votre \u00e9quipement | Chasseur chanceux","isPartOf":{"@id":"https:\/\/staging.lucky-hunter.com\/#website"},"primaryImageOfPage":{"@id":"https:\/\/staging.lucky-hunter.com\/product\/rigem-right-deluxe-spinner-bag\/#primaryimage"},"image":{"@id":"https:\/\/staging.lucky-hunter.com\/product\/rigem-right-deluxe-spinner-bag\/#primaryimage"},"thumbnailUrl":"https:\/\/staging.lucky-hunter.com\/wp-content\/uploads\/2017\/04\/PU-250.png","datePublished":"2017-04-18T14:00:10+00:00","dateModified":"2023-03-14T14:43:54+00:00","description":"Portez vos ailes tournoyantes. Rig'Em Right Deluxe Spinner Bag vous permet de prot\u00e9ger et de transporter jusqu'\u00e0 deux leurres \u00e0 ailes tournantes.","breadcrumb":{"@id":"https:\/\/staging.lucky-hunter.com\/product\/rigem-right-deluxe-spinner-bag\/#breadcrumb"},"inLanguage":"fr-FR","potentialAction":[{"@type":"ReadAction","target":["https:\/\/staging.lucky-hunter.com\/product\/rigem-right-deluxe-spinner-bag\/"]}]},{"@type":"ImageObject","inLanguage":"fr-FR","@id":"https:\/\/staging.lucky-hunter.com\/product\/rigem-right-deluxe-spinner-bag\/#primaryimage","url":"https:\/\/staging.lucky-hunter.com\/wp-content\/uploads\/2017\/04\/PU-250.png","contentUrl":"https:\/\/staging.lucky-hunter.com\/wp-content\/uploads\/2017\/04\/PU-250.png","width":1000,"height":1000,"caption":"Image of Rig'Em Right Deluxe Spinner Bag"},{"@type":"BreadcrumbList","@id":"https:\/\/staging.lucky-hunter.com\/product\/rigem-right-deluxe-spinner-bag\/#breadcrumb","itemListElement":[{"@type":"ListItem","position":1,"name":"Home","item":"https:\/\/staging.lucky-hunter.com\/fr\/"},{"@type":"ListItem","position":2,"name":"Boutique","item":"https:\/\/staging.lucky-hunter.com\/fr\/shop\/"},{"@type":"ListItem","position":3,"name":"Sac Rig&#8217;Em Right Deluxe Spinner"}]},{"@type":"WebSite","@id":"https:\/\/staging.lucky-hunter.com\/#website","url":"https:\/\/staging.lucky-hunter.com\/","name":"Lucky-Hunter","description":"Gear Up or Give Up","potentialAction":[{"@type":"SearchAction","target":{"@type":"EntryPoint","urlTemplate":"https:\/\/staging.lucky-hunter.com\/?s={search_term_string}"},"query-input":{"@type":"PropertyValueSpecification","valueRequired":true,"valueName":"search_term_string"}}],"inLanguage":"fr-FR"}]}},"_links":{"self":[{"href":"https:\/\/staging.lucky-hunter.com\/fr\/wp-json\/wp\/v2\/product\/57105"}],"collection":[{"href":"https:\/\/staging.lucky-hunter.com\/fr\/wp-json\/wp\/v2\/product"}],"about":[{"href":"https:\/\/staging.lucky-hunter.com\/fr\/wp-json\/wp\/v2\/types\/product"}],"wp:featuredmedia":[{"embeddable":true,"href":"https:\/\/staging.lucky-hunter.com\/fr\/wp-json\/wp\/v2\/media\/29521"}],"wp:attachment":[{"href":"https:\/\/staging.lucky-hunter.com\/fr\/wp-json\/wp\/v2\/media?parent=57105"}],"wp:term":[{"taxonomy":"product_brand","embeddable":true,"href":"https:\/\/staging.lucky-hunter.com\/fr\/wp-json\/wp\/v2\/product_brand?post=57105"},{"taxonomy":"product_cat","embeddable":true,"href":"https:\/\/staging.lucky-hunter.com\/fr\/wp-json\/wp\/v2\/product_cat?post=57105"},{"taxonomy":"product_tag","embeddable":true,"href":"https:\/\/staging.lucky-hunter.com\/fr\/wp-json\/wp\/v2\/product_tag?post=57105"}],"curies":[{"name":"wp","href":"https:\/\/api.w.org\/{rel}","templated":true}]}}