{"id":57102,"date":"2016-11-07T16:09:53","date_gmt":"2016-11-07T15:09:53","guid":{"rendered":"https:\/\/staging.lucky-hunter.com\/product\/mineral-mix-for-wild-boar-hunting\/"},"modified":"2016-11-07T16:09:53","modified_gmt":"2016-11-07T15:09:53","slug":"mineral-mix-for-wild-boar-hunting","status":"publish","type":"product","link":"https:\/\/staging.lucky-hunter.com\/fr\/product\/mineral-mix-for-wild-boar-hunting\/","title":{"rendered":"Sanglier Min\u00e9ral Plus"},"content":{"rendered":"<p>L&#8217;additif min\u00e9ral Buck Expert est un compl\u00e9ment alimentaire important avec un m\u00e9lange de sel que vous devriez toujours avoir sur votre lieu d&#8217;alimentation pour les sangliers.<\/p>\n<p>M\u00e9langer le produit avec env. 45 kg de sel (comme du sel de mer). \u00a0Vous obtenez un m\u00e9lange aromatique de sels et de min\u00e9raux qui attirent les sangliers dans leur recherche naturelle de ces substances vitales.<\/p>\n<p>Vous r\u00e9pandez le m\u00e9lange directement sur le sol \u00e0 une distance de 5 \u00e0 10 m\u00e8tres, permettant aux animaux un acc\u00e8s facile au sel.<\/p>\n<p>Les suppl\u00e9ments nutritionnels assurent aux animaux un bon \u00e9tat d&#8217;alimentation et les rendent plus r\u00e9sistants aux maladies, plus ils obtiennent plus de porcelets et de plus gros troph\u00e9es de dents.<\/p>\n<p>\u00a0<\/p>\n","protected":false},"excerpt":{"rendered":"<p>L&#8217;additif min\u00e9ral Buck Expert est un compl\u00e9ment alimentaire important pour le m\u00e9lange de sel que vous devriez toujours avoir dans votre alimentation pour sanglier. Les suppl\u00e9ments nutritionnels assurent aux animaux une bonne condition alimentaire qui les rend r\u00e9sistants aux maladies.<\/p>\n","protected":false},"featured_media":29045,"template":"","meta":[],"product_brand":[8210],"product_cat":[8253],"product_tag":[9442],"yoast_head":"<!-- This site is optimized with the Yoast SEO plugin v24.3 - https:\/\/yoast.com\/wordpress\/plugins\/seo\/ -->\n<title>Suppl\u00e9ment min\u00e9ral concentr\u00e9 de Buck Expert pour lieu d&#039;alimentation des sangliers<\/title>\n<meta name=\"description\" content=\"L&#039;additif min\u00e9ral Buck Expert est un compl\u00e9ment alimentaire important avec un m\u00e9lange de sel que vous devriez toujours avoir sur votre lieu d&#039;alimentation pour les sangliers.\" \/>\n<meta name=\"robots\" content=\"noindex, follow, max-snippet:-1, max-image-preview:large, max-video-preview:-1\" \/>\n<meta property=\"og:locale\" content=\"fr_FR\" \/>\n<meta property=\"og:type\" content=\"article\" \/>\n<meta property=\"og:title\" content=\"Suppl\u00e9ment min\u00e9ral concentr\u00e9 de Buck Expert pour lieu d&#039;alimentation des sangliers\" \/>\n<meta property=\"og:description\" content=\"L&#039;additif min\u00e9ral Buck Expert est un compl\u00e9ment alimentaire important avec un m\u00e9lange de sel que vous devriez toujours avoir sur votre lieu d&#039;alimentation pour les sangliers.\" \/>\n<meta property=\"og:url\" content=\"https:\/\/staging.lucky-hunter.com\/product\/mineral-mix-for-wild-boar-hunting\/\" \/>\n<meta property=\"og:site_name\" content=\"Lucky-Hunter\" \/>\n<meta property=\"og:image\" content=\"https:\/\/staging.lucky-hunter.com\/wp-content\/uploads\/2017\/06\/LM-155.png\" \/>\n\t<meta property=\"og:image:width\" content=\"1000\" \/>\n\t<meta property=\"og:image:height\" content=\"1000\" \/>\n\t<meta property=\"og:image:type\" content=\"image\/png\" \/>\n<meta name=\"twitter:card\" content=\"summary_large_image\" \/>\n<meta name=\"twitter:label1\" content=\"Dur\u00e9e de lecture estim\u00e9e\" \/>\n\t<meta name=\"twitter:data1\" content=\"1 minute\" \/>\n<script type=\"application\/ld+json\" class=\"yoast-schema-graph\">{\"@context\":\"https:\/\/schema.org\",\"@graph\":[{\"@type\":\"WebPage\",\"@id\":\"https:\/\/staging.lucky-hunter.com\/product\/mineral-mix-for-wild-boar-hunting\/\",\"url\":\"https:\/\/staging.lucky-hunter.com\/product\/mineral-mix-for-wild-boar-hunting\/\",\"name\":\"Suppl\u00e9ment min\u00e9ral concentr\u00e9 de Buck Expert pour lieu d'alimentation des sangliers\",\"isPartOf\":{\"@id\":\"https:\/\/staging.lucky-hunter.com\/#website\"},\"primaryImageOfPage\":{\"@id\":\"https:\/\/staging.lucky-hunter.com\/product\/mineral-mix-for-wild-boar-hunting\/#primaryimage\"},\"image\":{\"@id\":\"https:\/\/staging.lucky-hunter.com\/product\/mineral-mix-for-wild-boar-hunting\/#primaryimage\"},\"thumbnailUrl\":\"https:\/\/staging.lucky-hunter.com\/wp-content\/uploads\/2017\/06\/LM-155.png\",\"datePublished\":\"2016-11-07T15:09:53+00:00\",\"dateModified\":\"2016-11-07T15:09:53+00:00\",\"description\":\"L'additif min\u00e9ral Buck Expert est un compl\u00e9ment alimentaire important avec un m\u00e9lange de sel que vous devriez toujours avoir sur votre lieu d'alimentation pour les sangliers.\",\"breadcrumb\":{\"@id\":\"https:\/\/staging.lucky-hunter.com\/product\/mineral-mix-for-wild-boar-hunting\/#breadcrumb\"},\"inLanguage\":\"fr-FR\",\"potentialAction\":[{\"@type\":\"ReadAction\",\"target\":[\"https:\/\/staging.lucky-hunter.com\/product\/mineral-mix-for-wild-boar-hunting\/\"]}]},{\"@type\":\"ImageObject\",\"inLanguage\":\"fr-FR\",\"@id\":\"https:\/\/staging.lucky-hunter.com\/product\/mineral-mix-for-wild-boar-hunting\/#primaryimage\",\"url\":\"https:\/\/staging.lucky-hunter.com\/wp-content\/uploads\/2017\/06\/LM-155.png\",\"contentUrl\":\"https:\/\/staging.lucky-hunter.com\/wp-content\/uploads\/2017\/06\/LM-155.png\",\"width\":1000,\"height\":1000},{\"@type\":\"BreadcrumbList\",\"@id\":\"https:\/\/staging.lucky-hunter.com\/product\/mineral-mix-for-wild-boar-hunting\/#breadcrumb\",\"itemListElement\":[{\"@type\":\"ListItem\",\"position\":1,\"name\":\"Home\",\"item\":\"https:\/\/staging.lucky-hunter.com\/fr\/\"},{\"@type\":\"ListItem\",\"position\":2,\"name\":\"Boutique\",\"item\":\"https:\/\/staging.lucky-hunter.com\/fr\/shop\/\"},{\"@type\":\"ListItem\",\"position\":3,\"name\":\"Sanglier Min\u00e9ral Plus\"}]},{\"@type\":\"WebSite\",\"@id\":\"https:\/\/staging.lucky-hunter.com\/#website\",\"url\":\"https:\/\/staging.lucky-hunter.com\/\",\"name\":\"Lucky-Hunter\",\"description\":\"Gear Up or Give Up\",\"potentialAction\":[{\"@type\":\"SearchAction\",\"target\":{\"@type\":\"EntryPoint\",\"urlTemplate\":\"https:\/\/staging.lucky-hunter.com\/?s={search_term_string}\"},\"query-input\":{\"@type\":\"PropertyValueSpecification\",\"valueRequired\":true,\"valueName\":\"search_term_string\"}}],\"inLanguage\":\"fr-FR\"}]}<\/script>\n<!-- \/ Yoast SEO plugin. -->","yoast_head_json":{"title":"Suppl\u00e9ment min\u00e9ral concentr\u00e9 de Buck Expert pour lieu d'alimentation des sangliers","description":"L'additif min\u00e9ral Buck Expert est un compl\u00e9ment alimentaire important avec un m\u00e9lange de sel que vous devriez toujours avoir sur votre lieu d'alimentation pour les sangliers.","robots":{"index":"noindex","follow":"follow","max-snippet":"max-snippet:-1","max-image-preview":"max-image-preview:large","max-video-preview":"max-video-preview:-1"},"og_locale":"fr_FR","og_type":"article","og_title":"Suppl\u00e9ment min\u00e9ral concentr\u00e9 de Buck Expert pour lieu d'alimentation des sangliers","og_description":"L'additif min\u00e9ral Buck Expert est un compl\u00e9ment alimentaire important avec un m\u00e9lange de sel que vous devriez toujours avoir sur votre lieu d'alimentation pour les sangliers.","og_url":"https:\/\/staging.lucky-hunter.com\/product\/mineral-mix-for-wild-boar-hunting\/","og_site_name":"Lucky-Hunter","og_image":[{"width":1000,"height":1000,"url":"https:\/\/staging.lucky-hunter.com\/wp-content\/uploads\/2017\/06\/LM-155.png","type":"image\/png"}],"twitter_card":"summary_large_image","twitter_misc":{"Dur\u00e9e de lecture estim\u00e9e":"1 minute"},"schema":{"@context":"https:\/\/schema.org","@graph":[{"@type":"WebPage","@id":"https:\/\/staging.lucky-hunter.com\/product\/mineral-mix-for-wild-boar-hunting\/","url":"https:\/\/staging.lucky-hunter.com\/product\/mineral-mix-for-wild-boar-hunting\/","name":"Suppl\u00e9ment min\u00e9ral concentr\u00e9 de Buck Expert pour lieu d'alimentation des sangliers","isPartOf":{"@id":"https:\/\/staging.lucky-hunter.com\/#website"},"primaryImageOfPage":{"@id":"https:\/\/staging.lucky-hunter.com\/product\/mineral-mix-for-wild-boar-hunting\/#primaryimage"},"image":{"@id":"https:\/\/staging.lucky-hunter.com\/product\/mineral-mix-for-wild-boar-hunting\/#primaryimage"},"thumbnailUrl":"https:\/\/staging.lucky-hunter.com\/wp-content\/uploads\/2017\/06\/LM-155.png","datePublished":"2016-11-07T15:09:53+00:00","dateModified":"2016-11-07T15:09:53+00:00","description":"L'additif min\u00e9ral Buck Expert est un compl\u00e9ment alimentaire important avec un m\u00e9lange de sel que vous devriez toujours avoir sur votre lieu d'alimentation pour les sangliers.","breadcrumb":{"@id":"https:\/\/staging.lucky-hunter.com\/product\/mineral-mix-for-wild-boar-hunting\/#breadcrumb"},"inLanguage":"fr-FR","potentialAction":[{"@type":"ReadAction","target":["https:\/\/staging.lucky-hunter.com\/product\/mineral-mix-for-wild-boar-hunting\/"]}]},{"@type":"ImageObject","inLanguage":"fr-FR","@id":"https:\/\/staging.lucky-hunter.com\/product\/mineral-mix-for-wild-boar-hunting\/#primaryimage","url":"https:\/\/staging.lucky-hunter.com\/wp-content\/uploads\/2017\/06\/LM-155.png","contentUrl":"https:\/\/staging.lucky-hunter.com\/wp-content\/uploads\/2017\/06\/LM-155.png","width":1000,"height":1000},{"@type":"BreadcrumbList","@id":"https:\/\/staging.lucky-hunter.com\/product\/mineral-mix-for-wild-boar-hunting\/#breadcrumb","itemListElement":[{"@type":"ListItem","position":1,"name":"Home","item":"https:\/\/staging.lucky-hunter.com\/fr\/"},{"@type":"ListItem","position":2,"name":"Boutique","item":"https:\/\/staging.lucky-hunter.com\/fr\/shop\/"},{"@type":"ListItem","position":3,"name":"Sanglier Min\u00e9ral Plus"}]},{"@type":"WebSite","@id":"https:\/\/staging.lucky-hunter.com\/#website","url":"https:\/\/staging.lucky-hunter.com\/","name":"Lucky-Hunter","description":"Gear Up or Give Up","potentialAction":[{"@type":"SearchAction","target":{"@type":"EntryPoint","urlTemplate":"https:\/\/staging.lucky-hunter.com\/?s={search_term_string}"},"query-input":{"@type":"PropertyValueSpecification","valueRequired":true,"valueName":"search_term_string"}}],"inLanguage":"fr-FR"}]}},"_links":{"self":[{"href":"https:\/\/staging.lucky-hunter.com\/fr\/wp-json\/wp\/v2\/product\/57102"}],"collection":[{"href":"https:\/\/staging.lucky-hunter.com\/fr\/wp-json\/wp\/v2\/product"}],"about":[{"href":"https:\/\/staging.lucky-hunter.com\/fr\/wp-json\/wp\/v2\/types\/product"}],"wp:featuredmedia":[{"embeddable":true,"href":"https:\/\/staging.lucky-hunter.com\/fr\/wp-json\/wp\/v2\/media\/29045"}],"wp:attachment":[{"href":"https:\/\/staging.lucky-hunter.com\/fr\/wp-json\/wp\/v2\/media?parent=57102"}],"wp:term":[{"taxonomy":"product_brand","embeddable":true,"href":"https:\/\/staging.lucky-hunter.com\/fr\/wp-json\/wp\/v2\/product_brand?post=57102"},{"taxonomy":"product_cat","embeddable":true,"href":"https:\/\/staging.lucky-hunter.com\/fr\/wp-json\/wp\/v2\/product_cat?post=57102"},{"taxonomy":"product_tag","embeddable":true,"href":"https:\/\/staging.lucky-hunter.com\/fr\/wp-json\/wp\/v2\/product_tag?post=57102"}],"curies":[{"name":"wp","href":"https:\/\/api.w.org\/{rel}","templated":true}]}}