{"id":57100,"date":"2021-11-09T12:13:29","date_gmt":"2021-11-09T11:13:29","guid":{"rendered":"https:\/\/staging.lucky-hunter.com\/product\/oak-bark-camo-stencil-add-your-own-camouflage-copy\/"},"modified":"2025-06-24T15:26:50","modified_gmt":"2025-06-24T13:26:50","slug":"pochoir-camouflage-en-ecorce-de-chene-ajoutez-votre-propre-camouflage","status":"publish","type":"product","link":"https:\/\/staging.lucky-hunter.com\/fr\/product\/pochoir-camouflage-en-ecorce-de-chene-ajoutez-votre-propre-camouflage\/","title":{"rendered":"Pochoir \u00e0 Motifs d\u2019\u00c9corce de Ch\u00eane pour Camouflage."},"content":{"rendered":"<h2><strong>Pochoir \u00e0 Motifs d\u2019\u00c9corce de Ch\u00eane pour Camouflage.<\/strong><\/h2>\n<p>Ce pochoir est id\u00e9al pour ceux qui souhaitent appliquer un camouflage sur leur \u00e9quipement. Les motifs d\u2019\u00e9corce de ch\u00eane de ce pochoir sont id\u00e9aux pour de nombreuses r\u00e9gions partout en Europe.<\/p>\n<p>Vous pouvez utiliser n&#8217;importe quelle couleur de peinture selon la saison durant laquelle vous allez chasser. Ces pochoirs sont r\u00e9utilisables, vous pouvez donc vous en servir \u00e0 chaque fois qu\u2019un \u00e9l\u00e9ment de votre \u00e9quipement n\u00e9cessite plus de camouflage pour mieux se fondre dans le d\u00e9cor. Ils sont donc tr\u00e8s rentables car ils vous permettront de r\u00e9aliser de nombreuses s\u00e9ances de peinture.<\/p>\n<p>Id\u00e9alement, utilisez des peintures en a\u00e9rosol car elles sont rapides et faciles \u00e0 utiliser sur de nombreuses surfaces diff\u00e9rentes.<\/p>\n","protected":false},"excerpt":{"rendered":"<p>Pochoir \u00e0 Motifs d\u2019\u00c9corce de Ch\u00eane pour Camouflage &#8211; parfait pour ajouter des effets de camouflage suppl\u00e9mentaires \u00e0 votre \u00e9quipement tout au long de l&#8217;ann\u00e9e.<\/p>\n","protected":false},"featured_media":29282,"template":"","meta":[],"product_brand":[8212],"product_cat":[8164],"product_tag":[],"yoast_head":"<!-- This site is optimized with the Yoast SEO plugin v24.3 - https:\/\/yoast.com\/wordpress\/plugins\/seo\/ -->\n<title>Pochoir camouflage en \u00e9corce de ch\u00eane - Ajoutez votre propre camouflage<\/title>\n<meta name=\"description\" content=\"Le pochoir camouflage en \u00e9corce de ch\u00eane est parfait pour ajouter un camouflage suppl\u00e9mentaire \u00e0 votre \u00e9quipement de chasse existant.\" \/>\n<meta name=\"robots\" content=\"noindex, follow, max-snippet:-1, max-image-preview:large, max-video-preview:-1\" \/>\n<meta property=\"og:locale\" content=\"fr_FR\" \/>\n<meta property=\"og:type\" content=\"article\" \/>\n<meta property=\"og:title\" content=\"Pochoir \u00e0 Motifs de Feuilles de Ch\u00eane pour Camouflage\" \/>\n<meta property=\"og:description\" content=\"Oak Leaves Camo Stencil est parfait pour ajouter un camouflage suppl\u00e9mentaire \u00e0 votre \u00e9quipement de chasse existant. Peut \u00eatre utilis\u00e9 avec une vari\u00e9t\u00e9 de couleurs pour une utilisation toute l&#039;ann\u00e9e.\" \/>\n<meta property=\"og:url\" content=\"https:\/\/staging.lucky-hunter.com\/fr\/product\/pochoir-camouflage-en-ecorce-de-chene-ajoutez-votre-propre-camouflage\/\" \/>\n<meta property=\"og:site_name\" content=\"Lucky-Hunter\" \/>\n<meta property=\"article:modified_time\" content=\"2025-06-24T13:26:50+00:00\" \/>\n<meta property=\"og:image\" content=\"https:\/\/staging.lucky-hunter.com\/wp-content\/uploads\/2017\/01\/CA-15.png\" \/>\n\t<meta property=\"og:image:width\" content=\"1000\" \/>\n\t<meta property=\"og:image:height\" content=\"1000\" \/>\n\t<meta property=\"og:image:type\" content=\"image\/png\" \/>\n<meta name=\"twitter:card\" content=\"summary_large_image\" \/>\n<meta name=\"twitter:title\" content=\"Pochoir \u00e0 Motifs de Feuilles de Ch\u00eane pour Camouflage\" \/>\n<meta name=\"twitter:description\" content=\"Oak Leaves Camo Stencil est parfait pour ajouter un camouflage suppl\u00e9mentaire \u00e0 votre \u00e9quipement de chasse existant. Peut \u00eatre utilis\u00e9 avec une vari\u00e9t\u00e9 de couleurs pour une utilisation toute l&#039;ann\u00e9e.\" \/>\n<meta name=\"twitter:label1\" content=\"Dur\u00e9e de lecture estim\u00e9e\" \/>\n\t<meta name=\"twitter:data1\" content=\"1 minute\" \/>\n<script type=\"application\/ld+json\" class=\"yoast-schema-graph\">{\"@context\":\"https:\/\/schema.org\",\"@graph\":[{\"@type\":\"WebPage\",\"@id\":\"https:\/\/staging.lucky-hunter.com\/fr\/product\/pochoir-camouflage-en-ecorce-de-chene-ajoutez-votre-propre-camouflage\/\",\"url\":\"https:\/\/staging.lucky-hunter.com\/fr\/product\/pochoir-camouflage-en-ecorce-de-chene-ajoutez-votre-propre-camouflage\/\",\"name\":\"Pochoir camouflage en \u00e9corce de ch\u00eane - Ajoutez votre propre camouflage\",\"isPartOf\":{\"@id\":\"https:\/\/staging.lucky-hunter.com\/#website\"},\"primaryImageOfPage\":{\"@id\":\"https:\/\/staging.lucky-hunter.com\/fr\/product\/pochoir-camouflage-en-ecorce-de-chene-ajoutez-votre-propre-camouflage\/#primaryimage\"},\"image\":{\"@id\":\"https:\/\/staging.lucky-hunter.com\/fr\/product\/pochoir-camouflage-en-ecorce-de-chene-ajoutez-votre-propre-camouflage\/#primaryimage\"},\"thumbnailUrl\":\"https:\/\/staging.lucky-hunter.com\/wp-content\/uploads\/2017\/01\/CA-15.png\",\"datePublished\":\"2021-11-09T11:13:29+00:00\",\"dateModified\":\"2025-06-24T13:26:50+00:00\",\"description\":\"Le pochoir camouflage en \u00e9corce de ch\u00eane est parfait pour ajouter un camouflage suppl\u00e9mentaire \u00e0 votre \u00e9quipement de chasse existant.\",\"breadcrumb\":{\"@id\":\"https:\/\/staging.lucky-hunter.com\/fr\/product\/pochoir-camouflage-en-ecorce-de-chene-ajoutez-votre-propre-camouflage\/#breadcrumb\"},\"inLanguage\":\"fr-FR\",\"potentialAction\":[{\"@type\":\"ReadAction\",\"target\":[\"https:\/\/staging.lucky-hunter.com\/fr\/product\/pochoir-camouflage-en-ecorce-de-chene-ajoutez-votre-propre-camouflage\/\"]}]},{\"@type\":\"ImageObject\",\"inLanguage\":\"fr-FR\",\"@id\":\"https:\/\/staging.lucky-hunter.com\/fr\/product\/pochoir-camouflage-en-ecorce-de-chene-ajoutez-votre-propre-camouflage\/#primaryimage\",\"url\":\"https:\/\/staging.lucky-hunter.com\/wp-content\/uploads\/2017\/01\/CA-15.png\",\"contentUrl\":\"https:\/\/staging.lucky-hunter.com\/wp-content\/uploads\/2017\/01\/CA-15.png\",\"width\":1000,\"height\":1000},{\"@type\":\"BreadcrumbList\",\"@id\":\"https:\/\/staging.lucky-hunter.com\/fr\/product\/pochoir-camouflage-en-ecorce-de-chene-ajoutez-votre-propre-camouflage\/#breadcrumb\",\"itemListElement\":[{\"@type\":\"ListItem\",\"position\":1,\"name\":\"Home\",\"item\":\"https:\/\/staging.lucky-hunter.com\/fr\/\"},{\"@type\":\"ListItem\",\"position\":2,\"name\":\"Boutique\",\"item\":\"https:\/\/staging.lucky-hunter.com\/fr\/shop\/\"},{\"@type\":\"ListItem\",\"position\":3,\"name\":\"Pochoir \u00e0 Motifs d\u2019\u00c9corce de Ch\u00eane pour Camouflage.\"}]},{\"@type\":\"WebSite\",\"@id\":\"https:\/\/staging.lucky-hunter.com\/#website\",\"url\":\"https:\/\/staging.lucky-hunter.com\/\",\"name\":\"Lucky-Hunter\",\"description\":\"Gear Up or Give Up\",\"potentialAction\":[{\"@type\":\"SearchAction\",\"target\":{\"@type\":\"EntryPoint\",\"urlTemplate\":\"https:\/\/staging.lucky-hunter.com\/?s={search_term_string}\"},\"query-input\":{\"@type\":\"PropertyValueSpecification\",\"valueRequired\":true,\"valueName\":\"search_term_string\"}}],\"inLanguage\":\"fr-FR\"}]}<\/script>\n<!-- \/ Yoast SEO plugin. -->","yoast_head_json":{"title":"Pochoir camouflage en \u00e9corce de ch\u00eane - Ajoutez votre propre camouflage","description":"Le pochoir camouflage en \u00e9corce de ch\u00eane est parfait pour ajouter un camouflage suppl\u00e9mentaire \u00e0 votre \u00e9quipement de chasse existant.","robots":{"index":"noindex","follow":"follow","max-snippet":"max-snippet:-1","max-image-preview":"max-image-preview:large","max-video-preview":"max-video-preview:-1"},"og_locale":"fr_FR","og_type":"article","og_title":"Pochoir \u00e0 Motifs de Feuilles de Ch\u00eane pour Camouflage","og_description":"Oak Leaves Camo Stencil est parfait pour ajouter un camouflage suppl\u00e9mentaire \u00e0 votre \u00e9quipement de chasse existant. Peut \u00eatre utilis\u00e9 avec une vari\u00e9t\u00e9 de couleurs pour une utilisation toute l'ann\u00e9e.","og_url":"https:\/\/staging.lucky-hunter.com\/fr\/product\/pochoir-camouflage-en-ecorce-de-chene-ajoutez-votre-propre-camouflage\/","og_site_name":"Lucky-Hunter","article_modified_time":"2025-06-24T13:26:50+00:00","og_image":[{"width":1000,"height":1000,"url":"https:\/\/staging.lucky-hunter.com\/wp-content\/uploads\/2017\/01\/CA-15.png","type":"image\/png"}],"twitter_card":"summary_large_image","twitter_title":"Pochoir \u00e0 Motifs de Feuilles de Ch\u00eane pour Camouflage","twitter_description":"Oak Leaves Camo Stencil est parfait pour ajouter un camouflage suppl\u00e9mentaire \u00e0 votre \u00e9quipement de chasse existant. Peut \u00eatre utilis\u00e9 avec une vari\u00e9t\u00e9 de couleurs pour une utilisation toute l'ann\u00e9e.","twitter_misc":{"Dur\u00e9e de lecture estim\u00e9e":"1 minute"},"schema":{"@context":"https:\/\/schema.org","@graph":[{"@type":"WebPage","@id":"https:\/\/staging.lucky-hunter.com\/fr\/product\/pochoir-camouflage-en-ecorce-de-chene-ajoutez-votre-propre-camouflage\/","url":"https:\/\/staging.lucky-hunter.com\/fr\/product\/pochoir-camouflage-en-ecorce-de-chene-ajoutez-votre-propre-camouflage\/","name":"Pochoir camouflage en \u00e9corce de ch\u00eane - Ajoutez votre propre camouflage","isPartOf":{"@id":"https:\/\/staging.lucky-hunter.com\/#website"},"primaryImageOfPage":{"@id":"https:\/\/staging.lucky-hunter.com\/fr\/product\/pochoir-camouflage-en-ecorce-de-chene-ajoutez-votre-propre-camouflage\/#primaryimage"},"image":{"@id":"https:\/\/staging.lucky-hunter.com\/fr\/product\/pochoir-camouflage-en-ecorce-de-chene-ajoutez-votre-propre-camouflage\/#primaryimage"},"thumbnailUrl":"https:\/\/staging.lucky-hunter.com\/wp-content\/uploads\/2017\/01\/CA-15.png","datePublished":"2021-11-09T11:13:29+00:00","dateModified":"2025-06-24T13:26:50+00:00","description":"Le pochoir camouflage en \u00e9corce de ch\u00eane est parfait pour ajouter un camouflage suppl\u00e9mentaire \u00e0 votre \u00e9quipement de chasse existant.","breadcrumb":{"@id":"https:\/\/staging.lucky-hunter.com\/fr\/product\/pochoir-camouflage-en-ecorce-de-chene-ajoutez-votre-propre-camouflage\/#breadcrumb"},"inLanguage":"fr-FR","potentialAction":[{"@type":"ReadAction","target":["https:\/\/staging.lucky-hunter.com\/fr\/product\/pochoir-camouflage-en-ecorce-de-chene-ajoutez-votre-propre-camouflage\/"]}]},{"@type":"ImageObject","inLanguage":"fr-FR","@id":"https:\/\/staging.lucky-hunter.com\/fr\/product\/pochoir-camouflage-en-ecorce-de-chene-ajoutez-votre-propre-camouflage\/#primaryimage","url":"https:\/\/staging.lucky-hunter.com\/wp-content\/uploads\/2017\/01\/CA-15.png","contentUrl":"https:\/\/staging.lucky-hunter.com\/wp-content\/uploads\/2017\/01\/CA-15.png","width":1000,"height":1000},{"@type":"BreadcrumbList","@id":"https:\/\/staging.lucky-hunter.com\/fr\/product\/pochoir-camouflage-en-ecorce-de-chene-ajoutez-votre-propre-camouflage\/#breadcrumb","itemListElement":[{"@type":"ListItem","position":1,"name":"Home","item":"https:\/\/staging.lucky-hunter.com\/fr\/"},{"@type":"ListItem","position":2,"name":"Boutique","item":"https:\/\/staging.lucky-hunter.com\/fr\/shop\/"},{"@type":"ListItem","position":3,"name":"Pochoir \u00e0 Motifs d\u2019\u00c9corce de Ch\u00eane pour Camouflage."}]},{"@type":"WebSite","@id":"https:\/\/staging.lucky-hunter.com\/#website","url":"https:\/\/staging.lucky-hunter.com\/","name":"Lucky-Hunter","description":"Gear Up or Give Up","potentialAction":[{"@type":"SearchAction","target":{"@type":"EntryPoint","urlTemplate":"https:\/\/staging.lucky-hunter.com\/?s={search_term_string}"},"query-input":{"@type":"PropertyValueSpecification","valueRequired":true,"valueName":"search_term_string"}}],"inLanguage":"fr-FR"}]}},"_links":{"self":[{"href":"https:\/\/staging.lucky-hunter.com\/fr\/wp-json\/wp\/v2\/product\/57100"}],"collection":[{"href":"https:\/\/staging.lucky-hunter.com\/fr\/wp-json\/wp\/v2\/product"}],"about":[{"href":"https:\/\/staging.lucky-hunter.com\/fr\/wp-json\/wp\/v2\/types\/product"}],"wp:featuredmedia":[{"embeddable":true,"href":"https:\/\/staging.lucky-hunter.com\/fr\/wp-json\/wp\/v2\/media\/29282"}],"wp:attachment":[{"href":"https:\/\/staging.lucky-hunter.com\/fr\/wp-json\/wp\/v2\/media?parent=57100"}],"wp:term":[{"taxonomy":"product_brand","embeddable":true,"href":"https:\/\/staging.lucky-hunter.com\/fr\/wp-json\/wp\/v2\/product_brand?post=57100"},{"taxonomy":"product_cat","embeddable":true,"href":"https:\/\/staging.lucky-hunter.com\/fr\/wp-json\/wp\/v2\/product_cat?post=57100"},{"taxonomy":"product_tag","embeddable":true,"href":"https:\/\/staging.lucky-hunter.com\/fr\/wp-json\/wp\/v2\/product_tag?post=57100"}],"curies":[{"name":"wp","href":"https:\/\/api.w.org\/{rel}","templated":true}]}}