{"id":57096,"date":"2021-06-10T16:39:14","date_gmt":"2021-06-10T14:39:14","guid":{"rendered":"https:\/\/staging.lucky-hunter.com\/product\/bolyguard-solar-panel-for-camera-bg310\/"},"modified":"2025-06-26T13:47:26","modified_gmt":"2025-06-26T11:47:26","slug":"panneau-solaire-etanche-bolyguard-pour-camera-bg310-et-bg410","status":"publish","type":"product","link":"https:\/\/staging.lucky-hunter.com\/fr\/product\/panneau-solaire-etanche-bolyguard-pour-camera-bg310-et-bg410\/","title":{"rendered":"Panneau solaire pour Bolyguard BG310 et BG410"},"content":{"rendered":"<h2><strong>Panneau solaire \u00e9tanche pour une charge \u00e9cologique de votre cam\u00e9ra de jeu<\/strong><\/h2>\n<p>Avec ce panneau solaire sp\u00e9cialement con\u00e7u par Bolyguard, vous pouvez \u00eatre s\u00fbr que votre cam\u00e9ra mod\u00e8le BG310 et BG410 est sous tension.<\/p>\n<p>La cellule solaire charge rapidement les 2 batteries rechargeables \u00e0 l&#8217;int\u00e9rieur de l&#8217;appareil photo. Vous pouvez \u00e9galement utiliser la cellule solaire pour charger une tablette, un t\u00e9l\u00e9phone portable, un appareil photo, etc.<\/p>\n<p>Le panneau solaire est pliable et tr\u00e8s facile \u00e0 emporter avec vous.<\/p>\n<p>Veuillez noter que ce panneau solaire ne peut pas \u00eatre utilis\u00e9 pour les cam\u00e9ras de jeu Spypoint qui n\u00e9cessitent une alimentation 12 volts \/ 2 A.<\/p>\n<p>{1&gt;Sp\u00e9cifications techniques\u00a0:&lt;1}<\/p>\n<p>4 LED : &gt; 75 % d\u2019\u00e9nergie 2,5 W<br \/>\nSaisir: 5V \/ 2A<br \/>\nSortie : 5V \/ 2A<br \/>\nTemp\u00e9rature de fonctionnement : de -20 \u00e0 80 degr\u00e9s<br \/>\nDimensions pli\u00e9 : 12.5 x 9.2 x 2.1 cm<br \/>\nDimensions d\u00e9pli\u00e9 : L 17,7 x l 12,5 x 1,8 cm.<\/p>\n<p>Le panneau solaire est 100% \u00e9tanche selon IP65.<\/p>\n<p>Support de montage et c\u00e2ble inclus.<\/p>\n","protected":false},"excerpt":{"rendered":"<p>Avec ce panneau solaire \u00e9tanche sp\u00e9cialement con\u00e7u par Bolyguard, vous pouvez \u00eatre s\u00fbr que votre cam\u00e9ra BG310 et BG410 est sous tension.<\/p>\n","protected":false},"featured_media":28862,"template":"","meta":[],"product_brand":[8207],"product_cat":[8232],"product_tag":[],"yoast_head":"<!-- This site is optimized with the Yoast SEO plugin v24.3 - https:\/\/yoast.com\/wordpress\/plugins\/seo\/ -->\n<title>Panneau solaire \u00e9tanche Bolyguard pour cam\u00e9ra BG310 et BG410<\/title>\n<meta name=\"description\" content=\"Avec ce panneau solaire sp\u00e9cialement con\u00e7u par Bolyguard, vous pouvez \u00eatre s\u00fbr que votre cam\u00e9ra mod\u00e8le BG310 et BG410 est sous tension.\" \/>\n<meta name=\"robots\" content=\"noindex, follow, max-snippet:-1, max-image-preview:large, max-video-preview:-1\" \/>\n<meta property=\"og:locale\" content=\"fr_FR\" \/>\n<meta property=\"og:type\" content=\"article\" \/>\n<meta property=\"og:title\" content=\"Power Bank Bolyguard pour cam\u00e9ra de pistage | Lucky Hunter\" \/>\n<meta property=\"og:description\" content=\"Imperm\u00e9able, r\u00e9sistant et fiable. Cette Power Bank Bolyguard garantit que vous avez toujours de la puissance sur votre cam\u00e9ra de pistage Bolyguard.\" \/>\n<meta property=\"og:url\" content=\"https:\/\/staging.lucky-hunter.com\/fr\/product\/panneau-solaire-etanche-bolyguard-pour-camera-bg310-et-bg410\/\" \/>\n<meta property=\"og:site_name\" content=\"Lucky-Hunter\" \/>\n<meta property=\"article:modified_time\" content=\"2025-06-26T11:47:26+00:00\" \/>\n<meta property=\"og:image\" content=\"https:\/\/staging.lucky-hunter.com\/wp-content\/uploads\/2017\/06\/JK-624-1.png\" \/>\n\t<meta property=\"og:image:width\" content=\"1000\" \/>\n\t<meta property=\"og:image:height\" content=\"1000\" \/>\n\t<meta property=\"og:image:type\" content=\"image\/png\" \/>\n<meta name=\"twitter:card\" content=\"summary_large_image\" \/>\n<meta name=\"twitter:title\" content=\"Power Bank Bolyguard pour cam\u00e9ra de pistage | Lucky Hunter\" \/>\n<meta name=\"twitter:description\" content=\"Imperm\u00e9able, r\u00e9sistant et fiable. Cette Power Bank Bolyguard garantit que vous avez toujours de la puissance sur votre cam\u00e9ra de pistage Bolyguard.\" \/>\n<meta name=\"twitter:label1\" content=\"Dur\u00e9e de lecture estim\u00e9e\" \/>\n\t<meta name=\"twitter:data1\" content=\"1 minute\" \/>\n<script type=\"application\/ld+json\" class=\"yoast-schema-graph\">{\"@context\":\"https:\/\/schema.org\",\"@graph\":[{\"@type\":\"WebPage\",\"@id\":\"https:\/\/staging.lucky-hunter.com\/fr\/product\/panneau-solaire-etanche-bolyguard-pour-camera-bg310-et-bg410\/\",\"url\":\"https:\/\/staging.lucky-hunter.com\/fr\/product\/panneau-solaire-etanche-bolyguard-pour-camera-bg310-et-bg410\/\",\"name\":\"Panneau solaire \u00e9tanche Bolyguard pour cam\u00e9ra BG310 et BG410\",\"isPartOf\":{\"@id\":\"https:\/\/staging.lucky-hunter.com\/#website\"},\"primaryImageOfPage\":{\"@id\":\"https:\/\/staging.lucky-hunter.com\/fr\/product\/panneau-solaire-etanche-bolyguard-pour-camera-bg310-et-bg410\/#primaryimage\"},\"image\":{\"@id\":\"https:\/\/staging.lucky-hunter.com\/fr\/product\/panneau-solaire-etanche-bolyguard-pour-camera-bg310-et-bg410\/#primaryimage\"},\"thumbnailUrl\":\"https:\/\/staging.lucky-hunter.com\/wp-content\/uploads\/2017\/06\/JK-624-1.png\",\"datePublished\":\"2021-06-10T14:39:14+00:00\",\"dateModified\":\"2025-06-26T11:47:26+00:00\",\"description\":\"Avec ce panneau solaire sp\u00e9cialement con\u00e7u par Bolyguard, vous pouvez \u00eatre s\u00fbr que votre cam\u00e9ra mod\u00e8le BG310 et BG410 est sous tension.\",\"breadcrumb\":{\"@id\":\"https:\/\/staging.lucky-hunter.com\/fr\/product\/panneau-solaire-etanche-bolyguard-pour-camera-bg310-et-bg410\/#breadcrumb\"},\"inLanguage\":\"fr-FR\",\"potentialAction\":[{\"@type\":\"ReadAction\",\"target\":[\"https:\/\/staging.lucky-hunter.com\/fr\/product\/panneau-solaire-etanche-bolyguard-pour-camera-bg310-et-bg410\/\"]}]},{\"@type\":\"ImageObject\",\"inLanguage\":\"fr-FR\",\"@id\":\"https:\/\/staging.lucky-hunter.com\/fr\/product\/panneau-solaire-etanche-bolyguard-pour-camera-bg310-et-bg410\/#primaryimage\",\"url\":\"https:\/\/staging.lucky-hunter.com\/wp-content\/uploads\/2017\/06\/JK-624-1.png\",\"contentUrl\":\"https:\/\/staging.lucky-hunter.com\/wp-content\/uploads\/2017\/06\/JK-624-1.png\",\"width\":1000,\"height\":1000},{\"@type\":\"BreadcrumbList\",\"@id\":\"https:\/\/staging.lucky-hunter.com\/fr\/product\/panneau-solaire-etanche-bolyguard-pour-camera-bg310-et-bg410\/#breadcrumb\",\"itemListElement\":[{\"@type\":\"ListItem\",\"position\":1,\"name\":\"Home\",\"item\":\"https:\/\/staging.lucky-hunter.com\/fr\/\"},{\"@type\":\"ListItem\",\"position\":2,\"name\":\"Boutique\",\"item\":\"https:\/\/staging.lucky-hunter.com\/fr\/shop\/\"},{\"@type\":\"ListItem\",\"position\":3,\"name\":\"Panneau solaire pour Bolyguard BG310 et BG410\"}]},{\"@type\":\"WebSite\",\"@id\":\"https:\/\/staging.lucky-hunter.com\/#website\",\"url\":\"https:\/\/staging.lucky-hunter.com\/\",\"name\":\"Lucky-Hunter\",\"description\":\"Gear Up or Give Up\",\"potentialAction\":[{\"@type\":\"SearchAction\",\"target\":{\"@type\":\"EntryPoint\",\"urlTemplate\":\"https:\/\/staging.lucky-hunter.com\/?s={search_term_string}\"},\"query-input\":{\"@type\":\"PropertyValueSpecification\",\"valueRequired\":true,\"valueName\":\"search_term_string\"}}],\"inLanguage\":\"fr-FR\"}]}<\/script>\n<!-- \/ Yoast SEO plugin. -->","yoast_head_json":{"title":"Panneau solaire \u00e9tanche Bolyguard pour cam\u00e9ra BG310 et BG410","description":"Avec ce panneau solaire sp\u00e9cialement con\u00e7u par Bolyguard, vous pouvez \u00eatre s\u00fbr que votre cam\u00e9ra mod\u00e8le BG310 et BG410 est sous tension.","robots":{"index":"noindex","follow":"follow","max-snippet":"max-snippet:-1","max-image-preview":"max-image-preview:large","max-video-preview":"max-video-preview:-1"},"og_locale":"fr_FR","og_type":"article","og_title":"Power Bank Bolyguard pour cam\u00e9ra de pistage | Lucky Hunter","og_description":"Imperm\u00e9able, r\u00e9sistant et fiable. Cette Power Bank Bolyguard garantit que vous avez toujours de la puissance sur votre cam\u00e9ra de pistage Bolyguard.","og_url":"https:\/\/staging.lucky-hunter.com\/fr\/product\/panneau-solaire-etanche-bolyguard-pour-camera-bg310-et-bg410\/","og_site_name":"Lucky-Hunter","article_modified_time":"2025-06-26T11:47:26+00:00","og_image":[{"width":1000,"height":1000,"url":"https:\/\/staging.lucky-hunter.com\/wp-content\/uploads\/2017\/06\/JK-624-1.png","type":"image\/png"}],"twitter_card":"summary_large_image","twitter_title":"Power Bank Bolyguard pour cam\u00e9ra de pistage | Lucky Hunter","twitter_description":"Imperm\u00e9able, r\u00e9sistant et fiable. Cette Power Bank Bolyguard garantit que vous avez toujours de la puissance sur votre cam\u00e9ra de pistage Bolyguard.","twitter_misc":{"Dur\u00e9e de lecture estim\u00e9e":"1 minute"},"schema":{"@context":"https:\/\/schema.org","@graph":[{"@type":"WebPage","@id":"https:\/\/staging.lucky-hunter.com\/fr\/product\/panneau-solaire-etanche-bolyguard-pour-camera-bg310-et-bg410\/","url":"https:\/\/staging.lucky-hunter.com\/fr\/product\/panneau-solaire-etanche-bolyguard-pour-camera-bg310-et-bg410\/","name":"Panneau solaire \u00e9tanche Bolyguard pour cam\u00e9ra BG310 et BG410","isPartOf":{"@id":"https:\/\/staging.lucky-hunter.com\/#website"},"primaryImageOfPage":{"@id":"https:\/\/staging.lucky-hunter.com\/fr\/product\/panneau-solaire-etanche-bolyguard-pour-camera-bg310-et-bg410\/#primaryimage"},"image":{"@id":"https:\/\/staging.lucky-hunter.com\/fr\/product\/panneau-solaire-etanche-bolyguard-pour-camera-bg310-et-bg410\/#primaryimage"},"thumbnailUrl":"https:\/\/staging.lucky-hunter.com\/wp-content\/uploads\/2017\/06\/JK-624-1.png","datePublished":"2021-06-10T14:39:14+00:00","dateModified":"2025-06-26T11:47:26+00:00","description":"Avec ce panneau solaire sp\u00e9cialement con\u00e7u par Bolyguard, vous pouvez \u00eatre s\u00fbr que votre cam\u00e9ra mod\u00e8le BG310 et BG410 est sous tension.","breadcrumb":{"@id":"https:\/\/staging.lucky-hunter.com\/fr\/product\/panneau-solaire-etanche-bolyguard-pour-camera-bg310-et-bg410\/#breadcrumb"},"inLanguage":"fr-FR","potentialAction":[{"@type":"ReadAction","target":["https:\/\/staging.lucky-hunter.com\/fr\/product\/panneau-solaire-etanche-bolyguard-pour-camera-bg310-et-bg410\/"]}]},{"@type":"ImageObject","inLanguage":"fr-FR","@id":"https:\/\/staging.lucky-hunter.com\/fr\/product\/panneau-solaire-etanche-bolyguard-pour-camera-bg310-et-bg410\/#primaryimage","url":"https:\/\/staging.lucky-hunter.com\/wp-content\/uploads\/2017\/06\/JK-624-1.png","contentUrl":"https:\/\/staging.lucky-hunter.com\/wp-content\/uploads\/2017\/06\/JK-624-1.png","width":1000,"height":1000},{"@type":"BreadcrumbList","@id":"https:\/\/staging.lucky-hunter.com\/fr\/product\/panneau-solaire-etanche-bolyguard-pour-camera-bg310-et-bg410\/#breadcrumb","itemListElement":[{"@type":"ListItem","position":1,"name":"Home","item":"https:\/\/staging.lucky-hunter.com\/fr\/"},{"@type":"ListItem","position":2,"name":"Boutique","item":"https:\/\/staging.lucky-hunter.com\/fr\/shop\/"},{"@type":"ListItem","position":3,"name":"Panneau solaire pour Bolyguard BG310 et BG410"}]},{"@type":"WebSite","@id":"https:\/\/staging.lucky-hunter.com\/#website","url":"https:\/\/staging.lucky-hunter.com\/","name":"Lucky-Hunter","description":"Gear Up or Give Up","potentialAction":[{"@type":"SearchAction","target":{"@type":"EntryPoint","urlTemplate":"https:\/\/staging.lucky-hunter.com\/?s={search_term_string}"},"query-input":{"@type":"PropertyValueSpecification","valueRequired":true,"valueName":"search_term_string"}}],"inLanguage":"fr-FR"}]}},"_links":{"self":[{"href":"https:\/\/staging.lucky-hunter.com\/fr\/wp-json\/wp\/v2\/product\/57096"}],"collection":[{"href":"https:\/\/staging.lucky-hunter.com\/fr\/wp-json\/wp\/v2\/product"}],"about":[{"href":"https:\/\/staging.lucky-hunter.com\/fr\/wp-json\/wp\/v2\/types\/product"}],"wp:featuredmedia":[{"embeddable":true,"href":"https:\/\/staging.lucky-hunter.com\/fr\/wp-json\/wp\/v2\/media\/28862"}],"wp:attachment":[{"href":"https:\/\/staging.lucky-hunter.com\/fr\/wp-json\/wp\/v2\/media?parent=57096"}],"wp:term":[{"taxonomy":"product_brand","embeddable":true,"href":"https:\/\/staging.lucky-hunter.com\/fr\/wp-json\/wp\/v2\/product_brand?post=57096"},{"taxonomy":"product_cat","embeddable":true,"href":"https:\/\/staging.lucky-hunter.com\/fr\/wp-json\/wp\/v2\/product_cat?post=57096"},{"taxonomy":"product_tag","embeddable":true,"href":"https:\/\/staging.lucky-hunter.com\/fr\/wp-json\/wp\/v2\/product_tag?post=57096"}],"curies":[{"name":"wp","href":"https:\/\/api.w.org\/{rel}","templated":true}]}}