{"id":57091,"date":"2016-11-07T16:15:16","date_gmt":"2016-11-07T15:15:16","guid":{"rendered":"https:\/\/staging.lucky-hunter.com\/product\/animalit-game-steering-fluid\/"},"modified":"2016-11-07T16:15:16","modified_gmt":"2016-11-07T15:15:16","slug":"animalit-game-steering-fluid","status":"publish","type":"product","link":"https:\/\/staging.lucky-hunter.com\/fr\/product\/animalit-game-steering-fluid\/","title":{"rendered":"Animalit Game Steering Fluid"},"content":{"rendered":"<p>Animalit est un milieu r\u00e9pulsif \u00e0 base d&#8217;ingr\u00e9dients naturels pour tous les types d&#8217;organismes nuisibles.<\/p>\n<p>Il peut \u00eatre appliqu\u00e9 sur les terres agricoles et foresti\u00e8res, les prairies, les vergers, les vignobles et dans les cimeti\u00e8res.<\/p>\n<p>Il est con\u00e7u pour \u00e9viter que les c\u00e2bles ne se mordent dans les v\u00e9hicules.<\/p>\n<p>Il est de couleur blanche et doit \u00eatre dilu\u00e9. L\u2019agent d\u00e9gage une odeur intense mais qui, contrairement \u00e0 d&#8217;autres r\u00e9pulsifs, n&#8217;est pas r\u00e9pugnante pour l&#8217;homme. Il peut donc \u00eatre utilis\u00e9 dans les zones habit\u00e9es.<\/p>\n<p>Animalit est extr\u00eamement efficace et peut \u00eatre utilis\u00e9 toute l&#8217;ann\u00e9e. L\u2019effet durera environ 2-3 \u00e0 3 mois. Cependant, en cas de fortes pluies pendant une dur\u00e9e prolong\u00e9e, le produit devra \u00eatre appliqu\u00e9 de nouveau.<\/p>\n<p>Acier trait\u00e9 par cataphor\u00e8se<\/p>\n<ul>\n<li>250 ml.<\/li>\n<li>1000 ml.<\/li>\n<li>5000 ml.<\/li>\n<\/ul>\n<p><strong>Conseils sur les blessures de jeu\u00a0:<\/strong><\/p>\n<p>Lorsque le gibier mord dans les fleurs et les branches, le point critique est le bouton sup\u00e9rieur, car la forme de la plante est d\u00e9truite.<\/p>\n<p>Les piq\u00fbres de gibier peuvent \u00eatre \u00e9vit\u00e9es en prot\u00e9geant les bourgeons sup\u00e9rieurs et les aiguilles environnantes en lubrifiant l&#8217;animal. Les piq\u00fbres se produisent souvent en hiver, des mesures de protection doivent donc \u00eatre prises \u00e0 l&#8217;automne. Le gibier peut aussi mordre pendant l&#8217;\u00e9t\u00e9, en particulier sur les nouveaux bourgeons souffl\u00e9s.<\/p>\n<p>Les dommages caus\u00e9s par les souris sont particuli\u00e8rement graves dans le h\u00eatre et le fr\u00eane et vous pouvez prot\u00e9ger les arbres en pulv\u00e9risant Animalit aux racines.<\/p>\n","protected":false},"excerpt":{"rendered":"<p>Animalit est un milieu r\u00e9pulsif \u00e0 base d&#8217;ingr\u00e9dients naturels pour tous les types d&#8217;organismes nuisibles.\u00a0Il peut \u00eatre appliqu\u00e9 sur les terres agricoles et foresti\u00e8res, les prairies, les vergers, les vignobles et dans les cimeti\u00e8res.<\/p>\n","protected":false},"featured_media":29508,"template":"","meta":[],"product_brand":[8196],"product_cat":[8255],"product_tag":[],"yoast_head":"<!-- This site is optimized with the Yoast SEO plugin v24.3 - https:\/\/yoast.com\/wordpress\/plugins\/seo\/ -->\n<title>Animalit Game Steering Fluid - Animalit est extr\u00eamement efficace et peut \u00eatre utilis\u00e9 toute l&#039;ann\u00e9e<\/title>\n<meta name=\"description\" content=\"Animalit est un milieu r\u00e9pulsif \u00e0 base d&#039;ingr\u00e9dients naturels pour tous les types d&#039;organismes nuisibles. L&#039;odeur n&#039;est pas r\u00e9gnante chez l&#039;homme.\" \/>\n<meta name=\"robots\" content=\"noindex, follow, max-snippet:-1, max-image-preview:large, max-video-preview:-1\" \/>\n<meta property=\"og:locale\" content=\"fr_FR\" \/>\n<meta property=\"og:type\" content=\"article\" \/>\n<meta property=\"og:title\" content=\"Animalit Game Steering Fluid - Animalit est extr\u00eamement efficace et peut \u00eatre utilis\u00e9 toute l&#039;ann\u00e9e\" \/>\n<meta property=\"og:description\" content=\"Animalit est un milieu r\u00e9pulsif \u00e0 base d&#039;ingr\u00e9dients naturels pour tous les types d&#039;organismes nuisibles. L&#039;odeur n&#039;est pas r\u00e9gnante chez l&#039;homme.\" \/>\n<meta property=\"og:url\" content=\"https:\/\/staging.lucky-hunter.com\/fr\/product\/animalit-game-steering-fluid\/\" \/>\n<meta property=\"og:site_name\" content=\"Lucky-Hunter\" \/>\n<meta property=\"og:image\" content=\"https:\/\/staging.lucky-hunter.com\/wp-content\/uploads\/2016\/11\/560200-1.png\" \/>\n\t<meta property=\"og:image:width\" content=\"1000\" \/>\n\t<meta property=\"og:image:height\" content=\"1000\" \/>\n\t<meta property=\"og:image:type\" content=\"image\/png\" \/>\n<meta name=\"twitter:card\" content=\"summary_large_image\" \/>\n<meta name=\"twitter:label1\" content=\"Dur\u00e9e de lecture estim\u00e9e\" \/>\n\t<meta name=\"twitter:data1\" content=\"1 minute\" \/>\n<script type=\"application\/ld+json\" class=\"yoast-schema-graph\">{\"@context\":\"https:\/\/schema.org\",\"@graph\":[{\"@type\":\"WebPage\",\"@id\":\"https:\/\/staging.lucky-hunter.com\/fr\/product\/animalit-game-steering-fluid\/\",\"url\":\"https:\/\/staging.lucky-hunter.com\/fr\/product\/animalit-game-steering-fluid\/\",\"name\":\"Animalit Game Steering Fluid - Animalit est extr\u00eamement efficace et peut \u00eatre utilis\u00e9 toute l'ann\u00e9e\",\"isPartOf\":{\"@id\":\"https:\/\/staging.lucky-hunter.com\/#website\"},\"primaryImageOfPage\":{\"@id\":\"https:\/\/staging.lucky-hunter.com\/fr\/product\/animalit-game-steering-fluid\/#primaryimage\"},\"image\":{\"@id\":\"https:\/\/staging.lucky-hunter.com\/fr\/product\/animalit-game-steering-fluid\/#primaryimage\"},\"thumbnailUrl\":\"https:\/\/staging.lucky-hunter.com\/wp-content\/uploads\/2016\/11\/560200-1.png\",\"datePublished\":\"2016-11-07T15:15:16+00:00\",\"dateModified\":\"2016-11-07T15:15:16+00:00\",\"description\":\"Animalit est un milieu r\u00e9pulsif \u00e0 base d'ingr\u00e9dients naturels pour tous les types d'organismes nuisibles. L'odeur n'est pas r\u00e9gnante chez l'homme.\",\"breadcrumb\":{\"@id\":\"https:\/\/staging.lucky-hunter.com\/fr\/product\/animalit-game-steering-fluid\/#breadcrumb\"},\"inLanguage\":\"fr-FR\",\"potentialAction\":[{\"@type\":\"ReadAction\",\"target\":[\"https:\/\/staging.lucky-hunter.com\/fr\/product\/animalit-game-steering-fluid\/\"]}]},{\"@type\":\"ImageObject\",\"inLanguage\":\"fr-FR\",\"@id\":\"https:\/\/staging.lucky-hunter.com\/fr\/product\/animalit-game-steering-fluid\/#primaryimage\",\"url\":\"https:\/\/staging.lucky-hunter.com\/wp-content\/uploads\/2016\/11\/560200-1.png\",\"contentUrl\":\"https:\/\/staging.lucky-hunter.com\/wp-content\/uploads\/2016\/11\/560200-1.png\",\"width\":1000,\"height\":1000},{\"@type\":\"BreadcrumbList\",\"@id\":\"https:\/\/staging.lucky-hunter.com\/fr\/product\/animalit-game-steering-fluid\/#breadcrumb\",\"itemListElement\":[{\"@type\":\"ListItem\",\"position\":1,\"name\":\"Home\",\"item\":\"https:\/\/staging.lucky-hunter.com\/fr\/\"},{\"@type\":\"ListItem\",\"position\":2,\"name\":\"Boutique\",\"item\":\"https:\/\/staging.lucky-hunter.com\/fr\/shop\/\"},{\"@type\":\"ListItem\",\"position\":3,\"name\":\"Animalit Game Steering Fluid\"}]},{\"@type\":\"WebSite\",\"@id\":\"https:\/\/staging.lucky-hunter.com\/#website\",\"url\":\"https:\/\/staging.lucky-hunter.com\/\",\"name\":\"Lucky-Hunter\",\"description\":\"Gear Up or Give Up\",\"potentialAction\":[{\"@type\":\"SearchAction\",\"target\":{\"@type\":\"EntryPoint\",\"urlTemplate\":\"https:\/\/staging.lucky-hunter.com\/?s={search_term_string}\"},\"query-input\":{\"@type\":\"PropertyValueSpecification\",\"valueRequired\":true,\"valueName\":\"search_term_string\"}}],\"inLanguage\":\"fr-FR\"}]}<\/script>\n<!-- \/ Yoast SEO plugin. -->","yoast_head_json":{"title":"Animalit Game Steering Fluid - Animalit est extr\u00eamement efficace et peut \u00eatre utilis\u00e9 toute l'ann\u00e9e","description":"Animalit est un milieu r\u00e9pulsif \u00e0 base d'ingr\u00e9dients naturels pour tous les types d'organismes nuisibles. L'odeur n'est pas r\u00e9gnante chez l'homme.","robots":{"index":"noindex","follow":"follow","max-snippet":"max-snippet:-1","max-image-preview":"max-image-preview:large","max-video-preview":"max-video-preview:-1"},"og_locale":"fr_FR","og_type":"article","og_title":"Animalit Game Steering Fluid - Animalit est extr\u00eamement efficace et peut \u00eatre utilis\u00e9 toute l'ann\u00e9e","og_description":"Animalit est un milieu r\u00e9pulsif \u00e0 base d'ingr\u00e9dients naturels pour tous les types d'organismes nuisibles. L'odeur n'est pas r\u00e9gnante chez l'homme.","og_url":"https:\/\/staging.lucky-hunter.com\/fr\/product\/animalit-game-steering-fluid\/","og_site_name":"Lucky-Hunter","og_image":[{"width":1000,"height":1000,"url":"https:\/\/staging.lucky-hunter.com\/wp-content\/uploads\/2016\/11\/560200-1.png","type":"image\/png"}],"twitter_card":"summary_large_image","twitter_misc":{"Dur\u00e9e de lecture estim\u00e9e":"1 minute"},"schema":{"@context":"https:\/\/schema.org","@graph":[{"@type":"WebPage","@id":"https:\/\/staging.lucky-hunter.com\/fr\/product\/animalit-game-steering-fluid\/","url":"https:\/\/staging.lucky-hunter.com\/fr\/product\/animalit-game-steering-fluid\/","name":"Animalit Game Steering Fluid - Animalit est extr\u00eamement efficace et peut \u00eatre utilis\u00e9 toute l'ann\u00e9e","isPartOf":{"@id":"https:\/\/staging.lucky-hunter.com\/#website"},"primaryImageOfPage":{"@id":"https:\/\/staging.lucky-hunter.com\/fr\/product\/animalit-game-steering-fluid\/#primaryimage"},"image":{"@id":"https:\/\/staging.lucky-hunter.com\/fr\/product\/animalit-game-steering-fluid\/#primaryimage"},"thumbnailUrl":"https:\/\/staging.lucky-hunter.com\/wp-content\/uploads\/2016\/11\/560200-1.png","datePublished":"2016-11-07T15:15:16+00:00","dateModified":"2016-11-07T15:15:16+00:00","description":"Animalit est un milieu r\u00e9pulsif \u00e0 base d'ingr\u00e9dients naturels pour tous les types d'organismes nuisibles. L'odeur n'est pas r\u00e9gnante chez l'homme.","breadcrumb":{"@id":"https:\/\/staging.lucky-hunter.com\/fr\/product\/animalit-game-steering-fluid\/#breadcrumb"},"inLanguage":"fr-FR","potentialAction":[{"@type":"ReadAction","target":["https:\/\/staging.lucky-hunter.com\/fr\/product\/animalit-game-steering-fluid\/"]}]},{"@type":"ImageObject","inLanguage":"fr-FR","@id":"https:\/\/staging.lucky-hunter.com\/fr\/product\/animalit-game-steering-fluid\/#primaryimage","url":"https:\/\/staging.lucky-hunter.com\/wp-content\/uploads\/2016\/11\/560200-1.png","contentUrl":"https:\/\/staging.lucky-hunter.com\/wp-content\/uploads\/2016\/11\/560200-1.png","width":1000,"height":1000},{"@type":"BreadcrumbList","@id":"https:\/\/staging.lucky-hunter.com\/fr\/product\/animalit-game-steering-fluid\/#breadcrumb","itemListElement":[{"@type":"ListItem","position":1,"name":"Home","item":"https:\/\/staging.lucky-hunter.com\/fr\/"},{"@type":"ListItem","position":2,"name":"Boutique","item":"https:\/\/staging.lucky-hunter.com\/fr\/shop\/"},{"@type":"ListItem","position":3,"name":"Animalit Game Steering Fluid"}]},{"@type":"WebSite","@id":"https:\/\/staging.lucky-hunter.com\/#website","url":"https:\/\/staging.lucky-hunter.com\/","name":"Lucky-Hunter","description":"Gear Up or Give Up","potentialAction":[{"@type":"SearchAction","target":{"@type":"EntryPoint","urlTemplate":"https:\/\/staging.lucky-hunter.com\/?s={search_term_string}"},"query-input":{"@type":"PropertyValueSpecification","valueRequired":true,"valueName":"search_term_string"}}],"inLanguage":"fr-FR"}]}},"_links":{"self":[{"href":"https:\/\/staging.lucky-hunter.com\/fr\/wp-json\/wp\/v2\/product\/57091"}],"collection":[{"href":"https:\/\/staging.lucky-hunter.com\/fr\/wp-json\/wp\/v2\/product"}],"about":[{"href":"https:\/\/staging.lucky-hunter.com\/fr\/wp-json\/wp\/v2\/types\/product"}],"wp:featuredmedia":[{"embeddable":true,"href":"https:\/\/staging.lucky-hunter.com\/fr\/wp-json\/wp\/v2\/media\/29508"}],"wp:attachment":[{"href":"https:\/\/staging.lucky-hunter.com\/fr\/wp-json\/wp\/v2\/media?parent=57091"}],"wp:term":[{"taxonomy":"product_brand","embeddable":true,"href":"https:\/\/staging.lucky-hunter.com\/fr\/wp-json\/wp\/v2\/product_brand?post=57091"},{"taxonomy":"product_cat","embeddable":true,"href":"https:\/\/staging.lucky-hunter.com\/fr\/wp-json\/wp\/v2\/product_cat?post=57091"},{"taxonomy":"product_tag","embeddable":true,"href":"https:\/\/staging.lucky-hunter.com\/fr\/wp-json\/wp\/v2\/product_tag?post=57091"}],"curies":[{"name":"wp","href":"https:\/\/api.w.org\/{rel}","templated":true}]}}