{"id":57090,"date":"2016-11-07T16:15:24","date_gmt":"2016-11-07T15:15:24","guid":{"rendered":"https:\/\/staging.lucky-hunter.com\/product\/game-recovery-aid-hog\/"},"modified":"2016-11-07T16:15:24","modified_gmt":"2016-11-07T15:15:24","slug":"game-recovery-aid-hog","status":"publish","type":"product","link":"https:\/\/staging.lucky-hunter.com\/fr\/product\/game-recovery-aid-hog\/","title":{"rendered":"Sangle Tire-Gibier pour Cerf"},"content":{"rendered":"<h2>Sangle Tire-Gibier pour Cerf<\/h2>\n<p>Vous n&#8217;avez plus \u00e0 vous soucier de la meilleure fa\u00e7on de ramener vos prix de chasse \u00e0 la maison. Les gros gibiers peuvent \u00eatre une victoire difficile pour vous de rentrer chez vous sans les bons outils ou \u00e9quipements.<\/p>\n<p>Vous pouvez faire confiance \u00e0 cette \u00e9lingue solide et fiable pour vous permettre de retirer le gros gibier facilement et rapidement. Cela inclut le gibier comme le cerf rouge et le sanglier. Cette sangle vous permet de tirer et de transporter vos victoires \u00e0 la maison, m\u00eame sur de longues distances.<\/p>\n<p>La sangle est faite d&#8217;un mat\u00e9riau solide qui vous permet de tirer jusqu&#8217;\u00e0 500 kg de gros gibier.<\/p>\n<p>Le crochet est fait de 18 x 8,5 cm. en acier inoxydable, il est donc naturellement suffisamment solide pour vous permettre de transporter du gibier, m\u00eame sur de longues distances.<\/p>\n<p>Le cochon d&#8217;aide \u00e0 la r\u00e9cup\u00e9ration de gibier peut \u00eatre pli\u00e9 tr\u00e8s petit, il est donc facile \u00e0 ranger dans un sac ou dans une poche de manteau, pr\u00eat pour la prochaine fois que vous en aurez besoin.<\/p>\n<p>Facilite grandement la r\u00e9cup\u00e9ration du gibier, m\u00eame sur de longues distances.<\/p>\n","protected":false},"excerpt":{"rendered":"<p>Sangle de r\u00e9cup\u00e9ration pour tirer facilement les gros gibiers tels que le sanglier et le cerf rouge. La sangle est faite d&#8217;un mat\u00e9riau solide qui peut supporter plus de 500 kg.\u00a0Le crochet est fait de 18 x 8,5 cm. acier inoxydable.<\/p>\n","protected":false},"featured_media":29751,"template":"","meta":[],"product_brand":[8196],"product_cat":[8155],"product_tag":[9151,9442],"yoast_head":"<!-- This site is optimized with the Yoast SEO plugin v24.3 - https:\/\/yoast.com\/wordpress\/plugins\/seo\/ -->\n<title>Sangle Tire-Gibier pour Cerf Ramenez votre jeu \u00e0 la maison | Chasseur chanceux<\/title>\n<meta name=\"description\" content=\"\u00c9lingue solide, robuste et fiable. Le porc d&#039;aide \u00e0 la r\u00e9cup\u00e9ration du gibier est parfait pour transporter le gros gibier, m\u00eame sur de longues distances.\" \/>\n<meta name=\"robots\" content=\"noindex, follow, max-snippet:-1, max-image-preview:large, max-video-preview:-1\" \/>\n<meta property=\"og:locale\" content=\"fr_FR\" \/>\n<meta property=\"og:type\" content=\"article\" \/>\n<meta property=\"og:title\" content=\"Sangle Tire-Gibier pour Cerf Ramenez votre jeu \u00e0 la maison | Chasseur chanceux\" \/>\n<meta property=\"og:description\" content=\"\u00c9lingue solide, robuste et fiable. Le porc d&#039;aide \u00e0 la r\u00e9cup\u00e9ration du gibier est parfait pour transporter le gros gibier, m\u00eame sur de longues distances.\" \/>\n<meta property=\"og:url\" content=\"https:\/\/staging.lucky-hunter.com\/fr\/product\/game-recovery-aid-hog\/\" \/>\n<meta property=\"og:site_name\" content=\"Lucky-Hunter\" \/>\n<meta property=\"og:image\" content=\"https:\/\/staging.lucky-hunter.com\/wp-content\/uploads\/2016\/11\/540029.png\" \/>\n\t<meta property=\"og:image:width\" content=\"1000\" \/>\n\t<meta property=\"og:image:height\" content=\"1000\" \/>\n\t<meta property=\"og:image:type\" content=\"image\/png\" \/>\n<meta name=\"twitter:card\" content=\"summary_large_image\" \/>\n<meta name=\"twitter:title\" content=\"Sangle Tire-Gibier pour Cerf Ramenez votre jeu \u00e0 la maison | Chasseur chanceux\" \/>\n<meta name=\"twitter:description\" content=\"\u00c9lingue solide, robuste et fiable. Le porc d&#039;aide \u00e0 la r\u00e9cup\u00e9ration du gibier est parfait pour transporter le gros gibier, m\u00eame sur de longues distances.\" \/>\n<meta name=\"twitter:label1\" content=\"Dur\u00e9e de lecture estim\u00e9e\" \/>\n\t<meta name=\"twitter:data1\" content=\"1 minute\" \/>\n<script type=\"application\/ld+json\" class=\"yoast-schema-graph\">{\"@context\":\"https:\/\/schema.org\",\"@graph\":[{\"@type\":\"WebPage\",\"@id\":\"https:\/\/staging.lucky-hunter.com\/fr\/product\/game-recovery-aid-hog\/\",\"url\":\"https:\/\/staging.lucky-hunter.com\/fr\/product\/game-recovery-aid-hog\/\",\"name\":\"Sangle Tire-Gibier pour Cerf Ramenez votre jeu \u00e0 la maison | Chasseur chanceux\",\"isPartOf\":{\"@id\":\"https:\/\/staging.lucky-hunter.com\/#website\"},\"primaryImageOfPage\":{\"@id\":\"https:\/\/staging.lucky-hunter.com\/fr\/product\/game-recovery-aid-hog\/#primaryimage\"},\"image\":{\"@id\":\"https:\/\/staging.lucky-hunter.com\/fr\/product\/game-recovery-aid-hog\/#primaryimage\"},\"thumbnailUrl\":\"https:\/\/staging.lucky-hunter.com\/wp-content\/uploads\/2016\/11\/540029.png\",\"datePublished\":\"2016-11-07T15:15:24+00:00\",\"dateModified\":\"2016-11-07T15:15:24+00:00\",\"description\":\"\u00c9lingue solide, robuste et fiable. Le porc d'aide \u00e0 la r\u00e9cup\u00e9ration du gibier est parfait pour transporter le gros gibier, m\u00eame sur de longues distances.\",\"breadcrumb\":{\"@id\":\"https:\/\/staging.lucky-hunter.com\/fr\/product\/game-recovery-aid-hog\/#breadcrumb\"},\"inLanguage\":\"fr-FR\",\"potentialAction\":[{\"@type\":\"ReadAction\",\"target\":[\"https:\/\/staging.lucky-hunter.com\/fr\/product\/game-recovery-aid-hog\/\"]}]},{\"@type\":\"ImageObject\",\"inLanguage\":\"fr-FR\",\"@id\":\"https:\/\/staging.lucky-hunter.com\/fr\/product\/game-recovery-aid-hog\/#primaryimage\",\"url\":\"https:\/\/staging.lucky-hunter.com\/wp-content\/uploads\/2016\/11\/540029.png\",\"contentUrl\":\"https:\/\/staging.lucky-hunter.com\/wp-content\/uploads\/2016\/11\/540029.png\",\"width\":1000,\"height\":1000},{\"@type\":\"BreadcrumbList\",\"@id\":\"https:\/\/staging.lucky-hunter.com\/fr\/product\/game-recovery-aid-hog\/#breadcrumb\",\"itemListElement\":[{\"@type\":\"ListItem\",\"position\":1,\"name\":\"Home\",\"item\":\"https:\/\/staging.lucky-hunter.com\/fr\/\"},{\"@type\":\"ListItem\",\"position\":2,\"name\":\"Boutique\",\"item\":\"https:\/\/staging.lucky-hunter.com\/fr\/shop\/\"},{\"@type\":\"ListItem\",\"position\":3,\"name\":\"Sangle Tire-Gibier pour Cerf\"}]},{\"@type\":\"WebSite\",\"@id\":\"https:\/\/staging.lucky-hunter.com\/#website\",\"url\":\"https:\/\/staging.lucky-hunter.com\/\",\"name\":\"Lucky-Hunter\",\"description\":\"Gear Up or Give Up\",\"potentialAction\":[{\"@type\":\"SearchAction\",\"target\":{\"@type\":\"EntryPoint\",\"urlTemplate\":\"https:\/\/staging.lucky-hunter.com\/?s={search_term_string}\"},\"query-input\":{\"@type\":\"PropertyValueSpecification\",\"valueRequired\":true,\"valueName\":\"search_term_string\"}}],\"inLanguage\":\"fr-FR\"}]}<\/script>\n<!-- \/ Yoast SEO plugin. -->","yoast_head_json":{"title":"Sangle Tire-Gibier pour Cerf Ramenez votre jeu \u00e0 la maison | Chasseur chanceux","description":"\u00c9lingue solide, robuste et fiable. Le porc d'aide \u00e0 la r\u00e9cup\u00e9ration du gibier est parfait pour transporter le gros gibier, m\u00eame sur de longues distances.","robots":{"index":"noindex","follow":"follow","max-snippet":"max-snippet:-1","max-image-preview":"max-image-preview:large","max-video-preview":"max-video-preview:-1"},"og_locale":"fr_FR","og_type":"article","og_title":"Sangle Tire-Gibier pour Cerf Ramenez votre jeu \u00e0 la maison | Chasseur chanceux","og_description":"\u00c9lingue solide, robuste et fiable. Le porc d'aide \u00e0 la r\u00e9cup\u00e9ration du gibier est parfait pour transporter le gros gibier, m\u00eame sur de longues distances.","og_url":"https:\/\/staging.lucky-hunter.com\/fr\/product\/game-recovery-aid-hog\/","og_site_name":"Lucky-Hunter","og_image":[{"width":1000,"height":1000,"url":"https:\/\/staging.lucky-hunter.com\/wp-content\/uploads\/2016\/11\/540029.png","type":"image\/png"}],"twitter_card":"summary_large_image","twitter_title":"Sangle Tire-Gibier pour Cerf Ramenez votre jeu \u00e0 la maison | Chasseur chanceux","twitter_description":"\u00c9lingue solide, robuste et fiable. Le porc d'aide \u00e0 la r\u00e9cup\u00e9ration du gibier est parfait pour transporter le gros gibier, m\u00eame sur de longues distances.","twitter_misc":{"Dur\u00e9e de lecture estim\u00e9e":"1 minute"},"schema":{"@context":"https:\/\/schema.org","@graph":[{"@type":"WebPage","@id":"https:\/\/staging.lucky-hunter.com\/fr\/product\/game-recovery-aid-hog\/","url":"https:\/\/staging.lucky-hunter.com\/fr\/product\/game-recovery-aid-hog\/","name":"Sangle Tire-Gibier pour Cerf Ramenez votre jeu \u00e0 la maison | Chasseur chanceux","isPartOf":{"@id":"https:\/\/staging.lucky-hunter.com\/#website"},"primaryImageOfPage":{"@id":"https:\/\/staging.lucky-hunter.com\/fr\/product\/game-recovery-aid-hog\/#primaryimage"},"image":{"@id":"https:\/\/staging.lucky-hunter.com\/fr\/product\/game-recovery-aid-hog\/#primaryimage"},"thumbnailUrl":"https:\/\/staging.lucky-hunter.com\/wp-content\/uploads\/2016\/11\/540029.png","datePublished":"2016-11-07T15:15:24+00:00","dateModified":"2016-11-07T15:15:24+00:00","description":"\u00c9lingue solide, robuste et fiable. Le porc d'aide \u00e0 la r\u00e9cup\u00e9ration du gibier est parfait pour transporter le gros gibier, m\u00eame sur de longues distances.","breadcrumb":{"@id":"https:\/\/staging.lucky-hunter.com\/fr\/product\/game-recovery-aid-hog\/#breadcrumb"},"inLanguage":"fr-FR","potentialAction":[{"@type":"ReadAction","target":["https:\/\/staging.lucky-hunter.com\/fr\/product\/game-recovery-aid-hog\/"]}]},{"@type":"ImageObject","inLanguage":"fr-FR","@id":"https:\/\/staging.lucky-hunter.com\/fr\/product\/game-recovery-aid-hog\/#primaryimage","url":"https:\/\/staging.lucky-hunter.com\/wp-content\/uploads\/2016\/11\/540029.png","contentUrl":"https:\/\/staging.lucky-hunter.com\/wp-content\/uploads\/2016\/11\/540029.png","width":1000,"height":1000},{"@type":"BreadcrumbList","@id":"https:\/\/staging.lucky-hunter.com\/fr\/product\/game-recovery-aid-hog\/#breadcrumb","itemListElement":[{"@type":"ListItem","position":1,"name":"Home","item":"https:\/\/staging.lucky-hunter.com\/fr\/"},{"@type":"ListItem","position":2,"name":"Boutique","item":"https:\/\/staging.lucky-hunter.com\/fr\/shop\/"},{"@type":"ListItem","position":3,"name":"Sangle Tire-Gibier pour Cerf"}]},{"@type":"WebSite","@id":"https:\/\/staging.lucky-hunter.com\/#website","url":"https:\/\/staging.lucky-hunter.com\/","name":"Lucky-Hunter","description":"Gear Up or Give Up","potentialAction":[{"@type":"SearchAction","target":{"@type":"EntryPoint","urlTemplate":"https:\/\/staging.lucky-hunter.com\/?s={search_term_string}"},"query-input":{"@type":"PropertyValueSpecification","valueRequired":true,"valueName":"search_term_string"}}],"inLanguage":"fr-FR"}]}},"_links":{"self":[{"href":"https:\/\/staging.lucky-hunter.com\/fr\/wp-json\/wp\/v2\/product\/57090"}],"collection":[{"href":"https:\/\/staging.lucky-hunter.com\/fr\/wp-json\/wp\/v2\/product"}],"about":[{"href":"https:\/\/staging.lucky-hunter.com\/fr\/wp-json\/wp\/v2\/types\/product"}],"wp:featuredmedia":[{"embeddable":true,"href":"https:\/\/staging.lucky-hunter.com\/fr\/wp-json\/wp\/v2\/media\/29751"}],"wp:attachment":[{"href":"https:\/\/staging.lucky-hunter.com\/fr\/wp-json\/wp\/v2\/media?parent=57090"}],"wp:term":[{"taxonomy":"product_brand","embeddable":true,"href":"https:\/\/staging.lucky-hunter.com\/fr\/wp-json\/wp\/v2\/product_brand?post=57090"},{"taxonomy":"product_cat","embeddable":true,"href":"https:\/\/staging.lucky-hunter.com\/fr\/wp-json\/wp\/v2\/product_cat?post=57090"},{"taxonomy":"product_tag","embeddable":true,"href":"https:\/\/staging.lucky-hunter.com\/fr\/wp-json\/wp\/v2\/product_tag?post=57090"}],"curies":[{"name":"wp","href":"https:\/\/api.w.org\/{rel}","templated":true}]}}