{"id":57080,"date":"2016-11-07T16:09:39","date_gmt":"2016-11-07T15:09:39","guid":{"rendered":"https:\/\/staging.lucky-hunter.com\/product\/vap-buck-expert-faerdhaemmende-spray\/"},"modified":"2016-11-07T16:09:39","modified_gmt":"2016-11-07T15:09:39","slug":"vap-buck-expert-faerdhaemmende-spray","status":"publish","type":"product","link":"https:\/\/staging.lucky-hunter.com\/fr\/product\/vap-buck-expert-faerdhaemmende-spray\/","title":{"rendered":"\u00c9liminateur d\u2019Odeur Buck Expert"},"content":{"rendered":"<h2><strong>\u00c9liminateur d\u2019odeur Buck Expert &#8211; d\u00e9barrassez-vous de votre odeur humaine pour attirer les animaux<\/strong><\/h2>\n<p>Naturellement d\u00e9riv\u00e9 des arbres et des feuilles, le VAP de Buck Expert est un produit de protection pour votre \u00e9quipement. R\u00e9duit efficacement l&#8217;odeur humaine lors de la chasse.<\/p>\n<p>Le produit peut \u00eatre pulv\u00e9ris\u00e9 sur vos v\u00eatements, sur vos chaussures ou sur votre mat\u00e9riel de chasse. Il offre de tr\u00e8s bons r\u00e9sultats &#8211; m\u00eame apr\u00e8s plusieurs heures de chasse. Vous n\u2019aurez donc pas \u00e0 vous inqui\u00e9ter de ce que votre odeur ne soit rep\u00e9r\u00e9e par les animaux ; au lieu de cela, ils sentiront un parfum naturel.<\/p>\n<p>VAP a \u00e9t\u00e9 test\u00e9 dans divers magazines de chasse su\u00e9dois et a extr\u00eamement bien fonctionn\u00e9 les jours de vent.<\/p>\n<p>Vous aurez donc la possibilit\u00e9 de vous rapprocher des animaux et de vivre des exp\u00e9riences extraordinaires dans la nature.<\/p>\n<p><strong>Disponible avec les odeurs suivantes :<\/strong><\/p>\n<ul>\n<li>Anis<\/li>\n<li>Terre<\/li>\n<li>Pomme<\/li>\n<li>Pin<\/li>\n<li>Gland<\/li>\n<li>Neutre.<\/li>\n<\/ul>\n<p>Disponible en pulv\u00e9risateur de 60 ml.<\/p>\n","protected":false},"excerpt":{"rendered":"<p>Naturellement d\u00e9riv\u00e9 des arbres et des feuilles, le VAP de Buck Expert est un produit de protection pour votre \u00e9quipement. R\u00e9duit efficacement l&#8217;odeur humaine lors de la chasse. Plusieurs odeurs sont disponibles.<\/p>\n","protected":false},"featured_media":29974,"template":"","meta":[],"product_brand":[8210],"product_cat":[8255],"product_tag":[9441,9151,9445,9442],"yoast_head":"<!-- This site is optimized with the Yoast SEO plugin v24.3 - https:\/\/yoast.com\/wordpress\/plugins\/seo\/ -->\n<title>\u00c9liminateur d\u2019Odeur Buck Expert - D\u00e9barrassez-vous de votre odeur | Lucky Hunter<\/title>\n<meta name=\"description\" content=\"L\u2019\u00e9liminateur d\u2019odeur Buck Expert est parfait pour r\u00e9duire l&#039;odeur humaine de vos v\u00eatements, de vos chaussures et de votre \u00e9quipement de chasse - m\u00eame les jours de vent\u00a0!\" \/>\n<meta name=\"robots\" content=\"noindex, follow, max-snippet:-1, max-image-preview:large, max-video-preview:-1\" \/>\n<meta property=\"og:locale\" content=\"fr_FR\" \/>\n<meta property=\"og:type\" content=\"article\" \/>\n<meta property=\"og:title\" content=\"\u00c9liminateur d\u2019Odeur Buck Expert - D\u00e9barrassez-vous de votre odeur | Lucky Hunter\" \/>\n<meta property=\"og:description\" content=\"L\u2019\u00e9liminateur d\u2019odeur Buck Expert est parfait pour r\u00e9duire l&#039;odeur humaine de vos v\u00eatements, de vos chaussures et de votre \u00e9quipement de chasse - m\u00eame les jours de vent\u00a0!\" \/>\n<meta property=\"og:url\" content=\"https:\/\/staging.lucky-hunter.com\/fr\/product\/vap-buck-expert-faerdhaemmende-spray\/\" \/>\n<meta property=\"og:site_name\" content=\"Lucky-Hunter\" \/>\n<meta property=\"og:image\" content=\"https:\/\/staging.lucky-hunter.com\/wp-content\/uploads\/2016\/11\/LM-245.png\" \/>\n\t<meta property=\"og:image:width\" content=\"1000\" \/>\n\t<meta property=\"og:image:height\" content=\"1000\" \/>\n\t<meta property=\"og:image:type\" content=\"image\/png\" \/>\n<meta name=\"twitter:card\" content=\"summary_large_image\" \/>\n<meta name=\"twitter:title\" content=\"\u00c9liminateur d\u2019Odeur Buck Expert - D\u00e9barrassez-vous de votre odeur | Lucky Hunter\" \/>\n<meta name=\"twitter:description\" content=\"L\u2019\u00e9liminateur d\u2019odeur Buck Expert est parfait pour r\u00e9duire l&#039;odeur humaine de vos v\u00eatements, de vos chaussures et de votre \u00e9quipement de chasse - m\u00eame les jours de vent\u00a0!\" \/>\n<meta name=\"twitter:label1\" content=\"Dur\u00e9e de lecture estim\u00e9e\" \/>\n\t<meta name=\"twitter:data1\" content=\"1 minute\" \/>\n<script type=\"application\/ld+json\" class=\"yoast-schema-graph\">{\"@context\":\"https:\/\/schema.org\",\"@graph\":[{\"@type\":\"WebPage\",\"@id\":\"https:\/\/staging.lucky-hunter.com\/fr\/product\/vap-buck-expert-faerdhaemmende-spray\/\",\"url\":\"https:\/\/staging.lucky-hunter.com\/fr\/product\/vap-buck-expert-faerdhaemmende-spray\/\",\"name\":\"\u00c9liminateur d\u2019Odeur Buck Expert - D\u00e9barrassez-vous de votre odeur | Lucky Hunter\",\"isPartOf\":{\"@id\":\"https:\/\/staging.lucky-hunter.com\/#website\"},\"primaryImageOfPage\":{\"@id\":\"https:\/\/staging.lucky-hunter.com\/fr\/product\/vap-buck-expert-faerdhaemmende-spray\/#primaryimage\"},\"image\":{\"@id\":\"https:\/\/staging.lucky-hunter.com\/fr\/product\/vap-buck-expert-faerdhaemmende-spray\/#primaryimage\"},\"thumbnailUrl\":\"https:\/\/staging.lucky-hunter.com\/wp-content\/uploads\/2016\/11\/LM-245.png\",\"datePublished\":\"2016-11-07T15:09:39+00:00\",\"dateModified\":\"2016-11-07T15:09:39+00:00\",\"description\":\"L\u2019\u00e9liminateur d\u2019odeur Buck Expert est parfait pour r\u00e9duire l'odeur humaine de vos v\u00eatements, de vos chaussures et de votre \u00e9quipement de chasse - m\u00eame les jours de vent\u00a0!\",\"breadcrumb\":{\"@id\":\"https:\/\/staging.lucky-hunter.com\/fr\/product\/vap-buck-expert-faerdhaemmende-spray\/#breadcrumb\"},\"inLanguage\":\"fr-FR\",\"potentialAction\":[{\"@type\":\"ReadAction\",\"target\":[\"https:\/\/staging.lucky-hunter.com\/fr\/product\/vap-buck-expert-faerdhaemmende-spray\/\"]}]},{\"@type\":\"ImageObject\",\"inLanguage\":\"fr-FR\",\"@id\":\"https:\/\/staging.lucky-hunter.com\/fr\/product\/vap-buck-expert-faerdhaemmende-spray\/#primaryimage\",\"url\":\"https:\/\/staging.lucky-hunter.com\/wp-content\/uploads\/2016\/11\/LM-245.png\",\"contentUrl\":\"https:\/\/staging.lucky-hunter.com\/wp-content\/uploads\/2016\/11\/LM-245.png\",\"width\":1000,\"height\":1000},{\"@type\":\"BreadcrumbList\",\"@id\":\"https:\/\/staging.lucky-hunter.com\/fr\/product\/vap-buck-expert-faerdhaemmende-spray\/#breadcrumb\",\"itemListElement\":[{\"@type\":\"ListItem\",\"position\":1,\"name\":\"Home\",\"item\":\"https:\/\/staging.lucky-hunter.com\/fr\/\"},{\"@type\":\"ListItem\",\"position\":2,\"name\":\"Boutique\",\"item\":\"https:\/\/staging.lucky-hunter.com\/fr\/shop\/\"},{\"@type\":\"ListItem\",\"position\":3,\"name\":\"\u00c9liminateur d\u2019Odeur Buck Expert\"}]},{\"@type\":\"WebSite\",\"@id\":\"https:\/\/staging.lucky-hunter.com\/#website\",\"url\":\"https:\/\/staging.lucky-hunter.com\/\",\"name\":\"Lucky-Hunter\",\"description\":\"Gear Up or Give Up\",\"potentialAction\":[{\"@type\":\"SearchAction\",\"target\":{\"@type\":\"EntryPoint\",\"urlTemplate\":\"https:\/\/staging.lucky-hunter.com\/?s={search_term_string}\"},\"query-input\":{\"@type\":\"PropertyValueSpecification\",\"valueRequired\":true,\"valueName\":\"search_term_string\"}}],\"inLanguage\":\"fr-FR\"}]}<\/script>\n<!-- \/ Yoast SEO plugin. -->","yoast_head_json":{"title":"\u00c9liminateur d\u2019Odeur Buck Expert - D\u00e9barrassez-vous de votre odeur | Lucky Hunter","description":"L\u2019\u00e9liminateur d\u2019odeur Buck Expert est parfait pour r\u00e9duire l'odeur humaine de vos v\u00eatements, de vos chaussures et de votre \u00e9quipement de chasse - m\u00eame les jours de vent\u00a0!","robots":{"index":"noindex","follow":"follow","max-snippet":"max-snippet:-1","max-image-preview":"max-image-preview:large","max-video-preview":"max-video-preview:-1"},"og_locale":"fr_FR","og_type":"article","og_title":"\u00c9liminateur d\u2019Odeur Buck Expert - D\u00e9barrassez-vous de votre odeur | Lucky Hunter","og_description":"L\u2019\u00e9liminateur d\u2019odeur Buck Expert est parfait pour r\u00e9duire l'odeur humaine de vos v\u00eatements, de vos chaussures et de votre \u00e9quipement de chasse - m\u00eame les jours de vent\u00a0!","og_url":"https:\/\/staging.lucky-hunter.com\/fr\/product\/vap-buck-expert-faerdhaemmende-spray\/","og_site_name":"Lucky-Hunter","og_image":[{"width":1000,"height":1000,"url":"https:\/\/staging.lucky-hunter.com\/wp-content\/uploads\/2016\/11\/LM-245.png","type":"image\/png"}],"twitter_card":"summary_large_image","twitter_title":"\u00c9liminateur d\u2019Odeur Buck Expert - D\u00e9barrassez-vous de votre odeur | Lucky Hunter","twitter_description":"L\u2019\u00e9liminateur d\u2019odeur Buck Expert est parfait pour r\u00e9duire l'odeur humaine de vos v\u00eatements, de vos chaussures et de votre \u00e9quipement de chasse - m\u00eame les jours de vent\u00a0!","twitter_misc":{"Dur\u00e9e de lecture estim\u00e9e":"1 minute"},"schema":{"@context":"https:\/\/schema.org","@graph":[{"@type":"WebPage","@id":"https:\/\/staging.lucky-hunter.com\/fr\/product\/vap-buck-expert-faerdhaemmende-spray\/","url":"https:\/\/staging.lucky-hunter.com\/fr\/product\/vap-buck-expert-faerdhaemmende-spray\/","name":"\u00c9liminateur d\u2019Odeur Buck Expert - D\u00e9barrassez-vous de votre odeur | Lucky Hunter","isPartOf":{"@id":"https:\/\/staging.lucky-hunter.com\/#website"},"primaryImageOfPage":{"@id":"https:\/\/staging.lucky-hunter.com\/fr\/product\/vap-buck-expert-faerdhaemmende-spray\/#primaryimage"},"image":{"@id":"https:\/\/staging.lucky-hunter.com\/fr\/product\/vap-buck-expert-faerdhaemmende-spray\/#primaryimage"},"thumbnailUrl":"https:\/\/staging.lucky-hunter.com\/wp-content\/uploads\/2016\/11\/LM-245.png","datePublished":"2016-11-07T15:09:39+00:00","dateModified":"2016-11-07T15:09:39+00:00","description":"L\u2019\u00e9liminateur d\u2019odeur Buck Expert est parfait pour r\u00e9duire l'odeur humaine de vos v\u00eatements, de vos chaussures et de votre \u00e9quipement de chasse - m\u00eame les jours de vent\u00a0!","breadcrumb":{"@id":"https:\/\/staging.lucky-hunter.com\/fr\/product\/vap-buck-expert-faerdhaemmende-spray\/#breadcrumb"},"inLanguage":"fr-FR","potentialAction":[{"@type":"ReadAction","target":["https:\/\/staging.lucky-hunter.com\/fr\/product\/vap-buck-expert-faerdhaemmende-spray\/"]}]},{"@type":"ImageObject","inLanguage":"fr-FR","@id":"https:\/\/staging.lucky-hunter.com\/fr\/product\/vap-buck-expert-faerdhaemmende-spray\/#primaryimage","url":"https:\/\/staging.lucky-hunter.com\/wp-content\/uploads\/2016\/11\/LM-245.png","contentUrl":"https:\/\/staging.lucky-hunter.com\/wp-content\/uploads\/2016\/11\/LM-245.png","width":1000,"height":1000},{"@type":"BreadcrumbList","@id":"https:\/\/staging.lucky-hunter.com\/fr\/product\/vap-buck-expert-faerdhaemmende-spray\/#breadcrumb","itemListElement":[{"@type":"ListItem","position":1,"name":"Home","item":"https:\/\/staging.lucky-hunter.com\/fr\/"},{"@type":"ListItem","position":2,"name":"Boutique","item":"https:\/\/staging.lucky-hunter.com\/fr\/shop\/"},{"@type":"ListItem","position":3,"name":"\u00c9liminateur d\u2019Odeur Buck Expert"}]},{"@type":"WebSite","@id":"https:\/\/staging.lucky-hunter.com\/#website","url":"https:\/\/staging.lucky-hunter.com\/","name":"Lucky-Hunter","description":"Gear Up or Give Up","potentialAction":[{"@type":"SearchAction","target":{"@type":"EntryPoint","urlTemplate":"https:\/\/staging.lucky-hunter.com\/?s={search_term_string}"},"query-input":{"@type":"PropertyValueSpecification","valueRequired":true,"valueName":"search_term_string"}}],"inLanguage":"fr-FR"}]}},"_links":{"self":[{"href":"https:\/\/staging.lucky-hunter.com\/fr\/wp-json\/wp\/v2\/product\/57080"}],"collection":[{"href":"https:\/\/staging.lucky-hunter.com\/fr\/wp-json\/wp\/v2\/product"}],"about":[{"href":"https:\/\/staging.lucky-hunter.com\/fr\/wp-json\/wp\/v2\/types\/product"}],"wp:featuredmedia":[{"embeddable":true,"href":"https:\/\/staging.lucky-hunter.com\/fr\/wp-json\/wp\/v2\/media\/29974"}],"wp:attachment":[{"href":"https:\/\/staging.lucky-hunter.com\/fr\/wp-json\/wp\/v2\/media?parent=57080"}],"wp:term":[{"taxonomy":"product_brand","embeddable":true,"href":"https:\/\/staging.lucky-hunter.com\/fr\/wp-json\/wp\/v2\/product_brand?post=57080"},{"taxonomy":"product_cat","embeddable":true,"href":"https:\/\/staging.lucky-hunter.com\/fr\/wp-json\/wp\/v2\/product_cat?post=57080"},{"taxonomy":"product_tag","embeddable":true,"href":"https:\/\/staging.lucky-hunter.com\/fr\/wp-json\/wp\/v2\/product_tag?post=57080"}],"curies":[{"name":"wp","href":"https:\/\/api.w.org\/{rel}","templated":true}]}}