{"id":57077,"date":"2020-09-02T10:25:36","date_gmt":"2020-09-02T08:25:36","guid":{"rendered":"https:\/\/staging.lucky-hunter.com\/product\/10-watt-solar-panel-for-automatic-feeder\/"},"modified":"2025-06-26T14:53:19","modified_gmt":"2025-06-26T12:53:19","slug":"panneau-solaire-de-10-watts-pour-agrainoir-automatique","status":"publish","type":"product","link":"https:\/\/staging.lucky-hunter.com\/fr\/product\/panneau-solaire-de-10-watts-pour-agrainoir-automatique\/","title":{"rendered":"Panneau Solaire de 10 Watts pour Agrainoir Automatique"},"content":{"rendered":"<h2><strong>Panneau solaire de 10 watts pour agrainoir automatique de 12 volts<\/strong><\/h2>\n<p>Une solution fiable et \u00e9cologique pour alimenter votre agrainoir en \u00e9lectricit\u00e9. Avec ce syst\u00e8me, vous n&#8217;avez pas \u00e0 vous soucier de remplacer les batteries car le panneau solaire les maintient charg\u00e9es pour vous.<\/p>\n<p>Le panneau solaire peut \u00eatre branch\u00e9 directement \u00e0 l\u2019agrainoir. Il chargera la batterie de 12 volts et garantira une alimentation \u00e9lectrique constante.<\/p>\n<p>Le panneau solaire ne doit pas \u00eatre \u00e0 l\u2019ombre, \u00e9vitez donc de le placer sous un bidon. Veillez \u00e0 ce qu\u2019il dispose d\u2019un p\u00e9rim\u00e8tre d\u00e9gag\u00e9, sans \u00eatre obstru\u00e9 par quoi que ce soit.<\/p>\n<p>Le panneau solaire est \u00e9quip\u00e9 d&#8217;un c\u00e2ble de 2 m\u00e8tres.<\/p>\n<p><strong>Caract\u00e9ristiques\u00a0:<\/strong><\/p>\n<p>Mat\u00e9riau : Structure en aluminium<br \/>\nLamination ETFE \/ TPU \/ Edelstahl<br \/>\nSyst\u00e8me de batterie : 12 volts<br \/>\nC\u00e2ble : 2 m x 1,5 mm , rouge = &#8220;+&#8221;, bleu = &#8220;-&#8221;<br \/>\nCouleur : Blanc<br \/>\nPoids : 2 kg.<\/p>\n","protected":false},"excerpt":{"rendered":"<p>Une solution fiable et \u00e9cologique pour alimenter votre agrainoir en \u00e9lectricit\u00e9. Le panneau solaire peut \u00eatre branch\u00e9 directement \u00e0 l\u2019agrainoir.<\/p>\n","protected":false},"featured_media":30019,"template":"","meta":[],"product_brand":[8121],"product_cat":[8233],"product_tag":[],"yoast_head":"<!-- This site is optimized with the Yoast SEO plugin v24.3 - https:\/\/yoast.com\/wordpress\/plugins\/seo\/ -->\n<title>Panneau Solaire de 10 Watts pour Agrainoir Automatique<\/title>\n<meta name=\"description\" content=\"Panneau solaire de 10 watts pour chargeur automatique - un moyen \u00e9cologique de maintenir votre chargeur automatique sous tension.\" \/>\n<meta name=\"robots\" content=\"noindex, follow, max-snippet:-1, max-image-preview:large, max-video-preview:-1\" \/>\n<meta property=\"og:locale\" content=\"fr_FR\" \/>\n<meta property=\"og:type\" content=\"article\" \/>\n<meta property=\"og:title\" content=\"Panneau Solaire de 3 Watts pour Agrainoir Automatique\" \/>\n<meta property=\"og:description\" content=\"Panneau solaire de 3 watts pour chargeur automatique - un moyen \u00e9cologique de maintenir votre chargeur automatique sous tension. Equip\u00e9 d&#039;un c\u00e2ble de 2 m\u00e8tres.\" \/>\n<meta property=\"og:url\" content=\"https:\/\/staging.lucky-hunter.com\/fr\/product\/panneau-solaire-de-10-watts-pour-agrainoir-automatique\/\" \/>\n<meta property=\"og:site_name\" content=\"Lucky-Hunter\" \/>\n<meta property=\"article:modified_time\" content=\"2025-06-26T12:53:19+00:00\" \/>\n<meta property=\"og:image\" content=\"https:\/\/staging.lucky-hunter.com\/wp-content\/uploads\/2016\/11\/WF-130.png\" \/>\n\t<meta property=\"og:image:width\" content=\"1000\" \/>\n\t<meta property=\"og:image:height\" content=\"1000\" \/>\n\t<meta property=\"og:image:type\" content=\"image\/png\" \/>\n<meta name=\"twitter:card\" content=\"summary_large_image\" \/>\n<meta name=\"twitter:title\" content=\"Panneau Solaire de 3 Watts pour Agrainoir Automatique\" \/>\n<meta name=\"twitter:description\" content=\"Panneau solaire de 3 watts pour chargeur automatique - un moyen \u00e9cologique de maintenir votre chargeur automatique sous tension. Equip\u00e9 d&#039;un c\u00e2ble de 2 m\u00e8tres.\" \/>\n<meta name=\"twitter:label1\" content=\"Dur\u00e9e de lecture estim\u00e9e\" \/>\n\t<meta name=\"twitter:data1\" content=\"1 minute\" \/>\n<script type=\"application\/ld+json\" class=\"yoast-schema-graph\">{\"@context\":\"https:\/\/schema.org\",\"@graph\":[{\"@type\":\"WebPage\",\"@id\":\"https:\/\/staging.lucky-hunter.com\/fr\/product\/panneau-solaire-de-10-watts-pour-agrainoir-automatique\/\",\"url\":\"https:\/\/staging.lucky-hunter.com\/fr\/product\/panneau-solaire-de-10-watts-pour-agrainoir-automatique\/\",\"name\":\"Panneau Solaire de 10 Watts pour Agrainoir Automatique\",\"isPartOf\":{\"@id\":\"https:\/\/staging.lucky-hunter.com\/#website\"},\"primaryImageOfPage\":{\"@id\":\"https:\/\/staging.lucky-hunter.com\/fr\/product\/panneau-solaire-de-10-watts-pour-agrainoir-automatique\/#primaryimage\"},\"image\":{\"@id\":\"https:\/\/staging.lucky-hunter.com\/fr\/product\/panneau-solaire-de-10-watts-pour-agrainoir-automatique\/#primaryimage\"},\"thumbnailUrl\":\"https:\/\/staging.lucky-hunter.com\/wp-content\/uploads\/2016\/11\/WF-130.png\",\"datePublished\":\"2020-09-02T08:25:36+00:00\",\"dateModified\":\"2025-06-26T12:53:19+00:00\",\"description\":\"Panneau solaire de 10 watts pour chargeur automatique - un moyen \u00e9cologique de maintenir votre chargeur automatique sous tension.\",\"breadcrumb\":{\"@id\":\"https:\/\/staging.lucky-hunter.com\/fr\/product\/panneau-solaire-de-10-watts-pour-agrainoir-automatique\/#breadcrumb\"},\"inLanguage\":\"fr-FR\",\"potentialAction\":[{\"@type\":\"ReadAction\",\"target\":[\"https:\/\/staging.lucky-hunter.com\/fr\/product\/panneau-solaire-de-10-watts-pour-agrainoir-automatique\/\"]}]},{\"@type\":\"ImageObject\",\"inLanguage\":\"fr-FR\",\"@id\":\"https:\/\/staging.lucky-hunter.com\/fr\/product\/panneau-solaire-de-10-watts-pour-agrainoir-automatique\/#primaryimage\",\"url\":\"https:\/\/staging.lucky-hunter.com\/wp-content\/uploads\/2016\/11\/WF-130.png\",\"contentUrl\":\"https:\/\/staging.lucky-hunter.com\/wp-content\/uploads\/2016\/11\/WF-130.png\",\"width\":1000,\"height\":1000,\"caption\":\"Image of the 5 watt Solar Panel\"},{\"@type\":\"BreadcrumbList\",\"@id\":\"https:\/\/staging.lucky-hunter.com\/fr\/product\/panneau-solaire-de-10-watts-pour-agrainoir-automatique\/#breadcrumb\",\"itemListElement\":[{\"@type\":\"ListItem\",\"position\":1,\"name\":\"Home\",\"item\":\"https:\/\/staging.lucky-hunter.com\/fr\/\"},{\"@type\":\"ListItem\",\"position\":2,\"name\":\"Boutique\",\"item\":\"https:\/\/staging.lucky-hunter.com\/fr\/shop\/\"},{\"@type\":\"ListItem\",\"position\":3,\"name\":\"Panneau Solaire de 10 Watts pour Agrainoir Automatique\"}]},{\"@type\":\"WebSite\",\"@id\":\"https:\/\/staging.lucky-hunter.com\/#website\",\"url\":\"https:\/\/staging.lucky-hunter.com\/\",\"name\":\"Lucky-Hunter\",\"description\":\"Gear Up or Give Up\",\"potentialAction\":[{\"@type\":\"SearchAction\",\"target\":{\"@type\":\"EntryPoint\",\"urlTemplate\":\"https:\/\/staging.lucky-hunter.com\/?s={search_term_string}\"},\"query-input\":{\"@type\":\"PropertyValueSpecification\",\"valueRequired\":true,\"valueName\":\"search_term_string\"}}],\"inLanguage\":\"fr-FR\"}]}<\/script>\n<!-- \/ Yoast SEO plugin. -->","yoast_head_json":{"title":"Panneau Solaire de 10 Watts pour Agrainoir Automatique","description":"Panneau solaire de 10 watts pour chargeur automatique - un moyen \u00e9cologique de maintenir votre chargeur automatique sous tension.","robots":{"index":"noindex","follow":"follow","max-snippet":"max-snippet:-1","max-image-preview":"max-image-preview:large","max-video-preview":"max-video-preview:-1"},"og_locale":"fr_FR","og_type":"article","og_title":"Panneau Solaire de 3 Watts pour Agrainoir Automatique","og_description":"Panneau solaire de 3 watts pour chargeur automatique - un moyen \u00e9cologique de maintenir votre chargeur automatique sous tension. Equip\u00e9 d'un c\u00e2ble de 2 m\u00e8tres.","og_url":"https:\/\/staging.lucky-hunter.com\/fr\/product\/panneau-solaire-de-10-watts-pour-agrainoir-automatique\/","og_site_name":"Lucky-Hunter","article_modified_time":"2025-06-26T12:53:19+00:00","og_image":[{"width":1000,"height":1000,"url":"https:\/\/staging.lucky-hunter.com\/wp-content\/uploads\/2016\/11\/WF-130.png","type":"image\/png"}],"twitter_card":"summary_large_image","twitter_title":"Panneau Solaire de 3 Watts pour Agrainoir Automatique","twitter_description":"Panneau solaire de 3 watts pour chargeur automatique - un moyen \u00e9cologique de maintenir votre chargeur automatique sous tension. Equip\u00e9 d'un c\u00e2ble de 2 m\u00e8tres.","twitter_misc":{"Dur\u00e9e de lecture estim\u00e9e":"1 minute"},"schema":{"@context":"https:\/\/schema.org","@graph":[{"@type":"WebPage","@id":"https:\/\/staging.lucky-hunter.com\/fr\/product\/panneau-solaire-de-10-watts-pour-agrainoir-automatique\/","url":"https:\/\/staging.lucky-hunter.com\/fr\/product\/panneau-solaire-de-10-watts-pour-agrainoir-automatique\/","name":"Panneau Solaire de 10 Watts pour Agrainoir Automatique","isPartOf":{"@id":"https:\/\/staging.lucky-hunter.com\/#website"},"primaryImageOfPage":{"@id":"https:\/\/staging.lucky-hunter.com\/fr\/product\/panneau-solaire-de-10-watts-pour-agrainoir-automatique\/#primaryimage"},"image":{"@id":"https:\/\/staging.lucky-hunter.com\/fr\/product\/panneau-solaire-de-10-watts-pour-agrainoir-automatique\/#primaryimage"},"thumbnailUrl":"https:\/\/staging.lucky-hunter.com\/wp-content\/uploads\/2016\/11\/WF-130.png","datePublished":"2020-09-02T08:25:36+00:00","dateModified":"2025-06-26T12:53:19+00:00","description":"Panneau solaire de 10 watts pour chargeur automatique - un moyen \u00e9cologique de maintenir votre chargeur automatique sous tension.","breadcrumb":{"@id":"https:\/\/staging.lucky-hunter.com\/fr\/product\/panneau-solaire-de-10-watts-pour-agrainoir-automatique\/#breadcrumb"},"inLanguage":"fr-FR","potentialAction":[{"@type":"ReadAction","target":["https:\/\/staging.lucky-hunter.com\/fr\/product\/panneau-solaire-de-10-watts-pour-agrainoir-automatique\/"]}]},{"@type":"ImageObject","inLanguage":"fr-FR","@id":"https:\/\/staging.lucky-hunter.com\/fr\/product\/panneau-solaire-de-10-watts-pour-agrainoir-automatique\/#primaryimage","url":"https:\/\/staging.lucky-hunter.com\/wp-content\/uploads\/2016\/11\/WF-130.png","contentUrl":"https:\/\/staging.lucky-hunter.com\/wp-content\/uploads\/2016\/11\/WF-130.png","width":1000,"height":1000,"caption":"Image of the 5 watt Solar Panel"},{"@type":"BreadcrumbList","@id":"https:\/\/staging.lucky-hunter.com\/fr\/product\/panneau-solaire-de-10-watts-pour-agrainoir-automatique\/#breadcrumb","itemListElement":[{"@type":"ListItem","position":1,"name":"Home","item":"https:\/\/staging.lucky-hunter.com\/fr\/"},{"@type":"ListItem","position":2,"name":"Boutique","item":"https:\/\/staging.lucky-hunter.com\/fr\/shop\/"},{"@type":"ListItem","position":3,"name":"Panneau Solaire de 10 Watts pour Agrainoir Automatique"}]},{"@type":"WebSite","@id":"https:\/\/staging.lucky-hunter.com\/#website","url":"https:\/\/staging.lucky-hunter.com\/","name":"Lucky-Hunter","description":"Gear Up or Give Up","potentialAction":[{"@type":"SearchAction","target":{"@type":"EntryPoint","urlTemplate":"https:\/\/staging.lucky-hunter.com\/?s={search_term_string}"},"query-input":{"@type":"PropertyValueSpecification","valueRequired":true,"valueName":"search_term_string"}}],"inLanguage":"fr-FR"}]}},"_links":{"self":[{"href":"https:\/\/staging.lucky-hunter.com\/fr\/wp-json\/wp\/v2\/product\/57077"}],"collection":[{"href":"https:\/\/staging.lucky-hunter.com\/fr\/wp-json\/wp\/v2\/product"}],"about":[{"href":"https:\/\/staging.lucky-hunter.com\/fr\/wp-json\/wp\/v2\/types\/product"}],"wp:featuredmedia":[{"embeddable":true,"href":"https:\/\/staging.lucky-hunter.com\/fr\/wp-json\/wp\/v2\/media\/30019"}],"wp:attachment":[{"href":"https:\/\/staging.lucky-hunter.com\/fr\/wp-json\/wp\/v2\/media?parent=57077"}],"wp:term":[{"taxonomy":"product_brand","embeddable":true,"href":"https:\/\/staging.lucky-hunter.com\/fr\/wp-json\/wp\/v2\/product_brand?post=57077"},{"taxonomy":"product_cat","embeddable":true,"href":"https:\/\/staging.lucky-hunter.com\/fr\/wp-json\/wp\/v2\/product_cat?post=57077"},{"taxonomy":"product_tag","embeddable":true,"href":"https:\/\/staging.lucky-hunter.com\/fr\/wp-json\/wp\/v2\/product_tag?post=57077"}],"curies":[{"name":"wp","href":"https:\/\/api.w.org\/{rel}","templated":true}]}}