{"id":57076,"date":"2016-11-07T16:23:48","date_gmt":"2016-11-07T15:23:48","guid":{"rendered":"https:\/\/staging.lucky-hunter.com\/product\/butt-out-2-gut-butt-combo-from-hunters-specialities\/"},"modified":"2025-07-01T15:33:35","modified_gmt":"2025-07-01T13:33:35","slug":"butt-out-2-gut-butt-combo-from-hunters-specialities","status":"publish","type":"product","link":"https:\/\/staging.lucky-hunter.com\/fr\/product\/butt-out-2-gut-butt-combo-from-hunters-specialities\/","title":{"rendered":"Butt Out Combo"},"content":{"rendered":"<p>L&#8217;outil d&#8217;\u00e9visc\u00e9ration pour gros gibier de Hunter&#8217;s Specialties permet d&#8217;enlever rapidement et facilement les visc\u00e8res d&#8217;un cerf par voie anale lorsque vous \u00eates sur le terrain.<\/p>\n<p>Il suffit de l&#8217;ins\u00e9rer, de le faire tourner deux fois, de le retirer et de couper.<\/p>\n<p>Le Butt Out 2 fonctionne pour les cerfs, les antilopes, les ours, les sangliers et le gros gibier de taille similaire.<\/p>\n<p>Avec le Butt Out 2, il est plus facile de maintenir une prise ferme sur la poign\u00e9e pendant les t\u00e2ches d&#8217;\u00e9visc\u00e9ration sur le terrain.<\/p>\n<p>La fonction am\u00e9lior\u00e9e \u00ab\u00a0Butt Stop\u00a0\u00bb, qui est moul\u00e9e dans la poign\u00e9e, permet d\u2019ins\u00e9rer pr\u00e9cis\u00e9ment la longueur n\u00e9cessaire du Butt Out 2 lors du retrait des visc\u00e8res de l&#8217;animal.<\/p>\n<p>Le kit comprend \u00e9galement une lame de couteau utilitaire standard qui n&#8217;a jamais besoin d&#8217;\u00eatre r\u00e9aff\u00fbt\u00e9e, pour de nombreuses saisons d&#8217;utilisation sans souci.<\/p>\n","protected":false},"excerpt":{"rendered":"<p>L&#8217;outil d&#8217;\u00e9visc\u00e9ration pour gros gibier de Hunter&#8217;s Specialties permet d&#8217;enlever rapidement et facilement les visc\u00e8res d&#8217;un cerf par voie anale lorsque vous \u00eates sur le terrain.<\/p>\n","protected":false},"featured_media":28450,"template":"","meta":[],"product_brand":[82],"product_cat":[8755],"product_tag":[],"yoast_head":"<!-- This site is optimized with the Yoast SEO plugin v24.3 - https:\/\/yoast.com\/wordpress\/plugins\/seo\/ -->\n<title>Butt Out 2 Gut &amp; Butt Combo de Hunters Specialties<\/title>\n<meta name=\"description\" content=\"L&#039;outil d&#039;\u00e9visc\u00e9ration pour gros gibier permet d&#039;enlever rapidement et facilement les visc\u00e8res d&#039;un cerf par voie anale lorsque vous \u00eates sur le terrain.\" \/>\n<meta name=\"robots\" content=\"noindex, follow, max-snippet:-1, max-image-preview:large, max-video-preview:-1\" \/>\n<meta property=\"og:locale\" content=\"fr_FR\" \/>\n<meta property=\"og:type\" content=\"article\" \/>\n<meta property=\"og:title\" content=\"Butt Out 2 Gut &amp; Butt Combo de Hunters Specialties\" \/>\n<meta property=\"og:description\" content=\"L&#039;outil d&#039;\u00e9visc\u00e9ration pour gros gibier permet d&#039;enlever rapidement et facilement les visc\u00e8res d&#039;un cerf par voie anale lorsque vous \u00eates sur le terrain.\" \/>\n<meta property=\"og:url\" content=\"https:\/\/staging.lucky-hunter.com\/fr\/product\/butt-out-2-gut-butt-combo-from-hunters-specialities\/\" \/>\n<meta property=\"og:site_name\" content=\"Lucky-Hunter\" \/>\n<meta property=\"article:modified_time\" content=\"2025-07-01T13:33:35+00:00\" \/>\n<meta property=\"og:image\" content=\"https:\/\/staging.lucky-hunter.com\/wp-content\/uploads\/2016\/11\/7200632_1.png\" \/>\n\t<meta property=\"og:image:width\" content=\"1000\" \/>\n\t<meta property=\"og:image:height\" content=\"1000\" \/>\n\t<meta property=\"og:image:type\" content=\"image\/png\" \/>\n<meta name=\"twitter:card\" content=\"summary_large_image\" \/>\n<meta name=\"twitter:label1\" content=\"Dur\u00e9e de lecture estim\u00e9e\" \/>\n\t<meta name=\"twitter:data1\" content=\"1 minute\" \/>\n<script type=\"application\/ld+json\" class=\"yoast-schema-graph\">{\"@context\":\"https:\/\/schema.org\",\"@graph\":[{\"@type\":\"WebPage\",\"@id\":\"https:\/\/staging.lucky-hunter.com\/fr\/product\/butt-out-2-gut-butt-combo-from-hunters-specialities\/\",\"url\":\"https:\/\/staging.lucky-hunter.com\/fr\/product\/butt-out-2-gut-butt-combo-from-hunters-specialities\/\",\"name\":\"Butt Out 2 Gut & Butt Combo de Hunters Specialties\",\"isPartOf\":{\"@id\":\"https:\/\/staging.lucky-hunter.com\/#website\"},\"primaryImageOfPage\":{\"@id\":\"https:\/\/staging.lucky-hunter.com\/fr\/product\/butt-out-2-gut-butt-combo-from-hunters-specialities\/#primaryimage\"},\"image\":{\"@id\":\"https:\/\/staging.lucky-hunter.com\/fr\/product\/butt-out-2-gut-butt-combo-from-hunters-specialities\/#primaryimage\"},\"thumbnailUrl\":\"https:\/\/staging.lucky-hunter.com\/wp-content\/uploads\/2016\/11\/7200632_1.png\",\"datePublished\":\"2016-11-07T15:23:48+00:00\",\"dateModified\":\"2025-07-01T13:33:35+00:00\",\"description\":\"L'outil d'\u00e9visc\u00e9ration pour gros gibier permet d'enlever rapidement et facilement les visc\u00e8res d'un cerf par voie anale lorsque vous \u00eates sur le terrain.\",\"breadcrumb\":{\"@id\":\"https:\/\/staging.lucky-hunter.com\/fr\/product\/butt-out-2-gut-butt-combo-from-hunters-specialities\/#breadcrumb\"},\"inLanguage\":\"fr-FR\",\"potentialAction\":[{\"@type\":\"ReadAction\",\"target\":[\"https:\/\/staging.lucky-hunter.com\/fr\/product\/butt-out-2-gut-butt-combo-from-hunters-specialities\/\"]}]},{\"@type\":\"ImageObject\",\"inLanguage\":\"fr-FR\",\"@id\":\"https:\/\/staging.lucky-hunter.com\/fr\/product\/butt-out-2-gut-butt-combo-from-hunters-specialities\/#primaryimage\",\"url\":\"https:\/\/staging.lucky-hunter.com\/wp-content\/uploads\/2016\/11\/7200632_1.png\",\"contentUrl\":\"https:\/\/staging.lucky-hunter.com\/wp-content\/uploads\/2016\/11\/7200632_1.png\",\"width\":1000,\"height\":1000},{\"@type\":\"BreadcrumbList\",\"@id\":\"https:\/\/staging.lucky-hunter.com\/fr\/product\/butt-out-2-gut-butt-combo-from-hunters-specialities\/#breadcrumb\",\"itemListElement\":[{\"@type\":\"ListItem\",\"position\":1,\"name\":\"Home\",\"item\":\"https:\/\/staging.lucky-hunter.com\/fr\/\"},{\"@type\":\"ListItem\",\"position\":2,\"name\":\"Boutique\",\"item\":\"https:\/\/staging.lucky-hunter.com\/fr\/shop\/\"},{\"@type\":\"ListItem\",\"position\":3,\"name\":\"Butt Out Combo\"}]},{\"@type\":\"WebSite\",\"@id\":\"https:\/\/staging.lucky-hunter.com\/#website\",\"url\":\"https:\/\/staging.lucky-hunter.com\/\",\"name\":\"Lucky-Hunter\",\"description\":\"Gear Up or Give Up\",\"potentialAction\":[{\"@type\":\"SearchAction\",\"target\":{\"@type\":\"EntryPoint\",\"urlTemplate\":\"https:\/\/staging.lucky-hunter.com\/?s={search_term_string}\"},\"query-input\":{\"@type\":\"PropertyValueSpecification\",\"valueRequired\":true,\"valueName\":\"search_term_string\"}}],\"inLanguage\":\"fr-FR\"}]}<\/script>\n<!-- \/ Yoast SEO plugin. -->","yoast_head_json":{"title":"Butt Out 2 Gut & Butt Combo de Hunters Specialties","description":"L'outil d'\u00e9visc\u00e9ration pour gros gibier permet d'enlever rapidement et facilement les visc\u00e8res d'un cerf par voie anale lorsque vous \u00eates sur le terrain.","robots":{"index":"noindex","follow":"follow","max-snippet":"max-snippet:-1","max-image-preview":"max-image-preview:large","max-video-preview":"max-video-preview:-1"},"og_locale":"fr_FR","og_type":"article","og_title":"Butt Out 2 Gut & Butt Combo de Hunters Specialties","og_description":"L'outil d'\u00e9visc\u00e9ration pour gros gibier permet d'enlever rapidement et facilement les visc\u00e8res d'un cerf par voie anale lorsque vous \u00eates sur le terrain.","og_url":"https:\/\/staging.lucky-hunter.com\/fr\/product\/butt-out-2-gut-butt-combo-from-hunters-specialities\/","og_site_name":"Lucky-Hunter","article_modified_time":"2025-07-01T13:33:35+00:00","og_image":[{"width":1000,"height":1000,"url":"https:\/\/staging.lucky-hunter.com\/wp-content\/uploads\/2016\/11\/7200632_1.png","type":"image\/png"}],"twitter_card":"summary_large_image","twitter_misc":{"Dur\u00e9e de lecture estim\u00e9e":"1 minute"},"schema":{"@context":"https:\/\/schema.org","@graph":[{"@type":"WebPage","@id":"https:\/\/staging.lucky-hunter.com\/fr\/product\/butt-out-2-gut-butt-combo-from-hunters-specialities\/","url":"https:\/\/staging.lucky-hunter.com\/fr\/product\/butt-out-2-gut-butt-combo-from-hunters-specialities\/","name":"Butt Out 2 Gut & Butt Combo de Hunters Specialties","isPartOf":{"@id":"https:\/\/staging.lucky-hunter.com\/#website"},"primaryImageOfPage":{"@id":"https:\/\/staging.lucky-hunter.com\/fr\/product\/butt-out-2-gut-butt-combo-from-hunters-specialities\/#primaryimage"},"image":{"@id":"https:\/\/staging.lucky-hunter.com\/fr\/product\/butt-out-2-gut-butt-combo-from-hunters-specialities\/#primaryimage"},"thumbnailUrl":"https:\/\/staging.lucky-hunter.com\/wp-content\/uploads\/2016\/11\/7200632_1.png","datePublished":"2016-11-07T15:23:48+00:00","dateModified":"2025-07-01T13:33:35+00:00","description":"L'outil d'\u00e9visc\u00e9ration pour gros gibier permet d'enlever rapidement et facilement les visc\u00e8res d'un cerf par voie anale lorsque vous \u00eates sur le terrain.","breadcrumb":{"@id":"https:\/\/staging.lucky-hunter.com\/fr\/product\/butt-out-2-gut-butt-combo-from-hunters-specialities\/#breadcrumb"},"inLanguage":"fr-FR","potentialAction":[{"@type":"ReadAction","target":["https:\/\/staging.lucky-hunter.com\/fr\/product\/butt-out-2-gut-butt-combo-from-hunters-specialities\/"]}]},{"@type":"ImageObject","inLanguage":"fr-FR","@id":"https:\/\/staging.lucky-hunter.com\/fr\/product\/butt-out-2-gut-butt-combo-from-hunters-specialities\/#primaryimage","url":"https:\/\/staging.lucky-hunter.com\/wp-content\/uploads\/2016\/11\/7200632_1.png","contentUrl":"https:\/\/staging.lucky-hunter.com\/wp-content\/uploads\/2016\/11\/7200632_1.png","width":1000,"height":1000},{"@type":"BreadcrumbList","@id":"https:\/\/staging.lucky-hunter.com\/fr\/product\/butt-out-2-gut-butt-combo-from-hunters-specialities\/#breadcrumb","itemListElement":[{"@type":"ListItem","position":1,"name":"Home","item":"https:\/\/staging.lucky-hunter.com\/fr\/"},{"@type":"ListItem","position":2,"name":"Boutique","item":"https:\/\/staging.lucky-hunter.com\/fr\/shop\/"},{"@type":"ListItem","position":3,"name":"Butt Out Combo"}]},{"@type":"WebSite","@id":"https:\/\/staging.lucky-hunter.com\/#website","url":"https:\/\/staging.lucky-hunter.com\/","name":"Lucky-Hunter","description":"Gear Up or Give Up","potentialAction":[{"@type":"SearchAction","target":{"@type":"EntryPoint","urlTemplate":"https:\/\/staging.lucky-hunter.com\/?s={search_term_string}"},"query-input":{"@type":"PropertyValueSpecification","valueRequired":true,"valueName":"search_term_string"}}],"inLanguage":"fr-FR"}]}},"_links":{"self":[{"href":"https:\/\/staging.lucky-hunter.com\/fr\/wp-json\/wp\/v2\/product\/57076"}],"collection":[{"href":"https:\/\/staging.lucky-hunter.com\/fr\/wp-json\/wp\/v2\/product"}],"about":[{"href":"https:\/\/staging.lucky-hunter.com\/fr\/wp-json\/wp\/v2\/types\/product"}],"wp:featuredmedia":[{"embeddable":true,"href":"https:\/\/staging.lucky-hunter.com\/fr\/wp-json\/wp\/v2\/media\/28450"}],"wp:attachment":[{"href":"https:\/\/staging.lucky-hunter.com\/fr\/wp-json\/wp\/v2\/media?parent=57076"}],"wp:term":[{"taxonomy":"product_brand","embeddable":true,"href":"https:\/\/staging.lucky-hunter.com\/fr\/wp-json\/wp\/v2\/product_brand?post=57076"},{"taxonomy":"product_cat","embeddable":true,"href":"https:\/\/staging.lucky-hunter.com\/fr\/wp-json\/wp\/v2\/product_cat?post=57076"},{"taxonomy":"product_tag","embeddable":true,"href":"https:\/\/staging.lucky-hunter.com\/fr\/wp-json\/wp\/v2\/product_tag?post=57076"}],"curies":[{"name":"wp","href":"https:\/\/api.w.org\/{rel}","templated":true}]}}