{"id":57066,"date":"2016-11-07T16:18:35","date_gmt":"2016-11-07T15:18:35","guid":{"rendered":"https:\/\/staging.lucky-hunter.com\/product\/deerhunter-muflon-trousers-max-5\/"},"modified":"2016-11-07T16:18:35","modified_gmt":"2016-11-07T15:18:35","slug":"deerhunter-muflon-trousers-max-5","status":"publish","type":"product","link":"https:\/\/staging.lucky-hunter.com\/fr\/product\/deerhunter-muflon-trousers-max-5\/","title":{"rendered":"Pantalon Deerhunter Muflon Max-5"},"content":{"rendered":"<h2><strong>V\u00eatements de chasse pour chasseurs exigeants<\/strong><\/h2>\n<p>La soci\u00e9t\u00e9 danoise Deerhunter f\u00eate ses 30 ans avec une superbe s\u00e9rie haut de gamme appel\u00e9e Muflon.<\/p>\n<p>Il s\u2019agit d\u2019une r\u00e9compense pour tous leurs fid\u00e8les clients \u00e0 travers le monde &#8211; les vrais Deerhunters (chasseurs de cerfs).<\/p>\n<p>La s\u00e9rie Muflon est dot\u00e9e d\u2019une isolation Thinsulate et d\u2019une membrane Deer-Tex avec une garantie de cinq ans. Elle est dot\u00e9e d&#8217;une multitude de fonctionnalit\u00e9s ing\u00e9nieuses &#8211; des fermetures \u00e9clair \u00e9tanches, un pantalon avec des genoux moul\u00e9s, un tissu extensible dans les quatre sens, un design \u00e9l\u00e9gant et de nombreux d\u00e9tails suppl\u00e9mentaires qui vous raviront. Escaladez les plus hauts sommets en portant les v\u00eatements Muflon\u00a0!<\/p>\n<ul>\n<li>Ajustable \u00e0 la taille avec un \u00e9lastique<\/li>\n<li>Bretelles amovibles<\/li>\n<li>D\u00e9tails renforc\u00e9s en daim<\/li>\n<li>2 poches avant avec passepoil en daim<\/li>\n<li>1 poche arri\u00e8re avec fermeture \u00e9clair<\/li>\n<li>1 poche sur la jambe avec large ouverture arrondie pour un acc\u00e8s facile et poche zipp\u00e9e suppl\u00e9mentaire<\/li>\n<li>1 poche sur la jambe gauche avec fermeture \u00e9clair<\/li>\n<li>Genoux pr\u00e9form\u00e9s<\/li>\n<li>Fermetures \u00e9clair au bas des jambes<\/li>\n<li>Tailles\u00a0: 48 \u00e0 64<\/li>\n<\/ul>\n","protected":false},"excerpt":{"rendered":"<p>La soci\u00e9t\u00e9 danoise Deerhunter f\u00eate ses 30 ans avec une superbe s\u00e9rie haut de gamme appel\u00e9e Muflon.\u00a0La s\u00e9rie Muflon est dot\u00e9e d\u2019une isolation Thinsulate et d\u2019une membrane Deer-Tex avec une garantie de cinq ans. Elle dispose d&#8217;une multitude de fonctionnalit\u00e9s ing\u00e9nieuses.<\/p>\n","protected":false},"featured_media":30708,"template":"","meta":[],"product_brand":[8194],"product_cat":[8265],"product_tag":[],"yoast_head":"<!-- This site is optimized with the Yoast SEO plugin v24.3 - https:\/\/yoast.com\/wordpress\/plugins\/seo\/ -->\n<title>Pantalon Deerhunter Muflon Max-5 - V\u00eatements de chasse pour chasseurs exigeants<\/title>\n<meta name=\"description\" content=\"La soci\u00e9t\u00e9 danoise Deerhunter f\u00eate ses 30 ans avec une superbe s\u00e9rie haut de gamme appel\u00e9e Muflon. Isolation Thinsulate et membrane Deer-Tex.\" \/>\n<meta name=\"robots\" content=\"noindex, follow, max-snippet:-1, max-image-preview:large, max-video-preview:-1\" \/>\n<meta property=\"og:locale\" content=\"fr_FR\" \/>\n<meta property=\"og:type\" content=\"article\" \/>\n<meta property=\"og:title\" content=\"Pantalon Deerhunter Muflon Max-5 - V\u00eatements de chasse pour chasseurs exigeants\" \/>\n<meta property=\"og:description\" content=\"La soci\u00e9t\u00e9 danoise Deerhunter f\u00eate ses 30 ans avec une superbe s\u00e9rie haut de gamme appel\u00e9e Muflon. Isolation Thinsulate et membrane Deer-Tex.\" \/>\n<meta property=\"og:url\" content=\"https:\/\/staging.lucky-hunter.com\/fr\/product\/deerhunter-muflon-trousers-max-5\/\" \/>\n<meta property=\"og:site_name\" content=\"Lucky-Hunter\" \/>\n<meta property=\"og:image\" content=\"https:\/\/staging.lucky-hunter.com\/wp-content\/uploads\/2016\/11\/DH-3822-1.png\" \/>\n\t<meta property=\"og:image:width\" content=\"1000\" \/>\n\t<meta property=\"og:image:height\" content=\"1000\" \/>\n\t<meta property=\"og:image:type\" content=\"image\/png\" \/>\n<meta name=\"twitter:card\" content=\"summary_large_image\" \/>\n<meta name=\"twitter:label1\" content=\"Dur\u00e9e de lecture estim\u00e9e\" \/>\n\t<meta name=\"twitter:data1\" content=\"1 minute\" \/>\n<script type=\"application\/ld+json\" class=\"yoast-schema-graph\">{\"@context\":\"https:\/\/schema.org\",\"@graph\":[{\"@type\":\"WebPage\",\"@id\":\"https:\/\/staging.lucky-hunter.com\/fr\/product\/deerhunter-muflon-trousers-max-5\/\",\"url\":\"https:\/\/staging.lucky-hunter.com\/fr\/product\/deerhunter-muflon-trousers-max-5\/\",\"name\":\"Pantalon Deerhunter Muflon Max-5 - V\u00eatements de chasse pour chasseurs exigeants\",\"isPartOf\":{\"@id\":\"https:\/\/staging.lucky-hunter.com\/#website\"},\"primaryImageOfPage\":{\"@id\":\"https:\/\/staging.lucky-hunter.com\/fr\/product\/deerhunter-muflon-trousers-max-5\/#primaryimage\"},\"image\":{\"@id\":\"https:\/\/staging.lucky-hunter.com\/fr\/product\/deerhunter-muflon-trousers-max-5\/#primaryimage\"},\"thumbnailUrl\":\"https:\/\/staging.lucky-hunter.com\/wp-content\/uploads\/2016\/11\/DH-3822-1.png\",\"datePublished\":\"2016-11-07T15:18:35+00:00\",\"dateModified\":\"2016-11-07T15:18:35+00:00\",\"description\":\"La soci\u00e9t\u00e9 danoise Deerhunter f\u00eate ses 30 ans avec une superbe s\u00e9rie haut de gamme appel\u00e9e Muflon. Isolation Thinsulate et membrane Deer-Tex.\",\"breadcrumb\":{\"@id\":\"https:\/\/staging.lucky-hunter.com\/fr\/product\/deerhunter-muflon-trousers-max-5\/#breadcrumb\"},\"inLanguage\":\"fr-FR\",\"potentialAction\":[{\"@type\":\"ReadAction\",\"target\":[\"https:\/\/staging.lucky-hunter.com\/fr\/product\/deerhunter-muflon-trousers-max-5\/\"]}]},{\"@type\":\"ImageObject\",\"inLanguage\":\"fr-FR\",\"@id\":\"https:\/\/staging.lucky-hunter.com\/fr\/product\/deerhunter-muflon-trousers-max-5\/#primaryimage\",\"url\":\"https:\/\/staging.lucky-hunter.com\/wp-content\/uploads\/2016\/11\/DH-3822-1.png\",\"contentUrl\":\"https:\/\/staging.lucky-hunter.com\/wp-content\/uploads\/2016\/11\/DH-3822-1.png\",\"width\":1000,\"height\":1000},{\"@type\":\"BreadcrumbList\",\"@id\":\"https:\/\/staging.lucky-hunter.com\/fr\/product\/deerhunter-muflon-trousers-max-5\/#breadcrumb\",\"itemListElement\":[{\"@type\":\"ListItem\",\"position\":1,\"name\":\"Home\",\"item\":\"https:\/\/staging.lucky-hunter.com\/fr\/\"},{\"@type\":\"ListItem\",\"position\":2,\"name\":\"Boutique\",\"item\":\"https:\/\/staging.lucky-hunter.com\/fr\/shop\/\"},{\"@type\":\"ListItem\",\"position\":3,\"name\":\"Pantalon Deerhunter Muflon Max-5\"}]},{\"@type\":\"WebSite\",\"@id\":\"https:\/\/staging.lucky-hunter.com\/#website\",\"url\":\"https:\/\/staging.lucky-hunter.com\/\",\"name\":\"Lucky-Hunter\",\"description\":\"Gear Up or Give Up\",\"potentialAction\":[{\"@type\":\"SearchAction\",\"target\":{\"@type\":\"EntryPoint\",\"urlTemplate\":\"https:\/\/staging.lucky-hunter.com\/?s={search_term_string}\"},\"query-input\":{\"@type\":\"PropertyValueSpecification\",\"valueRequired\":true,\"valueName\":\"search_term_string\"}}],\"inLanguage\":\"fr-FR\"}]}<\/script>\n<!-- \/ Yoast SEO plugin. -->","yoast_head_json":{"title":"Pantalon Deerhunter Muflon Max-5 - V\u00eatements de chasse pour chasseurs exigeants","description":"La soci\u00e9t\u00e9 danoise Deerhunter f\u00eate ses 30 ans avec une superbe s\u00e9rie haut de gamme appel\u00e9e Muflon. Isolation Thinsulate et membrane Deer-Tex.","robots":{"index":"noindex","follow":"follow","max-snippet":"max-snippet:-1","max-image-preview":"max-image-preview:large","max-video-preview":"max-video-preview:-1"},"og_locale":"fr_FR","og_type":"article","og_title":"Pantalon Deerhunter Muflon Max-5 - V\u00eatements de chasse pour chasseurs exigeants","og_description":"La soci\u00e9t\u00e9 danoise Deerhunter f\u00eate ses 30 ans avec une superbe s\u00e9rie haut de gamme appel\u00e9e Muflon. Isolation Thinsulate et membrane Deer-Tex.","og_url":"https:\/\/staging.lucky-hunter.com\/fr\/product\/deerhunter-muflon-trousers-max-5\/","og_site_name":"Lucky-Hunter","og_image":[{"width":1000,"height":1000,"url":"https:\/\/staging.lucky-hunter.com\/wp-content\/uploads\/2016\/11\/DH-3822-1.png","type":"image\/png"}],"twitter_card":"summary_large_image","twitter_misc":{"Dur\u00e9e de lecture estim\u00e9e":"1 minute"},"schema":{"@context":"https:\/\/schema.org","@graph":[{"@type":"WebPage","@id":"https:\/\/staging.lucky-hunter.com\/fr\/product\/deerhunter-muflon-trousers-max-5\/","url":"https:\/\/staging.lucky-hunter.com\/fr\/product\/deerhunter-muflon-trousers-max-5\/","name":"Pantalon Deerhunter Muflon Max-5 - V\u00eatements de chasse pour chasseurs exigeants","isPartOf":{"@id":"https:\/\/staging.lucky-hunter.com\/#website"},"primaryImageOfPage":{"@id":"https:\/\/staging.lucky-hunter.com\/fr\/product\/deerhunter-muflon-trousers-max-5\/#primaryimage"},"image":{"@id":"https:\/\/staging.lucky-hunter.com\/fr\/product\/deerhunter-muflon-trousers-max-5\/#primaryimage"},"thumbnailUrl":"https:\/\/staging.lucky-hunter.com\/wp-content\/uploads\/2016\/11\/DH-3822-1.png","datePublished":"2016-11-07T15:18:35+00:00","dateModified":"2016-11-07T15:18:35+00:00","description":"La soci\u00e9t\u00e9 danoise Deerhunter f\u00eate ses 30 ans avec une superbe s\u00e9rie haut de gamme appel\u00e9e Muflon. Isolation Thinsulate et membrane Deer-Tex.","breadcrumb":{"@id":"https:\/\/staging.lucky-hunter.com\/fr\/product\/deerhunter-muflon-trousers-max-5\/#breadcrumb"},"inLanguage":"fr-FR","potentialAction":[{"@type":"ReadAction","target":["https:\/\/staging.lucky-hunter.com\/fr\/product\/deerhunter-muflon-trousers-max-5\/"]}]},{"@type":"ImageObject","inLanguage":"fr-FR","@id":"https:\/\/staging.lucky-hunter.com\/fr\/product\/deerhunter-muflon-trousers-max-5\/#primaryimage","url":"https:\/\/staging.lucky-hunter.com\/wp-content\/uploads\/2016\/11\/DH-3822-1.png","contentUrl":"https:\/\/staging.lucky-hunter.com\/wp-content\/uploads\/2016\/11\/DH-3822-1.png","width":1000,"height":1000},{"@type":"BreadcrumbList","@id":"https:\/\/staging.lucky-hunter.com\/fr\/product\/deerhunter-muflon-trousers-max-5\/#breadcrumb","itemListElement":[{"@type":"ListItem","position":1,"name":"Home","item":"https:\/\/staging.lucky-hunter.com\/fr\/"},{"@type":"ListItem","position":2,"name":"Boutique","item":"https:\/\/staging.lucky-hunter.com\/fr\/shop\/"},{"@type":"ListItem","position":3,"name":"Pantalon Deerhunter Muflon Max-5"}]},{"@type":"WebSite","@id":"https:\/\/staging.lucky-hunter.com\/#website","url":"https:\/\/staging.lucky-hunter.com\/","name":"Lucky-Hunter","description":"Gear Up or Give Up","potentialAction":[{"@type":"SearchAction","target":{"@type":"EntryPoint","urlTemplate":"https:\/\/staging.lucky-hunter.com\/?s={search_term_string}"},"query-input":{"@type":"PropertyValueSpecification","valueRequired":true,"valueName":"search_term_string"}}],"inLanguage":"fr-FR"}]}},"_links":{"self":[{"href":"https:\/\/staging.lucky-hunter.com\/fr\/wp-json\/wp\/v2\/product\/57066"}],"collection":[{"href":"https:\/\/staging.lucky-hunter.com\/fr\/wp-json\/wp\/v2\/product"}],"about":[{"href":"https:\/\/staging.lucky-hunter.com\/fr\/wp-json\/wp\/v2\/types\/product"}],"wp:featuredmedia":[{"embeddable":true,"href":"https:\/\/staging.lucky-hunter.com\/fr\/wp-json\/wp\/v2\/media\/30708"}],"wp:attachment":[{"href":"https:\/\/staging.lucky-hunter.com\/fr\/wp-json\/wp\/v2\/media?parent=57066"}],"wp:term":[{"taxonomy":"product_brand","embeddable":true,"href":"https:\/\/staging.lucky-hunter.com\/fr\/wp-json\/wp\/v2\/product_brand?post=57066"},{"taxonomy":"product_cat","embeddable":true,"href":"https:\/\/staging.lucky-hunter.com\/fr\/wp-json\/wp\/v2\/product_cat?post=57066"},{"taxonomy":"product_tag","embeddable":true,"href":"https:\/\/staging.lucky-hunter.com\/fr\/wp-json\/wp\/v2\/product_tag?post=57066"}],"curies":[{"name":"wp","href":"https:\/\/api.w.org\/{rel}","templated":true}]}}