{"id":57040,"date":"2019-01-30T16:17:18","date_gmt":"2019-01-30T15:17:18","guid":{"rendered":"https:\/\/staging.lucky-hunter.com\/product\/deerhunter-muflon-light-gloves\/"},"modified":"2023-03-14T15:33:25","modified_gmt":"2023-03-14T14:33:25","slug":"deerhunter-muflon-light-gloves","status":"publish","type":"product","link":"https:\/\/staging.lucky-hunter.com\/fr\/product\/deerhunter-muflon-light-gloves\/","title":{"rendered":"Gants Deerhunter Muflon Light"},"content":{"rendered":"<h2><strong>Gants Deerhunter Muflon Light &#8211; des gants l\u00e9gers, r\u00e9sistants aux intemp\u00e9ries et respirants<\/strong><\/h2>\n<p>De tr\u00e8s beaux gants de chasse de la gamme Deerhunter Muflon.<\/p>\n<p>Ces gants sont particuli\u00e8rement adapt\u00e9s pour chasser au printemps et en automne, lorsque le temps change et que les journ\u00e9es peuvent \u00eatre froides.<\/p>\n<p>Les gants Deerhunter Muflon Light sont fabriqu\u00e9s avec un tissu extensible dans les 2 sens et une couche de Deer-Tex\u00ae Performance, pour une protection efficace contre les intemp\u00e9ries et contre le vent. Gr\u00e2ce \u00e0 cela, vos mains seront \u00e0 l\u2019abri des \u00e9l\u00e9ments.<\/p>\n<p>La couche externe des gants est en serg\u00e9 100\u00a0% polyester \u00e0 maille double extensible. La doublure est 100\u00a0% polyester.<\/p>\n<p>La couche de Deer-Tex\u00ae Performance est une membrane lamin\u00e9e au tissu de la couche externe. Elle est 100\u00a0% coupe-vent, imperm\u00e9able et respirante.<\/p>\n<p>Tailles disponibles : M &#8211; L &#8211; XL ou 2XL.<\/p>\n<p>Couleurs disponibles :\u00a0Vert ou Realtree Edge Camo.<\/p>\n<p>Ces gants sont 100 % imperm\u00e9ables, 100 % coupe-vent et 100 % respirants !<\/p>\n","protected":false},"excerpt":{"rendered":"<p>De tr\u00e8s beaux gants de chasse de la gamme Deerhunter Muflon. Ces gants sont particuli\u00e8rement adapt\u00e9s pour chasser au printemps et en automne, lorsque le temps change et que les journ\u00e9es peuvent \u00eatre froides.<\/p>\n","protected":false},"featured_media":29919,"template":"","meta":[],"product_brand":[8194],"product_cat":[9215],"product_tag":[],"yoast_head":"<!-- This site is optimized with the Yoast SEO plugin v24.3 - https:\/\/yoast.com\/wordpress\/plugins\/seo\/ -->\n<title>Gants Deerhunter Muflon Light - Parfaits pour le printemps et l&#039;automne | Lucky Hunter<\/title>\n<meta name=\"description\" content=\"Les gants Deerhunter Muflon Light sont des gants de chasse parfaits pour le printemps ou l&#039;automne, lorsque le temps est changeant. Ils vous offrent un suppl\u00e9ment de chaleur et de protection.\" \/>\n<meta name=\"robots\" content=\"noindex, follow, max-snippet:-1, max-image-preview:large, max-video-preview:-1\" \/>\n<meta property=\"og:locale\" content=\"fr_FR\" \/>\n<meta property=\"og:type\" content=\"article\" \/>\n<meta property=\"og:title\" content=\"Gants Deerhunter Muflon Light - Parfaits pour le printemps et l&#039;automne | Lucky Hunter\" \/>\n<meta property=\"og:description\" content=\"Les gants Deerhunter Muflon Light sont des gants de chasse parfaits pour le printemps ou l&#039;automne, lorsque le temps est changeant. Ils vous offrent un suppl\u00e9ment de chaleur et de protection.\" \/>\n<meta property=\"og:url\" content=\"https:\/\/staging.lucky-hunter.com\/fr\/product\/deerhunter-muflon-light-gloves\/\" \/>\n<meta property=\"og:site_name\" content=\"Lucky-Hunter\" \/>\n<meta property=\"article:modified_time\" content=\"2023-03-14T14:33:25+00:00\" \/>\n<meta property=\"og:image\" content=\"https:\/\/staging.lucky-hunter.com\/wp-content\/uploads\/2019\/01\/DH-8630.png\" \/>\n\t<meta property=\"og:image:width\" content=\"1000\" \/>\n\t<meta property=\"og:image:height\" content=\"1000\" \/>\n\t<meta property=\"og:image:type\" content=\"image\/png\" \/>\n<meta name=\"twitter:card\" content=\"summary_large_image\" \/>\n<meta name=\"twitter:title\" content=\"Gants Deerhunter Muflon Light - Parfaits pour le printemps et l&#039;automne | Lucky Hunter\" \/>\n<meta name=\"twitter:description\" content=\"Les gants Deerhunter Muflon Light sont des gants de chasse parfaits pour le printemps ou l&#039;automne, lorsque le temps est changeant. Ils vous offrent un suppl\u00e9ment de chaleur et de protection.\" \/>\n<meta name=\"twitter:label1\" content=\"Dur\u00e9e de lecture estim\u00e9e\" \/>\n\t<meta name=\"twitter:data1\" content=\"1 minute\" \/>\n<script type=\"application\/ld+json\" class=\"yoast-schema-graph\">{\"@context\":\"https:\/\/schema.org\",\"@graph\":[{\"@type\":\"WebPage\",\"@id\":\"https:\/\/staging.lucky-hunter.com\/fr\/product\/deerhunter-muflon-light-gloves\/\",\"url\":\"https:\/\/staging.lucky-hunter.com\/fr\/product\/deerhunter-muflon-light-gloves\/\",\"name\":\"Gants Deerhunter Muflon Light - Parfaits pour le printemps et l'automne | Lucky Hunter\",\"isPartOf\":{\"@id\":\"https:\/\/staging.lucky-hunter.com\/#website\"},\"primaryImageOfPage\":{\"@id\":\"https:\/\/staging.lucky-hunter.com\/fr\/product\/deerhunter-muflon-light-gloves\/#primaryimage\"},\"image\":{\"@id\":\"https:\/\/staging.lucky-hunter.com\/fr\/product\/deerhunter-muflon-light-gloves\/#primaryimage\"},\"thumbnailUrl\":\"https:\/\/staging.lucky-hunter.com\/wp-content\/uploads\/2019\/01\/DH-8630.png\",\"datePublished\":\"2019-01-30T15:17:18+00:00\",\"dateModified\":\"2023-03-14T14:33:25+00:00\",\"description\":\"Les gants Deerhunter Muflon Light sont des gants de chasse parfaits pour le printemps ou l'automne, lorsque le temps est changeant. Ils vous offrent un suppl\u00e9ment de chaleur et de protection.\",\"breadcrumb\":{\"@id\":\"https:\/\/staging.lucky-hunter.com\/fr\/product\/deerhunter-muflon-light-gloves\/#breadcrumb\"},\"inLanguage\":\"fr-FR\",\"potentialAction\":[{\"@type\":\"ReadAction\",\"target\":[\"https:\/\/staging.lucky-hunter.com\/fr\/product\/deerhunter-muflon-light-gloves\/\"]}]},{\"@type\":\"ImageObject\",\"inLanguage\":\"fr-FR\",\"@id\":\"https:\/\/staging.lucky-hunter.com\/fr\/product\/deerhunter-muflon-light-gloves\/#primaryimage\",\"url\":\"https:\/\/staging.lucky-hunter.com\/wp-content\/uploads\/2019\/01\/DH-8630.png\",\"contentUrl\":\"https:\/\/staging.lucky-hunter.com\/wp-content\/uploads\/2019\/01\/DH-8630.png\",\"width\":1000,\"height\":1000},{\"@type\":\"BreadcrumbList\",\"@id\":\"https:\/\/staging.lucky-hunter.com\/fr\/product\/deerhunter-muflon-light-gloves\/#breadcrumb\",\"itemListElement\":[{\"@type\":\"ListItem\",\"position\":1,\"name\":\"Home\",\"item\":\"https:\/\/staging.lucky-hunter.com\/fr\/\"},{\"@type\":\"ListItem\",\"position\":2,\"name\":\"Boutique\",\"item\":\"https:\/\/staging.lucky-hunter.com\/fr\/shop\/\"},{\"@type\":\"ListItem\",\"position\":3,\"name\":\"Gants Deerhunter Muflon Light\"}]},{\"@type\":\"WebSite\",\"@id\":\"https:\/\/staging.lucky-hunter.com\/#website\",\"url\":\"https:\/\/staging.lucky-hunter.com\/\",\"name\":\"Lucky-Hunter\",\"description\":\"Gear Up or Give Up\",\"potentialAction\":[{\"@type\":\"SearchAction\",\"target\":{\"@type\":\"EntryPoint\",\"urlTemplate\":\"https:\/\/staging.lucky-hunter.com\/?s={search_term_string}\"},\"query-input\":{\"@type\":\"PropertyValueSpecification\",\"valueRequired\":true,\"valueName\":\"search_term_string\"}}],\"inLanguage\":\"fr-FR\"}]}<\/script>\n<!-- \/ Yoast SEO plugin. -->","yoast_head_json":{"title":"Gants Deerhunter Muflon Light - Parfaits pour le printemps et l'automne | Lucky Hunter","description":"Les gants Deerhunter Muflon Light sont des gants de chasse parfaits pour le printemps ou l'automne, lorsque le temps est changeant. Ils vous offrent un suppl\u00e9ment de chaleur et de protection.","robots":{"index":"noindex","follow":"follow","max-snippet":"max-snippet:-1","max-image-preview":"max-image-preview:large","max-video-preview":"max-video-preview:-1"},"og_locale":"fr_FR","og_type":"article","og_title":"Gants Deerhunter Muflon Light - Parfaits pour le printemps et l'automne | Lucky Hunter","og_description":"Les gants Deerhunter Muflon Light sont des gants de chasse parfaits pour le printemps ou l'automne, lorsque le temps est changeant. Ils vous offrent un suppl\u00e9ment de chaleur et de protection.","og_url":"https:\/\/staging.lucky-hunter.com\/fr\/product\/deerhunter-muflon-light-gloves\/","og_site_name":"Lucky-Hunter","article_modified_time":"2023-03-14T14:33:25+00:00","og_image":[{"width":1000,"height":1000,"url":"https:\/\/staging.lucky-hunter.com\/wp-content\/uploads\/2019\/01\/DH-8630.png","type":"image\/png"}],"twitter_card":"summary_large_image","twitter_title":"Gants Deerhunter Muflon Light - Parfaits pour le printemps et l'automne | Lucky Hunter","twitter_description":"Les gants Deerhunter Muflon Light sont des gants de chasse parfaits pour le printemps ou l'automne, lorsque le temps est changeant. Ils vous offrent un suppl\u00e9ment de chaleur et de protection.","twitter_misc":{"Dur\u00e9e de lecture estim\u00e9e":"1 minute"},"schema":{"@context":"https:\/\/schema.org","@graph":[{"@type":"WebPage","@id":"https:\/\/staging.lucky-hunter.com\/fr\/product\/deerhunter-muflon-light-gloves\/","url":"https:\/\/staging.lucky-hunter.com\/fr\/product\/deerhunter-muflon-light-gloves\/","name":"Gants Deerhunter Muflon Light - Parfaits pour le printemps et l'automne | Lucky Hunter","isPartOf":{"@id":"https:\/\/staging.lucky-hunter.com\/#website"},"primaryImageOfPage":{"@id":"https:\/\/staging.lucky-hunter.com\/fr\/product\/deerhunter-muflon-light-gloves\/#primaryimage"},"image":{"@id":"https:\/\/staging.lucky-hunter.com\/fr\/product\/deerhunter-muflon-light-gloves\/#primaryimage"},"thumbnailUrl":"https:\/\/staging.lucky-hunter.com\/wp-content\/uploads\/2019\/01\/DH-8630.png","datePublished":"2019-01-30T15:17:18+00:00","dateModified":"2023-03-14T14:33:25+00:00","description":"Les gants Deerhunter Muflon Light sont des gants de chasse parfaits pour le printemps ou l'automne, lorsque le temps est changeant. Ils vous offrent un suppl\u00e9ment de chaleur et de protection.","breadcrumb":{"@id":"https:\/\/staging.lucky-hunter.com\/fr\/product\/deerhunter-muflon-light-gloves\/#breadcrumb"},"inLanguage":"fr-FR","potentialAction":[{"@type":"ReadAction","target":["https:\/\/staging.lucky-hunter.com\/fr\/product\/deerhunter-muflon-light-gloves\/"]}]},{"@type":"ImageObject","inLanguage":"fr-FR","@id":"https:\/\/staging.lucky-hunter.com\/fr\/product\/deerhunter-muflon-light-gloves\/#primaryimage","url":"https:\/\/staging.lucky-hunter.com\/wp-content\/uploads\/2019\/01\/DH-8630.png","contentUrl":"https:\/\/staging.lucky-hunter.com\/wp-content\/uploads\/2019\/01\/DH-8630.png","width":1000,"height":1000},{"@type":"BreadcrumbList","@id":"https:\/\/staging.lucky-hunter.com\/fr\/product\/deerhunter-muflon-light-gloves\/#breadcrumb","itemListElement":[{"@type":"ListItem","position":1,"name":"Home","item":"https:\/\/staging.lucky-hunter.com\/fr\/"},{"@type":"ListItem","position":2,"name":"Boutique","item":"https:\/\/staging.lucky-hunter.com\/fr\/shop\/"},{"@type":"ListItem","position":3,"name":"Gants Deerhunter Muflon Light"}]},{"@type":"WebSite","@id":"https:\/\/staging.lucky-hunter.com\/#website","url":"https:\/\/staging.lucky-hunter.com\/","name":"Lucky-Hunter","description":"Gear Up or Give Up","potentialAction":[{"@type":"SearchAction","target":{"@type":"EntryPoint","urlTemplate":"https:\/\/staging.lucky-hunter.com\/?s={search_term_string}"},"query-input":{"@type":"PropertyValueSpecification","valueRequired":true,"valueName":"search_term_string"}}],"inLanguage":"fr-FR"}]}},"_links":{"self":[{"href":"https:\/\/staging.lucky-hunter.com\/fr\/wp-json\/wp\/v2\/product\/57040"}],"collection":[{"href":"https:\/\/staging.lucky-hunter.com\/fr\/wp-json\/wp\/v2\/product"}],"about":[{"href":"https:\/\/staging.lucky-hunter.com\/fr\/wp-json\/wp\/v2\/types\/product"}],"wp:featuredmedia":[{"embeddable":true,"href":"https:\/\/staging.lucky-hunter.com\/fr\/wp-json\/wp\/v2\/media\/29919"}],"wp:attachment":[{"href":"https:\/\/staging.lucky-hunter.com\/fr\/wp-json\/wp\/v2\/media?parent=57040"}],"wp:term":[{"taxonomy":"product_brand","embeddable":true,"href":"https:\/\/staging.lucky-hunter.com\/fr\/wp-json\/wp\/v2\/product_brand?post=57040"},{"taxonomy":"product_cat","embeddable":true,"href":"https:\/\/staging.lucky-hunter.com\/fr\/wp-json\/wp\/v2\/product_cat?post=57040"},{"taxonomy":"product_tag","embeddable":true,"href":"https:\/\/staging.lucky-hunter.com\/fr\/wp-json\/wp\/v2\/product_tag?post=57040"}],"curies":[{"name":"wp","href":"https:\/\/api.w.org\/{rel}","templated":true}]}}