{"id":57034,"date":"2021-10-12T10:56:59","date_gmt":"2021-10-12T08:56:59","guid":{"rendered":"https:\/\/staging.lucky-hunter.com\/product\/sheath-for-2-long-guns\/"},"modified":"2023-03-14T15:04:53","modified_gmt":"2023-03-14T14:04:53","slug":"sheath-for-2-long-guns","status":"publish","type":"product","link":"https:\/\/staging.lucky-hunter.com\/fr\/product\/sheath-for-2-long-guns\/","title":{"rendered":"Fourreau pour 2 armes d&#8217;\u00e9paule"},"content":{"rendered":"<h2><strong>Fourreau pour fusil de haute qualit\u00e9 permettant de ranger 2 armes d\u2019\u00e9paule<\/strong><\/h2>\n<p>Deux compartiments s\u00e9par\u00e9s par une cloison stable et rembourr\u00e9e afin de ranger 2 armes d&#8217;\u00e9paule et de les transporter en toute s\u00e9curit\u00e9.<\/p>\n<p>Ce fourreau souple et de haute qualit\u00e9 dispose de 2 fermetures \u00e9clair pour que vous puissiez acc\u00e9der \u00e0 chaque fusil s\u00e9par\u00e9ment.<\/p>\n<p>Mat\u00e9riau ext\u00e9rieur 100\u00a0% nylon r\u00e9sistant.<\/p>\n<p>Rev\u00eatement int\u00e9rieur en mousse doubl\u00e9e de polaire douce.<\/p>\n<p>Longueur : 125 cm<\/p>\n","protected":false},"excerpt":{"rendered":"<p>Ce fourreau souple et de haute qualit\u00e9 dispose de 2 fermetures \u00e9clair pour que vous puissiez acc\u00e9der \u00e0 chaque fusil s\u00e9par\u00e9ment.<\/p>\n","protected":false},"featured_media":56852,"template":"","meta":[],"product_brand":[8196],"product_cat":[9355],"product_tag":[],"yoast_head":"<!-- This site is optimized with the Yoast SEO plugin v24.3 - https:\/\/yoast.com\/wordpress\/plugins\/seo\/ -->\n<title>Fourreau pour fusil de haute qualit\u00e9 permettant de ranger 2 armes d\u2019\u00e9paule - Longueur 125 cm<\/title>\n<meta name=\"description\" content=\"Ce fourreau souple et de haute qualit\u00e9 dispose de 2 fermetures \u00e9clair pour que vous puissiez acc\u00e9der \u00e0 chaque fusil s\u00e9par\u00e9ment. Longueur : 125 cm\" \/>\n<meta name=\"robots\" content=\"noindex, follow, max-snippet:-1, max-image-preview:large, max-video-preview:-1\" \/>\n<meta property=\"og:locale\" content=\"fr_FR\" \/>\n<meta property=\"og:type\" content=\"article\" \/>\n<meta property=\"og:title\" content=\"Fourreau pour fusil de haute qualit\u00e9 permettant de ranger 2 armes d\u2019\u00e9paule - Longueur 125 cm\" \/>\n<meta property=\"og:description\" content=\"Ce fourreau souple et de haute qualit\u00e9 dispose de 2 fermetures \u00e9clair pour que vous puissiez acc\u00e9der \u00e0 chaque fusil s\u00e9par\u00e9ment. Longueur : 125 cm\" \/>\n<meta property=\"og:url\" content=\"https:\/\/staging.lucky-hunter.com\/fr\/product\/sheath-for-2-long-guns\/\" \/>\n<meta property=\"og:site_name\" content=\"Lucky-Hunter\" \/>\n<meta property=\"article:modified_time\" content=\"2023-03-14T14:04:53+00:00\" \/>\n<meta property=\"og:image\" content=\"https:\/\/staging.lucky-hunter.com\/wp-content\/uploads\/2021\/10\/520102.png\" \/>\n\t<meta property=\"og:image:width\" content=\"1000\" \/>\n\t<meta property=\"og:image:height\" content=\"1000\" \/>\n\t<meta property=\"og:image:type\" content=\"image\/png\" \/>\n<meta name=\"twitter:card\" content=\"summary_large_image\" \/>\n<meta name=\"twitter:label1\" content=\"Dur\u00e9e de lecture estim\u00e9e\" \/>\n\t<meta name=\"twitter:data1\" content=\"1 minute\" \/>\n<script type=\"application\/ld+json\" class=\"yoast-schema-graph\">{\"@context\":\"https:\/\/schema.org\",\"@graph\":[{\"@type\":\"WebPage\",\"@id\":\"https:\/\/staging.lucky-hunter.com\/fr\/product\/sheath-for-2-long-guns\/\",\"url\":\"https:\/\/staging.lucky-hunter.com\/fr\/product\/sheath-for-2-long-guns\/\",\"name\":\"Fourreau pour fusil de haute qualit\u00e9 permettant de ranger 2 armes d\u2019\u00e9paule - Longueur 125 cm\",\"isPartOf\":{\"@id\":\"https:\/\/staging.lucky-hunter.com\/#website\"},\"primaryImageOfPage\":{\"@id\":\"https:\/\/staging.lucky-hunter.com\/fr\/product\/sheath-for-2-long-guns\/#primaryimage\"},\"image\":{\"@id\":\"https:\/\/staging.lucky-hunter.com\/fr\/product\/sheath-for-2-long-guns\/#primaryimage\"},\"thumbnailUrl\":\"https:\/\/staging.lucky-hunter.com\/wp-content\/uploads\/2021\/10\/520102.png\",\"datePublished\":\"2021-10-12T08:56:59+00:00\",\"dateModified\":\"2023-03-14T14:04:53+00:00\",\"description\":\"Ce fourreau souple et de haute qualit\u00e9 dispose de 2 fermetures \u00e9clair pour que vous puissiez acc\u00e9der \u00e0 chaque fusil s\u00e9par\u00e9ment. Longueur : 125 cm\",\"breadcrumb\":{\"@id\":\"https:\/\/staging.lucky-hunter.com\/fr\/product\/sheath-for-2-long-guns\/#breadcrumb\"},\"inLanguage\":\"fr-FR\",\"potentialAction\":[{\"@type\":\"ReadAction\",\"target\":[\"https:\/\/staging.lucky-hunter.com\/fr\/product\/sheath-for-2-long-guns\/\"]}]},{\"@type\":\"ImageObject\",\"inLanguage\":\"fr-FR\",\"@id\":\"https:\/\/staging.lucky-hunter.com\/fr\/product\/sheath-for-2-long-guns\/#primaryimage\",\"url\":\"https:\/\/staging.lucky-hunter.com\/wp-content\/uploads\/2021\/10\/520102.png\",\"contentUrl\":\"https:\/\/staging.lucky-hunter.com\/wp-content\/uploads\/2021\/10\/520102.png\",\"width\":1000,\"height\":1000},{\"@type\":\"BreadcrumbList\",\"@id\":\"https:\/\/staging.lucky-hunter.com\/fr\/product\/sheath-for-2-long-guns\/#breadcrumb\",\"itemListElement\":[{\"@type\":\"ListItem\",\"position\":1,\"name\":\"Home\",\"item\":\"https:\/\/staging.lucky-hunter.com\/fr\/\"},{\"@type\":\"ListItem\",\"position\":2,\"name\":\"Boutique\",\"item\":\"https:\/\/staging.lucky-hunter.com\/fr\/shop\/\"},{\"@type\":\"ListItem\",\"position\":3,\"name\":\"Fourreau pour 2 armes d&#8217;\u00e9paule\"}]},{\"@type\":\"WebSite\",\"@id\":\"https:\/\/staging.lucky-hunter.com\/#website\",\"url\":\"https:\/\/staging.lucky-hunter.com\/\",\"name\":\"Lucky-Hunter\",\"description\":\"Gear Up or Give Up\",\"potentialAction\":[{\"@type\":\"SearchAction\",\"target\":{\"@type\":\"EntryPoint\",\"urlTemplate\":\"https:\/\/staging.lucky-hunter.com\/?s={search_term_string}\"},\"query-input\":{\"@type\":\"PropertyValueSpecification\",\"valueRequired\":true,\"valueName\":\"search_term_string\"}}],\"inLanguage\":\"fr-FR\"}]}<\/script>\n<!-- \/ Yoast SEO plugin. -->","yoast_head_json":{"title":"Fourreau pour fusil de haute qualit\u00e9 permettant de ranger 2 armes d\u2019\u00e9paule - Longueur 125 cm","description":"Ce fourreau souple et de haute qualit\u00e9 dispose de 2 fermetures \u00e9clair pour que vous puissiez acc\u00e9der \u00e0 chaque fusil s\u00e9par\u00e9ment. Longueur : 125 cm","robots":{"index":"noindex","follow":"follow","max-snippet":"max-snippet:-1","max-image-preview":"max-image-preview:large","max-video-preview":"max-video-preview:-1"},"og_locale":"fr_FR","og_type":"article","og_title":"Fourreau pour fusil de haute qualit\u00e9 permettant de ranger 2 armes d\u2019\u00e9paule - Longueur 125 cm","og_description":"Ce fourreau souple et de haute qualit\u00e9 dispose de 2 fermetures \u00e9clair pour que vous puissiez acc\u00e9der \u00e0 chaque fusil s\u00e9par\u00e9ment. Longueur : 125 cm","og_url":"https:\/\/staging.lucky-hunter.com\/fr\/product\/sheath-for-2-long-guns\/","og_site_name":"Lucky-Hunter","article_modified_time":"2023-03-14T14:04:53+00:00","og_image":[{"width":1000,"height":1000,"url":"https:\/\/staging.lucky-hunter.com\/wp-content\/uploads\/2021\/10\/520102.png","type":"image\/png"}],"twitter_card":"summary_large_image","twitter_misc":{"Dur\u00e9e de lecture estim\u00e9e":"1 minute"},"schema":{"@context":"https:\/\/schema.org","@graph":[{"@type":"WebPage","@id":"https:\/\/staging.lucky-hunter.com\/fr\/product\/sheath-for-2-long-guns\/","url":"https:\/\/staging.lucky-hunter.com\/fr\/product\/sheath-for-2-long-guns\/","name":"Fourreau pour fusil de haute qualit\u00e9 permettant de ranger 2 armes d\u2019\u00e9paule - Longueur 125 cm","isPartOf":{"@id":"https:\/\/staging.lucky-hunter.com\/#website"},"primaryImageOfPage":{"@id":"https:\/\/staging.lucky-hunter.com\/fr\/product\/sheath-for-2-long-guns\/#primaryimage"},"image":{"@id":"https:\/\/staging.lucky-hunter.com\/fr\/product\/sheath-for-2-long-guns\/#primaryimage"},"thumbnailUrl":"https:\/\/staging.lucky-hunter.com\/wp-content\/uploads\/2021\/10\/520102.png","datePublished":"2021-10-12T08:56:59+00:00","dateModified":"2023-03-14T14:04:53+00:00","description":"Ce fourreau souple et de haute qualit\u00e9 dispose de 2 fermetures \u00e9clair pour que vous puissiez acc\u00e9der \u00e0 chaque fusil s\u00e9par\u00e9ment. Longueur : 125 cm","breadcrumb":{"@id":"https:\/\/staging.lucky-hunter.com\/fr\/product\/sheath-for-2-long-guns\/#breadcrumb"},"inLanguage":"fr-FR","potentialAction":[{"@type":"ReadAction","target":["https:\/\/staging.lucky-hunter.com\/fr\/product\/sheath-for-2-long-guns\/"]}]},{"@type":"ImageObject","inLanguage":"fr-FR","@id":"https:\/\/staging.lucky-hunter.com\/fr\/product\/sheath-for-2-long-guns\/#primaryimage","url":"https:\/\/staging.lucky-hunter.com\/wp-content\/uploads\/2021\/10\/520102.png","contentUrl":"https:\/\/staging.lucky-hunter.com\/wp-content\/uploads\/2021\/10\/520102.png","width":1000,"height":1000},{"@type":"BreadcrumbList","@id":"https:\/\/staging.lucky-hunter.com\/fr\/product\/sheath-for-2-long-guns\/#breadcrumb","itemListElement":[{"@type":"ListItem","position":1,"name":"Home","item":"https:\/\/staging.lucky-hunter.com\/fr\/"},{"@type":"ListItem","position":2,"name":"Boutique","item":"https:\/\/staging.lucky-hunter.com\/fr\/shop\/"},{"@type":"ListItem","position":3,"name":"Fourreau pour 2 armes d&#8217;\u00e9paule"}]},{"@type":"WebSite","@id":"https:\/\/staging.lucky-hunter.com\/#website","url":"https:\/\/staging.lucky-hunter.com\/","name":"Lucky-Hunter","description":"Gear Up or Give Up","potentialAction":[{"@type":"SearchAction","target":{"@type":"EntryPoint","urlTemplate":"https:\/\/staging.lucky-hunter.com\/?s={search_term_string}"},"query-input":{"@type":"PropertyValueSpecification","valueRequired":true,"valueName":"search_term_string"}}],"inLanguage":"fr-FR"}]}},"_links":{"self":[{"href":"https:\/\/staging.lucky-hunter.com\/fr\/wp-json\/wp\/v2\/product\/57034"}],"collection":[{"href":"https:\/\/staging.lucky-hunter.com\/fr\/wp-json\/wp\/v2\/product"}],"about":[{"href":"https:\/\/staging.lucky-hunter.com\/fr\/wp-json\/wp\/v2\/types\/product"}],"wp:featuredmedia":[{"embeddable":true,"href":"https:\/\/staging.lucky-hunter.com\/fr\/wp-json\/wp\/v2\/media\/56852"}],"wp:attachment":[{"href":"https:\/\/staging.lucky-hunter.com\/fr\/wp-json\/wp\/v2\/media?parent=57034"}],"wp:term":[{"taxonomy":"product_brand","embeddable":true,"href":"https:\/\/staging.lucky-hunter.com\/fr\/wp-json\/wp\/v2\/product_brand?post=57034"},{"taxonomy":"product_cat","embeddable":true,"href":"https:\/\/staging.lucky-hunter.com\/fr\/wp-json\/wp\/v2\/product_cat?post=57034"},{"taxonomy":"product_tag","embeddable":true,"href":"https:\/\/staging.lucky-hunter.com\/fr\/wp-json\/wp\/v2\/product_tag?post=57034"}],"curies":[{"name":"wp","href":"https:\/\/api.w.org\/{rel}","templated":true}]}}