{"id":57033,"date":"2023-02-02T12:04:26","date_gmt":"2023-02-02T11:04:26","guid":{"rendered":"https:\/\/staging.lucky-hunter.com\/product\/icotec-hellion-electronic-game-call\/"},"modified":"2023-02-02T12:04:26","modified_gmt":"2023-02-02T11:04:26","slug":"icotec-hellion-electronic-game-call","status":"publish","type":"product","link":"https:\/\/staging.lucky-hunter.com\/fr\/product\/icotec-hellion-electronic-game-call\/","title":{"rendered":"Appeau \u00e9lectronique ICOtec Hellion+"},"content":{"rendered":"<h2 class=\"product_title entry-title show-product-nav\"><strong>Appeau \u00e0 pr\u00e9dateurs programmable et Bluetooth ICOtec Hellion+<\/strong><\/h2>\n<div>\u00c0 la pointe du progr\u00e8s, le nouvel appeau \u00e0 pr\u00e9dateurs ICOtec HELLION+ regorge de fonctionnalit\u00e9s r\u00e9volutionnaires pour que votre prochaine chasse soit couronn\u00e9e de succ\u00e8s.<\/div>\n<div><\/div>\n<div>Quel que soit le pr\u00e9dateur que vous chassez, vous allez adorer l\u2019HELLION+<\/div>\n<div><\/div>\n<div>La durabilit\u00e9, la qualit\u00e9 sonore et le niveau de volume de l&#8217;appeau \u00e0 pr\u00e9dateurs HELLION+ sont de qualit\u00e9 professionnelle. Par ailleurs, il est dot\u00e9 d\u2019une activation t\u00e9l\u00e9command\u00e9e \u00e0 longue port\u00e9e et de fonctionnalit\u00e9s permettant de l\u2019utiliser facilement lors d\u2019une chasse au pr\u00e9dateur tr\u00e9pidante. D\u00e9velopp\u00e9 par et pour les chasseurs de pr\u00e9dateurs professionnels en qu\u00eate de produits performants \u00e0 un prix raisonnable. L\u2019HELLION+ utilise une partie avant sur\u00e9lev\u00e9e qui permet aux sons de se propager au-dessus du sol.<\/div>\n<div><\/div>\n<div><strong>Caract\u00e9ristiques\u00a0:<\/strong><\/div>\n<ul>\n<li>Comprend 165 sons (dont 15 sons par Tony Tebbe, de Predator University)<\/li>\n<li>Port\u00e9e de 275 m\u00e8tres sans visibilit\u00e9 directe, t\u00e9l\u00e9commande GCX+ incluse<\/li>\n<li>Port\u00e9e Bluetooth jusqu&#8217;\u00e0 90 m\u00e8tres<\/li>\n<li>Possibilit\u00e9 de lire deux sons simultan\u00e9ment en utilisant la t\u00e9l\u00e9commande, ou plus via l&#8217;application Animal Audio<\/li>\n<li>Stockez jusqu&#8217;\u00e0 2 000 sons sur la carte SD de 32 Go incluse<\/li>\n<li>Les sons inclus font 24 bits, mais les fichiers .wav 16 et 32 bits sont \u00e9galement compatibles<\/li>\n<li>Compatible avec les formats de fichiers .aaf et .wav<\/li>\n<li>Enregistrez des sons depuis votre smartphone via un lecteur de carte SD ou la carte SD de l\u2019appeau.<\/li>\n<li>Volume et clart\u00e9 sonore am\u00e9lior\u00e9s<\/li>\n<li>1 c\u00e2ble Mini-USB vers USB inclus pour le t\u00e9l\u00e9chargement de fichiers son et 1 c\u00e2ble auxiliaire inclus pour la synchronisation \u00e0 distance GCX+<\/li>\n<li>Montable sur tr\u00e9pied<\/li>\n<li>Longue autonomie<\/li>\n<li>4 piles AA requises pour l&#8217;appeau, 4 piles AA requises pour la t\u00e9l\u00e9commande (les piles ne sont pas incluses)<\/li>\n<li>Obtenez de nouveaux sons cr\u00e9\u00e9s par ICOtec, JD Piatt et d&#8217;autres artistes sonores professionnels sur l&#8217;application Animal Audio (iOS\/Android).<\/li>\n<\/ul>\n<p><strong>Fonctionnalit\u00e9s de la t\u00e9l\u00e9commande GCX+\u00a0:<\/strong><\/p>\n<ul>\n<li>Port\u00e9e de 275 m\u00e8tres, aucune ligne de vue n\u00e9cessaire<\/li>\n<li>Jouez 2 sons simultan\u00e9ment gr\u00e2ce aux boutons s\u00e9par\u00e9s de lecture et de pause <\/li>\n<li>Organisation des cat\u00e9gories sonores<\/li>\n<li>Grand \u00e9cran facile \u00e0 lire sur la t\u00e9l\u00e9commande<\/li>\n<li>Options d&#8217;affichage jour et nuit<\/li>\n<li>Stockez jusqu&#8217;\u00e0 20 sons dans 2 banques de favoris distinctes<\/li>\n<li>Choisissez et jouez un son coaxial sp\u00e9cifique<\/li>\n<li>4 piles AA requises dans la t\u00e9l\u00e9commande (non incluses)<\/li>\n<\/ul>\n<div><strong>Caract\u00e9ristiques suppl\u00e9mentaires\u00a0:<\/strong><\/div>\n<div><\/div>\n<div>Nouvelle antenne articul\u00e9e et r\u00e9sistante avec base pivotante en m\u00e9tal. Le HELLION+ comprend un insert filet\u00e9 en laiton permettant de le monter sur un tr\u00e9pied.<\/div>\n<div><\/div>\n<div>Si vous disposez de fichiers audio .mp3, vous pouvez les convertir en .wav, puis les transf\u00e9rer sur la carte SD de l\u2019HELLION+ et synchroniser votre t\u00e9l\u00e9commande afin de pouvoir les lire. Convertisseur de fichiers en ligne gratuit\u00a0: Convertisseur ICOtec MP3 en WAV<\/div>\n<div><\/div>\n<div><strong>ICOtec recommande aux clients d&#8217;\u00e9viter d&#8217;utiliser des piles Duracell dans ses appeaux car leur tension est trop basse. Nous vous d\u00e9conseillons \u00e9galement d&#8217;utiliser des piles au lithium AA dans les t\u00e9l\u00e9commandes GCX+.<\/strong><\/div>\n","protected":false},"excerpt":{"rendered":"<p>\u00c0 la pointe du progr\u00e8s, le nouvel appeau \u00e0 pr\u00e9dateurs ICOtec HELLION+ regorge de fonctionnalit\u00e9s r\u00e9volutionnaires pour que votre prochaine chasse soit couronn\u00e9e de succ\u00e8s.<\/p>\n","protected":false},"featured_media":65854,"template":"","meta":[],"product_brand":[9080],"product_cat":[8242],"product_tag":[9445],"yoast_head":"<!-- This site is optimized with the Yoast SEO plugin v24.3 - https:\/\/yoast.com\/wordpress\/plugins\/seo\/ -->\n<title>Appeau \u00e9lectronique ICOtec Hellion+<\/title>\n<meta name=\"description\" content=\"\u00c0 la pointe du progr\u00e8s, le nouvel appeau \u00e0 pr\u00e9dateurs ICOtec HELLION+ regorge de fonctionnalit\u00e9s r\u00e9volutionnaires pour que votre prochaine chasse soit couronn\u00e9e de succ\u00e8s.\" \/>\n<meta name=\"robots\" content=\"noindex, follow, max-snippet:-1, max-image-preview:large, max-video-preview:-1\" \/>\n<meta property=\"og:locale\" content=\"fr_FR\" \/>\n<meta property=\"og:type\" content=\"article\" \/>\n<meta property=\"og:title\" content=\"Appeau \u00e9lectronique ICOtec Hellion+\" \/>\n<meta property=\"og:description\" content=\"\u00c0 la pointe du progr\u00e8s, le nouvel appeau \u00e0 pr\u00e9dateurs ICOtec HELLION+ regorge de fonctionnalit\u00e9s r\u00e9volutionnaires pour que votre prochaine chasse soit couronn\u00e9e de succ\u00e8s.\" \/>\n<meta property=\"og:url\" content=\"https:\/\/staging.lucky-hunter.com\/fr\/product\/icotec-hellion-electronic-game-call\/\" \/>\n<meta property=\"og:site_name\" content=\"Lucky-Hunter\" \/>\n<meta property=\"og:image\" content=\"https:\/\/staging.lucky-hunter.com\/wp-content\/uploads\/2023\/02\/LK-725-2.png\" \/>\n\t<meta property=\"og:image:width\" content=\"1000\" \/>\n\t<meta property=\"og:image:height\" content=\"1000\" \/>\n\t<meta property=\"og:image:type\" content=\"image\/png\" \/>\n<meta name=\"twitter:card\" content=\"summary_large_image\" \/>\n<meta name=\"twitter:label1\" content=\"Dur\u00e9e de lecture estim\u00e9e\" \/>\n\t<meta name=\"twitter:data1\" content=\"2 minutes\" \/>\n<script type=\"application\/ld+json\" class=\"yoast-schema-graph\">{\"@context\":\"https:\/\/schema.org\",\"@graph\":[{\"@type\":\"WebPage\",\"@id\":\"https:\/\/staging.lucky-hunter.com\/fr\/product\/icotec-hellion-electronic-game-call\/\",\"url\":\"https:\/\/staging.lucky-hunter.com\/fr\/product\/icotec-hellion-electronic-game-call\/\",\"name\":\"Appeau \u00e9lectronique ICOtec Hellion+\",\"isPartOf\":{\"@id\":\"https:\/\/staging.lucky-hunter.com\/#website\"},\"primaryImageOfPage\":{\"@id\":\"https:\/\/staging.lucky-hunter.com\/fr\/product\/icotec-hellion-electronic-game-call\/#primaryimage\"},\"image\":{\"@id\":\"https:\/\/staging.lucky-hunter.com\/fr\/product\/icotec-hellion-electronic-game-call\/#primaryimage\"},\"thumbnailUrl\":\"https:\/\/staging.lucky-hunter.com\/wp-content\/uploads\/2023\/02\/LK-725-2.png\",\"datePublished\":\"2023-02-02T11:04:26+00:00\",\"dateModified\":\"2023-02-02T11:04:26+00:00\",\"description\":\"\u00c0 la pointe du progr\u00e8s, le nouvel appeau \u00e0 pr\u00e9dateurs ICOtec HELLION+ regorge de fonctionnalit\u00e9s r\u00e9volutionnaires pour que votre prochaine chasse soit couronn\u00e9e de succ\u00e8s.\",\"breadcrumb\":{\"@id\":\"https:\/\/staging.lucky-hunter.com\/fr\/product\/icotec-hellion-electronic-game-call\/#breadcrumb\"},\"inLanguage\":\"fr-FR\",\"potentialAction\":[{\"@type\":\"ReadAction\",\"target\":[\"https:\/\/staging.lucky-hunter.com\/fr\/product\/icotec-hellion-electronic-game-call\/\"]}]},{\"@type\":\"ImageObject\",\"inLanguage\":\"fr-FR\",\"@id\":\"https:\/\/staging.lucky-hunter.com\/fr\/product\/icotec-hellion-electronic-game-call\/#primaryimage\",\"url\":\"https:\/\/staging.lucky-hunter.com\/wp-content\/uploads\/2023\/02\/LK-725-2.png\",\"contentUrl\":\"https:\/\/staging.lucky-hunter.com\/wp-content\/uploads\/2023\/02\/LK-725-2.png\",\"width\":1000,\"height\":1000},{\"@type\":\"BreadcrumbList\",\"@id\":\"https:\/\/staging.lucky-hunter.com\/fr\/product\/icotec-hellion-electronic-game-call\/#breadcrumb\",\"itemListElement\":[{\"@type\":\"ListItem\",\"position\":1,\"name\":\"Home\",\"item\":\"https:\/\/staging.lucky-hunter.com\/fr\/\"},{\"@type\":\"ListItem\",\"position\":2,\"name\":\"Boutique\",\"item\":\"https:\/\/staging.lucky-hunter.com\/fr\/shop\/\"},{\"@type\":\"ListItem\",\"position\":3,\"name\":\"Appeau \u00e9lectronique ICOtec Hellion+\"}]},{\"@type\":\"WebSite\",\"@id\":\"https:\/\/staging.lucky-hunter.com\/#website\",\"url\":\"https:\/\/staging.lucky-hunter.com\/\",\"name\":\"Lucky-Hunter\",\"description\":\"Gear Up or Give Up\",\"potentialAction\":[{\"@type\":\"SearchAction\",\"target\":{\"@type\":\"EntryPoint\",\"urlTemplate\":\"https:\/\/staging.lucky-hunter.com\/?s={search_term_string}\"},\"query-input\":{\"@type\":\"PropertyValueSpecification\",\"valueRequired\":true,\"valueName\":\"search_term_string\"}}],\"inLanguage\":\"fr-FR\"}]}<\/script>\n<!-- \/ Yoast SEO plugin. -->","yoast_head_json":{"title":"Appeau \u00e9lectronique ICOtec Hellion+","description":"\u00c0 la pointe du progr\u00e8s, le nouvel appeau \u00e0 pr\u00e9dateurs ICOtec HELLION+ regorge de fonctionnalit\u00e9s r\u00e9volutionnaires pour que votre prochaine chasse soit couronn\u00e9e de succ\u00e8s.","robots":{"index":"noindex","follow":"follow","max-snippet":"max-snippet:-1","max-image-preview":"max-image-preview:large","max-video-preview":"max-video-preview:-1"},"og_locale":"fr_FR","og_type":"article","og_title":"Appeau \u00e9lectronique ICOtec Hellion+","og_description":"\u00c0 la pointe du progr\u00e8s, le nouvel appeau \u00e0 pr\u00e9dateurs ICOtec HELLION+ regorge de fonctionnalit\u00e9s r\u00e9volutionnaires pour que votre prochaine chasse soit couronn\u00e9e de succ\u00e8s.","og_url":"https:\/\/staging.lucky-hunter.com\/fr\/product\/icotec-hellion-electronic-game-call\/","og_site_name":"Lucky-Hunter","og_image":[{"width":1000,"height":1000,"url":"https:\/\/staging.lucky-hunter.com\/wp-content\/uploads\/2023\/02\/LK-725-2.png","type":"image\/png"}],"twitter_card":"summary_large_image","twitter_misc":{"Dur\u00e9e de lecture estim\u00e9e":"2 minutes"},"schema":{"@context":"https:\/\/schema.org","@graph":[{"@type":"WebPage","@id":"https:\/\/staging.lucky-hunter.com\/fr\/product\/icotec-hellion-electronic-game-call\/","url":"https:\/\/staging.lucky-hunter.com\/fr\/product\/icotec-hellion-electronic-game-call\/","name":"Appeau \u00e9lectronique ICOtec Hellion+","isPartOf":{"@id":"https:\/\/staging.lucky-hunter.com\/#website"},"primaryImageOfPage":{"@id":"https:\/\/staging.lucky-hunter.com\/fr\/product\/icotec-hellion-electronic-game-call\/#primaryimage"},"image":{"@id":"https:\/\/staging.lucky-hunter.com\/fr\/product\/icotec-hellion-electronic-game-call\/#primaryimage"},"thumbnailUrl":"https:\/\/staging.lucky-hunter.com\/wp-content\/uploads\/2023\/02\/LK-725-2.png","datePublished":"2023-02-02T11:04:26+00:00","dateModified":"2023-02-02T11:04:26+00:00","description":"\u00c0 la pointe du progr\u00e8s, le nouvel appeau \u00e0 pr\u00e9dateurs ICOtec HELLION+ regorge de fonctionnalit\u00e9s r\u00e9volutionnaires pour que votre prochaine chasse soit couronn\u00e9e de succ\u00e8s.","breadcrumb":{"@id":"https:\/\/staging.lucky-hunter.com\/fr\/product\/icotec-hellion-electronic-game-call\/#breadcrumb"},"inLanguage":"fr-FR","potentialAction":[{"@type":"ReadAction","target":["https:\/\/staging.lucky-hunter.com\/fr\/product\/icotec-hellion-electronic-game-call\/"]}]},{"@type":"ImageObject","inLanguage":"fr-FR","@id":"https:\/\/staging.lucky-hunter.com\/fr\/product\/icotec-hellion-electronic-game-call\/#primaryimage","url":"https:\/\/staging.lucky-hunter.com\/wp-content\/uploads\/2023\/02\/LK-725-2.png","contentUrl":"https:\/\/staging.lucky-hunter.com\/wp-content\/uploads\/2023\/02\/LK-725-2.png","width":1000,"height":1000},{"@type":"BreadcrumbList","@id":"https:\/\/staging.lucky-hunter.com\/fr\/product\/icotec-hellion-electronic-game-call\/#breadcrumb","itemListElement":[{"@type":"ListItem","position":1,"name":"Home","item":"https:\/\/staging.lucky-hunter.com\/fr\/"},{"@type":"ListItem","position":2,"name":"Boutique","item":"https:\/\/staging.lucky-hunter.com\/fr\/shop\/"},{"@type":"ListItem","position":3,"name":"Appeau \u00e9lectronique ICOtec Hellion+"}]},{"@type":"WebSite","@id":"https:\/\/staging.lucky-hunter.com\/#website","url":"https:\/\/staging.lucky-hunter.com\/","name":"Lucky-Hunter","description":"Gear Up or Give Up","potentialAction":[{"@type":"SearchAction","target":{"@type":"EntryPoint","urlTemplate":"https:\/\/staging.lucky-hunter.com\/?s={search_term_string}"},"query-input":{"@type":"PropertyValueSpecification","valueRequired":true,"valueName":"search_term_string"}}],"inLanguage":"fr-FR"}]}},"_links":{"self":[{"href":"https:\/\/staging.lucky-hunter.com\/fr\/wp-json\/wp\/v2\/product\/57033"}],"collection":[{"href":"https:\/\/staging.lucky-hunter.com\/fr\/wp-json\/wp\/v2\/product"}],"about":[{"href":"https:\/\/staging.lucky-hunter.com\/fr\/wp-json\/wp\/v2\/types\/product"}],"wp:featuredmedia":[{"embeddable":true,"href":"https:\/\/staging.lucky-hunter.com\/fr\/wp-json\/wp\/v2\/media\/65854"}],"wp:attachment":[{"href":"https:\/\/staging.lucky-hunter.com\/fr\/wp-json\/wp\/v2\/media?parent=57033"}],"wp:term":[{"taxonomy":"product_brand","embeddable":true,"href":"https:\/\/staging.lucky-hunter.com\/fr\/wp-json\/wp\/v2\/product_brand?post=57033"},{"taxonomy":"product_cat","embeddable":true,"href":"https:\/\/staging.lucky-hunter.com\/fr\/wp-json\/wp\/v2\/product_cat?post=57033"},{"taxonomy":"product_tag","embeddable":true,"href":"https:\/\/staging.lucky-hunter.com\/fr\/wp-json\/wp\/v2\/product_tag?post=57033"}],"curies":[{"name":"wp","href":"https:\/\/api.w.org\/{rel}","templated":true}]}}