{"id":56953,"date":"2018-11-22T17:10:03","date_gmt":"2018-11-22T16:10:03","guid":{"rendered":"https:\/\/staging.lucky-hunter.com\/product\/apple-scent-lure-500-ml\/"},"modified":"2025-06-30T15:35:10","modified_gmt":"2025-06-30T13:35:10","slug":"appat-parfume-a-la-pomme-500-ml","status":"publish","type":"product","link":"https:\/\/staging.lucky-hunter.com\/fr\/product\/appat-parfume-a-la-pomme-500-ml\/","title":{"rendered":"App\u00e2t Parfum\u00e9 \u00e0 la Pomme &#8211; 500 ml"},"content":{"rendered":"<h2><strong>App\u00e2t Parfum\u00e9 \u00e0 la Pomme (500 ml) &#8211; attirez le gibier sauvage vers votre zone d\u2019agrainage<\/strong><\/h2>\n<p>Appliqu\u00e9 dans votre zone d\u2019agrainage, c&#8217;est un app\u00e2t fiable pour attirer les sangliers, m\u00eame de loin. Il y aura donc plus d&#8217;activit\u00e9 et de vie dans vos zones d\u2019agrainage.<\/p>\n<p>Dilu\u00e9 et utilis\u00e9 dans un pulv\u00e9risateur, il est particuli\u00e8rement adapt\u00e9 pour masquer votre propre odeur. Vous pourrez ainsi \u00e9viter que les animaux ne d\u00e9tectent votre pr\u00e9sence. Cela augmentera \u00e9galement les chances de les faire revenir encore et encore sur votre terrain.<\/p>\n<p>Cet app\u00e2t parfum\u00e9 de haute qualit\u00e9 est fabriqu\u00e9 selon les normes de qualit\u00e9 les plus \u00e9lev\u00e9es en utilisant des substances identiques \u00e0 celles trouv\u00e9es dans la nature.<\/p>\n<p><strong>Utilisation :<\/strong> Pulv\u00e9riser les buissons, arbustes et similaires.<\/p>\n<p>Impropre \u00e0 la consommation, ne pas utiliser sur la peau, tenir hors de port\u00e9e des enfants.<\/p>\n","protected":false},"excerpt":{"rendered":"<p>L&#8217;app\u00e2t est fabriqu\u00e9 avec des parfums de la plus haute qualit\u00e9, identiques \u00e0 ceux que l&#8217;on trouve dans la nature.<\/p>\n","protected":false},"featured_media":30614,"template":"","meta":[],"product_brand":[8196],"product_cat":[8255],"product_tag":[9442],"yoast_head":"<!-- This site is optimized with the Yoast SEO plugin v24.3 - https:\/\/yoast.com\/wordpress\/plugins\/seo\/ -->\n<title>Leurre parfum pomme (500 ml) - Leurre \u00e0 distance | Chasseur chanceux<\/title>\n<meta name=\"description\" content=\"Cet App\u00e2t Parfum\u00e9 au Gland est fabriqu\u00e9 \u00e0 partir de substances naturelles de la plus haute qualit\u00e9 afin de lui donner un parfum r\u00e9aliste.\" \/>\n<meta name=\"robots\" content=\"noindex, follow, max-snippet:-1, max-image-preview:large, max-video-preview:-1\" \/>\n<meta property=\"og:locale\" content=\"fr_FR\" \/>\n<meta property=\"og:type\" content=\"article\" \/>\n<meta property=\"og:title\" content=\"Leurre parfum pomme (500 ml) - Leurre \u00e0 distance | Chasseur chanceux\" \/>\n<meta property=\"og:description\" content=\"Cet App\u00e2t Parfum\u00e9 au Gland est fabriqu\u00e9 \u00e0 partir de substances naturelles de la plus haute qualit\u00e9 afin de lui donner un parfum r\u00e9aliste.\" \/>\n<meta property=\"og:url\" content=\"https:\/\/staging.lucky-hunter.com\/product\/apple-scent-lure-500-ml\/\" \/>\n<meta property=\"og:site_name\" content=\"Lucky-Hunter\" \/>\n<meta property=\"article:modified_time\" content=\"2025-06-30T13:35:10+00:00\" \/>\n<meta property=\"og:image\" content=\"https:\/\/staging.lucky-hunter.com\/wp-content\/uploads\/2018\/11\/590272.png\" \/>\n\t<meta property=\"og:image:width\" content=\"1000\" \/>\n\t<meta property=\"og:image:height\" content=\"1000\" \/>\n\t<meta property=\"og:image:type\" content=\"image\/png\" \/>\n<meta name=\"twitter:card\" content=\"summary_large_image\" \/>\n<meta name=\"twitter:label1\" content=\"Dur\u00e9e de lecture estim\u00e9e\" \/>\n\t<meta name=\"twitter:data1\" content=\"1 minute\" \/>\n<script type=\"application\/ld+json\" class=\"yoast-schema-graph\">{\"@context\":\"https:\/\/schema.org\",\"@graph\":[{\"@type\":\"WebPage\",\"@id\":\"https:\/\/staging.lucky-hunter.com\/product\/apple-scent-lure-500-ml\/\",\"url\":\"https:\/\/staging.lucky-hunter.com\/product\/apple-scent-lure-500-ml\/\",\"name\":\"Leurre parfum pomme (500 ml) - Leurre \u00e0 distance | Chasseur chanceux\",\"isPartOf\":{\"@id\":\"https:\/\/staging.lucky-hunter.com\/#website\"},\"primaryImageOfPage\":{\"@id\":\"https:\/\/staging.lucky-hunter.com\/product\/apple-scent-lure-500-ml\/#primaryimage\"},\"image\":{\"@id\":\"https:\/\/staging.lucky-hunter.com\/product\/apple-scent-lure-500-ml\/#primaryimage\"},\"thumbnailUrl\":\"https:\/\/staging.lucky-hunter.com\/wp-content\/uploads\/2018\/11\/590272.png\",\"datePublished\":\"2018-11-22T16:10:03+00:00\",\"dateModified\":\"2025-06-30T13:35:10+00:00\",\"description\":\"Cet App\u00e2t Parfum\u00e9 au Gland est fabriqu\u00e9 \u00e0 partir de substances naturelles de la plus haute qualit\u00e9 afin de lui donner un parfum r\u00e9aliste.\",\"breadcrumb\":{\"@id\":\"https:\/\/staging.lucky-hunter.com\/product\/apple-scent-lure-500-ml\/#breadcrumb\"},\"inLanguage\":\"fr-FR\",\"potentialAction\":[{\"@type\":\"ReadAction\",\"target\":[\"https:\/\/staging.lucky-hunter.com\/product\/apple-scent-lure-500-ml\/\"]}]},{\"@type\":\"ImageObject\",\"inLanguage\":\"fr-FR\",\"@id\":\"https:\/\/staging.lucky-hunter.com\/product\/apple-scent-lure-500-ml\/#primaryimage\",\"url\":\"https:\/\/staging.lucky-hunter.com\/wp-content\/uploads\/2018\/11\/590272.png\",\"contentUrl\":\"https:\/\/staging.lucky-hunter.com\/wp-content\/uploads\/2018\/11\/590272.png\",\"width\":1000,\"height\":1000},{\"@type\":\"BreadcrumbList\",\"@id\":\"https:\/\/staging.lucky-hunter.com\/product\/apple-scent-lure-500-ml\/#breadcrumb\",\"itemListElement\":[{\"@type\":\"ListItem\",\"position\":1,\"name\":\"Home\",\"item\":\"https:\/\/staging.lucky-hunter.com\/fr\/\"},{\"@type\":\"ListItem\",\"position\":2,\"name\":\"Boutique\",\"item\":\"https:\/\/staging.lucky-hunter.com\/fr\/shop\/\"},{\"@type\":\"ListItem\",\"position\":3,\"name\":\"App\u00e2t Parfum\u00e9 \u00e0 la Pomme &#8211; 500 ml\"}]},{\"@type\":\"WebSite\",\"@id\":\"https:\/\/staging.lucky-hunter.com\/#website\",\"url\":\"https:\/\/staging.lucky-hunter.com\/\",\"name\":\"Lucky-Hunter\",\"description\":\"Gear Up or Give Up\",\"potentialAction\":[{\"@type\":\"SearchAction\",\"target\":{\"@type\":\"EntryPoint\",\"urlTemplate\":\"https:\/\/staging.lucky-hunter.com\/?s={search_term_string}\"},\"query-input\":{\"@type\":\"PropertyValueSpecification\",\"valueRequired\":true,\"valueName\":\"search_term_string\"}}],\"inLanguage\":\"fr-FR\"}]}<\/script>\n<!-- \/ Yoast SEO plugin. -->","yoast_head_json":{"title":"Leurre parfum pomme (500 ml) - Leurre \u00e0 distance | Chasseur chanceux","description":"Cet App\u00e2t Parfum\u00e9 au Gland est fabriqu\u00e9 \u00e0 partir de substances naturelles de la plus haute qualit\u00e9 afin de lui donner un parfum r\u00e9aliste.","robots":{"index":"noindex","follow":"follow","max-snippet":"max-snippet:-1","max-image-preview":"max-image-preview:large","max-video-preview":"max-video-preview:-1"},"og_locale":"fr_FR","og_type":"article","og_title":"Leurre parfum pomme (500 ml) - Leurre \u00e0 distance | Chasseur chanceux","og_description":"Cet App\u00e2t Parfum\u00e9 au Gland est fabriqu\u00e9 \u00e0 partir de substances naturelles de la plus haute qualit\u00e9 afin de lui donner un parfum r\u00e9aliste.","og_url":"https:\/\/staging.lucky-hunter.com\/product\/apple-scent-lure-500-ml\/","og_site_name":"Lucky-Hunter","article_modified_time":"2025-06-30T13:35:10+00:00","og_image":[{"width":1000,"height":1000,"url":"https:\/\/staging.lucky-hunter.com\/wp-content\/uploads\/2018\/11\/590272.png","type":"image\/png"}],"twitter_card":"summary_large_image","twitter_misc":{"Dur\u00e9e de lecture estim\u00e9e":"1 minute"},"schema":{"@context":"https:\/\/schema.org","@graph":[{"@type":"WebPage","@id":"https:\/\/staging.lucky-hunter.com\/product\/apple-scent-lure-500-ml\/","url":"https:\/\/staging.lucky-hunter.com\/product\/apple-scent-lure-500-ml\/","name":"Leurre parfum pomme (500 ml) - Leurre \u00e0 distance | Chasseur chanceux","isPartOf":{"@id":"https:\/\/staging.lucky-hunter.com\/#website"},"primaryImageOfPage":{"@id":"https:\/\/staging.lucky-hunter.com\/product\/apple-scent-lure-500-ml\/#primaryimage"},"image":{"@id":"https:\/\/staging.lucky-hunter.com\/product\/apple-scent-lure-500-ml\/#primaryimage"},"thumbnailUrl":"https:\/\/staging.lucky-hunter.com\/wp-content\/uploads\/2018\/11\/590272.png","datePublished":"2018-11-22T16:10:03+00:00","dateModified":"2025-06-30T13:35:10+00:00","description":"Cet App\u00e2t Parfum\u00e9 au Gland est fabriqu\u00e9 \u00e0 partir de substances naturelles de la plus haute qualit\u00e9 afin de lui donner un parfum r\u00e9aliste.","breadcrumb":{"@id":"https:\/\/staging.lucky-hunter.com\/product\/apple-scent-lure-500-ml\/#breadcrumb"},"inLanguage":"fr-FR","potentialAction":[{"@type":"ReadAction","target":["https:\/\/staging.lucky-hunter.com\/product\/apple-scent-lure-500-ml\/"]}]},{"@type":"ImageObject","inLanguage":"fr-FR","@id":"https:\/\/staging.lucky-hunter.com\/product\/apple-scent-lure-500-ml\/#primaryimage","url":"https:\/\/staging.lucky-hunter.com\/wp-content\/uploads\/2018\/11\/590272.png","contentUrl":"https:\/\/staging.lucky-hunter.com\/wp-content\/uploads\/2018\/11\/590272.png","width":1000,"height":1000},{"@type":"BreadcrumbList","@id":"https:\/\/staging.lucky-hunter.com\/product\/apple-scent-lure-500-ml\/#breadcrumb","itemListElement":[{"@type":"ListItem","position":1,"name":"Home","item":"https:\/\/staging.lucky-hunter.com\/fr\/"},{"@type":"ListItem","position":2,"name":"Boutique","item":"https:\/\/staging.lucky-hunter.com\/fr\/shop\/"},{"@type":"ListItem","position":3,"name":"App\u00e2t Parfum\u00e9 \u00e0 la Pomme &#8211; 500 ml"}]},{"@type":"WebSite","@id":"https:\/\/staging.lucky-hunter.com\/#website","url":"https:\/\/staging.lucky-hunter.com\/","name":"Lucky-Hunter","description":"Gear Up or Give Up","potentialAction":[{"@type":"SearchAction","target":{"@type":"EntryPoint","urlTemplate":"https:\/\/staging.lucky-hunter.com\/?s={search_term_string}"},"query-input":{"@type":"PropertyValueSpecification","valueRequired":true,"valueName":"search_term_string"}}],"inLanguage":"fr-FR"}]}},"_links":{"self":[{"href":"https:\/\/staging.lucky-hunter.com\/fr\/wp-json\/wp\/v2\/product\/56953"}],"collection":[{"href":"https:\/\/staging.lucky-hunter.com\/fr\/wp-json\/wp\/v2\/product"}],"about":[{"href":"https:\/\/staging.lucky-hunter.com\/fr\/wp-json\/wp\/v2\/types\/product"}],"wp:featuredmedia":[{"embeddable":true,"href":"https:\/\/staging.lucky-hunter.com\/fr\/wp-json\/wp\/v2\/media\/30614"}],"wp:attachment":[{"href":"https:\/\/staging.lucky-hunter.com\/fr\/wp-json\/wp\/v2\/media?parent=56953"}],"wp:term":[{"taxonomy":"product_brand","embeddable":true,"href":"https:\/\/staging.lucky-hunter.com\/fr\/wp-json\/wp\/v2\/product_brand?post=56953"},{"taxonomy":"product_cat","embeddable":true,"href":"https:\/\/staging.lucky-hunter.com\/fr\/wp-json\/wp\/v2\/product_cat?post=56953"},{"taxonomy":"product_tag","embeddable":true,"href":"https:\/\/staging.lucky-hunter.com\/fr\/wp-json\/wp\/v2\/product_tag?post=56953"}],"curies":[{"name":"wp","href":"https:\/\/api.w.org\/{rel}","templated":true}]}}