{"id":56948,"date":"2016-11-07T16:09:24","date_gmt":"2016-11-07T15:09:24","guid":{"rendered":"https:\/\/staging.lucky-hunter.com\/product\/urine-scents\/"},"modified":"2016-11-07T16:09:24","modified_gmt":"2016-11-07T15:09:24","slug":"urine-scents","status":"publish","type":"product","link":"https:\/\/staging.lucky-hunter.com\/fr\/product\/urine-scents\/","title":{"rendered":"Parfums d&#8217;urine"},"content":{"rendered":"<p>Les parfums d&#8217;urine synth\u00e9tique sont une reproduction d&#8217;hormones, de s\u00e9cr\u00e9tions et de ph\u00e9romones.<\/p>\n<p>Ces substances sont identiques \u00e0 l&#8217;odeur d&#8217;un territoire m\u00e2le affirm\u00e9 ou d&#8217;une femelle en chaleur.<\/p>\n<p>Le parfum est si efficace que le jeu ne peut pas faire la distinction entre la vraie urine et l&#8217;urine synth\u00e9tique.<\/p>\n<p>L&#8217;avantage de l&#8217;urine synth\u00e9tique est qu&#8217;elle ne vieillit pas trop.<\/p>\n<p>L&#8217;odeur d&#8217;urine peut \u00eatre interpr\u00e9t\u00e9e comme des traces ou par pulv\u00e9risation dans une zone concentr\u00e9e.<\/p>\n<p>La piste peut \u00eatre charg\u00e9e en pulv\u00e9risant le parfum sur vos semelles de chaussures avec un intervalle de temps appropri\u00e9. Vaporisez sur les arbustes, les arbres si vous souhaitez faire une zone concentr\u00e9e.<\/p>\n<p>Vaporisez le parfum autour du site d&#8217;alimentation et vous d\u00e9couvrirez rapidement son efficacit\u00e9.<\/p>\n<p><strong>Le parfum d&#8217;urine se d\u00e9cline en 3 saveurs :<\/strong><\/p>\n<ul>\n<li>Sanglier<\/li>\n<li>Cervid\u00e9s<\/li>\n<li>Chevreuil<\/li>\n<\/ul>\n<p>Livr\u00e9 dans un flacon pratique de 100 ml. vaporisateur.<\/p>\n","protected":false},"excerpt":{"rendered":"<p>Les parfums d&#8217;urine synth\u00e9tique sont une reproduction d&#8217;homom\u00e8re, de s\u00e9cr\u00e9tions et de ph\u00e9romones.\u00a0Ces substances sont identiques \u00e0 l&#8217;odeur d&#8217;un territoire m\u00e2le affirm\u00e9 ou d&#8217;une femelle en chaleur.<\/p>\n","protected":false},"featured_media":28444,"template":"","meta":[],"product_brand":[8196],"product_cat":[8255],"product_tag":[9151,9442],"yoast_head":"<!-- This site is optimized with the Yoast SEO plugin v24.3 - https:\/\/yoast.com\/wordpress\/plugins\/seo\/ -->\n<title>Parfums d&#039;urine - Vaporisez le parfum autour du site d&#039;alimentation et vous d\u00e9couvrirez rapidement son efficacit\u00e9.<\/title>\n<meta name=\"description\" content=\"Les odeurs d&#039;urine synth\u00e9tique sont une reproduction d&#039;hormones et de s\u00e9cr\u00e9tions identiques \u00e0 l&#039;odeur d&#039;un m\u00e2le affirm\u00e9 ou d&#039;une femelle en chaleur.\" \/>\n<meta name=\"robots\" content=\"noindex, follow, max-snippet:-1, max-image-preview:large, max-video-preview:-1\" \/>\n<meta property=\"og:locale\" content=\"fr_FR\" \/>\n<meta property=\"og:type\" content=\"article\" \/>\n<meta property=\"og:title\" content=\"Parfums d&#039;urine - Vaporisez le parfum autour du site d&#039;alimentation et vous d\u00e9couvrirez rapidement son efficacit\u00e9.\" \/>\n<meta property=\"og:description\" content=\"Les odeurs d&#039;urine synth\u00e9tique sont une reproduction d&#039;hormones et de s\u00e9cr\u00e9tions identiques \u00e0 l&#039;odeur d&#039;un m\u00e2le affirm\u00e9 ou d&#039;une femelle en chaleur.\" \/>\n<meta property=\"og:url\" content=\"https:\/\/staging.lucky-hunter.com\/product\/urine-scents\/\" \/>\n<meta property=\"og:site_name\" content=\"Lucky-Hunter\" \/>\n<meta property=\"og:image\" content=\"https:\/\/staging.lucky-hunter.com\/wp-content\/uploads\/2016\/11\/590252.png\" \/>\n\t<meta property=\"og:image:width\" content=\"1000\" \/>\n\t<meta property=\"og:image:height\" content=\"1000\" \/>\n\t<meta property=\"og:image:type\" content=\"image\/png\" \/>\n<meta name=\"twitter:card\" content=\"summary_large_image\" \/>\n<meta name=\"twitter:label1\" content=\"Dur\u00e9e de lecture estim\u00e9e\" \/>\n\t<meta name=\"twitter:data1\" content=\"1 minute\" \/>\n<script type=\"application\/ld+json\" class=\"yoast-schema-graph\">{\"@context\":\"https:\/\/schema.org\",\"@graph\":[{\"@type\":\"WebPage\",\"@id\":\"https:\/\/staging.lucky-hunter.com\/product\/urine-scents\/\",\"url\":\"https:\/\/staging.lucky-hunter.com\/product\/urine-scents\/\",\"name\":\"Parfums d'urine - Vaporisez le parfum autour du site d'alimentation et vous d\u00e9couvrirez rapidement son efficacit\u00e9.\",\"isPartOf\":{\"@id\":\"https:\/\/staging.lucky-hunter.com\/#website\"},\"primaryImageOfPage\":{\"@id\":\"https:\/\/staging.lucky-hunter.com\/product\/urine-scents\/#primaryimage\"},\"image\":{\"@id\":\"https:\/\/staging.lucky-hunter.com\/product\/urine-scents\/#primaryimage\"},\"thumbnailUrl\":\"https:\/\/staging.lucky-hunter.com\/wp-content\/uploads\/2016\/11\/590252.png\",\"datePublished\":\"2016-11-07T15:09:24+00:00\",\"dateModified\":\"2016-11-07T15:09:24+00:00\",\"description\":\"Les odeurs d'urine synth\u00e9tique sont une reproduction d'hormones et de s\u00e9cr\u00e9tions identiques \u00e0 l'odeur d'un m\u00e2le affirm\u00e9 ou d'une femelle en chaleur.\",\"breadcrumb\":{\"@id\":\"https:\/\/staging.lucky-hunter.com\/product\/urine-scents\/#breadcrumb\"},\"inLanguage\":\"fr-FR\",\"potentialAction\":[{\"@type\":\"ReadAction\",\"target\":[\"https:\/\/staging.lucky-hunter.com\/product\/urine-scents\/\"]}]},{\"@type\":\"ImageObject\",\"inLanguage\":\"fr-FR\",\"@id\":\"https:\/\/staging.lucky-hunter.com\/product\/urine-scents\/#primaryimage\",\"url\":\"https:\/\/staging.lucky-hunter.com\/wp-content\/uploads\/2016\/11\/590252.png\",\"contentUrl\":\"https:\/\/staging.lucky-hunter.com\/wp-content\/uploads\/2016\/11\/590252.png\",\"width\":1000,\"height\":1000},{\"@type\":\"BreadcrumbList\",\"@id\":\"https:\/\/staging.lucky-hunter.com\/product\/urine-scents\/#breadcrumb\",\"itemListElement\":[{\"@type\":\"ListItem\",\"position\":1,\"name\":\"Home\",\"item\":\"https:\/\/staging.lucky-hunter.com\/fr\/\"},{\"@type\":\"ListItem\",\"position\":2,\"name\":\"Boutique\",\"item\":\"https:\/\/staging.lucky-hunter.com\/fr\/shop\/\"},{\"@type\":\"ListItem\",\"position\":3,\"name\":\"Parfums d&#8217;urine\"}]},{\"@type\":\"WebSite\",\"@id\":\"https:\/\/staging.lucky-hunter.com\/#website\",\"url\":\"https:\/\/staging.lucky-hunter.com\/\",\"name\":\"Lucky-Hunter\",\"description\":\"Gear Up or Give Up\",\"potentialAction\":[{\"@type\":\"SearchAction\",\"target\":{\"@type\":\"EntryPoint\",\"urlTemplate\":\"https:\/\/staging.lucky-hunter.com\/?s={search_term_string}\"},\"query-input\":{\"@type\":\"PropertyValueSpecification\",\"valueRequired\":true,\"valueName\":\"search_term_string\"}}],\"inLanguage\":\"fr-FR\"}]}<\/script>\n<!-- \/ Yoast SEO plugin. -->","yoast_head_json":{"title":"Parfums d'urine - Vaporisez le parfum autour du site d'alimentation et vous d\u00e9couvrirez rapidement son efficacit\u00e9.","description":"Les odeurs d'urine synth\u00e9tique sont une reproduction d'hormones et de s\u00e9cr\u00e9tions identiques \u00e0 l'odeur d'un m\u00e2le affirm\u00e9 ou d'une femelle en chaleur.","robots":{"index":"noindex","follow":"follow","max-snippet":"max-snippet:-1","max-image-preview":"max-image-preview:large","max-video-preview":"max-video-preview:-1"},"og_locale":"fr_FR","og_type":"article","og_title":"Parfums d'urine - Vaporisez le parfum autour du site d'alimentation et vous d\u00e9couvrirez rapidement son efficacit\u00e9.","og_description":"Les odeurs d'urine synth\u00e9tique sont une reproduction d'hormones et de s\u00e9cr\u00e9tions identiques \u00e0 l'odeur d'un m\u00e2le affirm\u00e9 ou d'une femelle en chaleur.","og_url":"https:\/\/staging.lucky-hunter.com\/product\/urine-scents\/","og_site_name":"Lucky-Hunter","og_image":[{"width":1000,"height":1000,"url":"https:\/\/staging.lucky-hunter.com\/wp-content\/uploads\/2016\/11\/590252.png","type":"image\/png"}],"twitter_card":"summary_large_image","twitter_misc":{"Dur\u00e9e de lecture estim\u00e9e":"1 minute"},"schema":{"@context":"https:\/\/schema.org","@graph":[{"@type":"WebPage","@id":"https:\/\/staging.lucky-hunter.com\/product\/urine-scents\/","url":"https:\/\/staging.lucky-hunter.com\/product\/urine-scents\/","name":"Parfums d'urine - Vaporisez le parfum autour du site d'alimentation et vous d\u00e9couvrirez rapidement son efficacit\u00e9.","isPartOf":{"@id":"https:\/\/staging.lucky-hunter.com\/#website"},"primaryImageOfPage":{"@id":"https:\/\/staging.lucky-hunter.com\/product\/urine-scents\/#primaryimage"},"image":{"@id":"https:\/\/staging.lucky-hunter.com\/product\/urine-scents\/#primaryimage"},"thumbnailUrl":"https:\/\/staging.lucky-hunter.com\/wp-content\/uploads\/2016\/11\/590252.png","datePublished":"2016-11-07T15:09:24+00:00","dateModified":"2016-11-07T15:09:24+00:00","description":"Les odeurs d'urine synth\u00e9tique sont une reproduction d'hormones et de s\u00e9cr\u00e9tions identiques \u00e0 l'odeur d'un m\u00e2le affirm\u00e9 ou d'une femelle en chaleur.","breadcrumb":{"@id":"https:\/\/staging.lucky-hunter.com\/product\/urine-scents\/#breadcrumb"},"inLanguage":"fr-FR","potentialAction":[{"@type":"ReadAction","target":["https:\/\/staging.lucky-hunter.com\/product\/urine-scents\/"]}]},{"@type":"ImageObject","inLanguage":"fr-FR","@id":"https:\/\/staging.lucky-hunter.com\/product\/urine-scents\/#primaryimage","url":"https:\/\/staging.lucky-hunter.com\/wp-content\/uploads\/2016\/11\/590252.png","contentUrl":"https:\/\/staging.lucky-hunter.com\/wp-content\/uploads\/2016\/11\/590252.png","width":1000,"height":1000},{"@type":"BreadcrumbList","@id":"https:\/\/staging.lucky-hunter.com\/product\/urine-scents\/#breadcrumb","itemListElement":[{"@type":"ListItem","position":1,"name":"Home","item":"https:\/\/staging.lucky-hunter.com\/fr\/"},{"@type":"ListItem","position":2,"name":"Boutique","item":"https:\/\/staging.lucky-hunter.com\/fr\/shop\/"},{"@type":"ListItem","position":3,"name":"Parfums d&#8217;urine"}]},{"@type":"WebSite","@id":"https:\/\/staging.lucky-hunter.com\/#website","url":"https:\/\/staging.lucky-hunter.com\/","name":"Lucky-Hunter","description":"Gear Up or Give Up","potentialAction":[{"@type":"SearchAction","target":{"@type":"EntryPoint","urlTemplate":"https:\/\/staging.lucky-hunter.com\/?s={search_term_string}"},"query-input":{"@type":"PropertyValueSpecification","valueRequired":true,"valueName":"search_term_string"}}],"inLanguage":"fr-FR"}]}},"_links":{"self":[{"href":"https:\/\/staging.lucky-hunter.com\/fr\/wp-json\/wp\/v2\/product\/56948"}],"collection":[{"href":"https:\/\/staging.lucky-hunter.com\/fr\/wp-json\/wp\/v2\/product"}],"about":[{"href":"https:\/\/staging.lucky-hunter.com\/fr\/wp-json\/wp\/v2\/types\/product"}],"wp:featuredmedia":[{"embeddable":true,"href":"https:\/\/staging.lucky-hunter.com\/fr\/wp-json\/wp\/v2\/media\/28444"}],"wp:attachment":[{"href":"https:\/\/staging.lucky-hunter.com\/fr\/wp-json\/wp\/v2\/media?parent=56948"}],"wp:term":[{"taxonomy":"product_brand","embeddable":true,"href":"https:\/\/staging.lucky-hunter.com\/fr\/wp-json\/wp\/v2\/product_brand?post=56948"},{"taxonomy":"product_cat","embeddable":true,"href":"https:\/\/staging.lucky-hunter.com\/fr\/wp-json\/wp\/v2\/product_cat?post=56948"},{"taxonomy":"product_tag","embeddable":true,"href":"https:\/\/staging.lucky-hunter.com\/fr\/wp-json\/wp\/v2\/product_tag?post=56948"}],"curies":[{"name":"wp","href":"https:\/\/api.w.org\/{rel}","templated":true}]}}