{"id":56947,"date":"2020-09-02T16:19:24","date_gmt":"2020-09-02T14:19:24","guid":{"rendered":"https:\/\/staging.lucky-hunter.com\/product\/buck-expert-stag-urine-gel\/"},"modified":"2025-06-26T14:51:44","modified_gmt":"2025-06-26T12:51:44","slug":"urine-de-cerf-en-gel-buck-expert-synthetique","status":"publish","type":"product","link":"https:\/\/staging.lucky-hunter.com\/fr\/product\/urine-de-cerf-en-gel-buck-expert-synthetique\/","title":{"rendered":"Urine de Cerf en Gel Buck Expert &#8211; Synth\u00e9tique"},"content":{"rendered":"<h2><strong>Urine de Cerf en Gel Buck Expert &#8211; app\u00e2t synth\u00e9tique avec une odeur naturelle d&#8217;urine<\/strong><\/h2>\n<p>La soci\u00e9t\u00e9 canadienne Buck Expert propose cet app\u00e2t de qualit\u00e9 destin\u00e9 \u00e0 augmenter vos chances de succ\u00e8s lors de la chasse au cerf.<\/p>\n<p>Cette urine synth\u00e9tique en gel est fabriqu\u00e9e conform\u00e9ment aux r\u00e9glementations en vigueur afin de ne pas nuire \u00e0 la nature ou \u00e0 la faune.<\/p>\n<p>Le produit est extr\u00eamement durable ind\u00e9pendamment de la m\u00e9t\u00e9o et son effet ne s\u2019estompe pas. Pour que l\u2019odeur se diffuse au mieux, m\u00e9langez le produit avec de la terre l\u00e9g\u00e8re ou appliquez-le sur des branches basses.<\/p>\n<p>Avant de commencer \u00e0 utiliser des app\u00e2ts, il est important de garder \u00e0 l\u2019esprit qu&#8217;il n\u2019existe PAS de produit miracle qu\u2019il vous suffit de pulv\u00e9riser pour que le grand cerf arrive en courant.<\/p>\n<p>Vous devez conna\u00eetre votre terrain et vous devez avoir une bonne connaissance de la fa\u00e7on dont le gibier se d\u00e9place, des zones dans lesquelles il se nourrit, etc.<\/p>\n<p>Il faut donc commencer par des recherches et une observation approfondies. D\u2019autre part, il est tr\u00e8s important que vous utilisiez le vent \u00e0 votre avantage pour que l\u2019odeur se diffuse dans la zone.<\/p>\n<p>Les app\u00e2ts sont faits pour augmenter vos chances de faire sortir un gibier sp\u00e9cifique en cr\u00e9ant diff\u00e9rentes pistes olfactives.<\/p>\n<p>Contenu : 50 g<\/p>\n","protected":false},"excerpt":{"rendered":"<p>La soci\u00e9t\u00e9 canadienne Buck Expert propose cet app\u00e2t de qualit\u00e9 destin\u00e9 \u00e0 augmenter vos chances de succ\u00e8s lors de la chasse au cerf.<\/p>\n","protected":false},"featured_media":30106,"template":"","meta":[],"product_brand":[8210],"product_cat":[8255],"product_tag":[9151],"yoast_head":"<!-- This site is optimized with the Yoast SEO plugin v24.3 - https:\/\/yoast.com\/wordpress\/plugins\/seo\/ -->\n<title>Urine de Cerf en Gel Buck Expert - Synth\u00e9tique<\/title>\n<meta name=\"description\" content=\"Urine de Cerf en Gel Buck Expert - Synth\u00e9tique C&#039;est id\u00e9al pour am\u00e9liorer vos chances lorsque vous \u00eates \u00e0 la chasse avec ceci de Buck Expert.\" \/>\n<meta name=\"robots\" content=\"noindex, follow, max-snippet:-1, max-image-preview:large, max-video-preview:-1\" \/>\n<meta property=\"og:locale\" content=\"fr_FR\" \/>\n<meta property=\"og:type\" content=\"article\" \/>\n<meta property=\"og:title\" content=\"Urine de Cerf en Gel Buck Expert - Synth\u00e9tique\" \/>\n<meta property=\"og:description\" content=\"Urine de Cerf en Gel Buck Expert - Synth\u00e9tique C&#039;est id\u00e9al pour am\u00e9liorer vos chances lorsque vous \u00eates \u00e0 la chasse avec ceci de Buck Expert.\" \/>\n<meta property=\"og:url\" content=\"https:\/\/staging.lucky-hunter.com\/fr\/product\/urine-de-cerf-en-gel-buck-expert-synthetique\/\" \/>\n<meta property=\"og:site_name\" content=\"Lucky-Hunter\" \/>\n<meta property=\"article:modified_time\" content=\"2025-06-26T12:51:44+00:00\" \/>\n<meta property=\"og:image\" content=\"https:\/\/staging.lucky-hunter.com\/wp-content\/uploads\/2020\/09\/LM-206.png\" \/>\n\t<meta property=\"og:image:width\" content=\"1000\" \/>\n\t<meta property=\"og:image:height\" content=\"1000\" \/>\n\t<meta property=\"og:image:type\" content=\"image\/png\" \/>\n<meta name=\"twitter:card\" content=\"summary_large_image\" \/>\n<meta name=\"twitter:label1\" content=\"Dur\u00e9e de lecture estim\u00e9e\" \/>\n\t<meta name=\"twitter:data1\" content=\"2 minutes\" \/>\n<script type=\"application\/ld+json\" class=\"yoast-schema-graph\">{\"@context\":\"https:\/\/schema.org\",\"@graph\":[{\"@type\":\"WebPage\",\"@id\":\"https:\/\/staging.lucky-hunter.com\/fr\/product\/urine-de-cerf-en-gel-buck-expert-synthetique\/\",\"url\":\"https:\/\/staging.lucky-hunter.com\/fr\/product\/urine-de-cerf-en-gel-buck-expert-synthetique\/\",\"name\":\"Urine de Cerf en Gel Buck Expert - Synth\u00e9tique\",\"isPartOf\":{\"@id\":\"https:\/\/staging.lucky-hunter.com\/#website\"},\"primaryImageOfPage\":{\"@id\":\"https:\/\/staging.lucky-hunter.com\/fr\/product\/urine-de-cerf-en-gel-buck-expert-synthetique\/#primaryimage\"},\"image\":{\"@id\":\"https:\/\/staging.lucky-hunter.com\/fr\/product\/urine-de-cerf-en-gel-buck-expert-synthetique\/#primaryimage\"},\"thumbnailUrl\":\"https:\/\/staging.lucky-hunter.com\/wp-content\/uploads\/2020\/09\/LM-206.png\",\"datePublished\":\"2020-09-02T14:19:24+00:00\",\"dateModified\":\"2025-06-26T12:51:44+00:00\",\"description\":\"Urine de Cerf en Gel Buck Expert - Synth\u00e9tique C'est id\u00e9al pour am\u00e9liorer vos chances lorsque vous \u00eates \u00e0 la chasse avec ceci de Buck Expert.\",\"breadcrumb\":{\"@id\":\"https:\/\/staging.lucky-hunter.com\/fr\/product\/urine-de-cerf-en-gel-buck-expert-synthetique\/#breadcrumb\"},\"inLanguage\":\"fr-FR\",\"potentialAction\":[{\"@type\":\"ReadAction\",\"target\":[\"https:\/\/staging.lucky-hunter.com\/fr\/product\/urine-de-cerf-en-gel-buck-expert-synthetique\/\"]}]},{\"@type\":\"ImageObject\",\"inLanguage\":\"fr-FR\",\"@id\":\"https:\/\/staging.lucky-hunter.com\/fr\/product\/urine-de-cerf-en-gel-buck-expert-synthetique\/#primaryimage\",\"url\":\"https:\/\/staging.lucky-hunter.com\/wp-content\/uploads\/2020\/09\/LM-206.png\",\"contentUrl\":\"https:\/\/staging.lucky-hunter.com\/wp-content\/uploads\/2020\/09\/LM-206.png\",\"width\":1000,\"height\":1000,\"caption\":\"Image of the Buck Expert Stag Urine Gel Synthetic\"},{\"@type\":\"BreadcrumbList\",\"@id\":\"https:\/\/staging.lucky-hunter.com\/fr\/product\/urine-de-cerf-en-gel-buck-expert-synthetique\/#breadcrumb\",\"itemListElement\":[{\"@type\":\"ListItem\",\"position\":1,\"name\":\"Home\",\"item\":\"https:\/\/staging.lucky-hunter.com\/fr\/\"},{\"@type\":\"ListItem\",\"position\":2,\"name\":\"Boutique\",\"item\":\"https:\/\/staging.lucky-hunter.com\/fr\/shop\/\"},{\"@type\":\"ListItem\",\"position\":3,\"name\":\"Urine de Cerf en Gel Buck Expert &#8211; Synth\u00e9tique\"}]},{\"@type\":\"WebSite\",\"@id\":\"https:\/\/staging.lucky-hunter.com\/#website\",\"url\":\"https:\/\/staging.lucky-hunter.com\/\",\"name\":\"Lucky-Hunter\",\"description\":\"Gear Up or Give Up\",\"potentialAction\":[{\"@type\":\"SearchAction\",\"target\":{\"@type\":\"EntryPoint\",\"urlTemplate\":\"https:\/\/staging.lucky-hunter.com\/?s={search_term_string}\"},\"query-input\":{\"@type\":\"PropertyValueSpecification\",\"valueRequired\":true,\"valueName\":\"search_term_string\"}}],\"inLanguage\":\"fr-FR\"}]}<\/script>\n<!-- \/ Yoast SEO plugin. -->","yoast_head_json":{"title":"Urine de Cerf en Gel Buck Expert - Synth\u00e9tique","description":"Urine de Cerf en Gel Buck Expert - Synth\u00e9tique C'est id\u00e9al pour am\u00e9liorer vos chances lorsque vous \u00eates \u00e0 la chasse avec ceci de Buck Expert.","robots":{"index":"noindex","follow":"follow","max-snippet":"max-snippet:-1","max-image-preview":"max-image-preview:large","max-video-preview":"max-video-preview:-1"},"og_locale":"fr_FR","og_type":"article","og_title":"Urine de Cerf en Gel Buck Expert - Synth\u00e9tique","og_description":"Urine de Cerf en Gel Buck Expert - Synth\u00e9tique C'est id\u00e9al pour am\u00e9liorer vos chances lorsque vous \u00eates \u00e0 la chasse avec ceci de Buck Expert.","og_url":"https:\/\/staging.lucky-hunter.com\/fr\/product\/urine-de-cerf-en-gel-buck-expert-synthetique\/","og_site_name":"Lucky-Hunter","article_modified_time":"2025-06-26T12:51:44+00:00","og_image":[{"width":1000,"height":1000,"url":"https:\/\/staging.lucky-hunter.com\/wp-content\/uploads\/2020\/09\/LM-206.png","type":"image\/png"}],"twitter_card":"summary_large_image","twitter_misc":{"Dur\u00e9e de lecture estim\u00e9e":"2 minutes"},"schema":{"@context":"https:\/\/schema.org","@graph":[{"@type":"WebPage","@id":"https:\/\/staging.lucky-hunter.com\/fr\/product\/urine-de-cerf-en-gel-buck-expert-synthetique\/","url":"https:\/\/staging.lucky-hunter.com\/fr\/product\/urine-de-cerf-en-gel-buck-expert-synthetique\/","name":"Urine de Cerf en Gel Buck Expert - Synth\u00e9tique","isPartOf":{"@id":"https:\/\/staging.lucky-hunter.com\/#website"},"primaryImageOfPage":{"@id":"https:\/\/staging.lucky-hunter.com\/fr\/product\/urine-de-cerf-en-gel-buck-expert-synthetique\/#primaryimage"},"image":{"@id":"https:\/\/staging.lucky-hunter.com\/fr\/product\/urine-de-cerf-en-gel-buck-expert-synthetique\/#primaryimage"},"thumbnailUrl":"https:\/\/staging.lucky-hunter.com\/wp-content\/uploads\/2020\/09\/LM-206.png","datePublished":"2020-09-02T14:19:24+00:00","dateModified":"2025-06-26T12:51:44+00:00","description":"Urine de Cerf en Gel Buck Expert - Synth\u00e9tique C'est id\u00e9al pour am\u00e9liorer vos chances lorsque vous \u00eates \u00e0 la chasse avec ceci de Buck Expert.","breadcrumb":{"@id":"https:\/\/staging.lucky-hunter.com\/fr\/product\/urine-de-cerf-en-gel-buck-expert-synthetique\/#breadcrumb"},"inLanguage":"fr-FR","potentialAction":[{"@type":"ReadAction","target":["https:\/\/staging.lucky-hunter.com\/fr\/product\/urine-de-cerf-en-gel-buck-expert-synthetique\/"]}]},{"@type":"ImageObject","inLanguage":"fr-FR","@id":"https:\/\/staging.lucky-hunter.com\/fr\/product\/urine-de-cerf-en-gel-buck-expert-synthetique\/#primaryimage","url":"https:\/\/staging.lucky-hunter.com\/wp-content\/uploads\/2020\/09\/LM-206.png","contentUrl":"https:\/\/staging.lucky-hunter.com\/wp-content\/uploads\/2020\/09\/LM-206.png","width":1000,"height":1000,"caption":"Image of the Buck Expert Stag Urine Gel Synthetic"},{"@type":"BreadcrumbList","@id":"https:\/\/staging.lucky-hunter.com\/fr\/product\/urine-de-cerf-en-gel-buck-expert-synthetique\/#breadcrumb","itemListElement":[{"@type":"ListItem","position":1,"name":"Home","item":"https:\/\/staging.lucky-hunter.com\/fr\/"},{"@type":"ListItem","position":2,"name":"Boutique","item":"https:\/\/staging.lucky-hunter.com\/fr\/shop\/"},{"@type":"ListItem","position":3,"name":"Urine de Cerf en Gel Buck Expert &#8211; Synth\u00e9tique"}]},{"@type":"WebSite","@id":"https:\/\/staging.lucky-hunter.com\/#website","url":"https:\/\/staging.lucky-hunter.com\/","name":"Lucky-Hunter","description":"Gear Up or Give Up","potentialAction":[{"@type":"SearchAction","target":{"@type":"EntryPoint","urlTemplate":"https:\/\/staging.lucky-hunter.com\/?s={search_term_string}"},"query-input":{"@type":"PropertyValueSpecification","valueRequired":true,"valueName":"search_term_string"}}],"inLanguage":"fr-FR"}]}},"_links":{"self":[{"href":"https:\/\/staging.lucky-hunter.com\/fr\/wp-json\/wp\/v2\/product\/56947"}],"collection":[{"href":"https:\/\/staging.lucky-hunter.com\/fr\/wp-json\/wp\/v2\/product"}],"about":[{"href":"https:\/\/staging.lucky-hunter.com\/fr\/wp-json\/wp\/v2\/types\/product"}],"wp:featuredmedia":[{"embeddable":true,"href":"https:\/\/staging.lucky-hunter.com\/fr\/wp-json\/wp\/v2\/media\/30106"}],"wp:attachment":[{"href":"https:\/\/staging.lucky-hunter.com\/fr\/wp-json\/wp\/v2\/media?parent=56947"}],"wp:term":[{"taxonomy":"product_brand","embeddable":true,"href":"https:\/\/staging.lucky-hunter.com\/fr\/wp-json\/wp\/v2\/product_brand?post=56947"},{"taxonomy":"product_cat","embeddable":true,"href":"https:\/\/staging.lucky-hunter.com\/fr\/wp-json\/wp\/v2\/product_cat?post=56947"},{"taxonomy":"product_tag","embeddable":true,"href":"https:\/\/staging.lucky-hunter.com\/fr\/wp-json\/wp\/v2\/product_tag?post=56947"}],"curies":[{"name":"wp","href":"https:\/\/api.w.org\/{rel}","templated":true}]}}