{"id":56940,"date":"2016-11-07T16:10:28","date_gmt":"2016-11-07T15:10:28","guid":{"rendered":"https:\/\/staging.lucky-hunter.com\/product\/smoking-sticks-buck-expert\/"},"modified":"2016-11-07T16:10:28","modified_gmt":"2016-11-07T15:10:28","slug":"smoking-sticks-buck-expert","status":"publish","type":"product","link":"https:\/\/staging.lucky-hunter.com\/fr\/product\/smoking-sticks-buck-expert\/","title":{"rendered":"B\u00e2tonnets \u00e0 fumer &#8211; Buck Expert"},"content":{"rendered":"<p>Le parfum s\u00e9duira les animaux sauvages de loin, car ils seront curieux de savoir d&#8217;o\u00f9 vient la belle odeur.<\/p>\n<p>Placez le b\u00e2ton \u00e0 fumer Buck Expert dans un angle de 45 degr\u00e9s pendant 10 \u00e0 20 secondes, puis la fum\u00e9e diffusera un parfum puissant et attrayant.<\/p>\n<p>Assurez-vous de profiter de la direction du vent pour r\u00e9pandre la fum\u00e9e\/l&#8217;odeur.<\/p>\n<p>Le gibier viendra souvent lentement et constamment renifler contre la fum\u00e9e.<\/p>\n<p>Un b\u00e2ton \u00e0 fumer peut durer jusqu&#8217;\u00e0 12 heures &#8211; des vents forts peuvent r\u00e9duire la durabilit\u00e9.<\/p>\n<p>Astuce &#8211; Vaporisez un peu d&#8217;urine synth\u00e9tique Buck Expert sur le b\u00e2ton de fumage pour augmenter l&#8217;effet de leurre.<\/p>\n<p>Disponible pour Chevreuil en chaleur, Chevreuil, Sanglier, Truie en chaleur, Cerf \u00e9laphe et Biche en chaleur..<\/p>\n<p>6-8 b\u00e2tonnets \u00e0 fumer Buck Expert par paquet.<\/p>\n<p>Remarque &#8211; Les app\u00e2ts ne sont pas magiques dans une bouteille &#8211; mais avec une utilisation et un jeu appropri\u00e9s dans la zone, vous am\u00e9liorerez consid\u00e9rablement vos chances de tir.<\/p>\n","protected":false},"excerpt":{"rendered":"<p>Le parfum s\u00e9duira les animaux sauvages de loin, car ils seront curieux de savoir d&#8217;o\u00f9 vient la belle odeur.\u00a0Disponible pour le chevreuil, le sanglier, le renard et le cerf.<\/p>\n","protected":false},"featured_media":28487,"template":"","meta":[],"product_brand":[8210],"product_cat":[8255],"product_tag":[9151,9442],"yoast_head":"<!-- This site is optimized with the Yoast SEO plugin v24.3 - https:\/\/yoast.com\/wordpress\/plugins\/seo\/ -->\n<title>B\u00e2tonnets \u00e0 fumer - Buck Expert. Disponible pour le chevreuil, le sanglier, le renard et le cerf<\/title>\n<meta name=\"description\" content=\"Le parfum s\u00e9duira les animaux sauvages de loin, car ils seront curieux de savoir d&#039;o\u00f9 vient la belle odeur. Un parfum puissant et envo\u00fbtant.\" \/>\n<meta name=\"robots\" content=\"noindex, follow, max-snippet:-1, max-image-preview:large, max-video-preview:-1\" \/>\n<meta property=\"og:locale\" content=\"fr_FR\" \/>\n<meta property=\"og:type\" content=\"article\" \/>\n<meta property=\"og:title\" content=\"B\u00e2tonnets \u00e0 fumer - Buck Expert. Disponible pour le chevreuil, le sanglier, le renard et le cerf\" \/>\n<meta property=\"og:description\" content=\"Le parfum s\u00e9duira les animaux sauvages de loin, car ils seront curieux de savoir d&#039;o\u00f9 vient la belle odeur. Un parfum puissant et envo\u00fbtant.\" \/>\n<meta property=\"og:url\" content=\"https:\/\/staging.lucky-hunter.com\/fr\/product\/smoking-sticks-buck-expert\/\" \/>\n<meta property=\"og:site_name\" content=\"Lucky-Hunter\" \/>\n<meta property=\"og:image\" content=\"https:\/\/staging.lucky-hunter.com\/wp-content\/uploads\/2016\/11\/LM-276.png\" \/>\n\t<meta property=\"og:image:width\" content=\"1000\" \/>\n\t<meta property=\"og:image:height\" content=\"1000\" \/>\n\t<meta property=\"og:image:type\" content=\"image\/png\" \/>\n<meta name=\"twitter:card\" content=\"summary_large_image\" \/>\n<meta name=\"twitter:label1\" content=\"Dur\u00e9e de lecture estim\u00e9e\" \/>\n\t<meta name=\"twitter:data1\" content=\"1 minute\" \/>\n<script type=\"application\/ld+json\" class=\"yoast-schema-graph\">{\"@context\":\"https:\/\/schema.org\",\"@graph\":[{\"@type\":\"WebPage\",\"@id\":\"https:\/\/staging.lucky-hunter.com\/fr\/product\/smoking-sticks-buck-expert\/\",\"url\":\"https:\/\/staging.lucky-hunter.com\/fr\/product\/smoking-sticks-buck-expert\/\",\"name\":\"B\u00e2tonnets \u00e0 fumer - Buck Expert. Disponible pour le chevreuil, le sanglier, le renard et le cerf\",\"isPartOf\":{\"@id\":\"https:\/\/staging.lucky-hunter.com\/#website\"},\"primaryImageOfPage\":{\"@id\":\"https:\/\/staging.lucky-hunter.com\/fr\/product\/smoking-sticks-buck-expert\/#primaryimage\"},\"image\":{\"@id\":\"https:\/\/staging.lucky-hunter.com\/fr\/product\/smoking-sticks-buck-expert\/#primaryimage\"},\"thumbnailUrl\":\"https:\/\/staging.lucky-hunter.com\/wp-content\/uploads\/2016\/11\/LM-276.png\",\"datePublished\":\"2016-11-07T15:10:28+00:00\",\"dateModified\":\"2016-11-07T15:10:28+00:00\",\"description\":\"Le parfum s\u00e9duira les animaux sauvages de loin, car ils seront curieux de savoir d'o\u00f9 vient la belle odeur. Un parfum puissant et envo\u00fbtant.\",\"breadcrumb\":{\"@id\":\"https:\/\/staging.lucky-hunter.com\/fr\/product\/smoking-sticks-buck-expert\/#breadcrumb\"},\"inLanguage\":\"fr-FR\",\"potentialAction\":[{\"@type\":\"ReadAction\",\"target\":[\"https:\/\/staging.lucky-hunter.com\/fr\/product\/smoking-sticks-buck-expert\/\"]}]},{\"@type\":\"ImageObject\",\"inLanguage\":\"fr-FR\",\"@id\":\"https:\/\/staging.lucky-hunter.com\/fr\/product\/smoking-sticks-buck-expert\/#primaryimage\",\"url\":\"https:\/\/staging.lucky-hunter.com\/wp-content\/uploads\/2016\/11\/LM-276.png\",\"contentUrl\":\"https:\/\/staging.lucky-hunter.com\/wp-content\/uploads\/2016\/11\/LM-276.png\",\"width\":1000,\"height\":1000},{\"@type\":\"BreadcrumbList\",\"@id\":\"https:\/\/staging.lucky-hunter.com\/fr\/product\/smoking-sticks-buck-expert\/#breadcrumb\",\"itemListElement\":[{\"@type\":\"ListItem\",\"position\":1,\"name\":\"Home\",\"item\":\"https:\/\/staging.lucky-hunter.com\/fr\/\"},{\"@type\":\"ListItem\",\"position\":2,\"name\":\"Boutique\",\"item\":\"https:\/\/staging.lucky-hunter.com\/fr\/shop\/\"},{\"@type\":\"ListItem\",\"position\":3,\"name\":\"B\u00e2tonnets \u00e0 fumer &#8211; Buck Expert\"}]},{\"@type\":\"WebSite\",\"@id\":\"https:\/\/staging.lucky-hunter.com\/#website\",\"url\":\"https:\/\/staging.lucky-hunter.com\/\",\"name\":\"Lucky-Hunter\",\"description\":\"Gear Up or Give Up\",\"potentialAction\":[{\"@type\":\"SearchAction\",\"target\":{\"@type\":\"EntryPoint\",\"urlTemplate\":\"https:\/\/staging.lucky-hunter.com\/?s={search_term_string}\"},\"query-input\":{\"@type\":\"PropertyValueSpecification\",\"valueRequired\":true,\"valueName\":\"search_term_string\"}}],\"inLanguage\":\"fr-FR\"}]}<\/script>\n<!-- \/ Yoast SEO plugin. -->","yoast_head_json":{"title":"B\u00e2tonnets \u00e0 fumer - Buck Expert. Disponible pour le chevreuil, le sanglier, le renard et le cerf","description":"Le parfum s\u00e9duira les animaux sauvages de loin, car ils seront curieux de savoir d'o\u00f9 vient la belle odeur. Un parfum puissant et envo\u00fbtant.","robots":{"index":"noindex","follow":"follow","max-snippet":"max-snippet:-1","max-image-preview":"max-image-preview:large","max-video-preview":"max-video-preview:-1"},"og_locale":"fr_FR","og_type":"article","og_title":"B\u00e2tonnets \u00e0 fumer - Buck Expert. Disponible pour le chevreuil, le sanglier, le renard et le cerf","og_description":"Le parfum s\u00e9duira les animaux sauvages de loin, car ils seront curieux de savoir d'o\u00f9 vient la belle odeur. Un parfum puissant et envo\u00fbtant.","og_url":"https:\/\/staging.lucky-hunter.com\/fr\/product\/smoking-sticks-buck-expert\/","og_site_name":"Lucky-Hunter","og_image":[{"width":1000,"height":1000,"url":"https:\/\/staging.lucky-hunter.com\/wp-content\/uploads\/2016\/11\/LM-276.png","type":"image\/png"}],"twitter_card":"summary_large_image","twitter_misc":{"Dur\u00e9e de lecture estim\u00e9e":"1 minute"},"schema":{"@context":"https:\/\/schema.org","@graph":[{"@type":"WebPage","@id":"https:\/\/staging.lucky-hunter.com\/fr\/product\/smoking-sticks-buck-expert\/","url":"https:\/\/staging.lucky-hunter.com\/fr\/product\/smoking-sticks-buck-expert\/","name":"B\u00e2tonnets \u00e0 fumer - Buck Expert. Disponible pour le chevreuil, le sanglier, le renard et le cerf","isPartOf":{"@id":"https:\/\/staging.lucky-hunter.com\/#website"},"primaryImageOfPage":{"@id":"https:\/\/staging.lucky-hunter.com\/fr\/product\/smoking-sticks-buck-expert\/#primaryimage"},"image":{"@id":"https:\/\/staging.lucky-hunter.com\/fr\/product\/smoking-sticks-buck-expert\/#primaryimage"},"thumbnailUrl":"https:\/\/staging.lucky-hunter.com\/wp-content\/uploads\/2016\/11\/LM-276.png","datePublished":"2016-11-07T15:10:28+00:00","dateModified":"2016-11-07T15:10:28+00:00","description":"Le parfum s\u00e9duira les animaux sauvages de loin, car ils seront curieux de savoir d'o\u00f9 vient la belle odeur. Un parfum puissant et envo\u00fbtant.","breadcrumb":{"@id":"https:\/\/staging.lucky-hunter.com\/fr\/product\/smoking-sticks-buck-expert\/#breadcrumb"},"inLanguage":"fr-FR","potentialAction":[{"@type":"ReadAction","target":["https:\/\/staging.lucky-hunter.com\/fr\/product\/smoking-sticks-buck-expert\/"]}]},{"@type":"ImageObject","inLanguage":"fr-FR","@id":"https:\/\/staging.lucky-hunter.com\/fr\/product\/smoking-sticks-buck-expert\/#primaryimage","url":"https:\/\/staging.lucky-hunter.com\/wp-content\/uploads\/2016\/11\/LM-276.png","contentUrl":"https:\/\/staging.lucky-hunter.com\/wp-content\/uploads\/2016\/11\/LM-276.png","width":1000,"height":1000},{"@type":"BreadcrumbList","@id":"https:\/\/staging.lucky-hunter.com\/fr\/product\/smoking-sticks-buck-expert\/#breadcrumb","itemListElement":[{"@type":"ListItem","position":1,"name":"Home","item":"https:\/\/staging.lucky-hunter.com\/fr\/"},{"@type":"ListItem","position":2,"name":"Boutique","item":"https:\/\/staging.lucky-hunter.com\/fr\/shop\/"},{"@type":"ListItem","position":3,"name":"B\u00e2tonnets \u00e0 fumer &#8211; Buck Expert"}]},{"@type":"WebSite","@id":"https:\/\/staging.lucky-hunter.com\/#website","url":"https:\/\/staging.lucky-hunter.com\/","name":"Lucky-Hunter","description":"Gear Up or Give Up","potentialAction":[{"@type":"SearchAction","target":{"@type":"EntryPoint","urlTemplate":"https:\/\/staging.lucky-hunter.com\/?s={search_term_string}"},"query-input":{"@type":"PropertyValueSpecification","valueRequired":true,"valueName":"search_term_string"}}],"inLanguage":"fr-FR"}]}},"_links":{"self":[{"href":"https:\/\/staging.lucky-hunter.com\/fr\/wp-json\/wp\/v2\/product\/56940"}],"collection":[{"href":"https:\/\/staging.lucky-hunter.com\/fr\/wp-json\/wp\/v2\/product"}],"about":[{"href":"https:\/\/staging.lucky-hunter.com\/fr\/wp-json\/wp\/v2\/types\/product"}],"wp:featuredmedia":[{"embeddable":true,"href":"https:\/\/staging.lucky-hunter.com\/fr\/wp-json\/wp\/v2\/media\/28487"}],"wp:attachment":[{"href":"https:\/\/staging.lucky-hunter.com\/fr\/wp-json\/wp\/v2\/media?parent=56940"}],"wp:term":[{"taxonomy":"product_brand","embeddable":true,"href":"https:\/\/staging.lucky-hunter.com\/fr\/wp-json\/wp\/v2\/product_brand?post=56940"},{"taxonomy":"product_cat","embeddable":true,"href":"https:\/\/staging.lucky-hunter.com\/fr\/wp-json\/wp\/v2\/product_cat?post=56940"},{"taxonomy":"product_tag","embeddable":true,"href":"https:\/\/staging.lucky-hunter.com\/fr\/wp-json\/wp\/v2\/product_tag?post=56940"}],"curies":[{"name":"wp","href":"https:\/\/api.w.org\/{rel}","templated":true}]}}