{"id":56926,"date":"2016-11-07T16:09:46","date_gmt":"2016-11-07T15:09:46","guid":{"rendered":"https:\/\/staging.lucky-hunter.com\/product\/buck-expert-synthetic-urine\/"},"modified":"2016-11-07T16:09:46","modified_gmt":"2016-11-07T15:09:46","slug":"buck-expert-synthetic-urine","status":"publish","type":"product","link":"https:\/\/staging.lucky-hunter.com\/fr\/product\/buck-expert-synthetic-urine\/","title":{"rendered":"Urine Synth\u00e9tique Buck Expert"},"content":{"rendered":"<h2><strong>Urine synth\u00e9tique Buck Expert &#8211; Attirez le gibier naturellement<\/strong><\/h2>\n<p>L&#8217;urine synth\u00e9tique est une reproduction d&#8217;hormones, de s\u00e9cr\u00e9tions et de ph\u00e9romones. Ces substances produisent des odeurs identiques \u00e0 celles par lesquelles le gibier est naturellement attir\u00e9.<\/p>\n<p>Cet app\u00e2t pour la chasse est si efficace que les animaux ne peuvent pas faire la diff\u00e9rence entre la vraie urine et la synth\u00e9tique.<br \/>\nL&#8217;avantage de l&#8217;urine synth\u00e9tique est qu&#8217;elle ne vieillit pas. L&#8217;urine peut \u00eatre utilis\u00e9 pour cr\u00e9er des traces ou en la vaporisant de mani\u00e8re concentr\u00e9e dans une zone sp\u00e9cifique. La piste peut \u00eatre cr\u00e9\u00e9e en pulv\u00e9risant le produit sur les semelles de vos chaussures avec un intervalle de temps appropri\u00e9.<\/p>\n<p>Vaporisez l&#8217;urine dans votre zone d\u2019agrainage et vous d\u00e9couvrirez rapidement \u00e0 quel point elle est efficace.<\/p>\n<p>Plusieurs odeurs d\u2019urine sont disponibles\u00a0:<\/p>\n<ul>\n<li>Sanglier<\/li>\n<li>Cerf<\/li>\n<li>Chevreuil<\/li>\n<li>Renard<\/li>\n<li>Loup<\/li>\n<li>Li\u00e8vre<\/li>\n<li>Vison.<\/li>\n<\/ul>\n","protected":false},"excerpt":{"rendered":"<p>L&#8217;urine synth\u00e9tique est une reproduction d&#8217;hormones, de s\u00e9cr\u00e9tions et de ph\u00e9romones qui produisent des odeurs identiques \u00e0 celles par lesquelles le gibier est naturellement attir\u00e9.<\/p>\n","protected":false},"featured_media":29878,"template":"","meta":[],"product_brand":[8210],"product_cat":[8255],"product_tag":[9151,9445,9442],"yoast_head":"<!-- This site is optimized with the Yoast SEO plugin v24.3 - https:\/\/yoast.com\/wordpress\/plugins\/seo\/ -->\n<title>Urine Synth\u00e9tique Buck Expert - Attirez les animaux | Lucky Hunter<\/title>\n<meta name=\"description\" content=\"L&#039;urine synth\u00e9tique Buck Expert est une reproduction des odeurs qui attirent naturellement les animaux. Ils ne pourront pas faire la diff\u00e9rence.\" \/>\n<meta name=\"robots\" content=\"noindex, follow, max-snippet:-1, max-image-preview:large, max-video-preview:-1\" \/>\n<meta property=\"og:locale\" content=\"fr_FR\" \/>\n<meta property=\"og:type\" content=\"article\" \/>\n<meta property=\"og:title\" content=\"Urine Synth\u00e9tique Buck Expert - Attirez les animaux | Lucky Hunter\" \/>\n<meta property=\"og:description\" content=\"L&#039;urine synth\u00e9tique Buck Expert est une reproduction des odeurs qui attirent naturellement les animaux. Ils ne pourront pas faire la diff\u00e9rence.\" \/>\n<meta property=\"og:url\" content=\"https:\/\/staging.lucky-hunter.com\/product\/buck-expert-synthetic-urine\/\" \/>\n<meta property=\"og:site_name\" content=\"Lucky-Hunter\" \/>\n<meta property=\"og:image\" content=\"https:\/\/staging.lucky-hunter.com\/wp-content\/uploads\/2016\/11\/scenty.png\" \/>\n\t<meta property=\"og:image:width\" content=\"1000\" \/>\n\t<meta property=\"og:image:height\" content=\"1000\" \/>\n\t<meta property=\"og:image:type\" content=\"image\/png\" \/>\n<meta name=\"twitter:card\" content=\"summary_large_image\" \/>\n<meta name=\"twitter:title\" content=\"Urine Synth\u00e9tique Buck Expert - Attirez les animaux | Lucky Hunter\" \/>\n<meta name=\"twitter:description\" content=\"L&#039;urine synth\u00e9tique Buck Expert est une reproduction des odeurs qui attirent naturellement les animaux. Ils ne pourront pas faire la diff\u00e9rence.\" \/>\n<meta name=\"twitter:label1\" content=\"Dur\u00e9e de lecture estim\u00e9e\" \/>\n\t<meta name=\"twitter:data1\" content=\"1 minute\" \/>\n<script type=\"application\/ld+json\" class=\"yoast-schema-graph\">{\"@context\":\"https:\/\/schema.org\",\"@graph\":[{\"@type\":\"WebPage\",\"@id\":\"https:\/\/staging.lucky-hunter.com\/product\/buck-expert-synthetic-urine\/\",\"url\":\"https:\/\/staging.lucky-hunter.com\/product\/buck-expert-synthetic-urine\/\",\"name\":\"Urine Synth\u00e9tique Buck Expert - Attirez les animaux | Lucky Hunter\",\"isPartOf\":{\"@id\":\"https:\/\/staging.lucky-hunter.com\/#website\"},\"primaryImageOfPage\":{\"@id\":\"https:\/\/staging.lucky-hunter.com\/product\/buck-expert-synthetic-urine\/#primaryimage\"},\"image\":{\"@id\":\"https:\/\/staging.lucky-hunter.com\/product\/buck-expert-synthetic-urine\/#primaryimage\"},\"thumbnailUrl\":\"https:\/\/staging.lucky-hunter.com\/wp-content\/uploads\/2016\/11\/scenty.png\",\"datePublished\":\"2016-11-07T15:09:46+00:00\",\"dateModified\":\"2016-11-07T15:09:46+00:00\",\"description\":\"L'urine synth\u00e9tique Buck Expert est une reproduction des odeurs qui attirent naturellement les animaux. Ils ne pourront pas faire la diff\u00e9rence.\",\"breadcrumb\":{\"@id\":\"https:\/\/staging.lucky-hunter.com\/product\/buck-expert-synthetic-urine\/#breadcrumb\"},\"inLanguage\":\"fr-FR\",\"potentialAction\":[{\"@type\":\"ReadAction\",\"target\":[\"https:\/\/staging.lucky-hunter.com\/product\/buck-expert-synthetic-urine\/\"]}]},{\"@type\":\"ImageObject\",\"inLanguage\":\"fr-FR\",\"@id\":\"https:\/\/staging.lucky-hunter.com\/product\/buck-expert-synthetic-urine\/#primaryimage\",\"url\":\"https:\/\/staging.lucky-hunter.com\/wp-content\/uploads\/2016\/11\/scenty.png\",\"contentUrl\":\"https:\/\/staging.lucky-hunter.com\/wp-content\/uploads\/2016\/11\/scenty.png\",\"width\":1000,\"height\":1000},{\"@type\":\"BreadcrumbList\",\"@id\":\"https:\/\/staging.lucky-hunter.com\/product\/buck-expert-synthetic-urine\/#breadcrumb\",\"itemListElement\":[{\"@type\":\"ListItem\",\"position\":1,\"name\":\"Home\",\"item\":\"https:\/\/staging.lucky-hunter.com\/fr\/\"},{\"@type\":\"ListItem\",\"position\":2,\"name\":\"Boutique\",\"item\":\"https:\/\/staging.lucky-hunter.com\/fr\/shop\/\"},{\"@type\":\"ListItem\",\"position\":3,\"name\":\"Urine Synth\u00e9tique Buck Expert\"}]},{\"@type\":\"WebSite\",\"@id\":\"https:\/\/staging.lucky-hunter.com\/#website\",\"url\":\"https:\/\/staging.lucky-hunter.com\/\",\"name\":\"Lucky-Hunter\",\"description\":\"Gear Up or Give Up\",\"potentialAction\":[{\"@type\":\"SearchAction\",\"target\":{\"@type\":\"EntryPoint\",\"urlTemplate\":\"https:\/\/staging.lucky-hunter.com\/?s={search_term_string}\"},\"query-input\":{\"@type\":\"PropertyValueSpecification\",\"valueRequired\":true,\"valueName\":\"search_term_string\"}}],\"inLanguage\":\"fr-FR\"}]}<\/script>\n<!-- \/ Yoast SEO plugin. -->","yoast_head_json":{"title":"Urine Synth\u00e9tique Buck Expert - Attirez les animaux | Lucky Hunter","description":"L'urine synth\u00e9tique Buck Expert est une reproduction des odeurs qui attirent naturellement les animaux. Ils ne pourront pas faire la diff\u00e9rence.","robots":{"index":"noindex","follow":"follow","max-snippet":"max-snippet:-1","max-image-preview":"max-image-preview:large","max-video-preview":"max-video-preview:-1"},"og_locale":"fr_FR","og_type":"article","og_title":"Urine Synth\u00e9tique Buck Expert - Attirez les animaux | Lucky Hunter","og_description":"L'urine synth\u00e9tique Buck Expert est une reproduction des odeurs qui attirent naturellement les animaux. Ils ne pourront pas faire la diff\u00e9rence.","og_url":"https:\/\/staging.lucky-hunter.com\/product\/buck-expert-synthetic-urine\/","og_site_name":"Lucky-Hunter","og_image":[{"width":1000,"height":1000,"url":"https:\/\/staging.lucky-hunter.com\/wp-content\/uploads\/2016\/11\/scenty.png","type":"image\/png"}],"twitter_card":"summary_large_image","twitter_title":"Urine Synth\u00e9tique Buck Expert - Attirez les animaux | Lucky Hunter","twitter_description":"L'urine synth\u00e9tique Buck Expert est une reproduction des odeurs qui attirent naturellement les animaux. Ils ne pourront pas faire la diff\u00e9rence.","twitter_misc":{"Dur\u00e9e de lecture estim\u00e9e":"1 minute"},"schema":{"@context":"https:\/\/schema.org","@graph":[{"@type":"WebPage","@id":"https:\/\/staging.lucky-hunter.com\/product\/buck-expert-synthetic-urine\/","url":"https:\/\/staging.lucky-hunter.com\/product\/buck-expert-synthetic-urine\/","name":"Urine Synth\u00e9tique Buck Expert - Attirez les animaux | Lucky Hunter","isPartOf":{"@id":"https:\/\/staging.lucky-hunter.com\/#website"},"primaryImageOfPage":{"@id":"https:\/\/staging.lucky-hunter.com\/product\/buck-expert-synthetic-urine\/#primaryimage"},"image":{"@id":"https:\/\/staging.lucky-hunter.com\/product\/buck-expert-synthetic-urine\/#primaryimage"},"thumbnailUrl":"https:\/\/staging.lucky-hunter.com\/wp-content\/uploads\/2016\/11\/scenty.png","datePublished":"2016-11-07T15:09:46+00:00","dateModified":"2016-11-07T15:09:46+00:00","description":"L'urine synth\u00e9tique Buck Expert est une reproduction des odeurs qui attirent naturellement les animaux. Ils ne pourront pas faire la diff\u00e9rence.","breadcrumb":{"@id":"https:\/\/staging.lucky-hunter.com\/product\/buck-expert-synthetic-urine\/#breadcrumb"},"inLanguage":"fr-FR","potentialAction":[{"@type":"ReadAction","target":["https:\/\/staging.lucky-hunter.com\/product\/buck-expert-synthetic-urine\/"]}]},{"@type":"ImageObject","inLanguage":"fr-FR","@id":"https:\/\/staging.lucky-hunter.com\/product\/buck-expert-synthetic-urine\/#primaryimage","url":"https:\/\/staging.lucky-hunter.com\/wp-content\/uploads\/2016\/11\/scenty.png","contentUrl":"https:\/\/staging.lucky-hunter.com\/wp-content\/uploads\/2016\/11\/scenty.png","width":1000,"height":1000},{"@type":"BreadcrumbList","@id":"https:\/\/staging.lucky-hunter.com\/product\/buck-expert-synthetic-urine\/#breadcrumb","itemListElement":[{"@type":"ListItem","position":1,"name":"Home","item":"https:\/\/staging.lucky-hunter.com\/fr\/"},{"@type":"ListItem","position":2,"name":"Boutique","item":"https:\/\/staging.lucky-hunter.com\/fr\/shop\/"},{"@type":"ListItem","position":3,"name":"Urine Synth\u00e9tique Buck Expert"}]},{"@type":"WebSite","@id":"https:\/\/staging.lucky-hunter.com\/#website","url":"https:\/\/staging.lucky-hunter.com\/","name":"Lucky-Hunter","description":"Gear Up or Give Up","potentialAction":[{"@type":"SearchAction","target":{"@type":"EntryPoint","urlTemplate":"https:\/\/staging.lucky-hunter.com\/?s={search_term_string}"},"query-input":{"@type":"PropertyValueSpecification","valueRequired":true,"valueName":"search_term_string"}}],"inLanguage":"fr-FR"}]}},"_links":{"self":[{"href":"https:\/\/staging.lucky-hunter.com\/fr\/wp-json\/wp\/v2\/product\/56926"}],"collection":[{"href":"https:\/\/staging.lucky-hunter.com\/fr\/wp-json\/wp\/v2\/product"}],"about":[{"href":"https:\/\/staging.lucky-hunter.com\/fr\/wp-json\/wp\/v2\/types\/product"}],"wp:featuredmedia":[{"embeddable":true,"href":"https:\/\/staging.lucky-hunter.com\/fr\/wp-json\/wp\/v2\/media\/29878"}],"wp:attachment":[{"href":"https:\/\/staging.lucky-hunter.com\/fr\/wp-json\/wp\/v2\/media?parent=56926"}],"wp:term":[{"taxonomy":"product_brand","embeddable":true,"href":"https:\/\/staging.lucky-hunter.com\/fr\/wp-json\/wp\/v2\/product_brand?post=56926"},{"taxonomy":"product_cat","embeddable":true,"href":"https:\/\/staging.lucky-hunter.com\/fr\/wp-json\/wp\/v2\/product_cat?post=56926"},{"taxonomy":"product_tag","embeddable":true,"href":"https:\/\/staging.lucky-hunter.com\/fr\/wp-json\/wp\/v2\/product_tag?post=56926"}],"curies":[{"name":"wp","href":"https:\/\/api.w.org\/{rel}","templated":true}]}}