{"id":56923,"date":"2020-11-30T09:22:35","date_gmt":"2020-11-30T08:22:35","guid":{"rendered":"https:\/\/staging.lucky-hunter.com\/product\/hunting-lure-red-deer-500-ml\/"},"modified":"2025-06-26T14:42:59","modified_gmt":"2025-06-26T12:42:59","slug":"appat-pour-cerfs-eurohunt-500-ml","status":"publish","type":"product","link":"https:\/\/staging.lucky-hunter.com\/fr\/product\/appat-pour-cerfs-eurohunt-500-ml\/","title":{"rendered":"App\u00e2t pour Cerfs &#8211; Eurohunt 500 ml"},"content":{"rendered":"<p>Cet app\u00e2t \u00e0 l\u2019odeur irr\u00e9sistible est fabriqu\u00e9 selon les normes de qualit\u00e9 les plus \u00e9lev\u00e9es en utilisant des substances identiques \u00e0 celles trouv\u00e9es dans la nature.<\/p>\n<p>Une utilisation r\u00e9guli\u00e8re vous garantit des journ\u00e9es de chasse couronn\u00e9es de succ\u00e8s.<\/p>\n<p>Attire efficacement les cerfs.<\/p>\n<p>Vaporisez-le sur des surfaces appropri\u00e9es telles que des arbustes et des arbres. Nous vous recommandons \u00e9galement de vous aider du vent pour diffuser l\u2019odeur dans la zone.<\/p>\n","protected":false},"excerpt":{"rendered":"<p>Cet app\u00e2t \u00e0 l\u2019odeur irr\u00e9sistible est fabriqu\u00e9 selon les normes de qualit\u00e9 les plus \u00e9lev\u00e9es en utilisant des substances identiques \u00e0 celles trouv\u00e9es dans la nature.<\/p>\n","protected":false},"featured_media":28691,"template":"","meta":[],"product_brand":[8196],"product_cat":[8255],"product_tag":[9151],"yoast_head":"<!-- This site is optimized with the Yoast SEO plugin v24.3 - https:\/\/yoast.com\/wordpress\/plugins\/seo\/ -->\n<title>App\u00e2t pour Cerfs - Eurohunt 500 ml<\/title>\n<meta name=\"description\" content=\"Cet app\u00e2t \u00e0 l\u2019odeur irr\u00e9sistible est fabriqu\u00e9 selon les normes de qualit\u00e9 les plus \u00e9lev\u00e9es en utilisant des substances identiques \u00e0 celles trouv\u00e9es dans la nature.\" \/>\n<meta name=\"robots\" content=\"noindex, follow, max-snippet:-1, max-image-preview:large, max-video-preview:-1\" \/>\n<meta property=\"og:locale\" content=\"fr_FR\" \/>\n<meta property=\"og:type\" content=\"article\" \/>\n<meta property=\"og:title\" content=\"App\u00e2t pour Cerfs - Eurohunt 500 ml\" \/>\n<meta property=\"og:description\" content=\"Cet app\u00e2t \u00e0 l\u2019odeur irr\u00e9sistible est fabriqu\u00e9 selon les normes de qualit\u00e9 les plus \u00e9lev\u00e9es en utilisant des substances identiques \u00e0 celles trouv\u00e9es dans la nature.\" \/>\n<meta property=\"og:url\" content=\"https:\/\/staging.lucky-hunter.com\/product\/hunting-lure-red-deer-500-ml\/\" \/>\n<meta property=\"og:site_name\" content=\"Lucky-Hunter\" \/>\n<meta property=\"article:modified_time\" content=\"2025-06-26T12:42:59+00:00\" \/>\n<meta property=\"og:image\" content=\"https:\/\/staging.lucky-hunter.com\/wp-content\/uploads\/2017\/06\/590277-Lokkemiddels-duft-Spray-kronhjort.png\" \/>\n\t<meta property=\"og:image:width\" content=\"1000\" \/>\n\t<meta property=\"og:image:height\" content=\"1000\" \/>\n\t<meta property=\"og:image:type\" content=\"image\/png\" \/>\n<meta name=\"twitter:card\" content=\"summary_large_image\" \/>\n<meta name=\"twitter:label1\" content=\"Dur\u00e9e de lecture estim\u00e9e\" \/>\n\t<meta name=\"twitter:data1\" content=\"1 minute\" \/>\n<script type=\"application\/ld+json\" class=\"yoast-schema-graph\">{\"@context\":\"https:\/\/schema.org\",\"@graph\":[{\"@type\":\"WebPage\",\"@id\":\"https:\/\/staging.lucky-hunter.com\/product\/hunting-lure-red-deer-500-ml\/\",\"url\":\"https:\/\/staging.lucky-hunter.com\/product\/hunting-lure-red-deer-500-ml\/\",\"name\":\"App\u00e2t pour Cerfs - Eurohunt 500 ml\",\"isPartOf\":{\"@id\":\"https:\/\/staging.lucky-hunter.com\/#website\"},\"primaryImageOfPage\":{\"@id\":\"https:\/\/staging.lucky-hunter.com\/product\/hunting-lure-red-deer-500-ml\/#primaryimage\"},\"image\":{\"@id\":\"https:\/\/staging.lucky-hunter.com\/product\/hunting-lure-red-deer-500-ml\/#primaryimage\"},\"thumbnailUrl\":\"https:\/\/staging.lucky-hunter.com\/wp-content\/uploads\/2017\/06\/590277-Lokkemiddels-duft-Spray-kronhjort.png\",\"datePublished\":\"2020-11-30T08:22:35+00:00\",\"dateModified\":\"2025-06-26T12:42:59+00:00\",\"description\":\"Cet app\u00e2t \u00e0 l\u2019odeur irr\u00e9sistible est fabriqu\u00e9 selon les normes de qualit\u00e9 les plus \u00e9lev\u00e9es en utilisant des substances identiques \u00e0 celles trouv\u00e9es dans la nature.\",\"breadcrumb\":{\"@id\":\"https:\/\/staging.lucky-hunter.com\/product\/hunting-lure-red-deer-500-ml\/#breadcrumb\"},\"inLanguage\":\"fr-FR\",\"potentialAction\":[{\"@type\":\"ReadAction\",\"target\":[\"https:\/\/staging.lucky-hunter.com\/product\/hunting-lure-red-deer-500-ml\/\"]}]},{\"@type\":\"ImageObject\",\"inLanguage\":\"fr-FR\",\"@id\":\"https:\/\/staging.lucky-hunter.com\/product\/hunting-lure-red-deer-500-ml\/#primaryimage\",\"url\":\"https:\/\/staging.lucky-hunter.com\/wp-content\/uploads\/2017\/06\/590277-Lokkemiddels-duft-Spray-kronhjort.png\",\"contentUrl\":\"https:\/\/staging.lucky-hunter.com\/wp-content\/uploads\/2017\/06\/590277-Lokkemiddels-duft-Spray-kronhjort.png\",\"width\":1000,\"height\":1000},{\"@type\":\"BreadcrumbList\",\"@id\":\"https:\/\/staging.lucky-hunter.com\/product\/hunting-lure-red-deer-500-ml\/#breadcrumb\",\"itemListElement\":[{\"@type\":\"ListItem\",\"position\":1,\"name\":\"Home\",\"item\":\"https:\/\/staging.lucky-hunter.com\/fr\/\"},{\"@type\":\"ListItem\",\"position\":2,\"name\":\"Boutique\",\"item\":\"https:\/\/staging.lucky-hunter.com\/fr\/shop\/\"},{\"@type\":\"ListItem\",\"position\":3,\"name\":\"App\u00e2t pour Cerfs &#8211; Eurohunt 500 ml\"}]},{\"@type\":\"WebSite\",\"@id\":\"https:\/\/staging.lucky-hunter.com\/#website\",\"url\":\"https:\/\/staging.lucky-hunter.com\/\",\"name\":\"Lucky-Hunter\",\"description\":\"Gear Up or Give Up\",\"potentialAction\":[{\"@type\":\"SearchAction\",\"target\":{\"@type\":\"EntryPoint\",\"urlTemplate\":\"https:\/\/staging.lucky-hunter.com\/?s={search_term_string}\"},\"query-input\":{\"@type\":\"PropertyValueSpecification\",\"valueRequired\":true,\"valueName\":\"search_term_string\"}}],\"inLanguage\":\"fr-FR\"}]}<\/script>\n<!-- \/ Yoast SEO plugin. -->","yoast_head_json":{"title":"App\u00e2t pour Cerfs - Eurohunt 500 ml","description":"Cet app\u00e2t \u00e0 l\u2019odeur irr\u00e9sistible est fabriqu\u00e9 selon les normes de qualit\u00e9 les plus \u00e9lev\u00e9es en utilisant des substances identiques \u00e0 celles trouv\u00e9es dans la nature.","robots":{"index":"noindex","follow":"follow","max-snippet":"max-snippet:-1","max-image-preview":"max-image-preview:large","max-video-preview":"max-video-preview:-1"},"og_locale":"fr_FR","og_type":"article","og_title":"App\u00e2t pour Cerfs - Eurohunt 500 ml","og_description":"Cet app\u00e2t \u00e0 l\u2019odeur irr\u00e9sistible est fabriqu\u00e9 selon les normes de qualit\u00e9 les plus \u00e9lev\u00e9es en utilisant des substances identiques \u00e0 celles trouv\u00e9es dans la nature.","og_url":"https:\/\/staging.lucky-hunter.com\/product\/hunting-lure-red-deer-500-ml\/","og_site_name":"Lucky-Hunter","article_modified_time":"2025-06-26T12:42:59+00:00","og_image":[{"width":1000,"height":1000,"url":"https:\/\/staging.lucky-hunter.com\/wp-content\/uploads\/2017\/06\/590277-Lokkemiddels-duft-Spray-kronhjort.png","type":"image\/png"}],"twitter_card":"summary_large_image","twitter_misc":{"Dur\u00e9e de lecture estim\u00e9e":"1 minute"},"schema":{"@context":"https:\/\/schema.org","@graph":[{"@type":"WebPage","@id":"https:\/\/staging.lucky-hunter.com\/product\/hunting-lure-red-deer-500-ml\/","url":"https:\/\/staging.lucky-hunter.com\/product\/hunting-lure-red-deer-500-ml\/","name":"App\u00e2t pour Cerfs - Eurohunt 500 ml","isPartOf":{"@id":"https:\/\/staging.lucky-hunter.com\/#website"},"primaryImageOfPage":{"@id":"https:\/\/staging.lucky-hunter.com\/product\/hunting-lure-red-deer-500-ml\/#primaryimage"},"image":{"@id":"https:\/\/staging.lucky-hunter.com\/product\/hunting-lure-red-deer-500-ml\/#primaryimage"},"thumbnailUrl":"https:\/\/staging.lucky-hunter.com\/wp-content\/uploads\/2017\/06\/590277-Lokkemiddels-duft-Spray-kronhjort.png","datePublished":"2020-11-30T08:22:35+00:00","dateModified":"2025-06-26T12:42:59+00:00","description":"Cet app\u00e2t \u00e0 l\u2019odeur irr\u00e9sistible est fabriqu\u00e9 selon les normes de qualit\u00e9 les plus \u00e9lev\u00e9es en utilisant des substances identiques \u00e0 celles trouv\u00e9es dans la nature.","breadcrumb":{"@id":"https:\/\/staging.lucky-hunter.com\/product\/hunting-lure-red-deer-500-ml\/#breadcrumb"},"inLanguage":"fr-FR","potentialAction":[{"@type":"ReadAction","target":["https:\/\/staging.lucky-hunter.com\/product\/hunting-lure-red-deer-500-ml\/"]}]},{"@type":"ImageObject","inLanguage":"fr-FR","@id":"https:\/\/staging.lucky-hunter.com\/product\/hunting-lure-red-deer-500-ml\/#primaryimage","url":"https:\/\/staging.lucky-hunter.com\/wp-content\/uploads\/2017\/06\/590277-Lokkemiddels-duft-Spray-kronhjort.png","contentUrl":"https:\/\/staging.lucky-hunter.com\/wp-content\/uploads\/2017\/06\/590277-Lokkemiddels-duft-Spray-kronhjort.png","width":1000,"height":1000},{"@type":"BreadcrumbList","@id":"https:\/\/staging.lucky-hunter.com\/product\/hunting-lure-red-deer-500-ml\/#breadcrumb","itemListElement":[{"@type":"ListItem","position":1,"name":"Home","item":"https:\/\/staging.lucky-hunter.com\/fr\/"},{"@type":"ListItem","position":2,"name":"Boutique","item":"https:\/\/staging.lucky-hunter.com\/fr\/shop\/"},{"@type":"ListItem","position":3,"name":"App\u00e2t pour Cerfs &#8211; Eurohunt 500 ml"}]},{"@type":"WebSite","@id":"https:\/\/staging.lucky-hunter.com\/#website","url":"https:\/\/staging.lucky-hunter.com\/","name":"Lucky-Hunter","description":"Gear Up or Give Up","potentialAction":[{"@type":"SearchAction","target":{"@type":"EntryPoint","urlTemplate":"https:\/\/staging.lucky-hunter.com\/?s={search_term_string}"},"query-input":{"@type":"PropertyValueSpecification","valueRequired":true,"valueName":"search_term_string"}}],"inLanguage":"fr-FR"}]}},"_links":{"self":[{"href":"https:\/\/staging.lucky-hunter.com\/fr\/wp-json\/wp\/v2\/product\/56923"}],"collection":[{"href":"https:\/\/staging.lucky-hunter.com\/fr\/wp-json\/wp\/v2\/product"}],"about":[{"href":"https:\/\/staging.lucky-hunter.com\/fr\/wp-json\/wp\/v2\/types\/product"}],"wp:featuredmedia":[{"embeddable":true,"href":"https:\/\/staging.lucky-hunter.com\/fr\/wp-json\/wp\/v2\/media\/28691"}],"wp:attachment":[{"href":"https:\/\/staging.lucky-hunter.com\/fr\/wp-json\/wp\/v2\/media?parent=56923"}],"wp:term":[{"taxonomy":"product_brand","embeddable":true,"href":"https:\/\/staging.lucky-hunter.com\/fr\/wp-json\/wp\/v2\/product_brand?post=56923"},{"taxonomy":"product_cat","embeddable":true,"href":"https:\/\/staging.lucky-hunter.com\/fr\/wp-json\/wp\/v2\/product_cat?post=56923"},{"taxonomy":"product_tag","embeddable":true,"href":"https:\/\/staging.lucky-hunter.com\/fr\/wp-json\/wp\/v2\/product_tag?post=56923"}],"curies":[{"name":"wp","href":"https:\/\/api.w.org\/{rel}","templated":true}]}}