{"id":56910,"date":"2018-02-28T13:34:44","date_gmt":"2018-02-28T12:34:44","guid":{"rendered":"https:\/\/staging.lucky-hunter.com\/product\/teflon-weapon-grease-100-gram\/"},"modified":"2025-07-01T12:40:43","modified_gmt":"2025-07-01T10:40:43","slug":"graisse-teflon-100-grammes-de-qualite-professionnelle","status":"publish","type":"product","link":"https:\/\/staging.lucky-hunter.com\/fr\/product\/graisse-teflon-100-grammes-de-qualite-professionnelle\/","title":{"rendered":"Graisse T\u00e9flon &#8211; 100 g"},"content":{"rendered":"<h2><strong>Graisse pour Armes au T\u00e9flon &#8211; 100 g<\/strong><\/h2>\n<p>La graisse Teflon est une graisse de confiance. De haute qualit\u00e9 et enti\u00e8rement sans r\u00e9sine ni acide.<\/p>\n<p>Produit de qualit\u00e9 allemande pour toutes les parties de l\u2019arme, y compris le canon et la crosse. La graisse est inodore et convient \u00e0 toute l&#8217;arme, y compris le canon int\u00e9rieur et l&#8217;entretien du manche.<\/p>\n<p>Scelle le bois et le m\u00e9tal.<\/p>\n<p>Lubrification \u00e9lev\u00e9e et protection parfaite, m\u00eame dans les conditions d&#8217;utilisation les plus extr\u00eames.<\/p>\n<p>Utilis\u00e9 et recommand\u00e9 par des entreprises distingu\u00e9es.<\/p>\n<p>Contient des particules sph\u00e9riques micro-fines de T\u00e9flon, pour une lubrification et une protection \u00e9lev\u00e9es m\u00eame dans les pires conditions.<\/p>\n<p>La crosse et toutes les surfaces resteront s\u00e8ches et totalement \u00e9tanches.<\/p>\n","protected":false},"excerpt":{"rendered":"<p>Produit de qualit\u00e9 allemande pour toutes les parties de l\u2019arme, y compris le canon et la crosse.<\/p>\n","protected":false},"featured_media":29729,"template":"","meta":[],"product_brand":[],"product_cat":[9368],"product_tag":[],"yoast_head":"<!-- This site is optimized with the Yoast SEO plugin v24.3 - https:\/\/yoast.com\/wordpress\/plugins\/seo\/ -->\n<title>Graisse T\u00e9flon 100 grammes de qualit\u00e9 professionnelle | Chasseur chanceux<\/title>\n<meta name=\"description\" content=\"La graisse d&#039;arme Teflon est le compagnon id\u00e9al pour votre arme. Scelle le bois et le m\u00e9tal.\" \/>\n<meta name=\"robots\" content=\"noindex, follow, max-snippet:-1, max-image-preview:large, max-video-preview:-1\" \/>\n<meta property=\"og:locale\" content=\"fr_FR\" \/>\n<meta property=\"og:type\" content=\"article\" \/>\n<meta property=\"og:title\" content=\"Graisse pour armes au t\u00e9flon - 100 grammes de qualit\u00e9 professionnelle | Chasseur chanceux\" \/>\n<meta property=\"og:description\" content=\"Une protection parfaite pour votre arme, \u00e0 l&#039;int\u00e9rieur comme \u00e0 l&#039;ext\u00e9rieur. La graisse d&#039;arme Teflon est le compagnon id\u00e9al pour votre arme. Scelle le bois et le m\u00e9tal.\" \/>\n<meta property=\"og:url\" content=\"https:\/\/staging.lucky-hunter.com\/product\/teflon-weapon-grease-100-gram\/\" \/>\n<meta property=\"og:site_name\" content=\"Lucky-Hunter\" \/>\n<meta property=\"article:modified_time\" content=\"2025-07-01T10:40:43+00:00\" \/>\n<meta property=\"og:image\" content=\"https:\/\/staging.lucky-hunter.com\/wp-content\/uploads\/2018\/02\/520010.png\" \/>\n\t<meta property=\"og:image:width\" content=\"1000\" \/>\n\t<meta property=\"og:image:height\" content=\"1000\" \/>\n\t<meta property=\"og:image:type\" content=\"image\/png\" \/>\n<meta name=\"twitter:card\" content=\"summary_large_image\" \/>\n<meta name=\"twitter:title\" content=\"Graisse pour armes au t\u00e9flon - 100 grammes | Chasseur chanceux\" \/>\n<meta name=\"twitter:description\" content=\"Une protection parfaite pour votre arme, \u00e0 l&#039;int\u00e9rieur comme \u00e0 l&#039;ext\u00e9rieur. La graisse d&#039;arme Teflon est le compagnon id\u00e9al pour votre arme. Scelle le bois et le m\u00e9tal.\" \/>\n<meta name=\"twitter:label1\" content=\"Dur\u00e9e de lecture estim\u00e9e\" \/>\n\t<meta name=\"twitter:data1\" content=\"1 minute\" \/>\n<script type=\"application\/ld+json\" class=\"yoast-schema-graph\">{\"@context\":\"https:\/\/schema.org\",\"@graph\":[{\"@type\":\"WebPage\",\"@id\":\"https:\/\/staging.lucky-hunter.com\/product\/teflon-weapon-grease-100-gram\/\",\"url\":\"https:\/\/staging.lucky-hunter.com\/product\/teflon-weapon-grease-100-gram\/\",\"name\":\"Graisse T\u00e9flon 100 grammes de qualit\u00e9 professionnelle | Chasseur chanceux\",\"isPartOf\":{\"@id\":\"https:\/\/staging.lucky-hunter.com\/#website\"},\"primaryImageOfPage\":{\"@id\":\"https:\/\/staging.lucky-hunter.com\/product\/teflon-weapon-grease-100-gram\/#primaryimage\"},\"image\":{\"@id\":\"https:\/\/staging.lucky-hunter.com\/product\/teflon-weapon-grease-100-gram\/#primaryimage\"},\"thumbnailUrl\":\"https:\/\/staging.lucky-hunter.com\/wp-content\/uploads\/2018\/02\/520010.png\",\"datePublished\":\"2018-02-28T12:34:44+00:00\",\"dateModified\":\"2025-07-01T10:40:43+00:00\",\"description\":\"La graisse d'arme Teflon est le compagnon id\u00e9al pour votre arme. Scelle le bois et le m\u00e9tal.\",\"breadcrumb\":{\"@id\":\"https:\/\/staging.lucky-hunter.com\/product\/teflon-weapon-grease-100-gram\/#breadcrumb\"},\"inLanguage\":\"fr-FR\",\"potentialAction\":[{\"@type\":\"ReadAction\",\"target\":[\"https:\/\/staging.lucky-hunter.com\/product\/teflon-weapon-grease-100-gram\/\"]}]},{\"@type\":\"ImageObject\",\"inLanguage\":\"fr-FR\",\"@id\":\"https:\/\/staging.lucky-hunter.com\/product\/teflon-weapon-grease-100-gram\/#primaryimage\",\"url\":\"https:\/\/staging.lucky-hunter.com\/wp-content\/uploads\/2018\/02\/520010.png\",\"contentUrl\":\"https:\/\/staging.lucky-hunter.com\/wp-content\/uploads\/2018\/02\/520010.png\",\"width\":1000,\"height\":1000,\"caption\":\"Image of Teflon Weapon Grease - 100 gram\"},{\"@type\":\"BreadcrumbList\",\"@id\":\"https:\/\/staging.lucky-hunter.com\/product\/teflon-weapon-grease-100-gram\/#breadcrumb\",\"itemListElement\":[{\"@type\":\"ListItem\",\"position\":1,\"name\":\"Home\",\"item\":\"https:\/\/staging.lucky-hunter.com\/fr\/\"},{\"@type\":\"ListItem\",\"position\":2,\"name\":\"Boutique\",\"item\":\"https:\/\/staging.lucky-hunter.com\/fr\/shop\/\"},{\"@type\":\"ListItem\",\"position\":3,\"name\":\"Graisse T\u00e9flon &#8211; 100 g\"}]},{\"@type\":\"WebSite\",\"@id\":\"https:\/\/staging.lucky-hunter.com\/#website\",\"url\":\"https:\/\/staging.lucky-hunter.com\/\",\"name\":\"Lucky-Hunter\",\"description\":\"Gear Up or Give Up\",\"potentialAction\":[{\"@type\":\"SearchAction\",\"target\":{\"@type\":\"EntryPoint\",\"urlTemplate\":\"https:\/\/staging.lucky-hunter.com\/?s={search_term_string}\"},\"query-input\":{\"@type\":\"PropertyValueSpecification\",\"valueRequired\":true,\"valueName\":\"search_term_string\"}}],\"inLanguage\":\"fr-FR\"}]}<\/script>\n<!-- \/ Yoast SEO plugin. -->","yoast_head_json":{"title":"Graisse T\u00e9flon 100 grammes de qualit\u00e9 professionnelle | Chasseur chanceux","description":"La graisse d'arme Teflon est le compagnon id\u00e9al pour votre arme. Scelle le bois et le m\u00e9tal.","robots":{"index":"noindex","follow":"follow","max-snippet":"max-snippet:-1","max-image-preview":"max-image-preview:large","max-video-preview":"max-video-preview:-1"},"og_locale":"fr_FR","og_type":"article","og_title":"Graisse pour armes au t\u00e9flon - 100 grammes de qualit\u00e9 professionnelle | Chasseur chanceux","og_description":"Une protection parfaite pour votre arme, \u00e0 l'int\u00e9rieur comme \u00e0 l'ext\u00e9rieur. La graisse d'arme Teflon est le compagnon id\u00e9al pour votre arme. Scelle le bois et le m\u00e9tal.","og_url":"https:\/\/staging.lucky-hunter.com\/product\/teflon-weapon-grease-100-gram\/","og_site_name":"Lucky-Hunter","article_modified_time":"2025-07-01T10:40:43+00:00","og_image":[{"width":1000,"height":1000,"url":"https:\/\/staging.lucky-hunter.com\/wp-content\/uploads\/2018\/02\/520010.png","type":"image\/png"}],"twitter_card":"summary_large_image","twitter_title":"Graisse pour armes au t\u00e9flon - 100 grammes | Chasseur chanceux","twitter_description":"Une protection parfaite pour votre arme, \u00e0 l'int\u00e9rieur comme \u00e0 l'ext\u00e9rieur. La graisse d'arme Teflon est le compagnon id\u00e9al pour votre arme. Scelle le bois et le m\u00e9tal.","twitter_misc":{"Dur\u00e9e de lecture estim\u00e9e":"1 minute"},"schema":{"@context":"https:\/\/schema.org","@graph":[{"@type":"WebPage","@id":"https:\/\/staging.lucky-hunter.com\/product\/teflon-weapon-grease-100-gram\/","url":"https:\/\/staging.lucky-hunter.com\/product\/teflon-weapon-grease-100-gram\/","name":"Graisse T\u00e9flon 100 grammes de qualit\u00e9 professionnelle | Chasseur chanceux","isPartOf":{"@id":"https:\/\/staging.lucky-hunter.com\/#website"},"primaryImageOfPage":{"@id":"https:\/\/staging.lucky-hunter.com\/product\/teflon-weapon-grease-100-gram\/#primaryimage"},"image":{"@id":"https:\/\/staging.lucky-hunter.com\/product\/teflon-weapon-grease-100-gram\/#primaryimage"},"thumbnailUrl":"https:\/\/staging.lucky-hunter.com\/wp-content\/uploads\/2018\/02\/520010.png","datePublished":"2018-02-28T12:34:44+00:00","dateModified":"2025-07-01T10:40:43+00:00","description":"La graisse d'arme Teflon est le compagnon id\u00e9al pour votre arme. Scelle le bois et le m\u00e9tal.","breadcrumb":{"@id":"https:\/\/staging.lucky-hunter.com\/product\/teflon-weapon-grease-100-gram\/#breadcrumb"},"inLanguage":"fr-FR","potentialAction":[{"@type":"ReadAction","target":["https:\/\/staging.lucky-hunter.com\/product\/teflon-weapon-grease-100-gram\/"]}]},{"@type":"ImageObject","inLanguage":"fr-FR","@id":"https:\/\/staging.lucky-hunter.com\/product\/teflon-weapon-grease-100-gram\/#primaryimage","url":"https:\/\/staging.lucky-hunter.com\/wp-content\/uploads\/2018\/02\/520010.png","contentUrl":"https:\/\/staging.lucky-hunter.com\/wp-content\/uploads\/2018\/02\/520010.png","width":1000,"height":1000,"caption":"Image of Teflon Weapon Grease - 100 gram"},{"@type":"BreadcrumbList","@id":"https:\/\/staging.lucky-hunter.com\/product\/teflon-weapon-grease-100-gram\/#breadcrumb","itemListElement":[{"@type":"ListItem","position":1,"name":"Home","item":"https:\/\/staging.lucky-hunter.com\/fr\/"},{"@type":"ListItem","position":2,"name":"Boutique","item":"https:\/\/staging.lucky-hunter.com\/fr\/shop\/"},{"@type":"ListItem","position":3,"name":"Graisse T\u00e9flon &#8211; 100 g"}]},{"@type":"WebSite","@id":"https:\/\/staging.lucky-hunter.com\/#website","url":"https:\/\/staging.lucky-hunter.com\/","name":"Lucky-Hunter","description":"Gear Up or Give Up","potentialAction":[{"@type":"SearchAction","target":{"@type":"EntryPoint","urlTemplate":"https:\/\/staging.lucky-hunter.com\/?s={search_term_string}"},"query-input":{"@type":"PropertyValueSpecification","valueRequired":true,"valueName":"search_term_string"}}],"inLanguage":"fr-FR"}]}},"_links":{"self":[{"href":"https:\/\/staging.lucky-hunter.com\/fr\/wp-json\/wp\/v2\/product\/56910"}],"collection":[{"href":"https:\/\/staging.lucky-hunter.com\/fr\/wp-json\/wp\/v2\/product"}],"about":[{"href":"https:\/\/staging.lucky-hunter.com\/fr\/wp-json\/wp\/v2\/types\/product"}],"wp:featuredmedia":[{"embeddable":true,"href":"https:\/\/staging.lucky-hunter.com\/fr\/wp-json\/wp\/v2\/media\/29729"}],"wp:attachment":[{"href":"https:\/\/staging.lucky-hunter.com\/fr\/wp-json\/wp\/v2\/media?parent=56910"}],"wp:term":[{"taxonomy":"product_brand","embeddable":true,"href":"https:\/\/staging.lucky-hunter.com\/fr\/wp-json\/wp\/v2\/product_brand?post=56910"},{"taxonomy":"product_cat","embeddable":true,"href":"https:\/\/staging.lucky-hunter.com\/fr\/wp-json\/wp\/v2\/product_cat?post=56910"},{"taxonomy":"product_tag","embeddable":true,"href":"https:\/\/staging.lucky-hunter.com\/fr\/wp-json\/wp\/v2\/product_tag?post=56910"}],"curies":[{"name":"wp","href":"https:\/\/api.w.org\/{rel}","templated":true}]}}