{"id":56907,"date":"2016-11-07T16:03:21","date_gmt":"2016-11-07T15:03:21","guid":{"rendered":"https:\/\/staging.lucky-hunter.com\/product\/foderautomatik-proff-centrifugal-wf-15\/"},"modified":"2023-02-02T00:51:21","modified_gmt":"2023-02-01T23:51:21","slug":"foderautomatik-proff-centrifugal-wf-15","status":"publish","type":"product","link":"https:\/\/staging.lucky-hunter.com\/fr\/product\/foderautomatik-proff-centrifugal-wf-15\/","title":{"rendered":"Agrainoir Automatique Pro 12 volts"},"content":{"rendered":"<h2><strong>Agrainoir automatique de qualit\u00e9 professionnelle<\/strong><\/h2>\n<p>Agrainoir automatique professionnel avec un puissant moteur de 39 watts et du m\u00e9tal galvanis\u00e9 pour plus de durabilit\u00e9.<\/p>\n<p>Le plateau de distribution est en aluminium et les boulons et \u00e9crous pour le montage sur le conteneur\/bidon sont en acier inoxydable.<\/p>\n<p>Cet agrainoir automatique dispose du moteur de 12 volts le plus puissant du march\u00e9. Cela garantit un fonctionnement beaucoup plus long et sans entretien. Il s\u2019agit de notre produit le plus vendu pour nourrir les sangliers.<\/p>\n<p>L\u2019agrainoir peut \u00eatre programm\u00e9 pour distribuer de la nourriture 6 fois par jour.<\/p>\n<p>Les canards, les faisans, les cerfs, les sangliers, les chevreuils, etc. r\u00e9aliseront rapidement que la nourriture est disponible \u00e0 heures fixes, le gibier visitera donc r\u00e9guli\u00e8rement votre zone d\u2019agrainage.<\/p>\n<p>Le temps que vous consacrez \u00e0 l&#8217;agrainage peut \u00eatre r\u00e9duit \u00e0 seulement 3 ou 4 fois par an selon la consommation. Selon les documents, il est possible de r\u00e9duire la consommation de jusqu&#8217;\u00e0 30\u00a0%.<\/p>\n<p>Vous pouvez am\u00e9liorer consid\u00e9rablement votre agrainage en connectant un dispositif sonore \u00e0 votre agrainoir (voir accessoires). Le dispositif sonore \u00e9mettra un signal avant que la distribution de nourriture ne commence. Le gibier associera rapidement ce son \u00e0 la nourriture.<\/p>\n<p>Avec un dispositif sonore, vous pouvez maintenir les faisans et les canards sur votre propri\u00e9t\u00e9 et augmenter consid\u00e9rablement le rendement de votre l\u00e2cher de faisans\/canards.<\/p>\n<p><strong>Accessoires (vendus s\u00e9par\u00e9ment) :<\/strong><\/p>\n<ul>\n<li>Batterie de 12 volts<\/li>\n<li>Panneau solaire<\/li>\n<li>Dispositif sonore<\/li>\n<li>Pare-oiseaux.<\/li>\n<\/ul>\n<p><strong>Caract\u00e9ristiques\u00a0:<\/strong><\/p>\n<ul>\n<li>L\u2019agrainoir peut distribuer de la nourriture jusqu&#8217;\u00e0 30 m\u00e8tres<\/li>\n<li>La vitesse du moteur peut \u00eatre contr\u00f4l\u00e9e<\/li>\n<li>La quantit\u00e9 d&#8217;aliments peut \u00eatre ajust\u00e9e de 0 \u00e0 10 kg.<\/li>\n<li>Peut \u00eatre programm\u00e9 pour distribuer de la nourriture de 1 \u00e0 6 fois par jour.<\/li>\n<li>Batterie rechargeable de 12 volts avec minimum 7Ah<\/li>\n<li>Tr\u00e8s facile \u00e0 utiliser &#8211; programmation similaire \u00e0 celle d&#8217;un radio-r\u00e9veil<\/li>\n<li>L\u2019agrainoir est pr\u00e9par\u00e9 pour le montage d&#8217;un panneau solaire<\/li>\n<\/ul>\n","protected":false},"excerpt":{"rendered":"<p>Agrainoir automatique professionnel avec un puissant moteur de 39 watts et du m\u00e9tal galvanis\u00e9 pour plus de durabilit\u00e9.\u00a0Cet agrainoir automatique dispose du moteur de 12 volts le plus puissant du march\u00e9. Cela garantit un fonctionnement beaucoup plus long et sans entretien.<\/p>\n","protected":false},"featured_media":29803,"template":"","meta":[],"product_brand":[],"product_cat":[8233],"product_tag":[9151,9442],"yoast_head":"<!-- This site is optimized with the Yoast SEO plugin v24.3 - https:\/\/yoast.com\/wordpress\/plugins\/seo\/ -->\n<title>Agrainoir Automatique Pro 12 volts - Agrainoir automatique professionnel avec un puissant moteur de 39 watts et du m\u00e9tal galvanis\u00e9 pour plus de durabilit\u00e9.<\/title>\n<meta name=\"description\" content=\"Cet agrainoir automatique dispose du moteur de 12 volts le plus puissant du march\u00e9. Cela garantit un fonctionnement beaucoup plus long et sans entretien.\" \/>\n<meta name=\"robots\" content=\"noindex, follow, max-snippet:-1, max-image-preview:large, max-video-preview:-1\" \/>\n<meta property=\"og:locale\" content=\"fr_FR\" \/>\n<meta property=\"og:type\" content=\"article\" \/>\n<meta property=\"og:title\" content=\"Agrainoir Automatique Pro 12 volts - Agrainoir automatique professionnel avec un puissant moteur de 39 watts et du m\u00e9tal galvanis\u00e9 pour plus de durabilit\u00e9.\" \/>\n<meta property=\"og:description\" content=\"Cet agrainoir automatique dispose du moteur de 12 volts le plus puissant du march\u00e9. Cela garantit un fonctionnement beaucoup plus long et sans entretien.\" \/>\n<meta property=\"og:url\" content=\"https:\/\/staging.lucky-hunter.com\/fr\/product\/foderautomatik-proff-centrifugal-wf-15\/\" \/>\n<meta property=\"og:site_name\" content=\"Lucky-Hunter\" \/>\n<meta property=\"article:modified_time\" content=\"2023-02-01T23:51:21+00:00\" \/>\n<meta property=\"og:image\" content=\"https:\/\/staging.lucky-hunter.com\/wp-content\/uploads\/2016\/11\/WF-15-LH.png\" \/>\n\t<meta property=\"og:image:width\" content=\"1000\" \/>\n\t<meta property=\"og:image:height\" content=\"1000\" \/>\n\t<meta property=\"og:image:type\" content=\"image\/png\" \/>\n<meta name=\"twitter:card\" content=\"summary_large_image\" \/>\n<meta name=\"twitter:label1\" content=\"Dur\u00e9e de lecture estim\u00e9e\" \/>\n\t<meta name=\"twitter:data1\" content=\"2 minutes\" \/>\n<script type=\"application\/ld+json\" class=\"yoast-schema-graph\">{\"@context\":\"https:\/\/schema.org\",\"@graph\":[{\"@type\":\"WebPage\",\"@id\":\"https:\/\/staging.lucky-hunter.com\/fr\/product\/foderautomatik-proff-centrifugal-wf-15\/\",\"url\":\"https:\/\/staging.lucky-hunter.com\/fr\/product\/foderautomatik-proff-centrifugal-wf-15\/\",\"name\":\"Agrainoir Automatique Pro 12 volts - Agrainoir automatique professionnel avec un puissant moteur de 39 watts et du m\u00e9tal galvanis\u00e9 pour plus de durabilit\u00e9.\",\"isPartOf\":{\"@id\":\"https:\/\/staging.lucky-hunter.com\/#website\"},\"primaryImageOfPage\":{\"@id\":\"https:\/\/staging.lucky-hunter.com\/fr\/product\/foderautomatik-proff-centrifugal-wf-15\/#primaryimage\"},\"image\":{\"@id\":\"https:\/\/staging.lucky-hunter.com\/fr\/product\/foderautomatik-proff-centrifugal-wf-15\/#primaryimage\"},\"thumbnailUrl\":\"https:\/\/staging.lucky-hunter.com\/wp-content\/uploads\/2016\/11\/WF-15-LH.png\",\"datePublished\":\"2016-11-07T15:03:21+00:00\",\"dateModified\":\"2023-02-01T23:51:21+00:00\",\"description\":\"Cet agrainoir automatique dispose du moteur de 12 volts le plus puissant du march\u00e9. Cela garantit un fonctionnement beaucoup plus long et sans entretien.\",\"breadcrumb\":{\"@id\":\"https:\/\/staging.lucky-hunter.com\/fr\/product\/foderautomatik-proff-centrifugal-wf-15\/#breadcrumb\"},\"inLanguage\":\"fr-FR\",\"potentialAction\":[{\"@type\":\"ReadAction\",\"target\":[\"https:\/\/staging.lucky-hunter.com\/fr\/product\/foderautomatik-proff-centrifugal-wf-15\/\"]}]},{\"@type\":\"ImageObject\",\"inLanguage\":\"fr-FR\",\"@id\":\"https:\/\/staging.lucky-hunter.com\/fr\/product\/foderautomatik-proff-centrifugal-wf-15\/#primaryimage\",\"url\":\"https:\/\/staging.lucky-hunter.com\/wp-content\/uploads\/2016\/11\/WF-15-LH.png\",\"contentUrl\":\"https:\/\/staging.lucky-hunter.com\/wp-content\/uploads\/2016\/11\/WF-15-LH.png\",\"width\":1000,\"height\":1000},{\"@type\":\"BreadcrumbList\",\"@id\":\"https:\/\/staging.lucky-hunter.com\/fr\/product\/foderautomatik-proff-centrifugal-wf-15\/#breadcrumb\",\"itemListElement\":[{\"@type\":\"ListItem\",\"position\":1,\"name\":\"Home\",\"item\":\"https:\/\/staging.lucky-hunter.com\/fr\/\"},{\"@type\":\"ListItem\",\"position\":2,\"name\":\"Boutique\",\"item\":\"https:\/\/staging.lucky-hunter.com\/fr\/shop\/\"},{\"@type\":\"ListItem\",\"position\":3,\"name\":\"Agrainoir Automatique Pro 12 volts\"}]},{\"@type\":\"WebSite\",\"@id\":\"https:\/\/staging.lucky-hunter.com\/#website\",\"url\":\"https:\/\/staging.lucky-hunter.com\/\",\"name\":\"Lucky-Hunter\",\"description\":\"Gear Up or Give Up\",\"potentialAction\":[{\"@type\":\"SearchAction\",\"target\":{\"@type\":\"EntryPoint\",\"urlTemplate\":\"https:\/\/staging.lucky-hunter.com\/?s={search_term_string}\"},\"query-input\":{\"@type\":\"PropertyValueSpecification\",\"valueRequired\":true,\"valueName\":\"search_term_string\"}}],\"inLanguage\":\"fr-FR\"}]}<\/script>\n<!-- \/ Yoast SEO plugin. -->","yoast_head_json":{"title":"Agrainoir Automatique Pro 12 volts - Agrainoir automatique professionnel avec un puissant moteur de 39 watts et du m\u00e9tal galvanis\u00e9 pour plus de durabilit\u00e9.","description":"Cet agrainoir automatique dispose du moteur de 12 volts le plus puissant du march\u00e9. Cela garantit un fonctionnement beaucoup plus long et sans entretien.","robots":{"index":"noindex","follow":"follow","max-snippet":"max-snippet:-1","max-image-preview":"max-image-preview:large","max-video-preview":"max-video-preview:-1"},"og_locale":"fr_FR","og_type":"article","og_title":"Agrainoir Automatique Pro 12 volts - Agrainoir automatique professionnel avec un puissant moteur de 39 watts et du m\u00e9tal galvanis\u00e9 pour plus de durabilit\u00e9.","og_description":"Cet agrainoir automatique dispose du moteur de 12 volts le plus puissant du march\u00e9. Cela garantit un fonctionnement beaucoup plus long et sans entretien.","og_url":"https:\/\/staging.lucky-hunter.com\/fr\/product\/foderautomatik-proff-centrifugal-wf-15\/","og_site_name":"Lucky-Hunter","article_modified_time":"2023-02-01T23:51:21+00:00","og_image":[{"width":1000,"height":1000,"url":"https:\/\/staging.lucky-hunter.com\/wp-content\/uploads\/2016\/11\/WF-15-LH.png","type":"image\/png"}],"twitter_card":"summary_large_image","twitter_misc":{"Dur\u00e9e de lecture estim\u00e9e":"2 minutes"},"schema":{"@context":"https:\/\/schema.org","@graph":[{"@type":"WebPage","@id":"https:\/\/staging.lucky-hunter.com\/fr\/product\/foderautomatik-proff-centrifugal-wf-15\/","url":"https:\/\/staging.lucky-hunter.com\/fr\/product\/foderautomatik-proff-centrifugal-wf-15\/","name":"Agrainoir Automatique Pro 12 volts - Agrainoir automatique professionnel avec un puissant moteur de 39 watts et du m\u00e9tal galvanis\u00e9 pour plus de durabilit\u00e9.","isPartOf":{"@id":"https:\/\/staging.lucky-hunter.com\/#website"},"primaryImageOfPage":{"@id":"https:\/\/staging.lucky-hunter.com\/fr\/product\/foderautomatik-proff-centrifugal-wf-15\/#primaryimage"},"image":{"@id":"https:\/\/staging.lucky-hunter.com\/fr\/product\/foderautomatik-proff-centrifugal-wf-15\/#primaryimage"},"thumbnailUrl":"https:\/\/staging.lucky-hunter.com\/wp-content\/uploads\/2016\/11\/WF-15-LH.png","datePublished":"2016-11-07T15:03:21+00:00","dateModified":"2023-02-01T23:51:21+00:00","description":"Cet agrainoir automatique dispose du moteur de 12 volts le plus puissant du march\u00e9. Cela garantit un fonctionnement beaucoup plus long et sans entretien.","breadcrumb":{"@id":"https:\/\/staging.lucky-hunter.com\/fr\/product\/foderautomatik-proff-centrifugal-wf-15\/#breadcrumb"},"inLanguage":"fr-FR","potentialAction":[{"@type":"ReadAction","target":["https:\/\/staging.lucky-hunter.com\/fr\/product\/foderautomatik-proff-centrifugal-wf-15\/"]}]},{"@type":"ImageObject","inLanguage":"fr-FR","@id":"https:\/\/staging.lucky-hunter.com\/fr\/product\/foderautomatik-proff-centrifugal-wf-15\/#primaryimage","url":"https:\/\/staging.lucky-hunter.com\/wp-content\/uploads\/2016\/11\/WF-15-LH.png","contentUrl":"https:\/\/staging.lucky-hunter.com\/wp-content\/uploads\/2016\/11\/WF-15-LH.png","width":1000,"height":1000},{"@type":"BreadcrumbList","@id":"https:\/\/staging.lucky-hunter.com\/fr\/product\/foderautomatik-proff-centrifugal-wf-15\/#breadcrumb","itemListElement":[{"@type":"ListItem","position":1,"name":"Home","item":"https:\/\/staging.lucky-hunter.com\/fr\/"},{"@type":"ListItem","position":2,"name":"Boutique","item":"https:\/\/staging.lucky-hunter.com\/fr\/shop\/"},{"@type":"ListItem","position":3,"name":"Agrainoir Automatique Pro 12 volts"}]},{"@type":"WebSite","@id":"https:\/\/staging.lucky-hunter.com\/#website","url":"https:\/\/staging.lucky-hunter.com\/","name":"Lucky-Hunter","description":"Gear Up or Give Up","potentialAction":[{"@type":"SearchAction","target":{"@type":"EntryPoint","urlTemplate":"https:\/\/staging.lucky-hunter.com\/?s={search_term_string}"},"query-input":{"@type":"PropertyValueSpecification","valueRequired":true,"valueName":"search_term_string"}}],"inLanguage":"fr-FR"}]}},"_links":{"self":[{"href":"https:\/\/staging.lucky-hunter.com\/fr\/wp-json\/wp\/v2\/product\/56907"}],"collection":[{"href":"https:\/\/staging.lucky-hunter.com\/fr\/wp-json\/wp\/v2\/product"}],"about":[{"href":"https:\/\/staging.lucky-hunter.com\/fr\/wp-json\/wp\/v2\/types\/product"}],"wp:featuredmedia":[{"embeddable":true,"href":"https:\/\/staging.lucky-hunter.com\/fr\/wp-json\/wp\/v2\/media\/29803"}],"wp:attachment":[{"href":"https:\/\/staging.lucky-hunter.com\/fr\/wp-json\/wp\/v2\/media?parent=56907"}],"wp:term":[{"taxonomy":"product_brand","embeddable":true,"href":"https:\/\/staging.lucky-hunter.com\/fr\/wp-json\/wp\/v2\/product_brand?post=56907"},{"taxonomy":"product_cat","embeddable":true,"href":"https:\/\/staging.lucky-hunter.com\/fr\/wp-json\/wp\/v2\/product_cat?post=56907"},{"taxonomy":"product_tag","embeddable":true,"href":"https:\/\/staging.lucky-hunter.com\/fr\/wp-json\/wp\/v2\/product_tag?post=56907"}],"curies":[{"name":"wp","href":"https:\/\/api.w.org\/{rel}","templated":true}]}}