{"id":56906,"date":"2017-08-31T17:06:38","date_gmt":"2017-08-31T15:06:38","guid":{"rendered":"https:\/\/staging.lucky-hunter.com\/product\/avianx-deadhead-skull-lanyard\/"},"modified":"2023-03-14T15:53:51","modified_gmt":"2023-03-14T14:53:51","slug":"avianx-deadhead-skull-lanyard","status":"publish","type":"product","link":"https:\/\/staging.lucky-hunter.com\/fr\/product\/avianx-deadhead-skull-lanyard\/","title":{"rendered":"Cordon Tour de Cou Avian-X Deadhead Skull"},"content":{"rendered":"<h2>Cordon Tour de Cou Avian-X Deadhead Skull &#8211; portez vos appeaux avec style<\/h2>\n<p>Pendant la chasse, vous avez besoin d&#8217;un beau support pour tous vos appeaux. Ce tour de cou Avian X est con\u00e7u pour vous aider \u00e0 transporter les appeaux dont vous avez besoin pour votre journ\u00e9e de chasse. Gr\u00e2ce \u00e0 lui, vous n\u2019aurez plus \u00e0 vous souciez de sortir vos appeaux de vos poches et de les y ranger, ce qui peut \u00eatre ennuyeux et difficile lorsque vous avez les mains froides ou humides.<\/p>\n<p>Le cordon tour de cou Avian-X\u00ae Deadhead Skull est un tour de cou personnalis\u00e9, tress\u00e9 \u00e0 la main et sp\u00e9cialement con\u00e7u pour transporter 4 appeaux. Vous pourrez y attacher les 4 appeaux de votre choix, quels qu\u2019ils soient. Fabriqu\u00e9 \u00e0 partir de mat\u00e9riaux de premi\u00e8re qualit\u00e9, il est parfait pour les chasseurs chevronn\u00e9s. Il vous permettra de transporter vos appeaux pendant des ann\u00e9es.<\/p>\n<p>Chaque boucle \u00e0 appeau est suffisamment longue pour permettre un acc\u00e8s facile sans emm\u00ealer les appeaux, ce qui est parfait pour les chasseurs de sauvagine \u00e0 la recherche du meilleur design.<\/p>\n","protected":false},"excerpt":{"rendered":"<p>Le cordon tour de cou Avian-X\u00ae Deadhead Skull est un tour de cou personnalis\u00e9, tress\u00e9 \u00e0 la main et sp\u00e9cialement con\u00e7u pour transporter 4 appeaux. Parfait pour les chasseurs de sauvagine \u00e0 la recherche du meilleur design.<\/p>\n","protected":false},"featured_media":29451,"template":"","meta":[],"product_brand":[8132],"product_cat":[9341],"product_tag":[],"yoast_head":"<!-- This site is optimized with the Yoast SEO plugin v24.3 - https:\/\/yoast.com\/wordpress\/plugins\/seo\/ -->\n<title>Tour de Cou Avian-X Deadhead Skull pour vos appeaux | Lucky Hunter<\/title>\n<meta name=\"description\" content=\"Gear Up or Give Up Le cordon tour de cou Avian-X Deadhead Skull est un tour de cou personnalis\u00e9, tress\u00e9 \u00e0 la main et sp\u00e9cialement con\u00e7u pour transporter 4 appeaux.\" \/>\n<meta name=\"robots\" content=\"noindex, follow, max-snippet:-1, max-image-preview:large, max-video-preview:-1\" \/>\n<meta property=\"og:locale\" content=\"fr_FR\" \/>\n<meta property=\"og:type\" content=\"article\" \/>\n<meta property=\"og:title\" content=\"Tour de Cou AvianX Deadhead Skull pour vos appeaux | Lucky Hunter\" \/>\n<meta property=\"og:description\" content=\"Gear Up or Give Up Le cordon tour de cou Avian-X Deadhead Skull est un tour de cou personnalis\u00e9, tress\u00e9 \u00e0 la main et sp\u00e9cialement con\u00e7u pour transporter 4 appeaux.\" \/>\n<meta property=\"og:url\" content=\"https:\/\/staging.lucky-hunter.com\/fr\/product\/avianx-deadhead-skull-lanyard\/\" \/>\n<meta property=\"og:site_name\" content=\"Lucky-Hunter\" \/>\n<meta property=\"article:modified_time\" content=\"2023-03-14T14:53:51+00:00\" \/>\n<meta property=\"og:image\" content=\"https:\/\/staging.lucky-hunter.com\/wp-content\/uploads\/2017\/08\/LK-84.png\" \/>\n\t<meta property=\"og:image:width\" content=\"1000\" \/>\n\t<meta property=\"og:image:height\" content=\"1000\" \/>\n\t<meta property=\"og:image:type\" content=\"image\/png\" \/>\n<meta name=\"twitter:card\" content=\"summary_large_image\" \/>\n<meta name=\"twitter:title\" content=\"Tour de Cou AvianX Deadhead Skull pour vos appeaux | Lucky Hunter\" \/>\n<meta name=\"twitter:description\" content=\"Gear Up or Give Up Le cordon tour de cou Avian-X Deadhead Skull est un tour de cou personnalis\u00e9, tress\u00e9 \u00e0 la main et sp\u00e9cialement con\u00e7u pour transporter 4 appeaux.\" \/>\n<meta name=\"twitter:label1\" content=\"Dur\u00e9e de lecture estim\u00e9e\" \/>\n\t<meta name=\"twitter:data1\" content=\"1 minute\" \/>\n<script type=\"application\/ld+json\" class=\"yoast-schema-graph\">{\"@context\":\"https:\/\/schema.org\",\"@graph\":[{\"@type\":\"WebPage\",\"@id\":\"https:\/\/staging.lucky-hunter.com\/fr\/product\/avianx-deadhead-skull-lanyard\/\",\"url\":\"https:\/\/staging.lucky-hunter.com\/fr\/product\/avianx-deadhead-skull-lanyard\/\",\"name\":\"Tour de Cou Avian-X Deadhead Skull pour vos appeaux | Lucky Hunter\",\"isPartOf\":{\"@id\":\"https:\/\/staging.lucky-hunter.com\/#website\"},\"primaryImageOfPage\":{\"@id\":\"https:\/\/staging.lucky-hunter.com\/fr\/product\/avianx-deadhead-skull-lanyard\/#primaryimage\"},\"image\":{\"@id\":\"https:\/\/staging.lucky-hunter.com\/fr\/product\/avianx-deadhead-skull-lanyard\/#primaryimage\"},\"thumbnailUrl\":\"https:\/\/staging.lucky-hunter.com\/wp-content\/uploads\/2017\/08\/LK-84.png\",\"datePublished\":\"2017-08-31T15:06:38+00:00\",\"dateModified\":\"2023-03-14T14:53:51+00:00\",\"description\":\"Gear Up or Give Up Le cordon tour de cou Avian-X Deadhead Skull est un tour de cou personnalis\u00e9, tress\u00e9 \u00e0 la main et sp\u00e9cialement con\u00e7u pour transporter 4 appeaux.\",\"breadcrumb\":{\"@id\":\"https:\/\/staging.lucky-hunter.com\/fr\/product\/avianx-deadhead-skull-lanyard\/#breadcrumb\"},\"inLanguage\":\"fr-FR\",\"potentialAction\":[{\"@type\":\"ReadAction\",\"target\":[\"https:\/\/staging.lucky-hunter.com\/fr\/product\/avianx-deadhead-skull-lanyard\/\"]}]},{\"@type\":\"ImageObject\",\"inLanguage\":\"fr-FR\",\"@id\":\"https:\/\/staging.lucky-hunter.com\/fr\/product\/avianx-deadhead-skull-lanyard\/#primaryimage\",\"url\":\"https:\/\/staging.lucky-hunter.com\/wp-content\/uploads\/2017\/08\/LK-84.png\",\"contentUrl\":\"https:\/\/staging.lucky-hunter.com\/wp-content\/uploads\/2017\/08\/LK-84.png\",\"width\":1000,\"height\":1000,\"caption\":\"Image showing the Avian-X Deadhead Skull Lanyard\"},{\"@type\":\"BreadcrumbList\",\"@id\":\"https:\/\/staging.lucky-hunter.com\/fr\/product\/avianx-deadhead-skull-lanyard\/#breadcrumb\",\"itemListElement\":[{\"@type\":\"ListItem\",\"position\":1,\"name\":\"Home\",\"item\":\"https:\/\/staging.lucky-hunter.com\/fr\/\"},{\"@type\":\"ListItem\",\"position\":2,\"name\":\"Boutique\",\"item\":\"https:\/\/staging.lucky-hunter.com\/fr\/shop\/\"},{\"@type\":\"ListItem\",\"position\":3,\"name\":\"Cordon Tour de Cou Avian-X Deadhead Skull\"}]},{\"@type\":\"WebSite\",\"@id\":\"https:\/\/staging.lucky-hunter.com\/#website\",\"url\":\"https:\/\/staging.lucky-hunter.com\/\",\"name\":\"Lucky-Hunter\",\"description\":\"Gear Up or Give Up\",\"potentialAction\":[{\"@type\":\"SearchAction\",\"target\":{\"@type\":\"EntryPoint\",\"urlTemplate\":\"https:\/\/staging.lucky-hunter.com\/?s={search_term_string}\"},\"query-input\":{\"@type\":\"PropertyValueSpecification\",\"valueRequired\":true,\"valueName\":\"search_term_string\"}}],\"inLanguage\":\"fr-FR\"}]}<\/script>\n<!-- \/ Yoast SEO plugin. -->","yoast_head_json":{"title":"Tour de Cou Avian-X Deadhead Skull pour vos appeaux | Lucky Hunter","description":"Gear Up or Give Up Le cordon tour de cou Avian-X Deadhead Skull est un tour de cou personnalis\u00e9, tress\u00e9 \u00e0 la main et sp\u00e9cialement con\u00e7u pour transporter 4 appeaux.","robots":{"index":"noindex","follow":"follow","max-snippet":"max-snippet:-1","max-image-preview":"max-image-preview:large","max-video-preview":"max-video-preview:-1"},"og_locale":"fr_FR","og_type":"article","og_title":"Tour de Cou AvianX Deadhead Skull pour vos appeaux | Lucky Hunter","og_description":"Gear Up or Give Up Le cordon tour de cou Avian-X Deadhead Skull est un tour de cou personnalis\u00e9, tress\u00e9 \u00e0 la main et sp\u00e9cialement con\u00e7u pour transporter 4 appeaux.","og_url":"https:\/\/staging.lucky-hunter.com\/fr\/product\/avianx-deadhead-skull-lanyard\/","og_site_name":"Lucky-Hunter","article_modified_time":"2023-03-14T14:53:51+00:00","og_image":[{"width":1000,"height":1000,"url":"https:\/\/staging.lucky-hunter.com\/wp-content\/uploads\/2017\/08\/LK-84.png","type":"image\/png"}],"twitter_card":"summary_large_image","twitter_title":"Tour de Cou AvianX Deadhead Skull pour vos appeaux | Lucky Hunter","twitter_description":"Gear Up or Give Up Le cordon tour de cou Avian-X Deadhead Skull est un tour de cou personnalis\u00e9, tress\u00e9 \u00e0 la main et sp\u00e9cialement con\u00e7u pour transporter 4 appeaux.","twitter_misc":{"Dur\u00e9e de lecture estim\u00e9e":"1 minute"},"schema":{"@context":"https:\/\/schema.org","@graph":[{"@type":"WebPage","@id":"https:\/\/staging.lucky-hunter.com\/fr\/product\/avianx-deadhead-skull-lanyard\/","url":"https:\/\/staging.lucky-hunter.com\/fr\/product\/avianx-deadhead-skull-lanyard\/","name":"Tour de Cou Avian-X Deadhead Skull pour vos appeaux | Lucky Hunter","isPartOf":{"@id":"https:\/\/staging.lucky-hunter.com\/#website"},"primaryImageOfPage":{"@id":"https:\/\/staging.lucky-hunter.com\/fr\/product\/avianx-deadhead-skull-lanyard\/#primaryimage"},"image":{"@id":"https:\/\/staging.lucky-hunter.com\/fr\/product\/avianx-deadhead-skull-lanyard\/#primaryimage"},"thumbnailUrl":"https:\/\/staging.lucky-hunter.com\/wp-content\/uploads\/2017\/08\/LK-84.png","datePublished":"2017-08-31T15:06:38+00:00","dateModified":"2023-03-14T14:53:51+00:00","description":"Gear Up or Give Up Le cordon tour de cou Avian-X Deadhead Skull est un tour de cou personnalis\u00e9, tress\u00e9 \u00e0 la main et sp\u00e9cialement con\u00e7u pour transporter 4 appeaux.","breadcrumb":{"@id":"https:\/\/staging.lucky-hunter.com\/fr\/product\/avianx-deadhead-skull-lanyard\/#breadcrumb"},"inLanguage":"fr-FR","potentialAction":[{"@type":"ReadAction","target":["https:\/\/staging.lucky-hunter.com\/fr\/product\/avianx-deadhead-skull-lanyard\/"]}]},{"@type":"ImageObject","inLanguage":"fr-FR","@id":"https:\/\/staging.lucky-hunter.com\/fr\/product\/avianx-deadhead-skull-lanyard\/#primaryimage","url":"https:\/\/staging.lucky-hunter.com\/wp-content\/uploads\/2017\/08\/LK-84.png","contentUrl":"https:\/\/staging.lucky-hunter.com\/wp-content\/uploads\/2017\/08\/LK-84.png","width":1000,"height":1000,"caption":"Image showing the Avian-X Deadhead Skull Lanyard"},{"@type":"BreadcrumbList","@id":"https:\/\/staging.lucky-hunter.com\/fr\/product\/avianx-deadhead-skull-lanyard\/#breadcrumb","itemListElement":[{"@type":"ListItem","position":1,"name":"Home","item":"https:\/\/staging.lucky-hunter.com\/fr\/"},{"@type":"ListItem","position":2,"name":"Boutique","item":"https:\/\/staging.lucky-hunter.com\/fr\/shop\/"},{"@type":"ListItem","position":3,"name":"Cordon Tour de Cou Avian-X Deadhead Skull"}]},{"@type":"WebSite","@id":"https:\/\/staging.lucky-hunter.com\/#website","url":"https:\/\/staging.lucky-hunter.com\/","name":"Lucky-Hunter","description":"Gear Up or Give Up","potentialAction":[{"@type":"SearchAction","target":{"@type":"EntryPoint","urlTemplate":"https:\/\/staging.lucky-hunter.com\/?s={search_term_string}"},"query-input":{"@type":"PropertyValueSpecification","valueRequired":true,"valueName":"search_term_string"}}],"inLanguage":"fr-FR"}]}},"_links":{"self":[{"href":"https:\/\/staging.lucky-hunter.com\/fr\/wp-json\/wp\/v2\/product\/56906"}],"collection":[{"href":"https:\/\/staging.lucky-hunter.com\/fr\/wp-json\/wp\/v2\/product"}],"about":[{"href":"https:\/\/staging.lucky-hunter.com\/fr\/wp-json\/wp\/v2\/types\/product"}],"wp:featuredmedia":[{"embeddable":true,"href":"https:\/\/staging.lucky-hunter.com\/fr\/wp-json\/wp\/v2\/media\/29451"}],"wp:attachment":[{"href":"https:\/\/staging.lucky-hunter.com\/fr\/wp-json\/wp\/v2\/media?parent=56906"}],"wp:term":[{"taxonomy":"product_brand","embeddable":true,"href":"https:\/\/staging.lucky-hunter.com\/fr\/wp-json\/wp\/v2\/product_brand?post=56906"},{"taxonomy":"product_cat","embeddable":true,"href":"https:\/\/staging.lucky-hunter.com\/fr\/wp-json\/wp\/v2\/product_cat?post=56906"},{"taxonomy":"product_tag","embeddable":true,"href":"https:\/\/staging.lucky-hunter.com\/fr\/wp-json\/wp\/v2\/product_tag?post=56906"}],"curies":[{"name":"wp","href":"https:\/\/api.w.org\/{rel}","templated":true}]}}