{"id":56902,"date":"2021-11-16T09:54:12","date_gmt":"2021-11-16T08:54:12","guid":{"rendered":"https:\/\/staging.lucky-hunter.com\/product\/nordik-barrborn-crow-2-pack-incl-lanyard\/"},"modified":"2025-06-24T15:25:14","modified_gmt":"2025-06-24T13:25:14","slug":"appeaux-nordik-barrborn-crow-lot-de-2","status":"publish","type":"product","link":"https:\/\/staging.lucky-hunter.com\/fr\/product\/appeaux-nordik-barrborn-crow-lot-de-2\/","title":{"rendered":"Appeaux Nordik Barrborn Crow &#8211; Lot de 2"},"content":{"rendered":"<h2><strong>Appeaux Nordik Predator pour la chasse aux corbeaux<\/strong><\/h2>\n<p>Nordik Barrborn Crow est une s\u00e9rie de deux appeaux ; le Nordik Barrborn Basic Crow et le Nordik Barrborn Pro Crow. Ces appeaux sont con\u00e7us et produits par Roger Barrborn en collaboration avec Nordik Predator.<\/p>\n<p>Les appeaux sont sp\u00e9cialement d\u00e9velopp\u00e9s pour pouvoir reproduire une grande vari\u00e9t\u00e9 d&#8217;appels et de sons de corbeaux. Son design rend l&#8217;appeau tr\u00e8s facile \u00e0 utiliser.<\/p>\n<p>Utilisez le Nordik Barrborn Basic pour cr\u00e9er les sons basiques et plus doux que les corbeaux utilisent pour indiquer \u00e0 leurs cong\u00e9n\u00e8res que la zone est s\u00fbre.<\/p>\n<p>Le Nordik Barrborn Pro, quant \u00e0 lui, est \u00e0 utiliser pour effectuer une s\u00e9rie d&#8217;appels qui attirent et agacent les corbeaux.<\/p>\n<p>Nous vous recommandons d&#8217;utiliser les deux appeaux ensemble afin de m\u00e9langer les sons. Avec les deux appeaux, alternez les sons plus doux de l&#8217;appeau Basic avec les appels agressifs de l&#8217;appeau Pro.<\/p>\n<p>Placez l&#8217;appel dans votre bouche, devant vos dents, tout en laissant un petit \u00e9cart de 3 \u00e0 4 mm entre vos incisives sup\u00e9rieures et inf\u00e9rieures. Sans forcer, faites un son guttural de R afin de produire facilement un son basique que vous pourrez utiliser et varier.<\/p>\n<p>Une fois que vous \u00eates capable de produire un son r\u00e9aliste qui peut \u00eatre utilis\u00e9 comme appel de contact calme, vous pourrez commencer \u00e0 le faire varier. En modifiant la force avec laquelle vous appuyez sur l&#8217;embout buccal avec vos doigts ou avec vos dents, vous remarquerez rapidement une variation dans les sons. Pour cr\u00e9er encore plus de variations, tenez votre main en coupe devant l\u2019appeau puis ouvrez-la et fermez-la.<\/p>\n<p>Bonne chance\u00a0!<\/p>\n","protected":false},"excerpt":{"rendered":"<p>Nordik Barrborn Crow est une s\u00e9rie de deux appeaux ; le Nordik Barrborn Basic Crow et le Nordik Barrborn Pro Crow.<\/p>\n","protected":false},"featured_media":56877,"template":"","meta":[],"product_brand":[8201],"product_cat":[8238],"product_tag":[9443],"yoast_head":"<!-- This site is optimized with the Yoast SEO plugin v24.3 - https:\/\/yoast.com\/wordpress\/plugins\/seo\/ -->\n<title>Appeaux Nordik Barrborn Crow - Lot de 2<\/title>\n<meta name=\"description\" content=\"Nordik Barrborn Crow est une s\u00e9rie de deux appeaux ; le Nordik Barrborn Basic Crow et le Nordik Barrborn Pro Crow.\" \/>\n<meta name=\"robots\" content=\"noindex, follow, max-snippet:-1, max-image-preview:large, max-video-preview:-1\" \/>\n<meta property=\"og:locale\" content=\"fr_FR\" \/>\n<meta property=\"og:type\" content=\"article\" \/>\n<meta property=\"og:title\" content=\"Appeaux Nordik Barrborn Crow - Lot de 2\" \/>\n<meta property=\"og:description\" content=\"Nordik Barrborn Crow est une s\u00e9rie de deux appeaux ; le Nordik Barrborn Basic Crow et le Nordik Barrborn Pro Crow.\" \/>\n<meta property=\"og:url\" content=\"https:\/\/staging.lucky-hunter.com\/fr\/product\/appeaux-nordik-barrborn-crow-lot-de-2\/\" \/>\n<meta property=\"og:site_name\" content=\"Lucky-Hunter\" \/>\n<meta property=\"article:modified_time\" content=\"2025-06-24T13:25:14+00:00\" \/>\n<meta property=\"og:image\" content=\"https:\/\/staging.lucky-hunter.com\/wp-content\/uploads\/2021\/11\/LK-23.png\" \/>\n\t<meta property=\"og:image:width\" content=\"1000\" \/>\n\t<meta property=\"og:image:height\" content=\"1000\" \/>\n\t<meta property=\"og:image:type\" content=\"image\/png\" \/>\n<meta name=\"twitter:card\" content=\"summary_large_image\" \/>\n<meta name=\"twitter:label1\" content=\"Dur\u00e9e de lecture estim\u00e9e\" \/>\n\t<meta name=\"twitter:data1\" content=\"2 minutes\" \/>\n<script type=\"application\/ld+json\" class=\"yoast-schema-graph\">{\"@context\":\"https:\/\/schema.org\",\"@graph\":[{\"@type\":\"WebPage\",\"@id\":\"https:\/\/staging.lucky-hunter.com\/fr\/product\/appeaux-nordik-barrborn-crow-lot-de-2\/\",\"url\":\"https:\/\/staging.lucky-hunter.com\/fr\/product\/appeaux-nordik-barrborn-crow-lot-de-2\/\",\"name\":\"Appeaux Nordik Barrborn Crow - Lot de 2\",\"isPartOf\":{\"@id\":\"https:\/\/staging.lucky-hunter.com\/#website\"},\"primaryImageOfPage\":{\"@id\":\"https:\/\/staging.lucky-hunter.com\/fr\/product\/appeaux-nordik-barrborn-crow-lot-de-2\/#primaryimage\"},\"image\":{\"@id\":\"https:\/\/staging.lucky-hunter.com\/fr\/product\/appeaux-nordik-barrborn-crow-lot-de-2\/#primaryimage\"},\"thumbnailUrl\":\"https:\/\/staging.lucky-hunter.com\/wp-content\/uploads\/2021\/11\/LK-23.png\",\"datePublished\":\"2021-11-16T08:54:12+00:00\",\"dateModified\":\"2025-06-24T13:25:14+00:00\",\"description\":\"Nordik Barrborn Crow est une s\u00e9rie de deux appeaux ; le Nordik Barrborn Basic Crow et le Nordik Barrborn Pro Crow.\",\"breadcrumb\":{\"@id\":\"https:\/\/staging.lucky-hunter.com\/fr\/product\/appeaux-nordik-barrborn-crow-lot-de-2\/#breadcrumb\"},\"inLanguage\":\"fr-FR\",\"potentialAction\":[{\"@type\":\"ReadAction\",\"target\":[\"https:\/\/staging.lucky-hunter.com\/fr\/product\/appeaux-nordik-barrborn-crow-lot-de-2\/\"]}]},{\"@type\":\"ImageObject\",\"inLanguage\":\"fr-FR\",\"@id\":\"https:\/\/staging.lucky-hunter.com\/fr\/product\/appeaux-nordik-barrborn-crow-lot-de-2\/#primaryimage\",\"url\":\"https:\/\/staging.lucky-hunter.com\/wp-content\/uploads\/2021\/11\/LK-23.png\",\"contentUrl\":\"https:\/\/staging.lucky-hunter.com\/wp-content\/uploads\/2021\/11\/LK-23.png\",\"width\":1000,\"height\":1000},{\"@type\":\"BreadcrumbList\",\"@id\":\"https:\/\/staging.lucky-hunter.com\/fr\/product\/appeaux-nordik-barrborn-crow-lot-de-2\/#breadcrumb\",\"itemListElement\":[{\"@type\":\"ListItem\",\"position\":1,\"name\":\"Home\",\"item\":\"https:\/\/staging.lucky-hunter.com\/fr\/\"},{\"@type\":\"ListItem\",\"position\":2,\"name\":\"Boutique\",\"item\":\"https:\/\/staging.lucky-hunter.com\/fr\/shop\/\"},{\"@type\":\"ListItem\",\"position\":3,\"name\":\"Appeaux Nordik Barrborn Crow &#8211; Lot de 2\"}]},{\"@type\":\"WebSite\",\"@id\":\"https:\/\/staging.lucky-hunter.com\/#website\",\"url\":\"https:\/\/staging.lucky-hunter.com\/\",\"name\":\"Lucky-Hunter\",\"description\":\"Gear Up or Give Up\",\"potentialAction\":[{\"@type\":\"SearchAction\",\"target\":{\"@type\":\"EntryPoint\",\"urlTemplate\":\"https:\/\/staging.lucky-hunter.com\/?s={search_term_string}\"},\"query-input\":{\"@type\":\"PropertyValueSpecification\",\"valueRequired\":true,\"valueName\":\"search_term_string\"}}],\"inLanguage\":\"fr-FR\"}]}<\/script>\n<!-- \/ Yoast SEO plugin. -->","yoast_head_json":{"title":"Appeaux Nordik Barrborn Crow - Lot de 2","description":"Nordik Barrborn Crow est une s\u00e9rie de deux appeaux ; le Nordik Barrborn Basic Crow et le Nordik Barrborn Pro Crow.","robots":{"index":"noindex","follow":"follow","max-snippet":"max-snippet:-1","max-image-preview":"max-image-preview:large","max-video-preview":"max-video-preview:-1"},"og_locale":"fr_FR","og_type":"article","og_title":"Appeaux Nordik Barrborn Crow - Lot de 2","og_description":"Nordik Barrborn Crow est une s\u00e9rie de deux appeaux ; le Nordik Barrborn Basic Crow et le Nordik Barrborn Pro Crow.","og_url":"https:\/\/staging.lucky-hunter.com\/fr\/product\/appeaux-nordik-barrborn-crow-lot-de-2\/","og_site_name":"Lucky-Hunter","article_modified_time":"2025-06-24T13:25:14+00:00","og_image":[{"width":1000,"height":1000,"url":"https:\/\/staging.lucky-hunter.com\/wp-content\/uploads\/2021\/11\/LK-23.png","type":"image\/png"}],"twitter_card":"summary_large_image","twitter_misc":{"Dur\u00e9e de lecture estim\u00e9e":"2 minutes"},"schema":{"@context":"https:\/\/schema.org","@graph":[{"@type":"WebPage","@id":"https:\/\/staging.lucky-hunter.com\/fr\/product\/appeaux-nordik-barrborn-crow-lot-de-2\/","url":"https:\/\/staging.lucky-hunter.com\/fr\/product\/appeaux-nordik-barrborn-crow-lot-de-2\/","name":"Appeaux Nordik Barrborn Crow - Lot de 2","isPartOf":{"@id":"https:\/\/staging.lucky-hunter.com\/#website"},"primaryImageOfPage":{"@id":"https:\/\/staging.lucky-hunter.com\/fr\/product\/appeaux-nordik-barrborn-crow-lot-de-2\/#primaryimage"},"image":{"@id":"https:\/\/staging.lucky-hunter.com\/fr\/product\/appeaux-nordik-barrborn-crow-lot-de-2\/#primaryimage"},"thumbnailUrl":"https:\/\/staging.lucky-hunter.com\/wp-content\/uploads\/2021\/11\/LK-23.png","datePublished":"2021-11-16T08:54:12+00:00","dateModified":"2025-06-24T13:25:14+00:00","description":"Nordik Barrborn Crow est une s\u00e9rie de deux appeaux ; le Nordik Barrborn Basic Crow et le Nordik Barrborn Pro Crow.","breadcrumb":{"@id":"https:\/\/staging.lucky-hunter.com\/fr\/product\/appeaux-nordik-barrborn-crow-lot-de-2\/#breadcrumb"},"inLanguage":"fr-FR","potentialAction":[{"@type":"ReadAction","target":["https:\/\/staging.lucky-hunter.com\/fr\/product\/appeaux-nordik-barrborn-crow-lot-de-2\/"]}]},{"@type":"ImageObject","inLanguage":"fr-FR","@id":"https:\/\/staging.lucky-hunter.com\/fr\/product\/appeaux-nordik-barrborn-crow-lot-de-2\/#primaryimage","url":"https:\/\/staging.lucky-hunter.com\/wp-content\/uploads\/2021\/11\/LK-23.png","contentUrl":"https:\/\/staging.lucky-hunter.com\/wp-content\/uploads\/2021\/11\/LK-23.png","width":1000,"height":1000},{"@type":"BreadcrumbList","@id":"https:\/\/staging.lucky-hunter.com\/fr\/product\/appeaux-nordik-barrborn-crow-lot-de-2\/#breadcrumb","itemListElement":[{"@type":"ListItem","position":1,"name":"Home","item":"https:\/\/staging.lucky-hunter.com\/fr\/"},{"@type":"ListItem","position":2,"name":"Boutique","item":"https:\/\/staging.lucky-hunter.com\/fr\/shop\/"},{"@type":"ListItem","position":3,"name":"Appeaux Nordik Barrborn Crow &#8211; Lot de 2"}]},{"@type":"WebSite","@id":"https:\/\/staging.lucky-hunter.com\/#website","url":"https:\/\/staging.lucky-hunter.com\/","name":"Lucky-Hunter","description":"Gear Up or Give Up","potentialAction":[{"@type":"SearchAction","target":{"@type":"EntryPoint","urlTemplate":"https:\/\/staging.lucky-hunter.com\/?s={search_term_string}"},"query-input":{"@type":"PropertyValueSpecification","valueRequired":true,"valueName":"search_term_string"}}],"inLanguage":"fr-FR"}]}},"_links":{"self":[{"href":"https:\/\/staging.lucky-hunter.com\/fr\/wp-json\/wp\/v2\/product\/56902"}],"collection":[{"href":"https:\/\/staging.lucky-hunter.com\/fr\/wp-json\/wp\/v2\/product"}],"about":[{"href":"https:\/\/staging.lucky-hunter.com\/fr\/wp-json\/wp\/v2\/types\/product"}],"wp:featuredmedia":[{"embeddable":true,"href":"https:\/\/staging.lucky-hunter.com\/fr\/wp-json\/wp\/v2\/media\/56877"}],"wp:attachment":[{"href":"https:\/\/staging.lucky-hunter.com\/fr\/wp-json\/wp\/v2\/media?parent=56902"}],"wp:term":[{"taxonomy":"product_brand","embeddable":true,"href":"https:\/\/staging.lucky-hunter.com\/fr\/wp-json\/wp\/v2\/product_brand?post=56902"},{"taxonomy":"product_cat","embeddable":true,"href":"https:\/\/staging.lucky-hunter.com\/fr\/wp-json\/wp\/v2\/product_cat?post=56902"},{"taxonomy":"product_tag","embeddable":true,"href":"https:\/\/staging.lucky-hunter.com\/fr\/wp-json\/wp\/v2\/product_tag?post=56902"}],"curies":[{"name":"wp","href":"https:\/\/api.w.org\/{rel}","templated":true}]}}