{"id":56900,"date":"2023-01-26T13:31:10","date_gmt":"2023-01-26T12:31:10","guid":{"rendered":"https:\/\/staging.lucky-hunter.com\/product\/dog-whistle-buffalo-horn-75-cm\/"},"modified":"2023-01-26T13:31:10","modified_gmt":"2023-01-26T12:31:10","slug":"dog-whistle-buffalo-horn-75-cm","status":"publish","type":"product","link":"https:\/\/staging.lucky-hunter.com\/fr\/product\/dog-whistle-buffalo-horn-75-cm\/","title":{"rendered":"Sifflet pour chien &#8211; Corne de buffle 7,5 cm"},"content":{"rendered":"<h2>Sifflet pour chien avec deux sons diff\u00e9rents<\/h2>\n<p>Voici un sifflet polyvalent con\u00e7u pour dresser et contr\u00f4ler votre compagnon \u00e0 fourrure.<\/p>\n<p>Mesurant 7,5 cm de long et fabriqu\u00e9 \u00e0 partir de corne de buffle v\u00e9ritable, ce sifflet est \u00e0 la fois durable et \u00e9l\u00e9gant.<\/p>\n<p>Il \u00e9met 2 sons aigus qui peuvent \u00eatre entendus aussi bien par les chiens que par les humains, ce qui le rend parfait pour le dressage, le contr\u00f4le et la communication avec votre chien. Disposer de 2 sons distincts permet de donner diff\u00e9rents ordres avec le sifflet<\/p>\n<p>Le sifflet est facile \u00e0 utiliser, il suffit de souffler dedans pour \u00e9mettre le son. Ce sifflet est un moyen humain et efficace de communiquer avec votre chien et de vous assurer qu&#8217;il est en s\u00e9curit\u00e9 et qu&#8217;il se comporte bien.<\/p>\n<p>\u00a0<\/p>\n","protected":false},"excerpt":{"rendered":"<p>Ce sifflet pour chien \u00e9met 2 sons aigus, ce qui le rend parfait pour le dressage, le contr\u00f4le et la communication avec votre chien.<\/p>\n","protected":false},"featured_media":56693,"template":"","meta":[],"product_brand":[8121],"product_cat":[8260],"product_tag":[],"yoast_head":"<!-- This site is optimized with the Yoast SEO plugin v24.3 - https:\/\/yoast.com\/wordpress\/plugins\/seo\/ -->\n<title>Sifflet pour chien - Corne de buffle 7,5 cm - Lucky-Hunter<\/title>\n<meta name=\"description\" content=\"Ce sifflet pour chien \u00e9met 2 sons aigus, ce qui le rend parfait pour le dressage, le contr\u00f4le et la communication avec votre chien.\" \/>\n<meta name=\"robots\" content=\"noindex, follow, max-snippet:-1, max-image-preview:large, max-video-preview:-1\" \/>\n<meta property=\"og:locale\" content=\"fr_FR\" \/>\n<meta property=\"og:type\" content=\"article\" \/>\n<meta property=\"og:title\" content=\"Sifflet pour chien - Corne de buffle 7,5 cm - Lucky-Hunter\" \/>\n<meta property=\"og:description\" content=\"Ce sifflet pour chien \u00e9met 2 sons aigus, ce qui le rend parfait pour le dressage, le contr\u00f4le et la communication avec votre chien.\" \/>\n<meta property=\"og:url\" content=\"https:\/\/staging.lucky-hunter.com\/fr\/product\/dog-whistle-buffalo-horn-75-cm\/\" \/>\n<meta property=\"og:site_name\" content=\"Lucky-Hunter\" \/>\n<meta property=\"og:image\" content=\"https:\/\/staging.lucky-hunter.com\/wp-content\/uploads\/2023\/01\/510805.png\" \/>\n\t<meta property=\"og:image:width\" content=\"765\" \/>\n\t<meta property=\"og:image:height\" content=\"839\" \/>\n\t<meta property=\"og:image:type\" content=\"image\/png\" \/>\n<meta name=\"twitter:card\" content=\"summary_large_image\" \/>\n<meta name=\"twitter:label1\" content=\"Dur\u00e9e de lecture estim\u00e9e\" \/>\n\t<meta name=\"twitter:data1\" content=\"1 minute\" \/>\n<script type=\"application\/ld+json\" class=\"yoast-schema-graph\">{\"@context\":\"https:\/\/schema.org\",\"@graph\":[{\"@type\":\"WebPage\",\"@id\":\"https:\/\/staging.lucky-hunter.com\/fr\/product\/dog-whistle-buffalo-horn-75-cm\/\",\"url\":\"https:\/\/staging.lucky-hunter.com\/fr\/product\/dog-whistle-buffalo-horn-75-cm\/\",\"name\":\"Sifflet pour chien - Corne de buffle 7,5 cm - Lucky-Hunter\",\"isPartOf\":{\"@id\":\"https:\/\/staging.lucky-hunter.com\/#website\"},\"primaryImageOfPage\":{\"@id\":\"https:\/\/staging.lucky-hunter.com\/fr\/product\/dog-whistle-buffalo-horn-75-cm\/#primaryimage\"},\"image\":{\"@id\":\"https:\/\/staging.lucky-hunter.com\/fr\/product\/dog-whistle-buffalo-horn-75-cm\/#primaryimage\"},\"thumbnailUrl\":\"https:\/\/staging.lucky-hunter.com\/wp-content\/uploads\/2023\/01\/510805.png\",\"datePublished\":\"2023-01-26T12:31:10+00:00\",\"dateModified\":\"2023-01-26T12:31:10+00:00\",\"description\":\"Ce sifflet pour chien \u00e9met 2 sons aigus, ce qui le rend parfait pour le dressage, le contr\u00f4le et la communication avec votre chien.\",\"breadcrumb\":{\"@id\":\"https:\/\/staging.lucky-hunter.com\/fr\/product\/dog-whistle-buffalo-horn-75-cm\/#breadcrumb\"},\"inLanguage\":\"fr-FR\",\"potentialAction\":[{\"@type\":\"ReadAction\",\"target\":[\"https:\/\/staging.lucky-hunter.com\/fr\/product\/dog-whistle-buffalo-horn-75-cm\/\"]}]},{\"@type\":\"ImageObject\",\"inLanguage\":\"fr-FR\",\"@id\":\"https:\/\/staging.lucky-hunter.com\/fr\/product\/dog-whistle-buffalo-horn-75-cm\/#primaryimage\",\"url\":\"https:\/\/staging.lucky-hunter.com\/wp-content\/uploads\/2023\/01\/510805.png\",\"contentUrl\":\"https:\/\/staging.lucky-hunter.com\/wp-content\/uploads\/2023\/01\/510805.png\",\"width\":765,\"height\":839,\"caption\":\"Dog Whistle\"},{\"@type\":\"BreadcrumbList\",\"@id\":\"https:\/\/staging.lucky-hunter.com\/fr\/product\/dog-whistle-buffalo-horn-75-cm\/#breadcrumb\",\"itemListElement\":[{\"@type\":\"ListItem\",\"position\":1,\"name\":\"Home\",\"item\":\"https:\/\/staging.lucky-hunter.com\/fr\/\"},{\"@type\":\"ListItem\",\"position\":2,\"name\":\"Boutique\",\"item\":\"https:\/\/staging.lucky-hunter.com\/fr\/shop\/\"},{\"@type\":\"ListItem\",\"position\":3,\"name\":\"Sifflet pour chien &#8211; Corne de buffle 7,5 cm\"}]},{\"@type\":\"WebSite\",\"@id\":\"https:\/\/staging.lucky-hunter.com\/#website\",\"url\":\"https:\/\/staging.lucky-hunter.com\/\",\"name\":\"Lucky-Hunter\",\"description\":\"Gear Up or Give Up\",\"potentialAction\":[{\"@type\":\"SearchAction\",\"target\":{\"@type\":\"EntryPoint\",\"urlTemplate\":\"https:\/\/staging.lucky-hunter.com\/?s={search_term_string}\"},\"query-input\":{\"@type\":\"PropertyValueSpecification\",\"valueRequired\":true,\"valueName\":\"search_term_string\"}}],\"inLanguage\":\"fr-FR\"}]}<\/script>\n<!-- \/ Yoast SEO plugin. -->","yoast_head_json":{"title":"Sifflet pour chien - Corne de buffle 7,5 cm - Lucky-Hunter","description":"Ce sifflet pour chien \u00e9met 2 sons aigus, ce qui le rend parfait pour le dressage, le contr\u00f4le et la communication avec votre chien.","robots":{"index":"noindex","follow":"follow","max-snippet":"max-snippet:-1","max-image-preview":"max-image-preview:large","max-video-preview":"max-video-preview:-1"},"og_locale":"fr_FR","og_type":"article","og_title":"Sifflet pour chien - Corne de buffle 7,5 cm - Lucky-Hunter","og_description":"Ce sifflet pour chien \u00e9met 2 sons aigus, ce qui le rend parfait pour le dressage, le contr\u00f4le et la communication avec votre chien.","og_url":"https:\/\/staging.lucky-hunter.com\/fr\/product\/dog-whistle-buffalo-horn-75-cm\/","og_site_name":"Lucky-Hunter","og_image":[{"width":765,"height":839,"url":"https:\/\/staging.lucky-hunter.com\/wp-content\/uploads\/2023\/01\/510805.png","type":"image\/png"}],"twitter_card":"summary_large_image","twitter_misc":{"Dur\u00e9e de lecture estim\u00e9e":"1 minute"},"schema":{"@context":"https:\/\/schema.org","@graph":[{"@type":"WebPage","@id":"https:\/\/staging.lucky-hunter.com\/fr\/product\/dog-whistle-buffalo-horn-75-cm\/","url":"https:\/\/staging.lucky-hunter.com\/fr\/product\/dog-whistle-buffalo-horn-75-cm\/","name":"Sifflet pour chien - Corne de buffle 7,5 cm - Lucky-Hunter","isPartOf":{"@id":"https:\/\/staging.lucky-hunter.com\/#website"},"primaryImageOfPage":{"@id":"https:\/\/staging.lucky-hunter.com\/fr\/product\/dog-whistle-buffalo-horn-75-cm\/#primaryimage"},"image":{"@id":"https:\/\/staging.lucky-hunter.com\/fr\/product\/dog-whistle-buffalo-horn-75-cm\/#primaryimage"},"thumbnailUrl":"https:\/\/staging.lucky-hunter.com\/wp-content\/uploads\/2023\/01\/510805.png","datePublished":"2023-01-26T12:31:10+00:00","dateModified":"2023-01-26T12:31:10+00:00","description":"Ce sifflet pour chien \u00e9met 2 sons aigus, ce qui le rend parfait pour le dressage, le contr\u00f4le et la communication avec votre chien.","breadcrumb":{"@id":"https:\/\/staging.lucky-hunter.com\/fr\/product\/dog-whistle-buffalo-horn-75-cm\/#breadcrumb"},"inLanguage":"fr-FR","potentialAction":[{"@type":"ReadAction","target":["https:\/\/staging.lucky-hunter.com\/fr\/product\/dog-whistle-buffalo-horn-75-cm\/"]}]},{"@type":"ImageObject","inLanguage":"fr-FR","@id":"https:\/\/staging.lucky-hunter.com\/fr\/product\/dog-whistle-buffalo-horn-75-cm\/#primaryimage","url":"https:\/\/staging.lucky-hunter.com\/wp-content\/uploads\/2023\/01\/510805.png","contentUrl":"https:\/\/staging.lucky-hunter.com\/wp-content\/uploads\/2023\/01\/510805.png","width":765,"height":839,"caption":"Dog Whistle"},{"@type":"BreadcrumbList","@id":"https:\/\/staging.lucky-hunter.com\/fr\/product\/dog-whistle-buffalo-horn-75-cm\/#breadcrumb","itemListElement":[{"@type":"ListItem","position":1,"name":"Home","item":"https:\/\/staging.lucky-hunter.com\/fr\/"},{"@type":"ListItem","position":2,"name":"Boutique","item":"https:\/\/staging.lucky-hunter.com\/fr\/shop\/"},{"@type":"ListItem","position":3,"name":"Sifflet pour chien &#8211; Corne de buffle 7,5 cm"}]},{"@type":"WebSite","@id":"https:\/\/staging.lucky-hunter.com\/#website","url":"https:\/\/staging.lucky-hunter.com\/","name":"Lucky-Hunter","description":"Gear Up or Give Up","potentialAction":[{"@type":"SearchAction","target":{"@type":"EntryPoint","urlTemplate":"https:\/\/staging.lucky-hunter.com\/?s={search_term_string}"},"query-input":{"@type":"PropertyValueSpecification","valueRequired":true,"valueName":"search_term_string"}}],"inLanguage":"fr-FR"}]}},"_links":{"self":[{"href":"https:\/\/staging.lucky-hunter.com\/fr\/wp-json\/wp\/v2\/product\/56900"}],"collection":[{"href":"https:\/\/staging.lucky-hunter.com\/fr\/wp-json\/wp\/v2\/product"}],"about":[{"href":"https:\/\/staging.lucky-hunter.com\/fr\/wp-json\/wp\/v2\/types\/product"}],"wp:featuredmedia":[{"embeddable":true,"href":"https:\/\/staging.lucky-hunter.com\/fr\/wp-json\/wp\/v2\/media\/56693"}],"wp:attachment":[{"href":"https:\/\/staging.lucky-hunter.com\/fr\/wp-json\/wp\/v2\/media?parent=56900"}],"wp:term":[{"taxonomy":"product_brand","embeddable":true,"href":"https:\/\/staging.lucky-hunter.com\/fr\/wp-json\/wp\/v2\/product_brand?post=56900"},{"taxonomy":"product_cat","embeddable":true,"href":"https:\/\/staging.lucky-hunter.com\/fr\/wp-json\/wp\/v2\/product_cat?post=56900"},{"taxonomy":"product_tag","embeddable":true,"href":"https:\/\/staging.lucky-hunter.com\/fr\/wp-json\/wp\/v2\/product_tag?post=56900"}],"curies":[{"name":"wp","href":"https:\/\/api.w.org\/{rel}","templated":true}]}}