{"id":56899,"date":"2023-01-26T11:31:44","date_gmt":"2023-01-26T10:31:44","guid":{"rendered":"https:\/\/staging.lucky-hunter.com\/product\/rrt-purple-canvas-dummy-w-tail\/"},"modified":"2023-01-26T11:31:44","modified_gmt":"2023-01-26T10:31:44","slug":"rrt-purple-canvas-dummy-w-tail","status":"publish","type":"product","link":"https:\/\/staging.lucky-hunter.com\/fr\/product\/rrt-purple-canvas-dummy-w-tail\/","title":{"rendered":"RRT Violet Canvas Dummy avec queue"},"content":{"rendered":"<h2><strong>Mannequin Noir et Blanc en Toile RRT &#8211; entra\u00eenement canin professionnel avec votre chien de chasse<\/strong><\/h2>\n<p>Mannequin en toile avec \u00ab\u00a0queue\u00a0\u00bb par la marque am\u00e9ricaine Retriev-R Trainer, fabriqu\u00e9 en tissu Cordura durable et r\u00e9sistant \u00e0 l&#8217;eau et \u00e0 la salet\u00e9.<\/p>\n<p>Avec des inserts en aluminium qui r\u00e9duisent le recul et neutralisent la rouille.<\/p>\n<p>Compatible avec le lanceur RRT Lucky Launcher II et avec le lanceur de mannequins portable RRT.<\/p>\n<p>Longueur : env. 24,50 cm<\/p>\n<p>Largeur : env. 7,5 cm.<\/p>\n<p>Couleur : Violet<\/p>\n<p>Le mannequin ne fonctionne pas correctement lorsqu&#8217;il est sale. Nous vous recommandons donc de nettoyer et de s\u00e9cher le mannequin lorsque vous rentrez chez vous apr\u00e8s l&#8217;entra\u00eenement du chien.<\/p>\n<p>&#8211;<\/p>\n<p>Depuis 1965, les propri\u00e9taires de chiens professionnels et amateurs  du monde entier utilisent l\u2019\u00e9quipement d&#8217;entra\u00eenement de la marque am\u00e9ricaine Retriev-R-Trainer.<\/p>\n<p>Tout l\u2019\u00e9quipement est con\u00e7u et fabriqu\u00e9 aux \u00c9tats-Unis.<\/p>\n<p>\u00a0<\/p>\n","protected":false},"excerpt":{"rendered":"<p>Les indispensables du dressage canin. RRT Purple Canvas Dummy est r\u00e9sistant \u00e0 l&#8217;usure, \u00e0 l&#8217;eau et \u00e0 la salet\u00e9 et parfait pour entra\u00eener votre chien de chasse.<\/p>\n","protected":false},"featured_media":56642,"template":"","meta":[],"product_brand":[8223],"product_cat":[8188],"product_tag":[],"yoast_head":"<!-- This site is optimized with the Yoast SEO plugin v24.3 - https:\/\/yoast.com\/wordpress\/plugins\/seo\/ -->\n<title>RRT Violet Canvas Dummy avec queue - Lucky-Hunter<\/title>\n<meta name=\"description\" content=\"Les indispensables du dressage canin. RRT Purple Canvas Dummy est r\u00e9sistant \u00e0 l&#039;usure, \u00e0 l&#039;eau et \u00e0 la salet\u00e9 et parfait pour entra\u00eener votre chien de chasse.\" \/>\n<meta name=\"robots\" content=\"noindex, follow, max-snippet:-1, max-image-preview:large, max-video-preview:-1\" \/>\n<meta property=\"og:locale\" content=\"fr_FR\" \/>\n<meta property=\"og:type\" content=\"article\" \/>\n<meta property=\"og:title\" content=\"RRT Violet Canvas Dummy avec queue - Lucky-Hunter\" \/>\n<meta property=\"og:description\" content=\"Les indispensables du dressage canin. RRT Purple Canvas Dummy est r\u00e9sistant \u00e0 l&#039;usure, \u00e0 l&#039;eau et \u00e0 la salet\u00e9 et parfait pour entra\u00eener votre chien de chasse.\" \/>\n<meta property=\"og:url\" content=\"https:\/\/staging.lucky-hunter.com\/fr\/product\/rrt-purple-canvas-dummy-w-tail\/\" \/>\n<meta property=\"og:site_name\" content=\"Lucky-Hunter\" \/>\n<meta property=\"og:image\" content=\"https:\/\/staging.lucky-hunter.com\/wp-content\/uploads\/2023\/01\/JH-145.png\" \/>\n\t<meta property=\"og:image:width\" content=\"1000\" \/>\n\t<meta property=\"og:image:height\" content=\"1000\" \/>\n\t<meta property=\"og:image:type\" content=\"image\/png\" \/>\n<meta name=\"twitter:card\" content=\"summary_large_image\" \/>\n<meta name=\"twitter:label1\" content=\"Dur\u00e9e de lecture estim\u00e9e\" \/>\n\t<meta name=\"twitter:data1\" content=\"1 minute\" \/>\n<script type=\"application\/ld+json\" class=\"yoast-schema-graph\">{\"@context\":\"https:\/\/schema.org\",\"@graph\":[{\"@type\":\"WebPage\",\"@id\":\"https:\/\/staging.lucky-hunter.com\/fr\/product\/rrt-purple-canvas-dummy-w-tail\/\",\"url\":\"https:\/\/staging.lucky-hunter.com\/fr\/product\/rrt-purple-canvas-dummy-w-tail\/\",\"name\":\"RRT Violet Canvas Dummy avec queue - Lucky-Hunter\",\"isPartOf\":{\"@id\":\"https:\/\/staging.lucky-hunter.com\/#website\"},\"primaryImageOfPage\":{\"@id\":\"https:\/\/staging.lucky-hunter.com\/fr\/product\/rrt-purple-canvas-dummy-w-tail\/#primaryimage\"},\"image\":{\"@id\":\"https:\/\/staging.lucky-hunter.com\/fr\/product\/rrt-purple-canvas-dummy-w-tail\/#primaryimage\"},\"thumbnailUrl\":\"https:\/\/staging.lucky-hunter.com\/wp-content\/uploads\/2023\/01\/JH-145.png\",\"datePublished\":\"2023-01-26T10:31:44+00:00\",\"dateModified\":\"2023-01-26T10:31:44+00:00\",\"description\":\"Les indispensables du dressage canin. RRT Purple Canvas Dummy est r\u00e9sistant \u00e0 l'usure, \u00e0 l'eau et \u00e0 la salet\u00e9 et parfait pour entra\u00eener votre chien de chasse.\",\"breadcrumb\":{\"@id\":\"https:\/\/staging.lucky-hunter.com\/fr\/product\/rrt-purple-canvas-dummy-w-tail\/#breadcrumb\"},\"inLanguage\":\"fr-FR\",\"potentialAction\":[{\"@type\":\"ReadAction\",\"target\":[\"https:\/\/staging.lucky-hunter.com\/fr\/product\/rrt-purple-canvas-dummy-w-tail\/\"]}]},{\"@type\":\"ImageObject\",\"inLanguage\":\"fr-FR\",\"@id\":\"https:\/\/staging.lucky-hunter.com\/fr\/product\/rrt-purple-canvas-dummy-w-tail\/#primaryimage\",\"url\":\"https:\/\/staging.lucky-hunter.com\/wp-content\/uploads\/2023\/01\/JH-145.png\",\"contentUrl\":\"https:\/\/staging.lucky-hunter.com\/wp-content\/uploads\/2023\/01\/JH-145.png\",\"width\":1000,\"height\":1000,\"caption\":\"Purple Dummy\"},{\"@type\":\"BreadcrumbList\",\"@id\":\"https:\/\/staging.lucky-hunter.com\/fr\/product\/rrt-purple-canvas-dummy-w-tail\/#breadcrumb\",\"itemListElement\":[{\"@type\":\"ListItem\",\"position\":1,\"name\":\"Home\",\"item\":\"https:\/\/staging.lucky-hunter.com\/fr\/\"},{\"@type\":\"ListItem\",\"position\":2,\"name\":\"Boutique\",\"item\":\"https:\/\/staging.lucky-hunter.com\/fr\/shop\/\"},{\"@type\":\"ListItem\",\"position\":3,\"name\":\"RRT Violet Canvas Dummy avec queue\"}]},{\"@type\":\"WebSite\",\"@id\":\"https:\/\/staging.lucky-hunter.com\/#website\",\"url\":\"https:\/\/staging.lucky-hunter.com\/\",\"name\":\"Lucky-Hunter\",\"description\":\"Gear Up or Give Up\",\"potentialAction\":[{\"@type\":\"SearchAction\",\"target\":{\"@type\":\"EntryPoint\",\"urlTemplate\":\"https:\/\/staging.lucky-hunter.com\/?s={search_term_string}\"},\"query-input\":{\"@type\":\"PropertyValueSpecification\",\"valueRequired\":true,\"valueName\":\"search_term_string\"}}],\"inLanguage\":\"fr-FR\"}]}<\/script>\n<!-- \/ Yoast SEO plugin. -->","yoast_head_json":{"title":"RRT Violet Canvas Dummy avec queue - Lucky-Hunter","description":"Les indispensables du dressage canin. RRT Purple Canvas Dummy est r\u00e9sistant \u00e0 l'usure, \u00e0 l'eau et \u00e0 la salet\u00e9 et parfait pour entra\u00eener votre chien de chasse.","robots":{"index":"noindex","follow":"follow","max-snippet":"max-snippet:-1","max-image-preview":"max-image-preview:large","max-video-preview":"max-video-preview:-1"},"og_locale":"fr_FR","og_type":"article","og_title":"RRT Violet Canvas Dummy avec queue - Lucky-Hunter","og_description":"Les indispensables du dressage canin. RRT Purple Canvas Dummy est r\u00e9sistant \u00e0 l'usure, \u00e0 l'eau et \u00e0 la salet\u00e9 et parfait pour entra\u00eener votre chien de chasse.","og_url":"https:\/\/staging.lucky-hunter.com\/fr\/product\/rrt-purple-canvas-dummy-w-tail\/","og_site_name":"Lucky-Hunter","og_image":[{"width":1000,"height":1000,"url":"https:\/\/staging.lucky-hunter.com\/wp-content\/uploads\/2023\/01\/JH-145.png","type":"image\/png"}],"twitter_card":"summary_large_image","twitter_misc":{"Dur\u00e9e de lecture estim\u00e9e":"1 minute"},"schema":{"@context":"https:\/\/schema.org","@graph":[{"@type":"WebPage","@id":"https:\/\/staging.lucky-hunter.com\/fr\/product\/rrt-purple-canvas-dummy-w-tail\/","url":"https:\/\/staging.lucky-hunter.com\/fr\/product\/rrt-purple-canvas-dummy-w-tail\/","name":"RRT Violet Canvas Dummy avec queue - Lucky-Hunter","isPartOf":{"@id":"https:\/\/staging.lucky-hunter.com\/#website"},"primaryImageOfPage":{"@id":"https:\/\/staging.lucky-hunter.com\/fr\/product\/rrt-purple-canvas-dummy-w-tail\/#primaryimage"},"image":{"@id":"https:\/\/staging.lucky-hunter.com\/fr\/product\/rrt-purple-canvas-dummy-w-tail\/#primaryimage"},"thumbnailUrl":"https:\/\/staging.lucky-hunter.com\/wp-content\/uploads\/2023\/01\/JH-145.png","datePublished":"2023-01-26T10:31:44+00:00","dateModified":"2023-01-26T10:31:44+00:00","description":"Les indispensables du dressage canin. RRT Purple Canvas Dummy est r\u00e9sistant \u00e0 l'usure, \u00e0 l'eau et \u00e0 la salet\u00e9 et parfait pour entra\u00eener votre chien de chasse.","breadcrumb":{"@id":"https:\/\/staging.lucky-hunter.com\/fr\/product\/rrt-purple-canvas-dummy-w-tail\/#breadcrumb"},"inLanguage":"fr-FR","potentialAction":[{"@type":"ReadAction","target":["https:\/\/staging.lucky-hunter.com\/fr\/product\/rrt-purple-canvas-dummy-w-tail\/"]}]},{"@type":"ImageObject","inLanguage":"fr-FR","@id":"https:\/\/staging.lucky-hunter.com\/fr\/product\/rrt-purple-canvas-dummy-w-tail\/#primaryimage","url":"https:\/\/staging.lucky-hunter.com\/wp-content\/uploads\/2023\/01\/JH-145.png","contentUrl":"https:\/\/staging.lucky-hunter.com\/wp-content\/uploads\/2023\/01\/JH-145.png","width":1000,"height":1000,"caption":"Purple Dummy"},{"@type":"BreadcrumbList","@id":"https:\/\/staging.lucky-hunter.com\/fr\/product\/rrt-purple-canvas-dummy-w-tail\/#breadcrumb","itemListElement":[{"@type":"ListItem","position":1,"name":"Home","item":"https:\/\/staging.lucky-hunter.com\/fr\/"},{"@type":"ListItem","position":2,"name":"Boutique","item":"https:\/\/staging.lucky-hunter.com\/fr\/shop\/"},{"@type":"ListItem","position":3,"name":"RRT Violet Canvas Dummy avec queue"}]},{"@type":"WebSite","@id":"https:\/\/staging.lucky-hunter.com\/#website","url":"https:\/\/staging.lucky-hunter.com\/","name":"Lucky-Hunter","description":"Gear Up or Give Up","potentialAction":[{"@type":"SearchAction","target":{"@type":"EntryPoint","urlTemplate":"https:\/\/staging.lucky-hunter.com\/?s={search_term_string}"},"query-input":{"@type":"PropertyValueSpecification","valueRequired":true,"valueName":"search_term_string"}}],"inLanguage":"fr-FR"}]}},"_links":{"self":[{"href":"https:\/\/staging.lucky-hunter.com\/fr\/wp-json\/wp\/v2\/product\/56899"}],"collection":[{"href":"https:\/\/staging.lucky-hunter.com\/fr\/wp-json\/wp\/v2\/product"}],"about":[{"href":"https:\/\/staging.lucky-hunter.com\/fr\/wp-json\/wp\/v2\/types\/product"}],"wp:featuredmedia":[{"embeddable":true,"href":"https:\/\/staging.lucky-hunter.com\/fr\/wp-json\/wp\/v2\/media\/56642"}],"wp:attachment":[{"href":"https:\/\/staging.lucky-hunter.com\/fr\/wp-json\/wp\/v2\/media?parent=56899"}],"wp:term":[{"taxonomy":"product_brand","embeddable":true,"href":"https:\/\/staging.lucky-hunter.com\/fr\/wp-json\/wp\/v2\/product_brand?post=56899"},{"taxonomy":"product_cat","embeddable":true,"href":"https:\/\/staging.lucky-hunter.com\/fr\/wp-json\/wp\/v2\/product_cat?post=56899"},{"taxonomy":"product_tag","embeddable":true,"href":"https:\/\/staging.lucky-hunter.com\/fr\/wp-json\/wp\/v2\/product_tag?post=56899"}],"curies":[{"name":"wp","href":"https:\/\/api.w.org\/{rel}","templated":true}]}}