{"id":56893,"date":"2022-06-13T11:07:11","date_gmt":"2022-06-13T09:07:11","guid":{"rendered":"https:\/\/staging.lucky-hunter.com\/product\/nordik-sika-game-call\/"},"modified":"2025-06-24T14:26:46","modified_gmt":"2025-06-24T12:26:46","slug":"appeau-nordik-sika","status":"publish","type":"product","link":"https:\/\/staging.lucky-hunter.com\/fr\/product\/appeau-nordik-sika\/","title":{"rendered":"Appeau Nordik Sika"},"content":{"rendered":"<h2><strong>Le Nordik Sika est sp\u00e9cialement d\u00e9velopp\u00e9 pour imiter les cris de la biche sika en chaleur et du faon du cerf \u00e9laphe<\/strong><\/h2>\n<p>Pour appeler les cerfs sika pendant les chaleurs, commencez par \u00e9tirer la partie inf\u00e9rieure de l&#8217;appeau, placez l&#8217;embout entre vos l\u00e8vres, soufflez doucement dans l&#8217;appeau, grognez, puis soufflez doucement \u00e0 nouveau.<\/p>\n<p>Augmentez soigneusement l\u2019intensit\u00e9 de votre souffle jusqu\u2019\u00e0 obtenir un sifflement aigu, puis r\u00e9duisez soigneusement l&#8217;intensit\u00e9 \u00e0 nouveau et grognez doucement. Appelez trois fois comme ceci, attendez et ajustez votre prochaine s\u00e9quence d&#8217;appels selon la r\u00e9ponse du cerf. Notez que, parfois, les cerfs approchent sans r\u00e9pondre.<\/p>\n<p>Pour de meilleurs r\u00e9sultats, ouvrez et fermez vos mains devant l&#8217;appeau afin de produire un son plus authentique. \u00c9vitez de projeter de la salive dans l&#8217;embout buccal.<\/p>\n<p>Cet appeau peut \u00e9galement \u00eatre utilis\u00e9 pour imiter l&#8217;appel de d\u00e9tresse du faon du cerf \u00e9laphe. Ce son inqui\u00e8te les troupeaux de biches, les poussant \u00e0 se rapprocher, souvent en r\u00e9pondant.<\/p>\n<p>Ce type d&#8217;appel est plus efficace dans les zones abritant d\u2019importantes populations de cerfs \u00e9laphes.<\/p>\n<p><strong>Pour appeler une biche<\/strong>, \u00e9tirez la partie inf\u00e9rieure de l&#8217;appeau, placez l&#8217;embout buccal entre vos l\u00e8vres et expirez. Alternez entre bouff\u00e9es d&#8217;air courtes et longues pendant<br \/>\n15 \u00e0 20 secondes, reposez-vous pendant deux \u00e0 trois minutes et continuez \u00e0 appeler ainsi pendant 15 \u00e0 20 minutes.<\/p>\n<p>Lorsque vous appelez de cette mani\u00e8re dans des zones peupl\u00e9s par des cerfs \u00e9laphes, il est possible que vous attiriez \u00e9galement des pr\u00e9dateurs tels que des loups et des lynx.<\/p>\n","protected":false},"excerpt":{"rendered":"<p>Le Nordik Sika est sp\u00e9cialement d\u00e9velopp\u00e9 pour imiter les cris de la biche sika en chaleur et du faon du cerf \u00e9laphe.<\/p>\n","protected":false},"featured_media":30882,"template":"","meta":[],"product_brand":[46],"product_cat":[8235],"product_tag":[9151],"yoast_head":"<!-- This site is optimized with the Yoast SEO plugin v24.3 - https:\/\/yoast.com\/wordpress\/plugins\/seo\/ -->\n<title>Appeau Nordik Sika<\/title>\n<meta name=\"description\" content=\"Le Nordik Sika est sp\u00e9cialement d\u00e9velopp\u00e9 pour imiter les cris de la biche sika en chaleur et du faon du cerf \u00e9laphe.\" \/>\n<meta name=\"robots\" content=\"noindex, follow, max-snippet:-1, max-image-preview:large, max-video-preview:-1\" \/>\n<meta property=\"og:locale\" content=\"fr_FR\" \/>\n<meta property=\"og:type\" content=\"article\" \/>\n<meta property=\"og:title\" content=\"Appeau Nordik Sika\" \/>\n<meta property=\"og:description\" content=\"Le Nordik Sika est sp\u00e9cialement d\u00e9velopp\u00e9 pour imiter les cris de la biche sika en chaleur et du faon du cerf \u00e9laphe.\" \/>\n<meta property=\"og:url\" content=\"https:\/\/staging.lucky-hunter.com\/fr\/product\/appeau-nordik-sika\/\" \/>\n<meta property=\"og:site_name\" content=\"Lucky-Hunter\" \/>\n<meta property=\"article:modified_time\" content=\"2025-06-24T12:26:46+00:00\" \/>\n<meta property=\"og:image\" content=\"https:\/\/staging.lucky-hunter.com\/wp-content\/uploads\/2022\/06\/2490205_-NordikSika-medium.png\" \/>\n\t<meta property=\"og:image:width\" content=\"940\" \/>\n\t<meta property=\"og:image:height\" content=\"1600\" \/>\n\t<meta property=\"og:image:type\" content=\"image\/png\" \/>\n<meta name=\"twitter:card\" content=\"summary_large_image\" \/>\n<meta name=\"twitter:label1\" content=\"Dur\u00e9e de lecture estim\u00e9e\" \/>\n\t<meta name=\"twitter:data1\" content=\"2 minutes\" \/>\n<script type=\"application\/ld+json\" class=\"yoast-schema-graph\">{\"@context\":\"https:\/\/schema.org\",\"@graph\":[{\"@type\":\"WebPage\",\"@id\":\"https:\/\/staging.lucky-hunter.com\/fr\/product\/appeau-nordik-sika\/\",\"url\":\"https:\/\/staging.lucky-hunter.com\/fr\/product\/appeau-nordik-sika\/\",\"name\":\"Appeau Nordik Sika\",\"isPartOf\":{\"@id\":\"https:\/\/staging.lucky-hunter.com\/#website\"},\"primaryImageOfPage\":{\"@id\":\"https:\/\/staging.lucky-hunter.com\/fr\/product\/appeau-nordik-sika\/#primaryimage\"},\"image\":{\"@id\":\"https:\/\/staging.lucky-hunter.com\/fr\/product\/appeau-nordik-sika\/#primaryimage\"},\"thumbnailUrl\":\"https:\/\/staging.lucky-hunter.com\/wp-content\/uploads\/2022\/06\/2490205_-NordikSika-medium.png\",\"datePublished\":\"2022-06-13T09:07:11+00:00\",\"dateModified\":\"2025-06-24T12:26:46+00:00\",\"description\":\"Le Nordik Sika est sp\u00e9cialement d\u00e9velopp\u00e9 pour imiter les cris de la biche sika en chaleur et du faon du cerf \u00e9laphe.\",\"breadcrumb\":{\"@id\":\"https:\/\/staging.lucky-hunter.com\/fr\/product\/appeau-nordik-sika\/#breadcrumb\"},\"inLanguage\":\"fr-FR\",\"potentialAction\":[{\"@type\":\"ReadAction\",\"target\":[\"https:\/\/staging.lucky-hunter.com\/fr\/product\/appeau-nordik-sika\/\"]}]},{\"@type\":\"ImageObject\",\"inLanguage\":\"fr-FR\",\"@id\":\"https:\/\/staging.lucky-hunter.com\/fr\/product\/appeau-nordik-sika\/#primaryimage\",\"url\":\"https:\/\/staging.lucky-hunter.com\/wp-content\/uploads\/2022\/06\/2490205_-NordikSika-medium.png\",\"contentUrl\":\"https:\/\/staging.lucky-hunter.com\/wp-content\/uploads\/2022\/06\/2490205_-NordikSika-medium.png\",\"width\":940,\"height\":1600},{\"@type\":\"BreadcrumbList\",\"@id\":\"https:\/\/staging.lucky-hunter.com\/fr\/product\/appeau-nordik-sika\/#breadcrumb\",\"itemListElement\":[{\"@type\":\"ListItem\",\"position\":1,\"name\":\"Home\",\"item\":\"https:\/\/staging.lucky-hunter.com\/fr\/\"},{\"@type\":\"ListItem\",\"position\":2,\"name\":\"Boutique\",\"item\":\"https:\/\/staging.lucky-hunter.com\/fr\/shop\/\"},{\"@type\":\"ListItem\",\"position\":3,\"name\":\"Appeau Nordik Sika\"}]},{\"@type\":\"WebSite\",\"@id\":\"https:\/\/staging.lucky-hunter.com\/#website\",\"url\":\"https:\/\/staging.lucky-hunter.com\/\",\"name\":\"Lucky-Hunter\",\"description\":\"Gear Up or Give Up\",\"potentialAction\":[{\"@type\":\"SearchAction\",\"target\":{\"@type\":\"EntryPoint\",\"urlTemplate\":\"https:\/\/staging.lucky-hunter.com\/?s={search_term_string}\"},\"query-input\":{\"@type\":\"PropertyValueSpecification\",\"valueRequired\":true,\"valueName\":\"search_term_string\"}}],\"inLanguage\":\"fr-FR\"}]}<\/script>\n<!-- \/ Yoast SEO plugin. -->","yoast_head_json":{"title":"Appeau Nordik Sika","description":"Le Nordik Sika est sp\u00e9cialement d\u00e9velopp\u00e9 pour imiter les cris de la biche sika en chaleur et du faon du cerf \u00e9laphe.","robots":{"index":"noindex","follow":"follow","max-snippet":"max-snippet:-1","max-image-preview":"max-image-preview:large","max-video-preview":"max-video-preview:-1"},"og_locale":"fr_FR","og_type":"article","og_title":"Appeau Nordik Sika","og_description":"Le Nordik Sika est sp\u00e9cialement d\u00e9velopp\u00e9 pour imiter les cris de la biche sika en chaleur et du faon du cerf \u00e9laphe.","og_url":"https:\/\/staging.lucky-hunter.com\/fr\/product\/appeau-nordik-sika\/","og_site_name":"Lucky-Hunter","article_modified_time":"2025-06-24T12:26:46+00:00","og_image":[{"width":940,"height":1600,"url":"https:\/\/staging.lucky-hunter.com\/wp-content\/uploads\/2022\/06\/2490205_-NordikSika-medium.png","type":"image\/png"}],"twitter_card":"summary_large_image","twitter_misc":{"Dur\u00e9e de lecture estim\u00e9e":"2 minutes"},"schema":{"@context":"https:\/\/schema.org","@graph":[{"@type":"WebPage","@id":"https:\/\/staging.lucky-hunter.com\/fr\/product\/appeau-nordik-sika\/","url":"https:\/\/staging.lucky-hunter.com\/fr\/product\/appeau-nordik-sika\/","name":"Appeau Nordik Sika","isPartOf":{"@id":"https:\/\/staging.lucky-hunter.com\/#website"},"primaryImageOfPage":{"@id":"https:\/\/staging.lucky-hunter.com\/fr\/product\/appeau-nordik-sika\/#primaryimage"},"image":{"@id":"https:\/\/staging.lucky-hunter.com\/fr\/product\/appeau-nordik-sika\/#primaryimage"},"thumbnailUrl":"https:\/\/staging.lucky-hunter.com\/wp-content\/uploads\/2022\/06\/2490205_-NordikSika-medium.png","datePublished":"2022-06-13T09:07:11+00:00","dateModified":"2025-06-24T12:26:46+00:00","description":"Le Nordik Sika est sp\u00e9cialement d\u00e9velopp\u00e9 pour imiter les cris de la biche sika en chaleur et du faon du cerf \u00e9laphe.","breadcrumb":{"@id":"https:\/\/staging.lucky-hunter.com\/fr\/product\/appeau-nordik-sika\/#breadcrumb"},"inLanguage":"fr-FR","potentialAction":[{"@type":"ReadAction","target":["https:\/\/staging.lucky-hunter.com\/fr\/product\/appeau-nordik-sika\/"]}]},{"@type":"ImageObject","inLanguage":"fr-FR","@id":"https:\/\/staging.lucky-hunter.com\/fr\/product\/appeau-nordik-sika\/#primaryimage","url":"https:\/\/staging.lucky-hunter.com\/wp-content\/uploads\/2022\/06\/2490205_-NordikSika-medium.png","contentUrl":"https:\/\/staging.lucky-hunter.com\/wp-content\/uploads\/2022\/06\/2490205_-NordikSika-medium.png","width":940,"height":1600},{"@type":"BreadcrumbList","@id":"https:\/\/staging.lucky-hunter.com\/fr\/product\/appeau-nordik-sika\/#breadcrumb","itemListElement":[{"@type":"ListItem","position":1,"name":"Home","item":"https:\/\/staging.lucky-hunter.com\/fr\/"},{"@type":"ListItem","position":2,"name":"Boutique","item":"https:\/\/staging.lucky-hunter.com\/fr\/shop\/"},{"@type":"ListItem","position":3,"name":"Appeau Nordik Sika"}]},{"@type":"WebSite","@id":"https:\/\/staging.lucky-hunter.com\/#website","url":"https:\/\/staging.lucky-hunter.com\/","name":"Lucky-Hunter","description":"Gear Up or Give Up","potentialAction":[{"@type":"SearchAction","target":{"@type":"EntryPoint","urlTemplate":"https:\/\/staging.lucky-hunter.com\/?s={search_term_string}"},"query-input":{"@type":"PropertyValueSpecification","valueRequired":true,"valueName":"search_term_string"}}],"inLanguage":"fr-FR"}]}},"_links":{"self":[{"href":"https:\/\/staging.lucky-hunter.com\/fr\/wp-json\/wp\/v2\/product\/56893"}],"collection":[{"href":"https:\/\/staging.lucky-hunter.com\/fr\/wp-json\/wp\/v2\/product"}],"about":[{"href":"https:\/\/staging.lucky-hunter.com\/fr\/wp-json\/wp\/v2\/types\/product"}],"wp:featuredmedia":[{"embeddable":true,"href":"https:\/\/staging.lucky-hunter.com\/fr\/wp-json\/wp\/v2\/media\/30882"}],"wp:attachment":[{"href":"https:\/\/staging.lucky-hunter.com\/fr\/wp-json\/wp\/v2\/media?parent=56893"}],"wp:term":[{"taxonomy":"product_brand","embeddable":true,"href":"https:\/\/staging.lucky-hunter.com\/fr\/wp-json\/wp\/v2\/product_brand?post=56893"},{"taxonomy":"product_cat","embeddable":true,"href":"https:\/\/staging.lucky-hunter.com\/fr\/wp-json\/wp\/v2\/product_cat?post=56893"},{"taxonomy":"product_tag","embeddable":true,"href":"https:\/\/staging.lucky-hunter.com\/fr\/wp-json\/wp\/v2\/product_tag?post=56893"}],"curies":[{"name":"wp","href":"https:\/\/api.w.org\/{rel}","templated":true}]}}