{"id":56809,"date":"2021-10-12T11:05:59","date_gmt":"2021-10-12T09:05:59","guid":{"rendered":"https:\/\/staging.lucky-hunter.com\/product\/primus-winther-gas-450-g\/"},"modified":"2025-06-24T15:49:28","modified_gmt":"2025-06-24T13:49:28","slug":"gaz-dhiver-primus-pour-mr-heater","status":"publish","type":"product","link":"https:\/\/staging.lucky-hunter.com\/fr\/product\/gaz-dhiver-primus-pour-mr-heater\/","title":{"rendered":"Gaz d\u2019Hiver Primus &#8211; 450 g"},"content":{"rendered":"<h2><strong>Gaz d\u2019Hiver Primus pour Mr. Heater<\/strong><\/h2>\n<p>Nous recommandons cette bouteille de gaz pour votre chauffage au gaz Mr. Heater.<\/p>\n<p>Elle est particuli\u00e8rement adapt\u00e9e \u00e0 une utilisation hivernale et fonctionne efficacement jusqu&#8217;\u00e0 -22 degr\u00e9s.<\/p>\n<p>Contenu : 450 g<\/p>\n<p><strong>Une peu de technique :<\/strong><\/p>\n<p>Si le Gaz d\u2019Hiver Primus fonctionne si bien par temps froid, c\u2019est principalement gr\u00e2ce au Vapor Mesh, un papier absorbant solide situ\u00e9 \u00e0 l&#8217;int\u00e9rieur de la cartouche et qui maintient la pression du gaz pour que le chauffage fonctionne mieux qu&#8217;avec des r\u00e9cipients \u00e0 gaz conventionnels.<\/p>\n<p>Le Vapor Mesh augmente la surface sur laquelle le carburant liquide peut s&#8217;\u00e9vaporer en gaz. L&#8217;augmentation de la surface acc\u00e9l\u00e8re le passage du liquide au gaz, et c\u2019est la vitesse de ce processus qui d\u00e9termine la pression \u00e0 l&#8217;int\u00e9rieur de la cartouche.<\/p>\n","protected":false},"excerpt":{"rendered":"<p>Nous recommandons cette bouteille de gaz pour votre chauffage au gaz Mr. Heater. Fonctionne efficacement jusqu&#8217;\u00e0 -22 degr\u00e9s.<\/p>\n<p>&nbsp;<\/p>\n","protected":false},"featured_media":30330,"template":"","meta":[],"product_brand":[],"product_cat":[9383],"product_tag":[],"yoast_head":"<!-- This site is optimized with the Yoast SEO plugin v24.3 - https:\/\/yoast.com\/wordpress\/plugins\/seo\/ -->\n<title>Gaz d\u2019Hiver Primus pour Mr. Heater<\/title>\n<meta name=\"description\" content=\"Nous recommandons cette bouteille de gaz pour votre chauffage au gaz Mr. Heater. Fonctionne efficacement jusqu&#039;\u00e0 -22 degr\u00e9s.\" \/>\n<meta name=\"robots\" content=\"noindex, follow, max-snippet:-1, max-image-preview:large, max-video-preview:-1\" \/>\n<meta property=\"og:locale\" content=\"fr_FR\" \/>\n<meta property=\"og:type\" content=\"article\" \/>\n<meta property=\"og:title\" content=\"Gaz d\u2019Hiver Primus pour Mr. Heater\" \/>\n<meta property=\"og:description\" content=\"Nous recommandons cette bouteille de gaz pour votre chauffage au gaz Mr. Heater. Fonctionne efficacement jusqu&#039;\u00e0 -22 degr\u00e9s.\" \/>\n<meta property=\"og:url\" content=\"https:\/\/staging.lucky-hunter.com\/fr\/product\/gaz-dhiver-primus-pour-mr-heater\/\" \/>\n<meta property=\"og:site_name\" content=\"Lucky-Hunter\" \/>\n<meta property=\"article:modified_time\" content=\"2025-06-24T13:49:28+00:00\" \/>\n<meta property=\"og:image\" content=\"https:\/\/staging.lucky-hunter.com\/wp-content\/uploads\/2021\/10\/Primus_Winter_Gas_450g.png\" \/>\n\t<meta property=\"og:image:width\" content=\"1000\" \/>\n\t<meta property=\"og:image:height\" content=\"1000\" \/>\n\t<meta property=\"og:image:type\" content=\"image\/png\" \/>\n<meta name=\"twitter:card\" content=\"summary_large_image\" \/>\n<meta name=\"twitter:label1\" content=\"Dur\u00e9e de lecture estim\u00e9e\" \/>\n\t<meta name=\"twitter:data1\" content=\"1 minute\" \/>\n<script type=\"application\/ld+json\" class=\"yoast-schema-graph\">{\"@context\":\"https:\/\/schema.org\",\"@graph\":[{\"@type\":\"WebPage\",\"@id\":\"https:\/\/staging.lucky-hunter.com\/fr\/product\/gaz-dhiver-primus-pour-mr-heater\/\",\"url\":\"https:\/\/staging.lucky-hunter.com\/fr\/product\/gaz-dhiver-primus-pour-mr-heater\/\",\"name\":\"Gaz d\u2019Hiver Primus pour Mr. Heater\",\"isPartOf\":{\"@id\":\"https:\/\/staging.lucky-hunter.com\/#website\"},\"primaryImageOfPage\":{\"@id\":\"https:\/\/staging.lucky-hunter.com\/fr\/product\/gaz-dhiver-primus-pour-mr-heater\/#primaryimage\"},\"image\":{\"@id\":\"https:\/\/staging.lucky-hunter.com\/fr\/product\/gaz-dhiver-primus-pour-mr-heater\/#primaryimage\"},\"thumbnailUrl\":\"https:\/\/staging.lucky-hunter.com\/wp-content\/uploads\/2021\/10\/Primus_Winter_Gas_450g.png\",\"datePublished\":\"2021-10-12T09:05:59+00:00\",\"dateModified\":\"2025-06-24T13:49:28+00:00\",\"description\":\"Nous recommandons cette bouteille de gaz pour votre chauffage au gaz Mr. Heater. Fonctionne efficacement jusqu'\u00e0 -22 degr\u00e9s.\",\"breadcrumb\":{\"@id\":\"https:\/\/staging.lucky-hunter.com\/fr\/product\/gaz-dhiver-primus-pour-mr-heater\/#breadcrumb\"},\"inLanguage\":\"fr-FR\",\"potentialAction\":[{\"@type\":\"ReadAction\",\"target\":[\"https:\/\/staging.lucky-hunter.com\/fr\/product\/gaz-dhiver-primus-pour-mr-heater\/\"]}]},{\"@type\":\"ImageObject\",\"inLanguage\":\"fr-FR\",\"@id\":\"https:\/\/staging.lucky-hunter.com\/fr\/product\/gaz-dhiver-primus-pour-mr-heater\/#primaryimage\",\"url\":\"https:\/\/staging.lucky-hunter.com\/wp-content\/uploads\/2021\/10\/Primus_Winter_Gas_450g.png\",\"contentUrl\":\"https:\/\/staging.lucky-hunter.com\/wp-content\/uploads\/2021\/10\/Primus_Winter_Gas_450g.png\",\"width\":1000,\"height\":1000},{\"@type\":\"BreadcrumbList\",\"@id\":\"https:\/\/staging.lucky-hunter.com\/fr\/product\/gaz-dhiver-primus-pour-mr-heater\/#breadcrumb\",\"itemListElement\":[{\"@type\":\"ListItem\",\"position\":1,\"name\":\"Home\",\"item\":\"https:\/\/staging.lucky-hunter.com\/fr\/\"},{\"@type\":\"ListItem\",\"position\":2,\"name\":\"Boutique\",\"item\":\"https:\/\/staging.lucky-hunter.com\/fr\/shop\/\"},{\"@type\":\"ListItem\",\"position\":3,\"name\":\"Gaz d\u2019Hiver Primus &#8211; 450 g\"}]},{\"@type\":\"WebSite\",\"@id\":\"https:\/\/staging.lucky-hunter.com\/#website\",\"url\":\"https:\/\/staging.lucky-hunter.com\/\",\"name\":\"Lucky-Hunter\",\"description\":\"Gear Up or Give Up\",\"potentialAction\":[{\"@type\":\"SearchAction\",\"target\":{\"@type\":\"EntryPoint\",\"urlTemplate\":\"https:\/\/staging.lucky-hunter.com\/?s={search_term_string}\"},\"query-input\":{\"@type\":\"PropertyValueSpecification\",\"valueRequired\":true,\"valueName\":\"search_term_string\"}}],\"inLanguage\":\"fr-FR\"}]}<\/script>\n<!-- \/ Yoast SEO plugin. -->","yoast_head_json":{"title":"Gaz d\u2019Hiver Primus pour Mr. Heater","description":"Nous recommandons cette bouteille de gaz pour votre chauffage au gaz Mr. Heater. Fonctionne efficacement jusqu'\u00e0 -22 degr\u00e9s.","robots":{"index":"noindex","follow":"follow","max-snippet":"max-snippet:-1","max-image-preview":"max-image-preview:large","max-video-preview":"max-video-preview:-1"},"og_locale":"fr_FR","og_type":"article","og_title":"Gaz d\u2019Hiver Primus pour Mr. Heater","og_description":"Nous recommandons cette bouteille de gaz pour votre chauffage au gaz Mr. Heater. Fonctionne efficacement jusqu'\u00e0 -22 degr\u00e9s.","og_url":"https:\/\/staging.lucky-hunter.com\/fr\/product\/gaz-dhiver-primus-pour-mr-heater\/","og_site_name":"Lucky-Hunter","article_modified_time":"2025-06-24T13:49:28+00:00","og_image":[{"width":1000,"height":1000,"url":"https:\/\/staging.lucky-hunter.com\/wp-content\/uploads\/2021\/10\/Primus_Winter_Gas_450g.png","type":"image\/png"}],"twitter_card":"summary_large_image","twitter_misc":{"Dur\u00e9e de lecture estim\u00e9e":"1 minute"},"schema":{"@context":"https:\/\/schema.org","@graph":[{"@type":"WebPage","@id":"https:\/\/staging.lucky-hunter.com\/fr\/product\/gaz-dhiver-primus-pour-mr-heater\/","url":"https:\/\/staging.lucky-hunter.com\/fr\/product\/gaz-dhiver-primus-pour-mr-heater\/","name":"Gaz d\u2019Hiver Primus pour Mr. Heater","isPartOf":{"@id":"https:\/\/staging.lucky-hunter.com\/#website"},"primaryImageOfPage":{"@id":"https:\/\/staging.lucky-hunter.com\/fr\/product\/gaz-dhiver-primus-pour-mr-heater\/#primaryimage"},"image":{"@id":"https:\/\/staging.lucky-hunter.com\/fr\/product\/gaz-dhiver-primus-pour-mr-heater\/#primaryimage"},"thumbnailUrl":"https:\/\/staging.lucky-hunter.com\/wp-content\/uploads\/2021\/10\/Primus_Winter_Gas_450g.png","datePublished":"2021-10-12T09:05:59+00:00","dateModified":"2025-06-24T13:49:28+00:00","description":"Nous recommandons cette bouteille de gaz pour votre chauffage au gaz Mr. Heater. Fonctionne efficacement jusqu'\u00e0 -22 degr\u00e9s.","breadcrumb":{"@id":"https:\/\/staging.lucky-hunter.com\/fr\/product\/gaz-dhiver-primus-pour-mr-heater\/#breadcrumb"},"inLanguage":"fr-FR","potentialAction":[{"@type":"ReadAction","target":["https:\/\/staging.lucky-hunter.com\/fr\/product\/gaz-dhiver-primus-pour-mr-heater\/"]}]},{"@type":"ImageObject","inLanguage":"fr-FR","@id":"https:\/\/staging.lucky-hunter.com\/fr\/product\/gaz-dhiver-primus-pour-mr-heater\/#primaryimage","url":"https:\/\/staging.lucky-hunter.com\/wp-content\/uploads\/2021\/10\/Primus_Winter_Gas_450g.png","contentUrl":"https:\/\/staging.lucky-hunter.com\/wp-content\/uploads\/2021\/10\/Primus_Winter_Gas_450g.png","width":1000,"height":1000},{"@type":"BreadcrumbList","@id":"https:\/\/staging.lucky-hunter.com\/fr\/product\/gaz-dhiver-primus-pour-mr-heater\/#breadcrumb","itemListElement":[{"@type":"ListItem","position":1,"name":"Home","item":"https:\/\/staging.lucky-hunter.com\/fr\/"},{"@type":"ListItem","position":2,"name":"Boutique","item":"https:\/\/staging.lucky-hunter.com\/fr\/shop\/"},{"@type":"ListItem","position":3,"name":"Gaz d\u2019Hiver Primus &#8211; 450 g"}]},{"@type":"WebSite","@id":"https:\/\/staging.lucky-hunter.com\/#website","url":"https:\/\/staging.lucky-hunter.com\/","name":"Lucky-Hunter","description":"Gear Up or Give Up","potentialAction":[{"@type":"SearchAction","target":{"@type":"EntryPoint","urlTemplate":"https:\/\/staging.lucky-hunter.com\/?s={search_term_string}"},"query-input":{"@type":"PropertyValueSpecification","valueRequired":true,"valueName":"search_term_string"}}],"inLanguage":"fr-FR"}]}},"_links":{"self":[{"href":"https:\/\/staging.lucky-hunter.com\/fr\/wp-json\/wp\/v2\/product\/56809"}],"collection":[{"href":"https:\/\/staging.lucky-hunter.com\/fr\/wp-json\/wp\/v2\/product"}],"about":[{"href":"https:\/\/staging.lucky-hunter.com\/fr\/wp-json\/wp\/v2\/types\/product"}],"wp:featuredmedia":[{"embeddable":true,"href":"https:\/\/staging.lucky-hunter.com\/fr\/wp-json\/wp\/v2\/media\/30330"}],"wp:attachment":[{"href":"https:\/\/staging.lucky-hunter.com\/fr\/wp-json\/wp\/v2\/media?parent=56809"}],"wp:term":[{"taxonomy":"product_brand","embeddable":true,"href":"https:\/\/staging.lucky-hunter.com\/fr\/wp-json\/wp\/v2\/product_brand?post=56809"},{"taxonomy":"product_cat","embeddable":true,"href":"https:\/\/staging.lucky-hunter.com\/fr\/wp-json\/wp\/v2\/product_cat?post=56809"},{"taxonomy":"product_tag","embeddable":true,"href":"https:\/\/staging.lucky-hunter.com\/fr\/wp-json\/wp\/v2\/product_tag?post=56809"}],"curies":[{"name":"wp","href":"https:\/\/api.w.org\/{rel}","templated":true}]}}