{"id":56808,"date":"2017-02-28T14:39:10","date_gmt":"2017-02-28T13:39:10","guid":{"rendered":"https:\/\/staging.lucky-hunter.com\/product\/portable-gas-heater-from-mr-heater\/"},"modified":"2025-07-01T15:07:22","modified_gmt":"2025-07-01T13:07:22","slug":"chauffage-au-gaz-little-buddy","status":"publish","type":"product","link":"https:\/\/staging.lucky-hunter.com\/fr\/product\/chauffage-au-gaz-little-buddy\/","title":{"rendered":"Chauffage au Gaz Little Buddy"},"content":{"rendered":"<h1><strong>Chauffage portatif au gaz de Mr. Heater<\/strong><\/h1>\n<p>Facile \u00e0 emporter partout, le chauffage au gaz Little Buddy peut facilement chauffer la caravane, le pavillon de chasse, les chambres de votre maison, le bateau, le cabanon, le coin table de jardin sur la terrasse, etc.<\/p>\n<p>Le chauffage est facile \u00e0 utiliser et extr\u00eamement s\u00fbr.<\/p>\n<p>Mr. Heater b\u00e9n\u00e9ficie du marquage CE et dispose d&#8217;un capteur de s\u00e9curit\u00e9, de sorte que l\u2019appareil s&#8217;\u00e9teint automatiquement si la teneur en oxyg\u00e8ne dans la pi\u00e8ce baisse. Il s\u2019\u00e9teint \u00e9galement s&#8217;il est retourn\u00e9.<\/p>\n<p>Le chauffage est aliment\u00e9 au gaz butane ou propane et il est suffisamment puissant pour chauffer jusqu&#8217;\u00e0 9 m3 d&#8217;espace.<\/p>\n","protected":false},"excerpt":{"rendered":"<p>Le chauffage Little Buddy est aliment\u00e9 au gaz butane ou propane et il est suffisamment puissant pour chauffer jusqu&#8217;\u00e0 9 m3 d&#8217;espace.<\/p>\n","protected":false},"featured_media":29509,"template":"","meta":[],"product_brand":[8196],"product_cat":[9383],"product_tag":[9442],"yoast_head":"<!-- This site is optimized with the Yoast SEO plugin v24.3 - https:\/\/yoast.com\/wordpress\/plugins\/seo\/ -->\n<title>Chauffage \u00e0 gaz portable de Mr. Heater - la meilleure marque am\u00e9ricaine<\/title>\n<meta name=\"description\" content=\"Le chauffage Little Buddy est aliment\u00e9 au gaz butane ou propane et il est suffisamment puissant pour chauffer jusqu&#039;\u00e0 9 m3 d&#039;espace.\" \/>\n<meta name=\"robots\" content=\"noindex, follow, max-snippet:-1, max-image-preview:large, max-video-preview:-1\" \/>\n<meta property=\"og:locale\" content=\"fr_FR\" \/>\n<meta property=\"og:type\" content=\"article\" \/>\n<meta property=\"og:title\" content=\"Chauffage \u00e0 gaz portable de Mr. Heater - la meilleure marque am\u00e9ricaine\" \/>\n<meta property=\"og:description\" content=\"Le chauffage Little Buddy est aliment\u00e9 au gaz butane ou propane et il est suffisamment puissant pour chauffer jusqu&#039;\u00e0 9 m3 d&#039;espace.\" \/>\n<meta property=\"og:url\" content=\"https:\/\/staging.lucky-hunter.com\/product\/portable-gas-heater-from-mr-heater\/\" \/>\n<meta property=\"og:site_name\" content=\"Lucky-Hunter\" \/>\n<meta property=\"article:modified_time\" content=\"2025-07-01T13:07:22+00:00\" \/>\n<meta property=\"og:image\" content=\"https:\/\/staging.lucky-hunter.com\/wp-content\/uploads\/2017\/02\/560661.png\" \/>\n\t<meta property=\"og:image:width\" content=\"1000\" \/>\n\t<meta property=\"og:image:height\" content=\"1000\" \/>\n\t<meta property=\"og:image:type\" content=\"image\/png\" \/>\n<meta name=\"twitter:card\" content=\"summary_large_image\" \/>\n<meta name=\"twitter:label1\" content=\"Dur\u00e9e de lecture estim\u00e9e\" \/>\n\t<meta name=\"twitter:data1\" content=\"1 minute\" \/>\n<script type=\"application\/ld+json\" class=\"yoast-schema-graph\">{\"@context\":\"https:\/\/schema.org\",\"@graph\":[{\"@type\":\"WebPage\",\"@id\":\"https:\/\/staging.lucky-hunter.com\/product\/portable-gas-heater-from-mr-heater\/\",\"url\":\"https:\/\/staging.lucky-hunter.com\/product\/portable-gas-heater-from-mr-heater\/\",\"name\":\"Chauffage \u00e0 gaz portable de Mr. Heater - la meilleure marque am\u00e9ricaine\",\"isPartOf\":{\"@id\":\"https:\/\/staging.lucky-hunter.com\/#website\"},\"primaryImageOfPage\":{\"@id\":\"https:\/\/staging.lucky-hunter.com\/product\/portable-gas-heater-from-mr-heater\/#primaryimage\"},\"image\":{\"@id\":\"https:\/\/staging.lucky-hunter.com\/product\/portable-gas-heater-from-mr-heater\/#primaryimage\"},\"thumbnailUrl\":\"https:\/\/staging.lucky-hunter.com\/wp-content\/uploads\/2017\/02\/560661.png\",\"datePublished\":\"2017-02-28T13:39:10+00:00\",\"dateModified\":\"2025-07-01T13:07:22+00:00\",\"description\":\"Le chauffage Little Buddy est aliment\u00e9 au gaz butane ou propane et il est suffisamment puissant pour chauffer jusqu'\u00e0 9 m3 d'espace.\",\"breadcrumb\":{\"@id\":\"https:\/\/staging.lucky-hunter.com\/product\/portable-gas-heater-from-mr-heater\/#breadcrumb\"},\"inLanguage\":\"fr-FR\",\"potentialAction\":[{\"@type\":\"ReadAction\",\"target\":[\"https:\/\/staging.lucky-hunter.com\/product\/portable-gas-heater-from-mr-heater\/\"]}]},{\"@type\":\"ImageObject\",\"inLanguage\":\"fr-FR\",\"@id\":\"https:\/\/staging.lucky-hunter.com\/product\/portable-gas-heater-from-mr-heater\/#primaryimage\",\"url\":\"https:\/\/staging.lucky-hunter.com\/wp-content\/uploads\/2017\/02\/560661.png\",\"contentUrl\":\"https:\/\/staging.lucky-hunter.com\/wp-content\/uploads\/2017\/02\/560661.png\",\"width\":1000,\"height\":1000},{\"@type\":\"BreadcrumbList\",\"@id\":\"https:\/\/staging.lucky-hunter.com\/product\/portable-gas-heater-from-mr-heater\/#breadcrumb\",\"itemListElement\":[{\"@type\":\"ListItem\",\"position\":1,\"name\":\"Home\",\"item\":\"https:\/\/staging.lucky-hunter.com\/fr\/\"},{\"@type\":\"ListItem\",\"position\":2,\"name\":\"Boutique\",\"item\":\"https:\/\/staging.lucky-hunter.com\/fr\/shop\/\"},{\"@type\":\"ListItem\",\"position\":3,\"name\":\"Chauffage au Gaz Little Buddy\"}]},{\"@type\":\"WebSite\",\"@id\":\"https:\/\/staging.lucky-hunter.com\/#website\",\"url\":\"https:\/\/staging.lucky-hunter.com\/\",\"name\":\"Lucky-Hunter\",\"description\":\"Gear Up or Give Up\",\"potentialAction\":[{\"@type\":\"SearchAction\",\"target\":{\"@type\":\"EntryPoint\",\"urlTemplate\":\"https:\/\/staging.lucky-hunter.com\/?s={search_term_string}\"},\"query-input\":{\"@type\":\"PropertyValueSpecification\",\"valueRequired\":true,\"valueName\":\"search_term_string\"}}],\"inLanguage\":\"fr-FR\"}]}<\/script>\n<!-- \/ Yoast SEO plugin. -->","yoast_head_json":{"title":"Chauffage \u00e0 gaz portable de Mr. Heater - la meilleure marque am\u00e9ricaine","description":"Le chauffage Little Buddy est aliment\u00e9 au gaz butane ou propane et il est suffisamment puissant pour chauffer jusqu'\u00e0 9 m3 d'espace.","robots":{"index":"noindex","follow":"follow","max-snippet":"max-snippet:-1","max-image-preview":"max-image-preview:large","max-video-preview":"max-video-preview:-1"},"og_locale":"fr_FR","og_type":"article","og_title":"Chauffage \u00e0 gaz portable de Mr. Heater - la meilleure marque am\u00e9ricaine","og_description":"Le chauffage Little Buddy est aliment\u00e9 au gaz butane ou propane et il est suffisamment puissant pour chauffer jusqu'\u00e0 9 m3 d'espace.","og_url":"https:\/\/staging.lucky-hunter.com\/product\/portable-gas-heater-from-mr-heater\/","og_site_name":"Lucky-Hunter","article_modified_time":"2025-07-01T13:07:22+00:00","og_image":[{"width":1000,"height":1000,"url":"https:\/\/staging.lucky-hunter.com\/wp-content\/uploads\/2017\/02\/560661.png","type":"image\/png"}],"twitter_card":"summary_large_image","twitter_misc":{"Dur\u00e9e de lecture estim\u00e9e":"1 minute"},"schema":{"@context":"https:\/\/schema.org","@graph":[{"@type":"WebPage","@id":"https:\/\/staging.lucky-hunter.com\/product\/portable-gas-heater-from-mr-heater\/","url":"https:\/\/staging.lucky-hunter.com\/product\/portable-gas-heater-from-mr-heater\/","name":"Chauffage \u00e0 gaz portable de Mr. Heater - la meilleure marque am\u00e9ricaine","isPartOf":{"@id":"https:\/\/staging.lucky-hunter.com\/#website"},"primaryImageOfPage":{"@id":"https:\/\/staging.lucky-hunter.com\/product\/portable-gas-heater-from-mr-heater\/#primaryimage"},"image":{"@id":"https:\/\/staging.lucky-hunter.com\/product\/portable-gas-heater-from-mr-heater\/#primaryimage"},"thumbnailUrl":"https:\/\/staging.lucky-hunter.com\/wp-content\/uploads\/2017\/02\/560661.png","datePublished":"2017-02-28T13:39:10+00:00","dateModified":"2025-07-01T13:07:22+00:00","description":"Le chauffage Little Buddy est aliment\u00e9 au gaz butane ou propane et il est suffisamment puissant pour chauffer jusqu'\u00e0 9 m3 d'espace.","breadcrumb":{"@id":"https:\/\/staging.lucky-hunter.com\/product\/portable-gas-heater-from-mr-heater\/#breadcrumb"},"inLanguage":"fr-FR","potentialAction":[{"@type":"ReadAction","target":["https:\/\/staging.lucky-hunter.com\/product\/portable-gas-heater-from-mr-heater\/"]}]},{"@type":"ImageObject","inLanguage":"fr-FR","@id":"https:\/\/staging.lucky-hunter.com\/product\/portable-gas-heater-from-mr-heater\/#primaryimage","url":"https:\/\/staging.lucky-hunter.com\/wp-content\/uploads\/2017\/02\/560661.png","contentUrl":"https:\/\/staging.lucky-hunter.com\/wp-content\/uploads\/2017\/02\/560661.png","width":1000,"height":1000},{"@type":"BreadcrumbList","@id":"https:\/\/staging.lucky-hunter.com\/product\/portable-gas-heater-from-mr-heater\/#breadcrumb","itemListElement":[{"@type":"ListItem","position":1,"name":"Home","item":"https:\/\/staging.lucky-hunter.com\/fr\/"},{"@type":"ListItem","position":2,"name":"Boutique","item":"https:\/\/staging.lucky-hunter.com\/fr\/shop\/"},{"@type":"ListItem","position":3,"name":"Chauffage au Gaz Little Buddy"}]},{"@type":"WebSite","@id":"https:\/\/staging.lucky-hunter.com\/#website","url":"https:\/\/staging.lucky-hunter.com\/","name":"Lucky-Hunter","description":"Gear Up or Give Up","potentialAction":[{"@type":"SearchAction","target":{"@type":"EntryPoint","urlTemplate":"https:\/\/staging.lucky-hunter.com\/?s={search_term_string}"},"query-input":{"@type":"PropertyValueSpecification","valueRequired":true,"valueName":"search_term_string"}}],"inLanguage":"fr-FR"}]}},"_links":{"self":[{"href":"https:\/\/staging.lucky-hunter.com\/fr\/wp-json\/wp\/v2\/product\/56808"}],"collection":[{"href":"https:\/\/staging.lucky-hunter.com\/fr\/wp-json\/wp\/v2\/product"}],"about":[{"href":"https:\/\/staging.lucky-hunter.com\/fr\/wp-json\/wp\/v2\/types\/product"}],"wp:featuredmedia":[{"embeddable":true,"href":"https:\/\/staging.lucky-hunter.com\/fr\/wp-json\/wp\/v2\/media\/29509"}],"wp:attachment":[{"href":"https:\/\/staging.lucky-hunter.com\/fr\/wp-json\/wp\/v2\/media?parent=56808"}],"wp:term":[{"taxonomy":"product_brand","embeddable":true,"href":"https:\/\/staging.lucky-hunter.com\/fr\/wp-json\/wp\/v2\/product_brand?post=56808"},{"taxonomy":"product_cat","embeddable":true,"href":"https:\/\/staging.lucky-hunter.com\/fr\/wp-json\/wp\/v2\/product_cat?post=56808"},{"taxonomy":"product_tag","embeddable":true,"href":"https:\/\/staging.lucky-hunter.com\/fr\/wp-json\/wp\/v2\/product_tag?post=56808"}],"curies":[{"name":"wp","href":"https:\/\/api.w.org\/{rel}","templated":true}]}}