{"id":56802,"date":"2016-11-07T16:14:54","date_gmt":"2016-11-07T15:14:54","guid":{"rendered":"https:\/\/staging.lucky-hunter.com\/product\/premium-hunting-lure\/"},"modified":"2025-07-02T12:37:16","modified_gmt":"2025-07-02T10:37:16","slug":"premium-appat-pour-la-chasse","status":"publish","type":"product","link":"https:\/\/staging.lucky-hunter.com\/fr\/product\/premium-appat-pour-la-chasse\/","title":{"rendered":"PREMIUM App\u00e2t pour la Chasse"},"content":{"rendered":"<p>Apr\u00e8s plus de deux ans de d\u00e9veloppement et de tests intensifs, cet app\u00e2t sp\u00e9cial du fabricant allemand Euro Hunt est maintenant disponible dans le commerce.<\/p>\n<p>PREMIUM est test\u00e9 depuis des ann\u00e9es sur des cervid\u00e9s, des cerfs \u00e9laphes et des sangliers. Le produit est pr\u00eat \u00e0 l&#8217;emploi.<\/p>\n<p>Le produit est pr\u00eat \u00e0 l&#8217;emploi, mais vous pouvez \u00e9galement le m\u00e9langer avec la nourriture habituelle. M\u00eame avec une tr\u00e8s petite quantit\u00e9, vous augmenterez consid\u00e9rablement l&#8217;attrait de votre site d&#8217;agrainage.<\/p>\n<p>PREMIUM est un alli\u00e9 efficace pour une chasse cibl\u00e9e.<\/p>\n<p>Contenu : 750 g<\/p>\n<p>Fabriqu\u00e9 en Allemagne et approuv\u00e9 comme aliment pour animaux sauvages.<\/p>\n","protected":false},"excerpt":{"rendered":"<p>PREMIUM est test\u00e9 depuis des ann\u00e9es sur des cervid\u00e9s, des cerfs \u00e9laphes et des sangliers. Le produit est pr\u00eat \u00e0 l&#8217;emploi.<\/p>\n","protected":false},"featured_media":307042,"template":"","meta":[],"product_brand":[8196],"product_cat":[9425],"product_tag":[9151,9444,9442],"yoast_head":"<!-- This site is optimized with the Yoast SEO plugin v24.3 - https:\/\/yoast.com\/wordpress\/plugins\/seo\/ -->\n<title>PREMIUM App\u00e2t pour la Chasse<\/title>\n<meta name=\"description\" content=\"PREMIUM est test\u00e9 depuis des ann\u00e9es sur des cervid\u00e9s, des cerfs \u00e9laphes et des sangliers. Le produit est pr\u00eat \u00e0 l&#039;emploi.\" \/>\n<meta name=\"robots\" content=\"noindex, follow, max-snippet:-1, max-image-preview:large, max-video-preview:-1\" \/>\n<meta property=\"og:locale\" content=\"fr_FR\" \/>\n<meta property=\"og:type\" content=\"article\" \/>\n<meta property=\"og:title\" content=\"PREMIUM App\u00e2t pour la Chasse\" \/>\n<meta property=\"og:description\" content=\"PREMIUM est test\u00e9 depuis des ann\u00e9es sur des cervid\u00e9s, des cerfs \u00e9laphes et des sangliers. Le produit est pr\u00eat \u00e0 l&#039;emploi.\" \/>\n<meta property=\"og:url\" content=\"https:\/\/staging.lucky-hunter.com\/fr\/product\/premium-appat-pour-la-chasse\/\" \/>\n<meta property=\"og:site_name\" content=\"Lucky-Hunter\" \/>\n<meta property=\"article:modified_time\" content=\"2025-07-02T10:37:16+00:00\" \/>\n<meta property=\"og:image\" content=\"https:\/\/staging.lucky-hunter.com\/wp-content\/uploads\/2016\/11\/590281-removebg-preview.png\" \/>\n\t<meta property=\"og:image:width\" content=\"500\" \/>\n\t<meta property=\"og:image:height\" content=\"500\" \/>\n\t<meta property=\"og:image:type\" content=\"image\/png\" \/>\n<meta name=\"twitter:card\" content=\"summary_large_image\" \/>\n<meta name=\"twitter:label1\" content=\"Dur\u00e9e de lecture estim\u00e9e\" \/>\n\t<meta name=\"twitter:data1\" content=\"1 minute\" \/>\n<script type=\"application\/ld+json\" class=\"yoast-schema-graph\">{\"@context\":\"https:\/\/schema.org\",\"@graph\":[{\"@type\":\"WebPage\",\"@id\":\"https:\/\/staging.lucky-hunter.com\/fr\/product\/premium-appat-pour-la-chasse\/\",\"url\":\"https:\/\/staging.lucky-hunter.com\/fr\/product\/premium-appat-pour-la-chasse\/\",\"name\":\"PREMIUM App\u00e2t pour la Chasse\",\"isPartOf\":{\"@id\":\"https:\/\/staging.lucky-hunter.com\/#website\"},\"primaryImageOfPage\":{\"@id\":\"https:\/\/staging.lucky-hunter.com\/fr\/product\/premium-appat-pour-la-chasse\/#primaryimage\"},\"image\":{\"@id\":\"https:\/\/staging.lucky-hunter.com\/fr\/product\/premium-appat-pour-la-chasse\/#primaryimage\"},\"thumbnailUrl\":\"https:\/\/staging.lucky-hunter.com\/wp-content\/uploads\/2016\/11\/590281-removebg-preview.png\",\"datePublished\":\"2016-11-07T15:14:54+00:00\",\"dateModified\":\"2025-07-02T10:37:16+00:00\",\"description\":\"PREMIUM est test\u00e9 depuis des ann\u00e9es sur des cervid\u00e9s, des cerfs \u00e9laphes et des sangliers. Le produit est pr\u00eat \u00e0 l'emploi.\",\"breadcrumb\":{\"@id\":\"https:\/\/staging.lucky-hunter.com\/fr\/product\/premium-appat-pour-la-chasse\/#breadcrumb\"},\"inLanguage\":\"fr-FR\",\"potentialAction\":[{\"@type\":\"ReadAction\",\"target\":[\"https:\/\/staging.lucky-hunter.com\/fr\/product\/premium-appat-pour-la-chasse\/\"]}]},{\"@type\":\"ImageObject\",\"inLanguage\":\"fr-FR\",\"@id\":\"https:\/\/staging.lucky-hunter.com\/fr\/product\/premium-appat-pour-la-chasse\/#primaryimage\",\"url\":\"https:\/\/staging.lucky-hunter.com\/wp-content\/uploads\/2016\/11\/590281-removebg-preview.png\",\"contentUrl\":\"https:\/\/staging.lucky-hunter.com\/wp-content\/uploads\/2016\/11\/590281-removebg-preview.png\",\"width\":500,\"height\":500},{\"@type\":\"BreadcrumbList\",\"@id\":\"https:\/\/staging.lucky-hunter.com\/fr\/product\/premium-appat-pour-la-chasse\/#breadcrumb\",\"itemListElement\":[{\"@type\":\"ListItem\",\"position\":1,\"name\":\"Home\",\"item\":\"https:\/\/staging.lucky-hunter.com\/fr\/\"},{\"@type\":\"ListItem\",\"position\":2,\"name\":\"Boutique\",\"item\":\"https:\/\/staging.lucky-hunter.com\/fr\/shop\/\"},{\"@type\":\"ListItem\",\"position\":3,\"name\":\"PREMIUM App\u00e2t pour la Chasse\"}]},{\"@type\":\"WebSite\",\"@id\":\"https:\/\/staging.lucky-hunter.com\/#website\",\"url\":\"https:\/\/staging.lucky-hunter.com\/\",\"name\":\"Lucky-Hunter\",\"description\":\"Gear Up or Give Up\",\"potentialAction\":[{\"@type\":\"SearchAction\",\"target\":{\"@type\":\"EntryPoint\",\"urlTemplate\":\"https:\/\/staging.lucky-hunter.com\/?s={search_term_string}\"},\"query-input\":{\"@type\":\"PropertyValueSpecification\",\"valueRequired\":true,\"valueName\":\"search_term_string\"}}],\"inLanguage\":\"fr-FR\"}]}<\/script>\n<!-- \/ Yoast SEO plugin. -->","yoast_head_json":{"title":"PREMIUM App\u00e2t pour la Chasse","description":"PREMIUM est test\u00e9 depuis des ann\u00e9es sur des cervid\u00e9s, des cerfs \u00e9laphes et des sangliers. Le produit est pr\u00eat \u00e0 l'emploi.","robots":{"index":"noindex","follow":"follow","max-snippet":"max-snippet:-1","max-image-preview":"max-image-preview:large","max-video-preview":"max-video-preview:-1"},"og_locale":"fr_FR","og_type":"article","og_title":"PREMIUM App\u00e2t pour la Chasse","og_description":"PREMIUM est test\u00e9 depuis des ann\u00e9es sur des cervid\u00e9s, des cerfs \u00e9laphes et des sangliers. Le produit est pr\u00eat \u00e0 l'emploi.","og_url":"https:\/\/staging.lucky-hunter.com\/fr\/product\/premium-appat-pour-la-chasse\/","og_site_name":"Lucky-Hunter","article_modified_time":"2025-07-02T10:37:16+00:00","og_image":[{"width":500,"height":500,"url":"https:\/\/staging.lucky-hunter.com\/wp-content\/uploads\/2016\/11\/590281-removebg-preview.png","type":"image\/png"}],"twitter_card":"summary_large_image","twitter_misc":{"Dur\u00e9e de lecture estim\u00e9e":"1 minute"},"schema":{"@context":"https:\/\/schema.org","@graph":[{"@type":"WebPage","@id":"https:\/\/staging.lucky-hunter.com\/fr\/product\/premium-appat-pour-la-chasse\/","url":"https:\/\/staging.lucky-hunter.com\/fr\/product\/premium-appat-pour-la-chasse\/","name":"PREMIUM App\u00e2t pour la Chasse","isPartOf":{"@id":"https:\/\/staging.lucky-hunter.com\/#website"},"primaryImageOfPage":{"@id":"https:\/\/staging.lucky-hunter.com\/fr\/product\/premium-appat-pour-la-chasse\/#primaryimage"},"image":{"@id":"https:\/\/staging.lucky-hunter.com\/fr\/product\/premium-appat-pour-la-chasse\/#primaryimage"},"thumbnailUrl":"https:\/\/staging.lucky-hunter.com\/wp-content\/uploads\/2016\/11\/590281-removebg-preview.png","datePublished":"2016-11-07T15:14:54+00:00","dateModified":"2025-07-02T10:37:16+00:00","description":"PREMIUM est test\u00e9 depuis des ann\u00e9es sur des cervid\u00e9s, des cerfs \u00e9laphes et des sangliers. Le produit est pr\u00eat \u00e0 l'emploi.","breadcrumb":{"@id":"https:\/\/staging.lucky-hunter.com\/fr\/product\/premium-appat-pour-la-chasse\/#breadcrumb"},"inLanguage":"fr-FR","potentialAction":[{"@type":"ReadAction","target":["https:\/\/staging.lucky-hunter.com\/fr\/product\/premium-appat-pour-la-chasse\/"]}]},{"@type":"ImageObject","inLanguage":"fr-FR","@id":"https:\/\/staging.lucky-hunter.com\/fr\/product\/premium-appat-pour-la-chasse\/#primaryimage","url":"https:\/\/staging.lucky-hunter.com\/wp-content\/uploads\/2016\/11\/590281-removebg-preview.png","contentUrl":"https:\/\/staging.lucky-hunter.com\/wp-content\/uploads\/2016\/11\/590281-removebg-preview.png","width":500,"height":500},{"@type":"BreadcrumbList","@id":"https:\/\/staging.lucky-hunter.com\/fr\/product\/premium-appat-pour-la-chasse\/#breadcrumb","itemListElement":[{"@type":"ListItem","position":1,"name":"Home","item":"https:\/\/staging.lucky-hunter.com\/fr\/"},{"@type":"ListItem","position":2,"name":"Boutique","item":"https:\/\/staging.lucky-hunter.com\/fr\/shop\/"},{"@type":"ListItem","position":3,"name":"PREMIUM App\u00e2t pour la Chasse"}]},{"@type":"WebSite","@id":"https:\/\/staging.lucky-hunter.com\/#website","url":"https:\/\/staging.lucky-hunter.com\/","name":"Lucky-Hunter","description":"Gear Up or Give Up","potentialAction":[{"@type":"SearchAction","target":{"@type":"EntryPoint","urlTemplate":"https:\/\/staging.lucky-hunter.com\/?s={search_term_string}"},"query-input":{"@type":"PropertyValueSpecification","valueRequired":true,"valueName":"search_term_string"}}],"inLanguage":"fr-FR"}]}},"_links":{"self":[{"href":"https:\/\/staging.lucky-hunter.com\/fr\/wp-json\/wp\/v2\/product\/56802"}],"collection":[{"href":"https:\/\/staging.lucky-hunter.com\/fr\/wp-json\/wp\/v2\/product"}],"about":[{"href":"https:\/\/staging.lucky-hunter.com\/fr\/wp-json\/wp\/v2\/types\/product"}],"wp:featuredmedia":[{"embeddable":true,"href":"https:\/\/staging.lucky-hunter.com\/fr\/wp-json\/wp\/v2\/media\/307042"}],"wp:attachment":[{"href":"https:\/\/staging.lucky-hunter.com\/fr\/wp-json\/wp\/v2\/media?parent=56802"}],"wp:term":[{"taxonomy":"product_brand","embeddable":true,"href":"https:\/\/staging.lucky-hunter.com\/fr\/wp-json\/wp\/v2\/product_brand?post=56802"},{"taxonomy":"product_cat","embeddable":true,"href":"https:\/\/staging.lucky-hunter.com\/fr\/wp-json\/wp\/v2\/product_cat?post=56802"},{"taxonomy":"product_tag","embeddable":true,"href":"https:\/\/staging.lucky-hunter.com\/fr\/wp-json\/wp\/v2\/product_tag?post=56802"}],"curies":[{"name":"wp","href":"https:\/\/api.w.org\/{rel}","templated":true}]}}