{"id":56796,"date":"2016-11-07T16:02:48","date_gmt":"2016-11-07T15:02:48","guid":{"rendered":"https:\/\/staging.lucky-hunter.com\/product\/salt-paste\/"},"modified":"2023-03-05T00:46:58","modified_gmt":"2023-03-04T23:46:58","slug":"salt-paste","status":"publish","type":"product","link":"https:\/\/staging.lucky-hunter.com\/fr\/product\/salt-paste\/","title":{"rendered":"P\u00e2te de sel"},"content":{"rendered":"<h2><strong>Leurre de chasse min\u00e9ral en p\u00e2te \u00e0 sel pour chevreuil, cerf et sanglier<\/strong><\/h2>\n<p>La p\u00e2te \u00e0 sel a le m\u00eame effet s\u00e9duisant qu&#8217;un l\u00e9chage. Cela fournit \u00e0 certains animaux les min\u00e9raux qui leur conviennent et les attirera donc dans votre zone d&#8217;alimentation.<\/p>\n<p>La p\u00e2te est appliqu\u00e9e sur un arbre ou une souche dans la quantit\u00e9 souhait\u00e9e, puis elle durcira. Les min\u00e9raux sont connus pour aider les cerfs en particulier avec la croissance des bois ainsi que pour aider les cerfs femelles avec la lactation. L&#8217;utilisation de cette p\u00e2te attirera les animaux vers votre zone d&#8217;alimentation sauvage, car ils auront soif des min\u00e9raux qui leur sont fournis. Par cons\u00e9quent, vous devriez commencer \u00e0 en voir de plus en plus venir dans la r\u00e9gion.<\/p>\n<p>Le gibier ira sur le site pour l\u00e9cher les sels et min\u00e9raux vitaux. Cette p\u00e2te \u00e0 sel est d&#8217;une tr\u00e8s grande qualit\u00e9 et se d\u00e9cline en 4 parfums :<\/p>\n<ul>\n<li>Anis<\/li>\n<li>Pomme<\/li>\n<li>Truffe<\/li>\n<li>Fum\u00e9e.<\/li>\n<\/ul>\n<p>Disponible en seau plastique de 2 kg.<\/p>\n<p>Produit en Allemagne.<\/p>\n<div class=\"video video-fit mb\" style=\"padding-top:56.25%;\"><p><iframe title=\"Testing saltpasta for roedeer og reddeer\" width=\"1020\" height=\"574\" src=\"https:\/\/www.youtube.com\/embed\/imQioXFtudQ?wmode=transparent&amp;rel=0&amp;feature=oembed\" frameborder=\"0\" allow=\"accelerometer; autoplay; clipboard-write; encrypted-media; gyroscope; picture-in-picture\" allowfullscreen><\/iframe><\/p>\n<\/div>\n","protected":false},"excerpt":{"rendered":"<p>La p\u00e2te \u00e0 sel a le m\u00eame effet s\u00e9duisant qu&#8217;un l\u00e9chage.\u00a0La p\u00e2te est appliqu\u00e9e sur un arbre ou une souche dans la quantit\u00e9 souhait\u00e9e, puis elle durcira.\u00a0Le gibier ira sur le site pour l\u00e9cher les sels et min\u00e9raux vitaux.<\/p>\n","protected":false},"featured_media":29777,"template":"","meta":[],"product_brand":[8196],"product_cat":[8255],"product_tag":[9151,9442],"yoast_head":"<!-- This site is optimized with the Yoast SEO plugin v24.3 - https:\/\/yoast.com\/wordpress\/plugins\/seo\/ -->\n<title>P\u00e2te de Sel - Leurre de Chasse Min\u00e9ral Chevreuil, Cerf, Sanglier | Chasseur chanceux<\/title>\n<meta name=\"description\" content=\"Amenez-les dans la zone d&#039;alimentation. La p\u00e2te de sel min\u00e9ral est parfaite pour attirer les cerfs, chevreuils et sangliers dans la zone de nourrissage.\" \/>\n<meta name=\"robots\" content=\"noindex, follow, max-snippet:-1, max-image-preview:large, max-video-preview:-1\" \/>\n<meta property=\"og:locale\" content=\"fr_FR\" \/>\n<meta property=\"og:type\" content=\"article\" \/>\n<meta property=\"og:title\" content=\"P\u00e2te de Sel - Leurre de Chasse Min\u00e9ral Chevreuil, Cerf, Sanglier | Chasseur chanceux\" \/>\n<meta property=\"og:description\" content=\"Amenez-les dans la zone d&#039;alimentation. La p\u00e2te de sel min\u00e9ral est parfaite pour attirer les cerfs, chevreuils et sangliers dans la zone de nourrissage.\" \/>\n<meta property=\"og:url\" content=\"https:\/\/staging.lucky-hunter.com\/product\/salt-paste\/\" \/>\n<meta property=\"og:site_name\" content=\"Lucky-Hunter\" \/>\n<meta property=\"article:modified_time\" content=\"2023-03-04T23:46:58+00:00\" \/>\n<meta property=\"og:image\" content=\"https:\/\/staging.lucky-hunter.com\/wp-content\/uploads\/2016\/11\/590223.png\" \/>\n\t<meta property=\"og:image:width\" content=\"1000\" \/>\n\t<meta property=\"og:image:height\" content=\"1000\" \/>\n\t<meta property=\"og:image:type\" content=\"image\/png\" \/>\n<meta name=\"twitter:card\" content=\"summary_large_image\" \/>\n<meta name=\"twitter:title\" content=\"P\u00e2te de Sel - Leurre de Chasse Min\u00e9ral Chevreuil, Cerf, Sanglier | Chasseur chanceux\" \/>\n<meta name=\"twitter:description\" content=\"Amenez-les dans la zone d&#039;alimentation. La p\u00e2te de sel min\u00e9ral est parfaite pour attirer les cerfs, chevreuils et sangliers dans la zone de nourrissage.\" \/>\n<meta name=\"twitter:label1\" content=\"Dur\u00e9e de lecture estim\u00e9e\" \/>\n\t<meta name=\"twitter:data1\" content=\"1 minute\" \/>\n<script type=\"application\/ld+json\" class=\"yoast-schema-graph\">{\"@context\":\"https:\/\/schema.org\",\"@graph\":[{\"@type\":\"WebPage\",\"@id\":\"https:\/\/staging.lucky-hunter.com\/product\/salt-paste\/\",\"url\":\"https:\/\/staging.lucky-hunter.com\/product\/salt-paste\/\",\"name\":\"P\u00e2te de Sel - Leurre de Chasse Min\u00e9ral Chevreuil, Cerf, Sanglier | Chasseur chanceux\",\"isPartOf\":{\"@id\":\"https:\/\/staging.lucky-hunter.com\/#website\"},\"primaryImageOfPage\":{\"@id\":\"https:\/\/staging.lucky-hunter.com\/product\/salt-paste\/#primaryimage\"},\"image\":{\"@id\":\"https:\/\/staging.lucky-hunter.com\/product\/salt-paste\/#primaryimage\"},\"thumbnailUrl\":\"https:\/\/staging.lucky-hunter.com\/wp-content\/uploads\/2016\/11\/590223.png\",\"datePublished\":\"2016-11-07T15:02:48+00:00\",\"dateModified\":\"2023-03-04T23:46:58+00:00\",\"description\":\"Amenez-les dans la zone d'alimentation. La p\u00e2te de sel min\u00e9ral est parfaite pour attirer les cerfs, chevreuils et sangliers dans la zone de nourrissage.\",\"breadcrumb\":{\"@id\":\"https:\/\/staging.lucky-hunter.com\/product\/salt-paste\/#breadcrumb\"},\"inLanguage\":\"fr-FR\",\"potentialAction\":[{\"@type\":\"ReadAction\",\"target\":[\"https:\/\/staging.lucky-hunter.com\/product\/salt-paste\/\"]}]},{\"@type\":\"ImageObject\",\"inLanguage\":\"fr-FR\",\"@id\":\"https:\/\/staging.lucky-hunter.com\/product\/salt-paste\/#primaryimage\",\"url\":\"https:\/\/staging.lucky-hunter.com\/wp-content\/uploads\/2016\/11\/590223.png\",\"contentUrl\":\"https:\/\/staging.lucky-hunter.com\/wp-content\/uploads\/2016\/11\/590223.png\",\"width\":1000,\"height\":1000},{\"@type\":\"BreadcrumbList\",\"@id\":\"https:\/\/staging.lucky-hunter.com\/product\/salt-paste\/#breadcrumb\",\"itemListElement\":[{\"@type\":\"ListItem\",\"position\":1,\"name\":\"Home\",\"item\":\"https:\/\/staging.lucky-hunter.com\/fr\/\"},{\"@type\":\"ListItem\",\"position\":2,\"name\":\"Boutique\",\"item\":\"https:\/\/staging.lucky-hunter.com\/fr\/shop\/\"},{\"@type\":\"ListItem\",\"position\":3,\"name\":\"P\u00e2te de sel\"}]},{\"@type\":\"WebSite\",\"@id\":\"https:\/\/staging.lucky-hunter.com\/#website\",\"url\":\"https:\/\/staging.lucky-hunter.com\/\",\"name\":\"Lucky-Hunter\",\"description\":\"Gear Up or Give Up\",\"potentialAction\":[{\"@type\":\"SearchAction\",\"target\":{\"@type\":\"EntryPoint\",\"urlTemplate\":\"https:\/\/staging.lucky-hunter.com\/?s={search_term_string}\"},\"query-input\":{\"@type\":\"PropertyValueSpecification\",\"valueRequired\":true,\"valueName\":\"search_term_string\"}}],\"inLanguage\":\"fr-FR\"}]}<\/script>\n<!-- \/ Yoast SEO plugin. -->","yoast_head_json":{"title":"P\u00e2te de Sel - Leurre de Chasse Min\u00e9ral Chevreuil, Cerf, Sanglier | Chasseur chanceux","description":"Amenez-les dans la zone d'alimentation. La p\u00e2te de sel min\u00e9ral est parfaite pour attirer les cerfs, chevreuils et sangliers dans la zone de nourrissage.","robots":{"index":"noindex","follow":"follow","max-snippet":"max-snippet:-1","max-image-preview":"max-image-preview:large","max-video-preview":"max-video-preview:-1"},"og_locale":"fr_FR","og_type":"article","og_title":"P\u00e2te de Sel - Leurre de Chasse Min\u00e9ral Chevreuil, Cerf, Sanglier | Chasseur chanceux","og_description":"Amenez-les dans la zone d'alimentation. La p\u00e2te de sel min\u00e9ral est parfaite pour attirer les cerfs, chevreuils et sangliers dans la zone de nourrissage.","og_url":"https:\/\/staging.lucky-hunter.com\/product\/salt-paste\/","og_site_name":"Lucky-Hunter","article_modified_time":"2023-03-04T23:46:58+00:00","og_image":[{"width":1000,"height":1000,"url":"https:\/\/staging.lucky-hunter.com\/wp-content\/uploads\/2016\/11\/590223.png","type":"image\/png"}],"twitter_card":"summary_large_image","twitter_title":"P\u00e2te de Sel - Leurre de Chasse Min\u00e9ral Chevreuil, Cerf, Sanglier | Chasseur chanceux","twitter_description":"Amenez-les dans la zone d'alimentation. La p\u00e2te de sel min\u00e9ral est parfaite pour attirer les cerfs, chevreuils et sangliers dans la zone de nourrissage.","twitter_misc":{"Dur\u00e9e de lecture estim\u00e9e":"1 minute"},"schema":{"@context":"https:\/\/schema.org","@graph":[{"@type":"WebPage","@id":"https:\/\/staging.lucky-hunter.com\/product\/salt-paste\/","url":"https:\/\/staging.lucky-hunter.com\/product\/salt-paste\/","name":"P\u00e2te de Sel - Leurre de Chasse Min\u00e9ral Chevreuil, Cerf, Sanglier | Chasseur chanceux","isPartOf":{"@id":"https:\/\/staging.lucky-hunter.com\/#website"},"primaryImageOfPage":{"@id":"https:\/\/staging.lucky-hunter.com\/product\/salt-paste\/#primaryimage"},"image":{"@id":"https:\/\/staging.lucky-hunter.com\/product\/salt-paste\/#primaryimage"},"thumbnailUrl":"https:\/\/staging.lucky-hunter.com\/wp-content\/uploads\/2016\/11\/590223.png","datePublished":"2016-11-07T15:02:48+00:00","dateModified":"2023-03-04T23:46:58+00:00","description":"Amenez-les dans la zone d'alimentation. La p\u00e2te de sel min\u00e9ral est parfaite pour attirer les cerfs, chevreuils et sangliers dans la zone de nourrissage.","breadcrumb":{"@id":"https:\/\/staging.lucky-hunter.com\/product\/salt-paste\/#breadcrumb"},"inLanguage":"fr-FR","potentialAction":[{"@type":"ReadAction","target":["https:\/\/staging.lucky-hunter.com\/product\/salt-paste\/"]}]},{"@type":"ImageObject","inLanguage":"fr-FR","@id":"https:\/\/staging.lucky-hunter.com\/product\/salt-paste\/#primaryimage","url":"https:\/\/staging.lucky-hunter.com\/wp-content\/uploads\/2016\/11\/590223.png","contentUrl":"https:\/\/staging.lucky-hunter.com\/wp-content\/uploads\/2016\/11\/590223.png","width":1000,"height":1000},{"@type":"BreadcrumbList","@id":"https:\/\/staging.lucky-hunter.com\/product\/salt-paste\/#breadcrumb","itemListElement":[{"@type":"ListItem","position":1,"name":"Home","item":"https:\/\/staging.lucky-hunter.com\/fr\/"},{"@type":"ListItem","position":2,"name":"Boutique","item":"https:\/\/staging.lucky-hunter.com\/fr\/shop\/"},{"@type":"ListItem","position":3,"name":"P\u00e2te de sel"}]},{"@type":"WebSite","@id":"https:\/\/staging.lucky-hunter.com\/#website","url":"https:\/\/staging.lucky-hunter.com\/","name":"Lucky-Hunter","description":"Gear Up or Give Up","potentialAction":[{"@type":"SearchAction","target":{"@type":"EntryPoint","urlTemplate":"https:\/\/staging.lucky-hunter.com\/?s={search_term_string}"},"query-input":{"@type":"PropertyValueSpecification","valueRequired":true,"valueName":"search_term_string"}}],"inLanguage":"fr-FR"}]}},"_links":{"self":[{"href":"https:\/\/staging.lucky-hunter.com\/fr\/wp-json\/wp\/v2\/product\/56796"}],"collection":[{"href":"https:\/\/staging.lucky-hunter.com\/fr\/wp-json\/wp\/v2\/product"}],"about":[{"href":"https:\/\/staging.lucky-hunter.com\/fr\/wp-json\/wp\/v2\/types\/product"}],"wp:featuredmedia":[{"embeddable":true,"href":"https:\/\/staging.lucky-hunter.com\/fr\/wp-json\/wp\/v2\/media\/29777"}],"wp:attachment":[{"href":"https:\/\/staging.lucky-hunter.com\/fr\/wp-json\/wp\/v2\/media?parent=56796"}],"wp:term":[{"taxonomy":"product_brand","embeddable":true,"href":"https:\/\/staging.lucky-hunter.com\/fr\/wp-json\/wp\/v2\/product_brand?post=56796"},{"taxonomy":"product_cat","embeddable":true,"href":"https:\/\/staging.lucky-hunter.com\/fr\/wp-json\/wp\/v2\/product_cat?post=56796"},{"taxonomy":"product_tag","embeddable":true,"href":"https:\/\/staging.lucky-hunter.com\/fr\/wp-json\/wp\/v2\/product_tag?post=56796"}],"curies":[{"name":"wp","href":"https:\/\/api.w.org\/{rel}","templated":true}]}}